{"id":1757,"date":"2019-04-15T08:43:31","date_gmt":"2019-04-15T11:43:31","guid":{"rendered":"https:\/\/wp.ufpel.edu.br\/aberturacultural\/?page_id=1757"},"modified":"2019-04-23T16:07:01","modified_gmt":"2019-04-23T19:07:01","slug":"oficinas","status":"publish","type":"page","link":"https:\/\/wp.ufpel.edu.br\/aberturacultural\/oficinas\/","title":{"rendered":"Oficinas"},"content":{"rendered":"<p style=\"text-align: center\"><strong>\u00a0 \u00a0 \u00a0 \u00a0 \u00a0 \u00a0 \u00a0 \u00a0 \u00a0 \u00a0 \u00a0 \u00a0 \u00a0 \u00a0 \u00a0 \u00a0<span style=\"font-size: 24pt\"> Descomercialise o gosto &#8211;<span style=\"font-size: 18pt\"> aprenda a fazer o leite da terra (suco feito a partir de folhas, raizes e sementes germinadas)<\/span><\/span><\/strong><\/p>\n<p class=\"jetpack-slideshow-noscript robots-nocontent\">Este slideshow necessita de JavaScript.<\/p><div id=\"gallery-1757-1-slideshow\" class=\"jetpack-slideshow-window jetpack-slideshow jetpack-slideshow-black\" data-trans=\"fade\" data-autostart=\"1\" data-gallery=\"[{&quot;src&quot;:&quot;https:\\\/\\\/i0.wp.com\\\/wp.ufpel.edu.br\\\/aberturacultural\\\/files\\\/2019\\\/04\\\/descomercialize.jpg?fit=678%2C960\\u0026ssl=1&quot;,&quot;id&quot;:&quot;1785&quot;,&quot;title&quot;:&quot;descomercialize&quot;,&quot;alt&quot;:&quot;&quot;,&quot;caption&quot;:&quot;&quot;,&quot;itemprop&quot;:&quot;image&quot;},{&quot;src&quot;:&quot;https:\\\/\\\/i0.wp.com\\\/wp.ufpel.edu.br\\\/aberturacultural\\\/files\\\/2019\\\/04\\\/suco.jpg?fit=1770%2C1669\\u0026ssl=1&quot;,&quot;id&quot;:&quot;1784&quot;,&quot;title&quot;:&quot;suco&quot;,&quot;alt&quot;:&quot;&quot;,&quot;caption&quot;:&quot;&quot;,&quot;itemprop&quot;:&quot;image&quot;},{&quot;src&quot;:&quot;https:\\\/\\\/i0.wp.com\\\/wp.ufpel.edu.br\\\/aberturacultural\\\/files\\\/2019\\\/04\\\/eusuco.jpg?fit=721%2C1280\\u0026ssl=1&quot;,&quot;id&quot;:&quot;1783&quot;,&quot;title&quot;:&quot;eusuco&quot;,&quot;alt&quot;:&quot;&quot;,&quot;caption&quot;:&quot;&quot;,&quot;itemprop&quot;:&quot;image&quot;}]\" itemscope itemtype=\"https:\/\/schema.org\/ImageGallery\"><\/div>\n<p>&nbsp;<\/p>\n<p>&nbsp;<\/p>\n<p style=\"text-align: center\"><strong><span style=\"font-size: 24pt\">Experi\u00eancia em Gravura PET Artes<\/span><\/strong><\/p>\n<p style=\"text-align: center\">A oficina prop\u00f5e um contato inicial com t\u00e9cnicas simples da Gravura, como: carimbos, matrizes<br \/>\nrecortadas, monotipias, stencil. Onde a partir dessas t\u00e9cnicas o p\u00fablico poder\u00e1 confeccionar<br \/>\nsuas matrizes ou ent\u00e3o utilizar de matrizes prontas para fazer diversas impress\u00f5es sobre<br \/>\npap\u00e9is, aprendendo sobre os processos na pr\u00e1tica.<\/p>\n<p class=\"jetpack-slideshow-noscript robots-nocontent\">Este slideshow necessita de JavaScript.<\/p><div id=\"gallery-1757-2-slideshow\" class=\"jetpack-slideshow-window jetpack-slideshow jetpack-slideshow-black\" data-trans=\"fade\" data-autostart=\"1\" data-gallery=\"[{&quot;src&quot;:&quot;https:\\\/\\\/i0.wp.com\\\/wp.ufpel.edu.br\\\/aberturacultural\\\/files\\\/2019\\\/04\\\/Ativo-1.png?fit=470%2C264\\u0026ssl=1&quot;,&quot;id&quot;:&quot;1764&quot;,&quot;title&quot;:&quot;Ativo 1&quot;,&quot;alt&quot;:&quot;&quot;,&quot;caption&quot;:&quot;&quot;,&quot;itemprop&quot;:&quot;image&quot;},{&quot;src&quot;:&quot;https:\\\/\\\/i0.wp.com\\\/wp.ufpel.edu.br\\\/aberturacultural\\\/files\\\/2019\\\/04\\\/936948_329527350509796_813103591_n.png?fit=180%2C180\\u0026ssl=1&quot;,&quot;id&quot;:&quot;1765&quot;,&quot;title&quot;:&quot;936948_329527350509796_813103591_n&quot;,&quot;alt&quot;:&quot;&quot;,&quot;caption&quot;:&quot;&quot;,&quot;itemprop&quot;:&quot;image&quot;}]\" itemscope itemtype=\"https:\/\/schema.org\/ImageGallery\"><\/div>\n","protected":false},"excerpt":{"rendered":"<p>\u00a0 \u00a0 \u00a0 \u00a0 \u00a0 \u00a0 \u00a0 \u00a0 \u00a0 \u00a0 \u00a0 \u00a0 \u00a0 \u00a0 \u00a0 \u00a0 Descomercialise o gosto &#8211; aprenda a fazer o leite da terra (suco feito a partir de folhas, raizes e sementes germinadas) &nbsp; &nbsp; Experi\u00eancia em Gravura PET Artes A oficina prop\u00f5e um contato inicial com t\u00e9cnicas simples da Gravura, &hellip; <a href=\"https:\/\/wp.ufpel.edu.br\/aberturacultural\/oficinas\/\" class=\"more-link\">Continue lendo <span class=\"screen-reader-text\">Oficinas<\/span> <span class=\"meta-nav\">&rarr;<\/span><\/a><\/p>\n","protected":false},"author":736,"featured_media":0,"parent":0,"menu_order":0,"comment_status":"closed","ping_status":"closed","template":"","meta":{"jetpack_post_was_ever_published":false,"footnotes":""},"class_list":["post-1757","page","type-page","status-publish","hentry"],"jetpack_sharing_enabled":true,"jetpack_shortlink":"https:\/\/wp.me\/P8B9Df-sl","jetpack-related-posts":[{"id":2,"url":"https:\/\/wp.ufpel.edu.br\/aberturacultural\/","url_meta":{"origin":1757,"position":0},"title":"Apresenta\u00e7\u00e3o","author":"calouradaufpel","date":"7 de abril de 2017","format":false,"excerpt":"AGRADECIMENTO \u00c0S COMUNIDADES Colegas, professores, t\u00e9cnicos, alunos, amigos, parceiros e demais envolvidos no UFPEL CULTURAL \u2013 Semana dos Museus \u2013 2019, evento realizado em 11 de maio de 2019 na Pra\u00e7a Cel. Pedro Os\u00f3rio, Centro, Pelotas \u2013 RS. A\u00a0Pro-Reitoria de Extens\u00e3o e Cultura\u00a0expressa seu agradecimento\u00a0a\u00a0toda comunidade pela\u00a0realiza\u00e7\u00e3o\u00a0de um evento que\u00a0se\u2026","rel":"","context":"Post similar","block_context":{"text":"Post similar","link":""},"img":{"alt_text":"","src":"https:\/\/i0.wp.com\/wp.ufpel.edu.br\/aberturacultural\/files\/2019\/04\/VERAO-SESC-Tramandai-2017-Foto-BBC-Fotografias-4.jpg?resize=350%2C200","width":350,"height":200,"srcset":"https:\/\/i0.wp.com\/wp.ufpel.edu.br\/aberturacultural\/files\/2019\/04\/VERAO-SESC-Tramandai-2017-Foto-BBC-Fotografias-4.jpg?resize=350%2C200 1x, https:\/\/i0.wp.com\/wp.ufpel.edu.br\/aberturacultural\/files\/2019\/04\/VERAO-SESC-Tramandai-2017-Foto-BBC-Fotografias-4.jpg?resize=525%2C300 1.5x, https:\/\/i0.wp.com\/wp.ufpel.edu.br\/aberturacultural\/files\/2019\/04\/VERAO-SESC-Tramandai-2017-Foto-BBC-Fotografias-4.jpg?resize=700%2C400 2x, https:\/\/i0.wp.com\/wp.ufpel.edu.br\/aberturacultural\/files\/2019\/04\/VERAO-SESC-Tramandai-2017-Foto-BBC-Fotografias-4.jpg?resize=1050%2C600 3x, https:\/\/i0.wp.com\/wp.ufpel.edu.br\/aberturacultural\/files\/2019\/04\/VERAO-SESC-Tramandai-2017-Foto-BBC-Fotografias-4.jpg?resize=1400%2C800 4x"},"classes":[]},{"id":1936,"url":"https:\/\/wp.ufpel.edu.br\/aberturacultural\/ambientacao\/","url_meta":{"origin":1757,"position":1},"title":"Ambienta\u00e7\u00e3o","author":"calouradaufpel","date":"23 de abril de 2019","format":false,"excerpt":"DJ Lola Dj Lola, traz uma mistura musical que transita entre gera\u00e7\u00f5es, resgatando o melhor do som Brasil, trazendo artistas contempor\u00e2neos pra fazer parte do seu setlist que n\u00e3o deixa ningu\u00e9m ficar parado.","rel":"","context":"Post similar","block_context":{"text":"Post similar","link":""},"img":{"alt_text":"","src":"","width":0,"height":0},"classes":[]},{"id":127,"url":"https:\/\/wp.ufpel.edu.br\/aberturacultural\/horta-urbana\/","url_meta":{"origin":1757,"position":2},"title":"Horta Urbana","author":"calouradaufpel","date":"13 de abril de 2017","format":false,"excerpt":"UFPEL Horta Urbana Em muitos pa\u00edses, as hortas urbanas t\u00eam surgido impulsionadas pelo crescimento das cidades. As hortas urbanas devem ser planejadas com base no estudo e ordenamento do territ\u00f3rio, de modo a minimizar as influ\u00eancias negativas da polui\u00e7\u00e3o gerada pelo ser humano, devendo priorizar em seu andamento a reciclagem,\u2026","rel":"","context":"Post similar","block_context":{"text":"Post similar","link":""},"img":{"alt_text":"","src":"","width":0,"height":0},"classes":[]}],"_links":{"self":[{"href":"https:\/\/wp.ufpel.edu.br\/aberturacultural\/wp-json\/wp\/v2\/pages\/1757","targetHints":{"allow":["GET"]}}],"collection":[{"href":"https:\/\/wp.ufpel.edu.br\/aberturacultural\/wp-json\/wp\/v2\/pages"}],"about":[{"href":"https:\/\/wp.ufpel.edu.br\/aberturacultural\/wp-json\/wp\/v2\/types\/page"}],"author":[{"embeddable":true,"href":"https:\/\/wp.ufpel.edu.br\/aberturacultural\/wp-json\/wp\/v2\/users\/736"}],"replies":[{"embeddable":true,"href":"https:\/\/wp.ufpel.edu.br\/aberturacultural\/wp-json\/wp\/v2\/comments?post=1757"}],"version-history":[{"count":7,"href":"https:\/\/wp.ufpel.edu.br\/aberturacultural\/wp-json\/wp\/v2\/pages\/1757\/revisions"}],"predecessor-version":[{"id":1954,"href":"https:\/\/wp.ufpel.edu.br\/aberturacultural\/wp-json\/wp\/v2\/pages\/1757\/revisions\/1954"}],"wp:attachment":[{"href":"https:\/\/wp.ufpel.edu.br\/aberturacultural\/wp-json\/wp\/v2\/media?parent=1757"}],"curies":[{"name":"wp","href":"https:\/\/api.w.org\/{rel}","templated":true}]}}