{"id":1578,"date":"2019-04-08T11:33:16","date_gmt":"2019-04-08T14:33:16","guid":{"rendered":"https:\/\/wp.ufpel.edu.br\/aberturacultural\/?page_id=1578"},"modified":"2019-05-10T16:53:38","modified_gmt":"2019-05-10T19:53:38","slug":"economia-criativa","status":"publish","type":"page","link":"https:\/\/wp.ufpel.edu.br\/aberturacultural\/economia-criativa\/","title":{"rendered":"Economia criativa"},"content":{"rendered":"<p style=\"text-align: center\"><strong><span style=\"font-size: 24pt\">Grupo de bordados Doces Linhas<\/span><\/strong><\/p>\n<p class=\"jetpack-slideshow-noscript robots-nocontent\">Este slideshow necessita de JavaScript.<\/p><div id=\"gallery-1578-1-slideshow\" class=\"jetpack-slideshow-window jetpack-slideshow jetpack-slideshow-black\" data-trans=\"fade\" data-autostart=\"1\" data-gallery=\"[{&quot;src&quot;:&quot;https:\\\/\\\/i0.wp.com\\\/wp.ufpel.edu.br\\\/aberturacultural\\\/files\\\/2019\\\/04\\\/IMG_20190320_150329086.jpg?fit=3024%2C4032\\u0026ssl=1&quot;,&quot;id&quot;:&quot;1829&quot;,&quot;title&quot;:&quot;IMG_20190320_150329086&quot;,&quot;alt&quot;:&quot;&quot;,&quot;caption&quot;:&quot;&quot;,&quot;itemprop&quot;:&quot;image&quot;},{&quot;src&quot;:&quot;https:\\\/\\\/i0.wp.com\\\/wp.ufpel.edu.br\\\/aberturacultural\\\/files\\\/2019\\\/04\\\/IMG-20190417-WA0013.jpg?fit=1280%2C960\\u0026ssl=1&quot;,&quot;id&quot;:&quot;1832&quot;,&quot;title&quot;:&quot;IMG-20190417-WA0013&quot;,&quot;alt&quot;:&quot;&quot;,&quot;caption&quot;:&quot;&quot;,&quot;itemprop&quot;:&quot;image&quot;},{&quot;src&quot;:&quot;https:\\\/\\\/i0.wp.com\\\/wp.ufpel.edu.br\\\/aberturacultural\\\/files\\\/2019\\\/04\\\/IMG_20190410_155729480.jpg?fit=4032%2C3024\\u0026ssl=1&quot;,&quot;id&quot;:&quot;1831&quot;,&quot;title&quot;:&quot;IMG_20190410_155729480&quot;,&quot;alt&quot;:&quot;&quot;,&quot;caption&quot;:&quot;&quot;,&quot;itemprop&quot;:&quot;image&quot;},{&quot;src&quot;:&quot;https:\\\/\\\/i0.wp.com\\\/wp.ufpel.edu.br\\\/aberturacultural\\\/files\\\/2019\\\/04\\\/IMG_20190320_151109331.jpg?fit=4032%2C3024\\u0026ssl=1&quot;,&quot;id&quot;:&quot;1830&quot;,&quot;title&quot;:&quot;IMG_20190320_151109331&quot;,&quot;alt&quot;:&quot;&quot;,&quot;caption&quot;:&quot;&quot;,&quot;itemprop&quot;:&quot;image&quot;}]\" itemscope itemtype=\"https:\/\/schema.org\/ImageGallery\"><\/div>\n<p>&nbsp;<\/p>\n<p>&nbsp;<\/p>\n<p style=\"text-align: center\"><span style=\"font-size: 24pt\"><strong>Quilombo Rinc\u00e3o da Faxina<\/strong><\/span><\/p>\n<p class=\"jetpack-slideshow-noscript robots-nocontent\">Este slideshow necessita de JavaScript.<\/p><div id=\"gallery-1578-2-slideshow\" class=\"jetpack-slideshow-window jetpack-slideshow jetpack-slideshow-black\" data-trans=\"fade\" data-autostart=\"1\" data-gallery=\"[{&quot;src&quot;:&quot;https:\\\/\\\/i0.wp.com\\\/wp.ufpel.edu.br\\\/aberturacultural\\\/files\\\/2019\\\/04\\\/196f7c92-9432-4dc2-a105-b80ca54cf442.jpg?fit=1032%2C774\\u0026ssl=1&quot;,&quot;id&quot;:&quot;1806&quot;,&quot;title&quot;:&quot;196f7c92-9432-4dc2-a105-b80ca54cf442&quot;,&quot;alt&quot;:&quot;&quot;,&quot;caption&quot;:&quot;&quot;,&quot;itemprop&quot;:&quot;image&quot;},{&quot;src&quot;:&quot;https:\\\/\\\/i0.wp.com\\\/wp.ufpel.edu.br\\\/aberturacultural\\\/files\\\/2019\\\/04\\\/1d4d445e-8c76-4646-b947-6ddfeced7fb8.jpg?fit=1040%2C780\\u0026ssl=1&quot;,&quot;id&quot;:&quot;1803&quot;,&quot;title&quot;:&quot;1d4d445e-8c76-4646-b947-6ddfeced7fb8&quot;,&quot;alt&quot;:&quot;&quot;,&quot;caption&quot;:&quot;&quot;,&quot;itemprop&quot;:&quot;image&quot;},{&quot;src&quot;:&quot;https:\\\/\\\/i0.wp.com\\\/wp.ufpel.edu.br\\\/aberturacultural\\\/files\\\/2019\\\/04\\\/920bd25e-3aca-4f40-b43a-ca2d94a201d0.jpg?fit=720%2C1280\\u0026ssl=1&quot;,&quot;id&quot;:&quot;1807&quot;,&quot;title&quot;:&quot;920bd25e-3aca-4f40-b43a-ca2d94a201d0&quot;,&quot;alt&quot;:&quot;&quot;,&quot;caption&quot;:&quot;&quot;,&quot;itemprop&quot;:&quot;image&quot;},{&quot;src&quot;:&quot;https:\\\/\\\/i0.wp.com\\\/wp.ufpel.edu.br\\\/aberturacultural\\\/files\\\/2019\\\/04\\\/50e2a953-026d-4333-a7f5-079aebb87c22.jpg?fit=1032%2C774\\u0026ssl=1&quot;,&quot;id&quot;:&quot;1804&quot;,&quot;title&quot;:&quot;50e2a953-026d-4333-a7f5-079aebb87c22&quot;,&quot;alt&quot;:&quot;&quot;,&quot;caption&quot;:&quot;&quot;,&quot;itemprop&quot;:&quot;image&quot;},{&quot;src&quot;:&quot;https:\\\/\\\/i0.wp.com\\\/wp.ufpel.edu.br\\\/aberturacultural\\\/files\\\/2019\\\/04\\\/72d41dda-51a9-4795-b278-86e98095200d.jpg?fit=1032%2C774\\u0026ssl=1&quot;,&quot;id&quot;:&quot;1805&quot;,&quot;title&quot;:&quot;72d41dda-51a9-4795-b278-86e98095200d&quot;,&quot;alt&quot;:&quot;&quot;,&quot;caption&quot;:&quot;&quot;,&quot;itemprop&quot;:&quot;image&quot;}]\" itemscope itemtype=\"https:\/\/schema.org\/ImageGallery\"><\/div>\n<p>&nbsp;<\/p>\n<p style=\"text-align: center\"><span style=\"font-size: 24pt\"><strong>Kanimambo<\/strong><\/span><\/p>\n<p class=\"jetpack-slideshow-noscript robots-nocontent\">Este slideshow necessita de JavaScript.<\/p><div id=\"gallery-1578-3-slideshow\" class=\"jetpack-slideshow-window jetpack-slideshow jetpack-slideshow-black\" data-trans=\"fade\" data-autostart=\"1\" data-gallery=\"[{&quot;src&quot;:&quot;https:\\\/\\\/i0.wp.com\\\/wp.ufpel.edu.br\\\/aberturacultural\\\/files\\\/2019\\\/04\\\/56527875_820525101645797_992634952912732160_n.jpg?fit=1280%2C853\\u0026ssl=1&quot;,&quot;id&quot;:&quot;1707&quot;,&quot;title&quot;:&quot;56527875_820525101645797_992634952912732160_n&quot;,&quot;alt&quot;:&quot;&quot;,&quot;caption&quot;:&quot;&quot;,&quot;itemprop&quot;:&quot;image&quot;},{&quot;src&quot;:&quot;https:\\\/\\\/i0.wp.com\\\/wp.ufpel.edu.br\\\/aberturacultural\\\/files\\\/2019\\\/04\\\/56524208_2562690353772174_4403679828864139264_n.jpg?fit=1280%2C784\\u0026ssl=1&quot;,&quot;id&quot;:&quot;1706&quot;,&quot;title&quot;:&quot;56524208_2562690353772174_4403679828864139264_n&quot;,&quot;alt&quot;:&quot;&quot;,&quot;caption&quot;:&quot;&quot;,&quot;itemprop&quot;:&quot;image&quot;},{&quot;src&quot;:&quot;https:\\\/\\\/i0.wp.com\\\/wp.ufpel.edu.br\\\/aberturacultural\\\/files\\\/2019\\\/04\\\/56588502_274250316846803_7285141897050324992_n.jpg?fit=807%2C807\\u0026ssl=1&quot;,&quot;id&quot;:&quot;1708&quot;,&quot;title&quot;:&quot;56588502_274250316846803_7285141897050324992_n&quot;,&quot;alt&quot;:&quot;&quot;,&quot;caption&quot;:&quot;&quot;,&quot;itemprop&quot;:&quot;image&quot;},{&quot;src&quot;:&quot;https:\\\/\\\/i0.wp.com\\\/wp.ufpel.edu.br\\\/aberturacultural\\\/files\\\/2019\\\/04\\\/57098992_510692106001825_1149536421837537280_n.jpg?fit=1024%2C1024\\u0026ssl=1&quot;,&quot;id&quot;:&quot;1718&quot;,&quot;title&quot;:&quot;57098992_510692106001825_1149536421837537280_n&quot;,&quot;alt&quot;:&quot;&quot;,&quot;caption&quot;:&quot;&quot;,&quot;itemprop&quot;:&quot;image&quot;},{&quot;src&quot;:&quot;https:\\\/\\\/i0.wp.com\\\/wp.ufpel.edu.br\\\/aberturacultural\\\/files\\\/2019\\\/04\\\/56749281_980244679032412_4609620027488862208_n.jpg?fit=591%2C1280\\u0026ssl=1&quot;,&quot;id&quot;:&quot;1711&quot;,&quot;title&quot;:&quot;56749281_980244679032412_4609620027488862208_n&quot;,&quot;alt&quot;:&quot;&quot;,&quot;caption&quot;:&quot;&quot;,&quot;itemprop&quot;:&quot;image&quot;},{&quot;src&quot;:&quot;https:\\\/\\\/i0.wp.com\\\/wp.ufpel.edu.br\\\/aberturacultural\\\/files\\\/2019\\\/04\\\/56504141_639676216455476_7179126719612190720_n.jpg?fit=960%2C641\\u0026ssl=1&quot;,&quot;id&quot;:&quot;1705&quot;,&quot;title&quot;:&quot;56504141_639676216455476_7179126719612190720_n&quot;,&quot;alt&quot;:&quot;&quot;,&quot;caption&quot;:&quot;&quot;,&quot;itemprop&quot;:&quot;image&quot;},{&quot;src&quot;:&quot;https:\\\/\\\/i0.wp.com\\\/wp.ufpel.edu.br\\\/aberturacultural\\\/files\\\/2019\\\/04\\\/56640026_333740283945150_636962272974995456_n.jpg?fit=640%2C960\\u0026ssl=1&quot;,&quot;id&quot;:&quot;1709&quot;,&quot;title&quot;:&quot;56640026_333740283945150_636962272974995456_n&quot;,&quot;alt&quot;:&quot;&quot;,&quot;caption&quot;:&quot;&quot;,&quot;itemprop&quot;:&quot;image&quot;},{&quot;src&quot;:&quot;https:\\\/\\\/i0.wp.com\\\/wp.ufpel.edu.br\\\/aberturacultural\\\/files\\\/2019\\\/04\\\/56478674_2438051812885400_4677200959934300160_n.jpg?fit=591%2C1280\\u0026ssl=1&quot;,&quot;id&quot;:&quot;1704&quot;,&quot;title&quot;:&quot;56478674_2438051812885400_4677200959934300160_n&quot;,&quot;alt&quot;:&quot;&quot;,&quot;caption&quot;:&quot;&quot;,&quot;itemprop&quot;:&quot;image&quot;},{&quot;src&quot;:&quot;https:\\\/\\\/i0.wp.com\\\/wp.ufpel.edu.br\\\/aberturacultural\\\/files\\\/2019\\\/04\\\/56790926_388327055100713_7416279115591843840_n.jpg?fit=591%2C1280\\u0026ssl=1&quot;,&quot;id&quot;:&quot;1713&quot;,&quot;title&quot;:&quot;56790926_388327055100713_7416279115591843840_n&quot;,&quot;alt&quot;:&quot;&quot;,&quot;caption&quot;:&quot;&quot;,&quot;itemprop&quot;:&quot;image&quot;},{&quot;src&quot;:&quot;https:\\\/\\\/i0.wp.com\\\/wp.ufpel.edu.br\\\/aberturacultural\\\/files\\\/2019\\\/04\\\/57133812_365882674015707_2871115045293522944_n.jpg?fit=514%2C960\\u0026ssl=1&quot;,&quot;id&quot;:&quot;1719&quot;,&quot;title&quot;:&quot;57133812_365882674015707_2871115045293522944_n&quot;,&quot;alt&quot;:&quot;&quot;,&quot;caption&quot;:&quot;&quot;,&quot;itemprop&quot;:&quot;image&quot;},{&quot;src&quot;:&quot;https:\\\/\\\/i0.wp.com\\\/wp.ufpel.edu.br\\\/aberturacultural\\\/files\\\/2019\\\/04\\\/56819142_662930954154859_1253756032363003904_n.jpg?fit=960%2C641\\u0026ssl=1&quot;,&quot;id&quot;:&quot;1714&quot;,&quot;title&quot;:&quot;56819142_662930954154859_1253756032363003904_n&quot;,&quot;alt&quot;:&quot;&quot;,&quot;caption&quot;:&quot;&quot;,&quot;itemprop&quot;:&quot;image&quot;},{&quot;src&quot;:&quot;https:\\\/\\\/i0.wp.com\\\/wp.ufpel.edu.br\\\/aberturacultural\\\/files\\\/2019\\\/04\\\/56641453_168493100737966_5142465910887415808_n.jpg?fit=1280%2C910\\u0026ssl=1&quot;,&quot;id&quot;:&quot;1710&quot;,&quot;title&quot;:&quot;56641453_168493100737966_5142465910887415808_n&quot;,&quot;alt&quot;:&quot;&quot;,&quot;caption&quot;:&quot;&quot;,&quot;itemprop&quot;:&quot;image&quot;},{&quot;src&quot;:&quot;https:\\\/\\\/i0.wp.com\\\/wp.ufpel.edu.br\\\/aberturacultural\\\/files\\\/2019\\\/04\\\/56770568_725880527807432_3676938626140209152_n.jpg?fit=853%2C1280\\u0026ssl=1&quot;,&quot;id&quot;:&quot;1712&quot;,&quot;title&quot;:&quot;56770568_725880527807432_3676938626140209152_n&quot;,&quot;alt&quot;:&quot;&quot;,&quot;caption&quot;:&quot;&quot;,&quot;itemprop&quot;:&quot;image&quot;}]\" itemscope itemtype=\"https:\/\/schema.org\/ImageGallery\"><\/div>\n<p>&nbsp;<\/p>\n<p>&nbsp;<\/p>\n<p style=\"text-align: center\"><strong><span style=\"font-size: 24pt\">Bonecas de tric\u00f4<\/span><\/strong><\/p>\n<p class=\"jetpack-slideshow-noscript robots-nocontent\">Este slideshow necessita de JavaScript.<\/p><div id=\"gallery-1578-4-slideshow\" class=\"jetpack-slideshow-window jetpack-slideshow jetpack-slideshow-black\" data-trans=\"fade\" data-autostart=\"1\" data-gallery=\"[{&quot;src&quot;:&quot;https:\\\/\\\/i0.wp.com\\\/wp.ufpel.edu.br\\\/aberturacultural\\\/files\\\/2019\\\/04\\\/d0445525-36fb-43ee-b502-b0716e426289.jpg?fit=1280%2C1280\\u0026ssl=1&quot;,&quot;id&quot;:&quot;1811&quot;,&quot;title&quot;:&quot;d0445525-36fb-43ee-b502-b0716e426289&quot;,&quot;alt&quot;:&quot;&quot;,&quot;caption&quot;:&quot;&quot;,&quot;itemprop&quot;:&quot;image&quot;},{&quot;src&quot;:&quot;https:\\\/\\\/i0.wp.com\\\/wp.ufpel.edu.br\\\/aberturacultural\\\/files\\\/2019\\\/04\\\/5910fe35-2d3e-4f34-8e42-b13850bd5556.jpg?fit=1280%2C1280\\u0026ssl=1&quot;,&quot;id&quot;:&quot;1809&quot;,&quot;title&quot;:&quot;5910fe35-2d3e-4f34-8e42-b13850bd5556&quot;,&quot;alt&quot;:&quot;&quot;,&quot;caption&quot;:&quot;&quot;,&quot;itemprop&quot;:&quot;image&quot;},{&quot;src&quot;:&quot;https:\\\/\\\/i0.wp.com\\\/wp.ufpel.edu.br\\\/aberturacultural\\\/files\\\/2019\\\/04\\\/7ae9cc68-d53e-4358-81d8-7bd4bb3e88e7.jpg?fit=1280%2C1280\\u0026ssl=1&quot;,&quot;id&quot;:&quot;1808&quot;,&quot;title&quot;:&quot;7ae9cc68-d53e-4358-81d8-7bd4bb3e88e7&quot;,&quot;alt&quot;:&quot;&quot;,&quot;caption&quot;:&quot;&quot;,&quot;itemprop&quot;:&quot;image&quot;},{&quot;src&quot;:&quot;https:\\\/\\\/i0.wp.com\\\/wp.ufpel.edu.br\\\/aberturacultural\\\/files\\\/2019\\\/04\\\/d6f639da-fb93-4b3c-bfe7-d7fc7927faf5.jpg?fit=1080%2C1142\\u0026ssl=1&quot;,&quot;id&quot;:&quot;1810&quot;,&quot;title&quot;:&quot;d6f639da-fb93-4b3c-bfe7-d7fc7927faf5&quot;,&quot;alt&quot;:&quot;&quot;,&quot;caption&quot;:&quot;&quot;,&quot;itemprop&quot;:&quot;image&quot;},{&quot;src&quot;:&quot;https:\\\/\\\/i0.wp.com\\\/wp.ufpel.edu.br\\\/aberturacultural\\\/files\\\/2019\\\/04\\\/3f299a54-9b57-4d83-a71a-6f479eba4b67.jpg?fit=1280%2C1280\\u0026ssl=1&quot;,&quot;id&quot;:&quot;1813&quot;,&quot;title&quot;:&quot;3f299a54-9b57-4d83-a71a-6f479eba4b67&quot;,&quot;alt&quot;:&quot;&quot;,&quot;caption&quot;:&quot;&quot;,&quot;itemprop&quot;:&quot;image&quot;},{&quot;src&quot;:&quot;https:\\\/\\\/i0.wp.com\\\/wp.ufpel.edu.br\\\/aberturacultural\\\/files\\\/2019\\\/04\\\/ecc82e79-6379-4a2a-8b26-a3789807915a.jpg?fit=1280%2C1280\\u0026ssl=1&quot;,&quot;id&quot;:&quot;1812&quot;,&quot;title&quot;:&quot;ecc82e79-6379-4a2a-8b26-a3789807915a&quot;,&quot;alt&quot;:&quot;&quot;,&quot;caption&quot;:&quot;&quot;,&quot;itemprop&quot;:&quot;image&quot;}]\" itemscope itemtype=\"https:\/\/schema.org\/ImageGallery\"><\/div>\n<p>&nbsp;<\/p>\n<p style=\"text-align: center\"><span style=\"font-size: 24pt\"><strong>Etnodesenvolvimento e direitos culturais em comunidades quilombolas e ind\u00edgenas<\/strong><\/span><\/p>\n<p style=\"text-align: center\"><span style=\"font-size: 24pt\"><strong>(Projeto de Extens\u00e3o)<\/strong><\/span><\/p>\n<p style=\"text-align: center\"><span style=\"font-size: 24pt\"><strong>Feira de Artesanato Quilombola<\/strong><\/span><\/p>\n<p class=\"jetpack-slideshow-noscript robots-nocontent\">Este slideshow necessita de JavaScript.<\/p><div id=\"gallery-1578-5-slideshow\" class=\"jetpack-slideshow-window jetpack-slideshow jetpack-slideshow-black\" data-trans=\"fade\" data-autostart=\"1\" data-gallery=\"[{&quot;src&quot;:&quot;https:\\\/\\\/i0.wp.com\\\/wp.ufpel.edu.br\\\/aberturacultural\\\/files\\\/2019\\\/05\\\/25395481_640x640.jpg?fit=640%2C640\\u0026ssl=1&quot;,&quot;id&quot;:&quot;2074&quot;,&quot;title&quot;:&quot;25395481_640x640&quot;,&quot;alt&quot;:&quot;&quot;,&quot;caption&quot;:&quot;&quot;,&quot;itemprop&quot;:&quot;image&quot;},{&quot;src&quot;:&quot;https:\\\/\\\/i0.wp.com\\\/wp.ufpel.edu.br\\\/aberturacultural\\\/files\\\/2019\\\/05\\\/DSC05113.jpg?fit=640%2C480\\u0026ssl=1&quot;,&quot;id&quot;:&quot;2134&quot;,&quot;title&quot;:&quot;DSC05113&quot;,&quot;alt&quot;:&quot;&quot;,&quot;caption&quot;:&quot;&quot;,&quot;itemprop&quot;:&quot;image&quot;},{&quot;src&quot;:&quot;https:\\\/\\\/i0.wp.com\\\/wp.ufpel.edu.br\\\/aberturacultural\\\/files\\\/2019\\\/05\\\/IMG_1310.jpg?fit=4608%2C3456\\u0026ssl=1&quot;,&quot;id&quot;:&quot;2135&quot;,&quot;title&quot;:&quot;IMG_1310&quot;,&quot;alt&quot;:&quot;&quot;,&quot;caption&quot;:&quot;&quot;,&quot;itemprop&quot;:&quot;image&quot;},{&quot;src&quot;:&quot;https:\\\/\\\/i0.wp.com\\\/wp.ufpel.edu.br\\\/aberturacultural\\\/files\\\/2019\\\/05\\\/DSC_0239.jpg?fit=3008%2C2000\\u0026ssl=1&quot;,&quot;id&quot;:&quot;2136&quot;,&quot;title&quot;:&quot;DSC_0239&quot;,&quot;alt&quot;:&quot;&quot;,&quot;caption&quot;:&quot;&quot;,&quot;itemprop&quot;:&quot;image&quot;},{&quot;src&quot;:&quot;https:\\\/\\\/i0.wp.com\\\/wp.ufpel.edu.br\\\/aberturacultural\\\/files\\\/2019\\\/05\\\/DSC07078.jpg?fit=5184%2C3888\\u0026ssl=1&quot;,&quot;id&quot;:&quot;2137&quot;,&quot;title&quot;:&quot;DSC07078&quot;,&quot;alt&quot;:&quot;&quot;,&quot;caption&quot;:&quot;&quot;,&quot;itemprop&quot;:&quot;image&quot;}]\" itemscope itemtype=\"https:\/\/schema.org\/ImageGallery\"><\/div>\n<p>&nbsp;<\/p>\n<p style=\"text-align: center\"><span style=\"font-size: 24pt\"><strong>Tenda do Afeto Popular<\/strong><\/span><\/p>\n<p class=\"jetpack-slideshow-noscript robots-nocontent\">Este slideshow necessita de JavaScript.<\/p><div id=\"gallery-1578-6-slideshow\" class=\"jetpack-slideshow-window jetpack-slideshow jetpack-slideshow-black\" data-trans=\"fade\" data-autostart=\"1\" data-gallery=\"[{&quot;src&quot;:&quot;https:\\\/\\\/i0.wp.com\\\/wp.ufpel.edu.br\\\/aberturacultural\\\/files\\\/2019\\\/05\\\/077bdf87-c890-45f2-958e-6958cda226b5.jpg?fit=720%2C1280\\u0026ssl=1&quot;,&quot;id&quot;:&quot;2118&quot;,&quot;title&quot;:&quot;077bdf87-c890-45f2-958e-6958cda226b5&quot;,&quot;alt&quot;:&quot;&quot;,&quot;caption&quot;:&quot;&quot;,&quot;itemprop&quot;:&quot;image&quot;},{&quot;src&quot;:&quot;https:\\\/\\\/i0.wp.com\\\/wp.ufpel.edu.br\\\/aberturacultural\\\/files\\\/2019\\\/05\\\/d47f363c-74e1-422c-ab7c-c4fe6b1c9893.jpg?fit=1280%2C960\\u0026ssl=1&quot;,&quot;id&quot;:&quot;2128&quot;,&quot;title&quot;:&quot;d47f363c-74e1-422c-ab7c-c4fe6b1c9893&quot;,&quot;alt&quot;:&quot;&quot;,&quot;caption&quot;:&quot;&quot;,&quot;itemprop&quot;:&quot;image&quot;},{&quot;src&quot;:&quot;https:\\\/\\\/i0.wp.com\\\/wp.ufpel.edu.br\\\/aberturacultural\\\/files\\\/2019\\\/05\\\/3561750c-04f3-453d-a0d5-e789e653e629.jpg?fit=1280%2C960\\u0026ssl=1&quot;,&quot;id&quot;:&quot;2123&quot;,&quot;title&quot;:&quot;3561750c-04f3-453d-a0d5-e789e653e629&quot;,&quot;alt&quot;:&quot;&quot;,&quot;caption&quot;:&quot;&quot;,&quot;itemprop&quot;:&quot;image&quot;},{&quot;src&quot;:&quot;https:\\\/\\\/i0.wp.com\\\/wp.ufpel.edu.br\\\/aberturacultural\\\/files\\\/2019\\\/05\\\/40f53b05-e92b-4563-a45e-f71a966bb263.jpg?fit=1280%2C960\\u0026ssl=1&quot;,&quot;id&quot;:&quot;2117&quot;,&quot;title&quot;:&quot;40f53b05-e92b-4563-a45e-f71a966bb263&quot;,&quot;alt&quot;:&quot;&quot;,&quot;caption&quot;:&quot;&quot;,&quot;itemprop&quot;:&quot;image&quot;},{&quot;src&quot;:&quot;https:\\\/\\\/i0.wp.com\\\/wp.ufpel.edu.br\\\/aberturacultural\\\/files\\\/2019\\\/05\\\/e7b8fcc2-4138-432b-b623-a90f0b944a6f.jpg?fit=1280%2C960\\u0026ssl=1&quot;,&quot;id&quot;:&quot;2129&quot;,&quot;title&quot;:&quot;e7b8fcc2-4138-432b-b623-a90f0b944a6f&quot;,&quot;alt&quot;:&quot;&quot;,&quot;caption&quot;:&quot;&quot;,&quot;itemprop&quot;:&quot;image&quot;},{&quot;src&quot;:&quot;https:\\\/\\\/i0.wp.com\\\/wp.ufpel.edu.br\\\/aberturacultural\\\/files\\\/2019\\\/05\\\/02e1e1a9-f94a-4318-95fc-0915773c2a25.jpg?fit=720%2C1280\\u0026ssl=1&quot;,&quot;id&quot;:&quot;2113&quot;,&quot;title&quot;:&quot;02e1e1a9-f94a-4318-95fc-0915773c2a25&quot;,&quot;alt&quot;:&quot;&quot;,&quot;caption&quot;:&quot;&quot;,&quot;itemprop&quot;:&quot;image&quot;},{&quot;src&quot;:&quot;https:\\\/\\\/i0.wp.com\\\/wp.ufpel.edu.br\\\/aberturacultural\\\/files\\\/2019\\\/05\\\/22c57f3c-d30e-4273-8b27-74dbaa04336b.jpg?fit=720%2C1280\\u0026ssl=1&quot;,&quot;id&quot;:&quot;2115&quot;,&quot;title&quot;:&quot;22c57f3c-d30e-4273-8b27-74dbaa04336b&quot;,&quot;alt&quot;:&quot;&quot;,&quot;caption&quot;:&quot;&quot;,&quot;itemprop&quot;:&quot;image&quot;},{&quot;src&quot;:&quot;https:\\\/\\\/i0.wp.com\\\/wp.ufpel.edu.br\\\/aberturacultural\\\/files\\\/2019\\\/05\\\/b4000815-0c7d-490f-8e31-251b06e60ac5.jpg?fit=1280%2C960\\u0026ssl=1&quot;,&quot;id&quot;:&quot;2126&quot;,&quot;title&quot;:&quot;b4000815-0c7d-490f-8e31-251b06e60ac5&quot;,&quot;alt&quot;:&quot;&quot;,&quot;caption&quot;:&quot;&quot;,&quot;itemprop&quot;:&quot;image&quot;},{&quot;src&quot;:&quot;https:\\\/\\\/i0.wp.com\\\/wp.ufpel.edu.br\\\/aberturacultural\\\/files\\\/2019\\\/05\\\/e848a3b2-bf65-4852-b846-b7e152339197.jpg?fit=1280%2C960\\u0026ssl=1&quot;,&quot;id&quot;:&quot;2131&quot;,&quot;title&quot;:&quot;e848a3b2-bf65-4852-b846-b7e152339197&quot;,&quot;alt&quot;:&quot;&quot;,&quot;caption&quot;:&quot;&quot;,&quot;itemprop&quot;:&quot;image&quot;},{&quot;src&quot;:&quot;https:\\\/\\\/i0.wp.com\\\/wp.ufpel.edu.br\\\/aberturacultural\\\/files\\\/2019\\\/05\\\/27ad00ce-96a4-4b98-9270-5cb211f877d2.jpg?fit=1280%2C960\\u0026ssl=1&quot;,&quot;id&quot;:&quot;2116&quot;,&quot;title&quot;:&quot;27ad00ce-96a4-4b98-9270-5cb211f877d2&quot;,&quot;alt&quot;:&quot;&quot;,&quot;caption&quot;:&quot;&quot;,&quot;itemprop&quot;:&quot;image&quot;},{&quot;src&quot;:&quot;https:\\\/\\\/i0.wp.com\\\/wp.ufpel.edu.br\\\/aberturacultural\\\/files\\\/2019\\\/05\\\/9e4306a2-dde3-4388-885b-609e7c2cb784.jpg?fit=1280%2C960\\u0026ssl=1&quot;,&quot;id&quot;:&quot;2114&quot;,&quot;title&quot;:&quot;9e4306a2-dde3-4388-885b-609e7c2cb784&quot;,&quot;alt&quot;:&quot;&quot;,&quot;caption&quot;:&quot;&quot;,&quot;itemprop&quot;:&quot;image&quot;},{&quot;src&quot;:&quot;https:\\\/\\\/i0.wp.com\\\/wp.ufpel.edu.br\\\/aberturacultural\\\/files\\\/2019\\\/05\\\/af26b915-67ab-4311-950d-6d2cdc116347.jpg?fit=1280%2C960\\u0026ssl=1&quot;,&quot;id&quot;:&quot;2124&quot;,&quot;title&quot;:&quot;af26b915-67ab-4311-950d-6d2cdc116347&quot;,&quot;alt&quot;:&quot;&quot;,&quot;caption&quot;:&quot;&quot;,&quot;itemprop&quot;:&quot;image&quot;},{&quot;src&quot;:&quot;https:\\\/\\\/i0.wp.com\\\/wp.ufpel.edu.br\\\/aberturacultural\\\/files\\\/2019\\\/05\\\/3343c107-880d-418e-abd5-9fb3bf8f83f0.jpg?fit=1280%2C960\\u0026ssl=1&quot;,&quot;id&quot;:&quot;2120&quot;,&quot;title&quot;:&quot;3343c107-880d-418e-abd5-9fb3bf8f83f0&quot;,&quot;alt&quot;:&quot;&quot;,&quot;caption&quot;:&quot;&quot;,&quot;itemprop&quot;:&quot;image&quot;},{&quot;src&quot;:&quot;https:\\\/\\\/i0.wp.com\\\/wp.ufpel.edu.br\\\/aberturacultural\\\/files\\\/2019\\\/05\\\/431390b7-12ca-4229-8830-0b4161628cd0.jpg?fit=720%2C1280\\u0026ssl=1&quot;,&quot;id&quot;:&quot;2122&quot;,&quot;title&quot;:&quot;431390b7-12ca-4229-8830-0b4161628cd0&quot;,&quot;alt&quot;:&quot;&quot;,&quot;caption&quot;:&quot;&quot;,&quot;itemprop&quot;:&quot;image&quot;},{&quot;src&quot;:&quot;https:\\\/\\\/i0.wp.com\\\/wp.ufpel.edu.br\\\/aberturacultural\\\/files\\\/2019\\\/05\\\/d14c6c93-ec2d-4a81-80aa-55cf580f96dc.jpg?fit=720%2C1280\\u0026ssl=1&quot;,&quot;id&quot;:&quot;2127&quot;,&quot;title&quot;:&quot;d14c6c93-ec2d-4a81-80aa-55cf580f96dc&quot;,&quot;alt&quot;:&quot;&quot;,&quot;caption&quot;:&quot;&quot;,&quot;itemprop&quot;:&quot;image&quot;},{&quot;src&quot;:&quot;https:\\\/\\\/i0.wp.com\\\/wp.ufpel.edu.br\\\/aberturacultural\\\/files\\\/2019\\\/05\\\/4778ba14-445d-4859-a3df-875cb2bc98f5.jpg?fit=960%2C1280\\u0026ssl=1&quot;,&quot;id&quot;:&quot;2121&quot;,&quot;title&quot;:&quot;4778ba14-445d-4859-a3df-875cb2bc98f5&quot;,&quot;alt&quot;:&quot;&quot;,&quot;caption&quot;:&quot;&quot;,&quot;itemprop&quot;:&quot;image&quot;},{&quot;src&quot;:&quot;https:\\\/\\\/i0.wp.com\\\/wp.ufpel.edu.br\\\/aberturacultural\\\/files\\\/2019\\\/05\\\/b02f230f-7a75-4840-9726-7c80837d818f.jpg?fit=1280%2C960\\u0026ssl=1&quot;,&quot;id&quot;:&quot;2125&quot;,&quot;title&quot;:&quot;b02f230f-7a75-4840-9726-7c80837d818f&quot;,&quot;alt&quot;:&quot;&quot;,&quot;caption&quot;:&quot;&quot;,&quot;itemprop&quot;:&quot;image&quot;},{&quot;src&quot;:&quot;https:\\\/\\\/i0.wp.com\\\/wp.ufpel.edu.br\\\/aberturacultural\\\/files\\\/2019\\\/05\\\/82bffbc8-f9d9-4d47-96b4-55be88c02ac0.jpg?fit=1280%2C960\\u0026ssl=1&quot;,&quot;id&quot;:&quot;2119&quot;,&quot;title&quot;:&quot;82bffbc8-f9d9-4d47-96b4-55be88c02ac0&quot;,&quot;alt&quot;:&quot;&quot;,&quot;caption&quot;:&quot;&quot;,&quot;itemprop&quot;:&quot;image&quot;},{&quot;src&quot;:&quot;https:\\\/\\\/i0.wp.com\\\/wp.ufpel.edu.br\\\/aberturacultural\\\/files\\\/2019\\\/05\\\/fb8b75bf-8f2b-4c41-ab82-7f7021be56a1.jpg?fit=720%2C1280\\u0026ssl=1&quot;,&quot;id&quot;:&quot;2132&quot;,&quot;title&quot;:&quot;fb8b75bf-8f2b-4c41-ab82-7f7021be56a1&quot;,&quot;alt&quot;:&quot;&quot;,&quot;caption&quot;:&quot;&quot;,&quot;itemprop&quot;:&quot;image&quot;},{&quot;src&quot;:&quot;https:\\\/\\\/i0.wp.com\\\/wp.ufpel.edu.br\\\/aberturacultural\\\/files\\\/2019\\\/05\\\/e66b1789-24b0-4202-bf49-e2da608ed740.jpg?fit=720%2C1280\\u0026ssl=1&quot;,&quot;id&quot;:&quot;2130&quot;,&quot;title&quot;:&quot;e66b1789-24b0-4202-bf49-e2da608ed740&quot;,&quot;alt&quot;:&quot;&quot;,&quot;caption&quot;:&quot;&quot;,&quot;itemprop&quot;:&quot;image&quot;}]\" itemscope itemtype=\"https:\/\/schema.org\/ImageGallery\"><\/div>\n","protected":false},"excerpt":{"rendered":"<p>Grupo de bordados Doces Linhas &nbsp; &nbsp; Quilombo Rinc\u00e3o da Faxina &nbsp; Kanimambo &nbsp; &nbsp; Bonecas de tric\u00f4 &nbsp; Etnodesenvolvimento e direitos culturais em comunidades quilombolas e ind\u00edgenas (Projeto de Extens\u00e3o) Feira de Artesanato Quilombola &nbsp; Tenda do Afeto Popular<\/p>\n","protected":false},"author":736,"featured_media":0,"parent":0,"menu_order":0,"comment_status":"closed","ping_status":"closed","template":"","meta":{"jetpack_post_was_ever_published":false,"footnotes":""},"class_list":["post-1578","page","type-page","status-publish","hentry"],"jetpack_sharing_enabled":true,"jetpack_shortlink":"https:\/\/wp.me\/P8B9Df-ps","jetpack-related-posts":[],"_links":{"self":[{"href":"https:\/\/wp.ufpel.edu.br\/aberturacultural\/wp-json\/wp\/v2\/pages\/1578","targetHints":{"allow":["GET"]}}],"collection":[{"href":"https:\/\/wp.ufpel.edu.br\/aberturacultural\/wp-json\/wp\/v2\/pages"}],"about":[{"href":"https:\/\/wp.ufpel.edu.br\/aberturacultural\/wp-json\/wp\/v2\/types\/page"}],"author":[{"embeddable":true,"href":"https:\/\/wp.ufpel.edu.br\/aberturacultural\/wp-json\/wp\/v2\/users\/736"}],"replies":[{"embeddable":true,"href":"https:\/\/wp.ufpel.edu.br\/aberturacultural\/wp-json\/wp\/v2\/comments?post=1578"}],"version-history":[{"count":10,"href":"https:\/\/wp.ufpel.edu.br\/aberturacultural\/wp-json\/wp\/v2\/pages\/1578\/revisions"}],"predecessor-version":[{"id":2138,"href":"https:\/\/wp.ufpel.edu.br\/aberturacultural\/wp-json\/wp\/v2\/pages\/1578\/revisions\/2138"}],"wp:attachment":[{"href":"https:\/\/wp.ufpel.edu.br\/aberturacultural\/wp-json\/wp\/v2\/media?parent=1578"}],"curies":[{"name":"wp","href":"https:\/\/api.w.org\/{rel}","templated":true}]}}