{"id":1577,"date":"2019-04-08T11:33:03","date_gmt":"2019-04-08T14:33:03","guid":{"rendered":"https:\/\/wp.ufpel.edu.br\/aberturacultural\/?page_id=1577"},"modified":"2019-05-07T15:57:34","modified_gmt":"2019-05-07T18:57:34","slug":"gastronomia","status":"publish","type":"page","link":"https:\/\/wp.ufpel.edu.br\/aberturacultural\/gastronomia\/","title":{"rendered":"Gastronomia"},"content":{"rendered":"<p style=\"text-align: center\"><span style=\"font-size: 24pt\"><strong>Sitio Flor de L\u00eds <\/strong><\/span><\/p>\n<p style=\"text-align: center\"><span style=\"font-size: 24pt\"><strong>Org\u00e2nicos<\/strong><\/span><\/p>\n<p class=\"jetpack-slideshow-noscript robots-nocontent\">Este slideshow necessita de JavaScript.<\/p><div id=\"gallery-1577-1-slideshow\" class=\"jetpack-slideshow-window jetpack-slideshow jetpack-slideshow-black\" data-trans=\"fade\" data-autostart=\"1\" data-gallery=\"[{&quot;src&quot;:&quot;https:\\\/\\\/i0.wp.com\\\/wp.ufpel.edu.br\\\/aberturacultural\\\/files\\\/2019\\\/04\\\/e9cc6fe1-808f-49e9-9b55-ce6346ad6a7f.jpg?fit=1040%2C780\\u0026ssl=1&quot;,&quot;id&quot;:&quot;1801&quot;,&quot;title&quot;:&quot;e9cc6fe1-808f-49e9-9b55-ce6346ad6a7f&quot;,&quot;alt&quot;:&quot;&quot;,&quot;caption&quot;:&quot;&quot;,&quot;itemprop&quot;:&quot;image&quot;},{&quot;src&quot;:&quot;https:\\\/\\\/i0.wp.com\\\/wp.ufpel.edu.br\\\/aberturacultural\\\/files\\\/2019\\\/04\\\/77055873-ee1a-470e-9c2d-e73163333b81.jpg?fit=720%2C540\\u0026ssl=1&quot;,&quot;id&quot;:&quot;1799&quot;,&quot;title&quot;:&quot;77055873-ee1a-470e-9c2d-e73163333b81&quot;,&quot;alt&quot;:&quot;&quot;,&quot;caption&quot;:&quot;&quot;,&quot;itemprop&quot;:&quot;image&quot;},{&quot;src&quot;:&quot;https:\\\/\\\/i0.wp.com\\\/wp.ufpel.edu.br\\\/aberturacultural\\\/files\\\/2019\\\/04\\\/9d30a3bb-c42d-48ec-9d9e-01ce7083f333.jpg?fit=717%2C717\\u0026ssl=1&quot;,&quot;id&quot;:&quot;1798&quot;,&quot;title&quot;:&quot;9d30a3bb-c42d-48ec-9d9e-01ce7083f333&quot;,&quot;alt&quot;:&quot;&quot;,&quot;caption&quot;:&quot;&quot;,&quot;itemprop&quot;:&quot;image&quot;},{&quot;src&quot;:&quot;https:\\\/\\\/i0.wp.com\\\/wp.ufpel.edu.br\\\/aberturacultural\\\/files\\\/2019\\\/04\\\/b7a148f3-1ee0-4ce2-8be7-8e2affb2d9b5.jpg?fit=1133%2C1280\\u0026ssl=1&quot;,&quot;id&quot;:&quot;1800&quot;,&quot;title&quot;:&quot;b7a148f3-1ee0-4ce2-8be7-8e2affb2d9b5&quot;,&quot;alt&quot;:&quot;&quot;,&quot;caption&quot;:&quot;&quot;,&quot;itemprop&quot;:&quot;image&quot;}]\" itemscope itemtype=\"https:\/\/schema.org\/ImageGallery\"><\/div>\n<p style=\"text-align: center\">\n<p style=\"text-align: center\"><span style=\"font-size: 24pt\"><strong>Etnodesenvolvimento e direitos culturais em comunidades quilombolas e ind\u00edgenas<\/strong><\/span><\/p>\n<p style=\"text-align: center\"><span style=\"font-size: 24pt\"><strong>(Projeto de Extens\u00e3o)<\/strong><\/span><\/p>\n<p style=\"text-align: center\"><span style=\"font-size: 24pt\"><strong>Feira de Artesanato Quilombola<\/strong><\/span><\/p>\n<p class=\"jetpack-slideshow-noscript robots-nocontent\">Este slideshow necessita de JavaScript.<\/p><div id=\"gallery-1577-2-slideshow\" class=\"jetpack-slideshow-window jetpack-slideshow jetpack-slideshow-black\" data-trans=\"fade\" data-autostart=\"1\" data-gallery=\"[{&quot;src&quot;:&quot;https:\\\/\\\/i0.wp.com\\\/wp.ufpel.edu.br\\\/aberturacultural\\\/files\\\/2019\\\/05\\\/25395481_640x640.jpg?fit=640%2C640\\u0026ssl=1&quot;,&quot;id&quot;:&quot;2074&quot;,&quot;title&quot;:&quot;25395481_640x640&quot;,&quot;alt&quot;:&quot;&quot;,&quot;caption&quot;:&quot;&quot;,&quot;itemprop&quot;:&quot;image&quot;},{&quot;src&quot;:&quot;https:\\\/\\\/i0.wp.com\\\/wp.ufpel.edu.br\\\/aberturacultural\\\/files\\\/2019\\\/05\\\/Rinc%C3%A3o_Couro_2-424x254.jpg?fit=424%2C254\\u0026ssl=1&quot;,&quot;id&quot;:&quot;2071&quot;,&quot;title&quot;:&quot;Rinc\\u00e3o_Couro_2-424\\u0026#215;254&quot;,&quot;alt&quot;:&quot;&quot;,&quot;caption&quot;:&quot;&quot;,&quot;itemprop&quot;:&quot;image&quot;},{&quot;src&quot;:&quot;https:\\\/\\\/i0.wp.com\\\/wp.ufpel.edu.br\\\/aberturacultural\\\/files\\\/2019\\\/05\\\/Rosane_Ric%C3%A3o_Couro-424x255.jpg?fit=424%2C255\\u0026ssl=1&quot;,&quot;id&quot;:&quot;2072&quot;,&quot;title&quot;:&quot;Rosane_Ric\\u00e3o_Couro-424\\u0026#215;255&quot;,&quot;alt&quot;:&quot;&quot;,&quot;caption&quot;:&quot;&quot;,&quot;itemprop&quot;:&quot;image&quot;},{&quot;src&quot;:&quot;https:\\\/\\\/i0.wp.com\\\/wp.ufpel.edu.br\\\/aberturacultural\\\/files\\\/2019\\\/05\\\/Rosane_Casa_Acolhida.jpg?fit=1038%2C623\\u0026ssl=1&quot;,&quot;id&quot;:&quot;2073&quot;,&quot;title&quot;:&quot;Rosane_Casa_Acolhida&quot;,&quot;alt&quot;:&quot;&quot;,&quot;caption&quot;:&quot;&quot;,&quot;itemprop&quot;:&quot;image&quot;}]\" itemscope itemtype=\"https:\/\/schema.org\/ImageGallery\"><\/div>\n<p style=\"text-align: center\">\n<p style=\"text-align: center\">\n<p>&nbsp;<\/p>\n","protected":false},"excerpt":{"rendered":"<p>Sitio Flor de L\u00eds Org\u00e2nicos Etnodesenvolvimento e direitos culturais em comunidades quilombolas e ind\u00edgenas (Projeto de Extens\u00e3o) Feira de Artesanato Quilombola &nbsp;<\/p>\n","protected":false},"author":736,"featured_media":0,"parent":0,"menu_order":0,"comment_status":"closed","ping_status":"closed","template":"","meta":{"jetpack_post_was_ever_published":false,"footnotes":""},"class_list":["post-1577","page","type-page","status-publish","hentry"],"jetpack_sharing_enabled":true,"jetpack_shortlink":"https:\/\/wp.me\/P8B9Df-pr","jetpack-related-posts":[],"_links":{"self":[{"href":"https:\/\/wp.ufpel.edu.br\/aberturacultural\/wp-json\/wp\/v2\/pages\/1577","targetHints":{"allow":["GET"]}}],"collection":[{"href":"https:\/\/wp.ufpel.edu.br\/aberturacultural\/wp-json\/wp\/v2\/pages"}],"about":[{"href":"https:\/\/wp.ufpel.edu.br\/aberturacultural\/wp-json\/wp\/v2\/types\/page"}],"author":[{"embeddable":true,"href":"https:\/\/wp.ufpel.edu.br\/aberturacultural\/wp-json\/wp\/v2\/users\/736"}],"replies":[{"embeddable":true,"href":"https:\/\/wp.ufpel.edu.br\/aberturacultural\/wp-json\/wp\/v2\/comments?post=1577"}],"version-history":[{"count":9,"href":"https:\/\/wp.ufpel.edu.br\/aberturacultural\/wp-json\/wp\/v2\/pages\/1577\/revisions"}],"predecessor-version":[{"id":2075,"href":"https:\/\/wp.ufpel.edu.br\/aberturacultural\/wp-json\/wp\/v2\/pages\/1577\/revisions\/2075"}],"wp:attachment":[{"href":"https:\/\/wp.ufpel.edu.br\/aberturacultural\/wp-json\/wp\/v2\/media?parent=1577"}],"curies":[{"name":"wp","href":"https:\/\/api.w.org\/{rel}","templated":true}]}}