{"id":63,"date":"2025-07-03T12:31:39","date_gmt":"2025-07-03T15:31:39","guid":{"rendered":"https:\/\/wp.ufpel.edu.br\/9jornadabrasileiradesociologia\/?page_id=63"},"modified":"2025-07-03T12:31:39","modified_gmt":"2025-07-03T15:31:39","slug":"apresentacao","status":"publish","type":"page","link":"https:\/\/wp.ufpel.edu.br\/9jornadabrasileiradesociologia\/apresentacao\/","title":{"rendered":"Apresenta\u00e7\u00e3o"},"content":{"rendered":"<p><strong>Bem-vindo(a\/e) ao site da IX Jornada Brasileira de Sociologia!<\/p>\n<p><\/strong><\/p>\n<p>Nosso evento ocorrer\u00e1 nos dias 24, 25 e 26 de setembro de 2025.<\/p>\n<p>Organizada pelo Programa de P\u00f3s-Gradua\u00e7\u00e3o em Sociologia da Universidade Federal de Pelotas, este ano a Jornada tem o tema &#8220;20 Anos de Sociologia: Transforma\u00e7\u00f5es em Foco&#8221;.<\/p>\n<p>Convidamos todos(as\/es) a participarem do nosso evento.<\/p>\n","protected":false},"excerpt":{"rendered":"<p>Bem-vindo(a\/e) ao site da IX Jornada Brasileira de Sociologia! Nosso evento ocorrer\u00e1 nos dias 24, 25 e 26 de setembro de 2025. Organizada pelo Programa de P\u00f3s-Gradua\u00e7\u00e3o em Sociologia da Universidade Federal de Pelotas, este ano a Jornada tem o tema &#8220;20 Anos de Sociologia: Transforma\u00e7\u00f5es em Foco&#8221;. Convidamos todos(as\/es) a participarem do nosso evento.<\/p>\n","protected":false},"author":1472,"featured_media":0,"parent":0,"menu_order":0,"comment_status":"closed","ping_status":"closed","template":"","meta":{"footnotes":""},"class_list":["post-63","page","type-page","status-publish","hentry"],"_links":{"self":[{"href":"https:\/\/wp.ufpel.edu.br\/9jornadabrasileiradesociologia\/wp-json\/wp\/v2\/pages\/63","targetHints":{"allow":["GET"]}}],"collection":[{"href":"https:\/\/wp.ufpel.edu.br\/9jornadabrasileiradesociologia\/wp-json\/wp\/v2\/pages"}],"about":[{"href":"https:\/\/wp.ufpel.edu.br\/9jornadabrasileiradesociologia\/wp-json\/wp\/v2\/types\/page"}],"author":[{"embeddable":true,"href":"https:\/\/wp.ufpel.edu.br\/9jornadabrasileiradesociologia\/wp-json\/wp\/v2\/users\/1472"}],"replies":[{"embeddable":true,"href":"https:\/\/wp.ufpel.edu.br\/9jornadabrasileiradesociologia\/wp-json\/wp\/v2\/comments?post=63"}],"version-history":[{"count":1,"href":"https:\/\/wp.ufpel.edu.br\/9jornadabrasileiradesociologia\/wp-json\/wp\/v2\/pages\/63\/revisions"}],"predecessor-version":[{"id":65,"href":"https:\/\/wp.ufpel.edu.br\/9jornadabrasileiradesociologia\/wp-json\/wp\/v2\/pages\/63\/revisions\/65"}],"wp:attachment":[{"href":"https:\/\/wp.ufpel.edu.br\/9jornadabrasileiradesociologia\/wp-json\/wp\/v2\/media?parent=63"}],"curies":[{"name":"wp","href":"https:\/\/api.w.org\/{rel}","templated":true}]}}