{"id":50,"date":"2025-07-03T12:02:39","date_gmt":"2025-07-03T15:02:39","guid":{"rendered":"https:\/\/wp.ufpel.edu.br\/9jornadabrasileiradesociologia\/?page_id=50"},"modified":"2025-09-25T00:25:58","modified_gmt":"2025-09-25T03:25:58","slug":"programacao","status":"publish","type":"page","link":"https:\/\/wp.ufpel.edu.br\/9jornadabrasileiradesociologia\/programacao\/","title":{"rendered":"Programa\u00e7\u00e3o"},"content":{"rendered":"<p style=\"text-align: center;\"><strong>24 de setembro<\/strong><\/p>\n<p style=\"text-align: justify;\"><strong>\ud83d\udccd Todos os eventos deste dia acontecer\u00e3o no pr\u00e9dio do CEHUS\/UFPel (Endere\u00e7o: Rua Coronel Alberto Rosa, 117, Centro).<\/strong><\/p>\n<p style=\"text-align: left;\"><strong>14h \u00e0s 18h &#8211;\u00a0<\/strong>Credenciamento<\/p>\n<p><strong>18h &#8211;\u00a0<\/strong>Apresenta\u00e7\u00e3o cultural &#8211; Grupo Sopapo; Apresenta\u00e7\u00e3o de Hip Hop; Orquestra de viol\u00f5es (Conservat\u00f3rio de m\u00fasica)<\/p>\n<p><strong>19h &#8211;\u00a0<\/strong>Solenidade de Abertura: Prof. Dr. Pedro Robertt (UFPel); Profa. Dra. Elaine da Silveira Leite (UFPel); Prof. Dr. L\u00e9o Peixoto Rodrigues (UFPel); Prof. Dr. F\u00e1bio Garcia Lima (UFPel)<\/p>\n<p><strong>19h30 &#8211;\u00a0<\/strong>Mesa de abertura &#8220;Encontros da Mem\u00f3ria&#8221;: Profa. Dra. Mari Cristina de Freitas Fagundes (UFPel), Prof. Dr. \u00c9verton Garcia da Costa (UFRGS), Prof. Dr. William H\u00e9ctor G\u00f3mez Soto (UFPel); Prof. Dr. L\u00e9o Peixoto Rodrigues (UFPel); Prof. Dr. Pedro Robertt (UFPel)<\/p>\n<p style=\"text-align: center;\"><strong>25 de setembro<\/strong><\/p>\n<p><strong>\ud83d\udccd Os Grupos de Trabalho e minicursos ocorrer\u00e3o no pr\u00e9dio do IFISP\/UFPel (Endere\u00e7o: Rua Coronel Alberto Rosa, 154, Centro).<\/strong><\/p>\n<p><strong>08h30 \u00e0s 12h &#8211;\u00a0<\/strong>Grupos de Trabalho:<\/p>\n<ul>\n<li><strong>GT1 &#8211;\u00a0<\/strong>Sociologia e Di\u00e1logos Interdisciplinares.\n<ul>\n<li><strong>Sala 313<\/strong><\/li>\n<\/ul>\n<\/li>\n<li><strong>GT3 &#8211;\u00a0<\/strong>Movimentos Sociais e protestos na Am\u00e9rica Latina: Disputas por poder e justi\u00e7a social.\n<ul>\n<li><strong>Sala 206\/<a href=\"https:\/\/webconf.ufpel.edu.br\/b\/car-bvi-ejf-act\">Webconf UFPel (clique aqui para acessar)<\/a><\/strong><\/li>\n<\/ul>\n<\/li>\n<li><strong>GT4 &#8211;\u00a0<\/strong>Ensino de Sociologia.\n<ul>\n<li><strong>Sala 305<\/strong><\/li>\n<\/ul>\n<\/li>\n<li><strong>GT5 &#8211;\u00a0<\/strong>Zonas cinzentas da sustentabilidade: Sociologia da Crise Clim\u00e1tica no Sul Global.\n<ul>\n<li><a href=\"https:\/\/webconf.ufpel.edu.br\/b\/wil-dcf-yrk\"><strong>Webconf UFPel (clique aqui para acessar)<\/strong><\/a><\/li>\n<\/ul>\n<\/li>\n<li><strong>GT\u00a86 &#8211;\u00a0<\/strong>Sociologia da Tecnologia.\n<ul>\n<li><strong>Sala 307\/<a href=\"https:\/\/meet.jit.si\/JBS-2025\">Jitsi (clique aqui para acessar)<\/a><\/strong><\/li>\n<\/ul>\n<\/li>\n<li><strong>GT8 &#8211;<\/strong> Economia e Moral: Sentidos Sociais, Valores e Desigualdades.\n<ul>\n<li><a href=\"https:\/\/webconf.ufpel.edu.br\/b\/edu-8tw-ioi-fec\"><strong>Webconf UFPel (clique aqui para acessar)<\/strong><\/a><\/li>\n<\/ul>\n<\/li>\n<li><strong>GT9 &#8211;<\/strong> Em meio a (des)identidades, epistemologias, ontologias e ideologias: qual \u00e9 o papel da Sociologia afinal?\n<ul>\n<li><strong>Sala 302\/<a href=\"https:\/\/webconf.ufpel.edu.br\/b\/die-gat-qou-fjr\">Webconf UFPel (clique aqui para acessar)<\/a><\/strong><\/li>\n<\/ul>\n<\/li>\n<li><strong>GT10 &#8211;<\/strong> Pr\u00e1ticas Pedag\u00f3gicas e Experimenta\u00e7\u00f5es Did\u00e1ticas no Ensino de Ci\u00eancias Sociais.\n<ul>\n<li><strong>Sala 203\/<a href=\"https:\/\/webconf.ufpel.edu.br\/b\/isa-inv-t21-0om\">Webconf UFPel (clique aqui para acessar)<\/a><\/strong><\/li>\n<\/ul>\n<\/li>\n<li><strong>GT11 &#8211;<\/strong> Interseccionalidades: An\u00e1lise Cr\u00edtica e A\u00e7\u00e3o Social.\n<ul>\n<li><strong>Sala 315\/<\/strong><a href=\"https:\/\/webconf.ufpel.edu.br\/b\/mar-lde-bdf-ibl\"><strong>Webconf UFPel (clique aqui para acessar)<\/strong><\/a><\/li>\n<\/ul>\n<\/li>\n<li><strong>GT12 &#8211;<\/strong> Racismo, Branquitude e Pol\u00edticas P\u00fablicas: Desafios para a Sociologia.\n<ul>\n<li><a href=\"https:\/\/webconf.ufpel.edu.br\/b\/mar-ze1-0j3-va2\"><strong>Webconf UFPel (clique aqui para acessar)<\/strong><\/a><\/li>\n<\/ul>\n<\/li>\n<\/ul>\n<p><strong>14h \u00e0s 15h30 &#8211; <\/strong>Minicursos (Grupo A):<\/p>\n<ul>\n<li><strong>Estrat\u00e9gias de implementa\u00e7\u00e3o da Sociologia no Ensino Fundamental (Sala 205)<\/strong>\n<ul>\n<li>Ministrantes: Eduarda Bonora Kern (SEDUC\/RS); Lu\u00edsa Koziniewsk Todesco (UFRGS); Ana Clara Marquez Rosa (UFRGS).<\/li>\n<\/ul>\n<\/li>\n<li><strong>Pesquisa sociol\u00f3gica em contextos sens\u00edveis: viol\u00eancia, seguran\u00e7a p\u00fablica e pr\u00e1tica profissional (Sala 201)<\/strong>\n<ul>\n<li>Ministrantes: Douglas Rodrigues Saraiva (IPO) e Henrique Jeske (UFPel).<\/li>\n<\/ul>\n<\/li>\n<\/ul>\n<p><strong>15h30 \u00e0s 16h &#8211;<\/strong> Coffee break<\/p>\n<p><strong>16h \u00e0s 17h30 &#8211; <\/strong>Minicursos (Grupo B)<\/p>\n<ul>\n<li><strong>Imago Mundi (Sala 201)<\/strong>\n<ul>\n<li>Ministrante: Jair J. Gauna Quiroz (UFPel).<\/li>\n<\/ul>\n<\/li>\n<li><strong>Teoria Cr\u00edtica e Sociologia (Sala 206)<\/strong>\n<ul>\n<li>Ministrante: S\u00edlvio C\u00e9sar Camargo (UFPel).<\/li>\n<\/ul>\n<\/li>\n<\/ul>\n<p><strong>\ud83d\udccd Os Pain\u00e9is de graduandos, coffee break e palestra ocorrer\u00e3o no CEHUS\/UFPel (Endere\u00e7o: Rua Coronel Alberto Rosa, 117, Centro).<\/strong><\/p>\n<p><strong>18h \u00e0s 20h &#8211; <\/strong>Coquetel e Pain\u00e9is<\/p>\n<p><strong>20h &#8211; <\/strong>Palestra &#8220;Passado e futuro da nega\u00e7\u00e3o da teoria social no Brasil&#8221;: Prof. Dr. Fabr\u00edcio Monteiro Neves (UnB)<\/p>\n<p style=\"text-align: center;\"><strong>26 de setembro<\/strong><\/p>\n<p><strong>\ud83d\udccd Os Grupos de Trabalho e minicursos ocorrer\u00e3o no pr\u00e9dio do IFISP\/UFPel (Endere\u00e7o: Rua Coronel Alberto Rosa, 154, Centro).<\/strong><\/p>\n<p><strong>08h30 \u00e0s 12h &#8211;\u00a0<\/strong>Grupos de Trabalho:<\/p>\n<ul>\n<li><strong>GT3 &#8211;\u00a0<\/strong>Movimentos Sociais e protestos na Am\u00e9rica Latina: Disputas por poder e justi\u00e7a social.\n<ul>\n<li><strong>Sala 206\/<a href=\"https:\/\/webconf.ufpel.edu.br\/b\/car-bvi-ejf-act\">Webconf UFPel (clique aqui para acessar)<\/a><\/strong><\/li>\n<\/ul>\n<\/li>\n<li><strong>GT4 &#8211;\u00a0<\/strong>Ensino de Sociologia.\n<ul>\n<li><strong>Sala 305<\/strong><\/li>\n<\/ul>\n<\/li>\n<li><strong>GT5 &#8211;\u00a0<\/strong>Zonas cinzentas da sustentabilidade: Sociologia da Crise Clim\u00e1tica no Sul Global.\n<ul>\n<li><a href=\"https:\/\/webconf.ufpel.edu.br\/b\/wil-dcf-yrk\"><strong>Webconf UFPel (clique aqui para acessar)<\/strong><\/a><\/li>\n<\/ul>\n<\/li>\n<li><strong>GT7 &#8211;<\/strong> Arte e Sociedade.\n<ul>\n<li><strong>Sala 309<\/strong><\/li>\n<\/ul>\n<\/li>\n<li><strong>GT8 &#8211;<\/strong> Economia e Moral: Sentidos Sociais, Valores e Desigualdades.\n<ul>\n<li><a href=\"https:\/\/webconf.ufpel.edu.br\/b\/edu-8tw-ioi-fec\"><strong>Webconf UFPel (clique aqui para acessar)<\/strong><\/a><\/li>\n<\/ul>\n<\/li>\n<li><strong>GT9 &#8211;<\/strong> Em meio a (des)identidades, epistemologias, ontologias e ideologias: qual \u00e9 o papel da Sociologia afinal?\n<ul>\n<li><strong>Sala 302\/<a href=\"https:\/\/webconf.ufpel.edu.br\/b\/die-gat-qou-fjr\">Webconf UFPel (clique aqui para acessar)<\/a><\/strong><\/li>\n<\/ul>\n<\/li>\n<li><strong>GT10 &#8211;<\/strong> Pr\u00e1ticas Pedag\u00f3gicas e Experimenta\u00e7\u00f5es Did\u00e1ticas no Ensino de Ci\u00eancias Sociais.\n<ul>\n<li><strong>Sala 203\/<a href=\"https:\/\/webconf.ufpel.edu.br\/b\/isa-inv-t21-0om\">Webconf UFPel (clique aqui para acessar)<\/a><\/strong><\/li>\n<\/ul>\n<\/li>\n<li><strong>GT12 &#8211;<\/strong> Racismo, Branquitude e Pol\u00edticas P\u00fablicas: Desafios para a Sociologia.\n<ul>\n<li><a href=\"https:\/\/webconf.ufpel.edu.br\/b\/mar-ze1-0j3-va2\"><strong>Webconf UFPel (clique aqui para acessar)<\/strong><\/a><\/li>\n<\/ul>\n<\/li>\n<\/ul>\n<p><strong>14h \u00e0s 15h30 &#8211; <\/strong>Minicursos (Grupo A):<\/p>\n<ul>\n<li><strong>Estrat\u00e9gias de implementa\u00e7\u00e3o da Sociologia no Ensino Fundamental (Sala 205)<\/strong>\n<ul>\n<li>Ministrantes: Eduarda Bonora Kern (SEDUC\/RS); Lu\u00edsa Koziniewsk Todesco (UFRGS); Ana Clara Marquez Rosa (UFRGS).<\/li>\n<\/ul>\n<\/li>\n<li><strong>Pesquisa sociol\u00f3gica em contextos sens\u00edveis: viol\u00eancia, seguran\u00e7a p\u00fablica e pr\u00e1tica profissional (Sala 201)<\/strong>\n<ul>\n<li>Ministrantes: Douglas Rodrigues Saraiva (IPO) e Henrique Jeske (UFPel).<\/li>\n<\/ul>\n<\/li>\n<\/ul>\n<p><strong>15h30 \u00e0s 16h &#8211;<\/strong> Coffee break<\/p>\n<p><strong>16h \u00e0s 17h30 &#8211; <\/strong>Minicursos (Grupo B)<\/p>\n<ul>\n<li><strong>Imago Mundi (Sala 201)<\/strong>\n<ul>\n<li>Ministrante: Jair J. Gauna Quiroz (UFPel).<\/li>\n<\/ul>\n<\/li>\n<li><strong>Teoria Cr\u00edtica e Sociologia (Sala 206)<\/strong>\n<ul>\n<li>Ministrante: S\u00edlvio C\u00e9sar Camargo (UFPel).<\/li>\n<\/ul>\n<\/li>\n<\/ul>\n<p><strong>\ud83d\udccd O lan\u00e7amento de livros, coffee break, palestra e cerim\u00f4nia de encerramento ocorrer\u00e3o no CEHUS\/UFPel (Endere\u00e7o: Rua Coronel Alberto Rosa, 117, Centro).<\/strong><\/p>\n<p><strong>17h30 \u00e0s 19h30 &#8211; <\/strong>Coquetel e Lan\u00e7amento de livros<\/p>\n<p><strong>19h30 &#8211;\u00a0<\/strong>Homenagem aos discentes Felisberto Junior Pedro Bacurim e Jos\u00e9 Felipe Marques Motta e Mesa de Encerramento &#8220;Desafios da Sociologia em uma conjuntura cr\u00edtica&#8221;: Prof. Dr. Marcelo Kunrath Silva (UFRGS); Profa. Dra, Carla Rech (UFPel); Doutorando Lu\u00e3 Rodrigues Silveira (UFPel)<\/p>\n<p><strong>21h &#8211; <\/strong>Encerramento cultural com DJs Convidados<\/p>\n<div class=\"notranslate\" style=\"all: initial;\"><\/div>\n<div class=\"notranslate\" style=\"all: initial;\"><\/div>\n","protected":false},"excerpt":{"rendered":"<p>24 de setembro \ud83d\udccd Todos os eventos deste dia acontecer\u00e3o no pr\u00e9dio do CEHUS\/UFPel (Endere\u00e7o: Rua Coronel Alberto Rosa, 117, Centro). 14h \u00e0s 18h &#8211;\u00a0Credenciamento 18h &#8211;\u00a0Apresenta\u00e7\u00e3o cultural &#8211; Grupo Sopapo; Apresenta\u00e7\u00e3o de Hip Hop; Orquestra de viol\u00f5es (Conservat\u00f3rio de m\u00fasica) 19h &#8211;\u00a0Solenidade de Abertura: Prof. Dr. Pedro Robertt (UFPel); Profa. Dra. Elaine da Silveira [&hellip;]<\/p>\n","protected":false},"author":1472,"featured_media":0,"parent":0,"menu_order":4,"comment_status":"closed","ping_status":"closed","template":"","meta":{"footnotes":""},"class_list":["post-50","page","type-page","status-publish","hentry"],"_links":{"self":[{"href":"https:\/\/wp.ufpel.edu.br\/9jornadabrasileiradesociologia\/wp-json\/wp\/v2\/pages\/50","targetHints":{"allow":["GET"]}}],"collection":[{"href":"https:\/\/wp.ufpel.edu.br\/9jornadabrasileiradesociologia\/wp-json\/wp\/v2\/pages"}],"about":[{"href":"https:\/\/wp.ufpel.edu.br\/9jornadabrasileiradesociologia\/wp-json\/wp\/v2\/types\/page"}],"author":[{"embeddable":true,"href":"https:\/\/wp.ufpel.edu.br\/9jornadabrasileiradesociologia\/wp-json\/wp\/v2\/users\/1472"}],"replies":[{"embeddable":true,"href":"https:\/\/wp.ufpel.edu.br\/9jornadabrasileiradesociologia\/wp-json\/wp\/v2\/comments?post=50"}],"version-history":[{"count":3,"href":"https:\/\/wp.ufpel.edu.br\/9jornadabrasileiradesociologia\/wp-json\/wp\/v2\/pages\/50\/revisions"}],"predecessor-version":[{"id":355,"href":"https:\/\/wp.ufpel.edu.br\/9jornadabrasileiradesociologia\/wp-json\/wp\/v2\/pages\/50\/revisions\/355"}],"wp:attachment":[{"href":"https:\/\/wp.ufpel.edu.br\/9jornadabrasileiradesociologia\/wp-json\/wp\/v2\/media?parent=50"}],"curies":[{"name":"wp","href":"https:\/\/api.w.org\/{rel}","templated":true}]}}