{"id":4,"date":"2025-07-03T10:15:05","date_gmt":"2025-07-03T13:15:05","guid":{"rendered":"https:\/\/wp.ufpel.edu.br\/9jornadabrasileiradesociologia\/?page_id=4"},"modified":"2025-08-04T22:47:24","modified_gmt":"2025-08-05T01:47:24","slug":"editais","status":"publish","type":"page","link":"https:\/\/wp.ufpel.edu.br\/9jornadabrasileiradesociologia\/editais\/","title":{"rendered":"Editais"},"content":{"rendered":"<blockquote class=\"wp-embedded-content\" data-secret=\"d3JU5v0cjr\"><p><a href=\"https:\/\/wp.ufpel.edu.br\/9jornadabrasileiradesociologia\/editais\/edital-para-propostas-de-grupos-de-trabalho-gts\/\">Edital para Propostas de Grupos de Trabalho (GTs)<\/a><\/p><\/blockquote>\n<p><iframe class=\"wp-embedded-content\" sandbox=\"allow-scripts\" security=\"restricted\" style=\"position: absolute; visibility: hidden;\" title=\"&#8220;Edital para Propostas de Grupos de Trabalho (GTs)&#8221; &#8212; IX Jornada Brasileira de Sociologia - 20 Anos de Sociologia: Transforma\u00e7\u00f5es em Foco\" src=\"https:\/\/wp.ufpel.edu.br\/9jornadabrasileiradesociologia\/editais\/edital-para-propostas-de-grupos-de-trabalho-gts\/embed\/#?secret=LLtxk1lbVi#?secret=d3JU5v0cjr\" data-secret=\"d3JU5v0cjr\" width=\"500\" height=\"282\" frameborder=\"0\" marginwidth=\"0\" marginheight=\"0\" scrolling=\"no\"><\/iframe><\/p>\n<blockquote class=\"wp-embedded-content\" data-secret=\"Iy3Kyx8tvR\"><p><a href=\"https:\/\/wp.ufpel.edu.br\/9jornadabrasileiradesociologia\/editais\/edital-para-propostas-de-minicursos\/\">Edital para Propostas de Minicursos<\/a><\/p><\/blockquote>\n<p><iframe class=\"wp-embedded-content\" sandbox=\"allow-scripts\" security=\"restricted\" style=\"position: absolute; visibility: hidden;\" title=\"&#8220;Edital para Propostas de Minicursos&#8221; &#8212; IX Jornada Brasileira de Sociologia - 20 Anos de Sociologia: Transforma\u00e7\u00f5es em Foco\" src=\"https:\/\/wp.ufpel.edu.br\/9jornadabrasileiradesociologia\/editais\/edital-para-propostas-de-minicursos\/embed\/#?secret=Hes6rT32fC#?secret=Iy3Kyx8tvR\" data-secret=\"Iy3Kyx8tvR\" width=\"500\" height=\"282\" frameborder=\"0\" marginwidth=\"0\" marginheight=\"0\" scrolling=\"no\"><\/iframe><\/p>\n<blockquote class=\"wp-embedded-content\" data-secret=\"4W0J0LaCfk\"><p><a href=\"https:\/\/wp.ufpel.edu.br\/9jornadabrasileiradesociologia\/editais\/editais-para-submissao-de-trabalhos\/\">Editais para Submiss\u00e3o de Trabalhos<\/a><\/p><\/blockquote>\n<p><iframe class=\"wp-embedded-content\" sandbox=\"allow-scripts\" security=\"restricted\" style=\"position: absolute; visibility: hidden;\" title=\"&#8220;Editais para Submiss\u00e3o de Trabalhos&#8221; &#8212; IX Jornada Brasileira de Sociologia - 20 Anos de Sociologia: Transforma\u00e7\u00f5es em Foco\" src=\"https:\/\/wp.ufpel.edu.br\/9jornadabrasileiradesociologia\/editais\/editais-para-submissao-de-trabalhos\/embed\/#?secret=PNz0Ef1xG9#?secret=4W0J0LaCfk\" data-secret=\"4W0J0LaCfk\" width=\"500\" height=\"282\" frameborder=\"0\" marginwidth=\"0\" marginheight=\"0\" scrolling=\"no\"><\/iframe><\/p>\n","protected":false},"excerpt":{"rendered":"<p>Edital para Propostas de Grupos de Trabalho (GTs) Edital para Propostas de Minicursos Editais para Submiss\u00e3o de Trabalhos<\/p>\n","protected":false},"author":1472,"featured_media":0,"parent":0,"menu_order":2,"comment_status":"closed","ping_status":"closed","template":"","meta":{"footnotes":""},"class_list":["post-4","page","type-page","status-publish","hentry"],"_links":{"self":[{"href":"https:\/\/wp.ufpel.edu.br\/9jornadabrasileiradesociologia\/wp-json\/wp\/v2\/pages\/4","targetHints":{"allow":["GET"]}}],"collection":[{"href":"https:\/\/wp.ufpel.edu.br\/9jornadabrasileiradesociologia\/wp-json\/wp\/v2\/pages"}],"about":[{"href":"https:\/\/wp.ufpel.edu.br\/9jornadabrasileiradesociologia\/wp-json\/wp\/v2\/types\/page"}],"author":[{"embeddable":true,"href":"https:\/\/wp.ufpel.edu.br\/9jornadabrasileiradesociologia\/wp-json\/wp\/v2\/users\/1472"}],"replies":[{"embeddable":true,"href":"https:\/\/wp.ufpel.edu.br\/9jornadabrasileiradesociologia\/wp-json\/wp\/v2\/comments?post=4"}],"version-history":[{"count":5,"href":"https:\/\/wp.ufpel.edu.br\/9jornadabrasileiradesociologia\/wp-json\/wp\/v2\/pages\/4\/revisions"}],"predecessor-version":[{"id":203,"href":"https:\/\/wp.ufpel.edu.br\/9jornadabrasileiradesociologia\/wp-json\/wp\/v2\/pages\/4\/revisions\/203"}],"wp:attachment":[{"href":"https:\/\/wp.ufpel.edu.br\/9jornadabrasileiradesociologia\/wp-json\/wp\/v2\/media?parent=4"}],"curies":[{"name":"wp","href":"https:\/\/api.w.org\/{rel}","templated":true}]}}