{"id":337,"date":"2025-09-24T04:00:48","date_gmt":"2025-09-24T07:00:48","guid":{"rendered":"https:\/\/wp.ufpel.edu.br\/9jornadabrasileiradesociologia\/?page_id=337"},"modified":"2025-09-24T04:11:27","modified_gmt":"2025-09-24T07:11:27","slug":"gt11-interseccionalidades-analise-critica-e-acao-social","status":"publish","type":"page","link":"https:\/\/wp.ufpel.edu.br\/9jornadabrasileiradesociologia\/grupos-de-trabalho\/gt11-interseccionalidades-analise-critica-e-acao-social\/","title":{"rendered":"GT11 \u2013 Interseccionalidades: An\u00e1lise Cr\u00edtica e A\u00e7\u00e3o Social"},"content":{"rendered":"<p><strong>GT11 \u2013 Interseccionalidades: An\u00e1lise Cr\u00edtica e A\u00e7\u00e3o Social<\/strong><\/p>\n<p><strong>Coordena\u00e7\u00e3o<\/strong>:\u00a0Marcus Vinicius Spolle (UFPel); Luciane Almeida (UFPel); Nikolas Konishi (UFPel); Johan Lose (UFPel).<\/p>\n<p><strong>Descri\u00e7\u00e3o:\u00a0<\/strong>Este GT tem por objetivo receber e selecionar propostas de trabalhos que discutam facetas do hist\u00f3rico, e mais que nunca atual, dilema das chamadas ci\u00eancias da sociedade \u2013 as ci\u00eancias sociais de um modo geral e, a sociologia, de modo espec\u00edfico \u2013 quanto ao seu estatuto, sua identidade e o seu papel na sociedade contempor\u00e2nea. A sociologia e, de certo modo as ci\u00eancias sociais, desenvolveu-se no decorrer do s\u00e9culo XIX e durante boa parte do s\u00e9culo XX buscando afirmar, por um lado, a sua cientificidade no escopo das demais disciplinas do conhecimento cient\u00edfico e, por outro lado, a sua necessidade de distinguir e validar as caracter\u00edsticas pr\u00f3prias de seu objeto de conhecimento a saber; o entrela\u00e7amento das dimens\u00f5es de subjetividade e de objetividade que constitui o fen\u00f4meno social. Entretanto, a sociologia parece n\u00e3o ter, at\u00e9 os dias de hoje, estabelecidos consensos m\u00ednimos quanto ao seu pr\u00f3prio papel social: oscila entre uma \u201cci\u00eancia branda\u201d e uma filosofia social; extravia-se em fragmentos epistemol\u00f3gicos de distintas tradi\u00e7\u00f5es, ao mesmo tempo em que desorienta-se entre excertos dispersos de ontologias inst\u00e1veis. Ao absorver o atual entorno da Ci\u00eancia do Social \u2014 marcado por pesquisas desprovidas de fundamenta\u00e7\u00e3o te\u00f3rica, por ideologias utopias e milit\u00e2ncias\/ativismos que desconsideram o rigor cient\u00edfico \u2014, parece faltar-lhe f\u00f4lego, como ocorre em outras \u00e1reas do conhecimento, para enfrentar as quest\u00f5es que emergem da pr\u00f3pria sociedade enquanto fen\u00f4meno.<\/p>\n<p><strong>Sala:\u00a0<\/strong>315\/<a href=\"https:\/\/webconf.ufpel.edu.br\/b\/mar-lde-bdf-ibl\">Webconf UFPel (clique aqui para acessar)<\/a><\/p>\n<p>&nbsp;<\/p>\n<p><strong>Sess\u00e3o \u00fanica de quinta-feira, 25\/09<\/strong><\/p>\n<ul>\n<li><strong>Interseccionalidade letal e din\u00e2micas situacionais da viol\u00eancia policial: um caso de assassinato em Manguinhos (RJ)<\/strong>\n<ul>\n<li>J\u00falia Boanova B\u00f6hm<\/li>\n<\/ul>\n<\/li>\n<li><strong>A relacionalidade \u00e9 marca da di\u00e1spora africana na interseccionalidade<\/strong>\n<ul>\n<li>Luciane Barcellos de Almeida<\/li>\n<\/ul>\n<\/li>\n<li><strong>Entre Avan\u00e7os e Sil\u00eancios: um estudo sobre a produ\u00e7\u00e3o acad\u00eamica brasileira acerca das mulheres negras na EJA<\/strong>\n<ul>\n<li>\n<div>Lu\u00edsa Koziniewski Todesco<\/div>\n<\/li>\n<\/ul>\n<\/li>\n<li><strong>Envelhecimento e G\u00eanero: uma abordagem interseccional acerca das percep\u00e7\u00f5es de mulheres idosas na Para\u00edba<\/strong>\n<ul>\n<li>\n<div>Mylenna Lycianne dos Santos Marques<\/div>\n<\/li>\n<\/ul>\n<\/li>\n<li><strong>Debate entre sexualidade, g\u00eanero, ra\u00e7a e classe social no ambiente escolar<\/strong>\n<ul>\n<li>Vin\u00edcius Quintana Nunes<\/li>\n<\/ul>\n<\/li>\n<\/ul>\n","protected":false},"excerpt":{"rendered":"<p>GT11 \u2013 Interseccionalidades: An\u00e1lise Cr\u00edtica e A\u00e7\u00e3o Social Coordena\u00e7\u00e3o:\u00a0Marcus Vinicius Spolle (UFPel); Luciane Almeida (UFPel); Nikolas Konishi (UFPel); Johan Lose (UFPel). Descri\u00e7\u00e3o:\u00a0Este GT tem por objetivo receber e selecionar propostas de trabalhos que discutam facetas do hist\u00f3rico, e mais que nunca atual, dilema das chamadas ci\u00eancias da sociedade \u2013 as ci\u00eancias sociais de um modo [&hellip;]<\/p>\n","protected":false},"author":1472,"featured_media":0,"parent":46,"menu_order":11,"comment_status":"closed","ping_status":"closed","template":"","meta":{"footnotes":""},"class_list":["post-337","page","type-page","status-publish","hentry"],"_links":{"self":[{"href":"https:\/\/wp.ufpel.edu.br\/9jornadabrasileiradesociologia\/wp-json\/wp\/v2\/pages\/337","targetHints":{"allow":["GET"]}}],"collection":[{"href":"https:\/\/wp.ufpel.edu.br\/9jornadabrasileiradesociologia\/wp-json\/wp\/v2\/pages"}],"about":[{"href":"https:\/\/wp.ufpel.edu.br\/9jornadabrasileiradesociologia\/wp-json\/wp\/v2\/types\/page"}],"author":[{"embeddable":true,"href":"https:\/\/wp.ufpel.edu.br\/9jornadabrasileiradesociologia\/wp-json\/wp\/v2\/users\/1472"}],"replies":[{"embeddable":true,"href":"https:\/\/wp.ufpel.edu.br\/9jornadabrasileiradesociologia\/wp-json\/wp\/v2\/comments?post=337"}],"version-history":[{"count":1,"href":"https:\/\/wp.ufpel.edu.br\/9jornadabrasileiradesociologia\/wp-json\/wp\/v2\/pages\/337\/revisions"}],"predecessor-version":[{"id":339,"href":"https:\/\/wp.ufpel.edu.br\/9jornadabrasileiradesociologia\/wp-json\/wp\/v2\/pages\/337\/revisions\/339"}],"up":[{"embeddable":true,"href":"https:\/\/wp.ufpel.edu.br\/9jornadabrasileiradesociologia\/wp-json\/wp\/v2\/pages\/46"}],"wp:attachment":[{"href":"https:\/\/wp.ufpel.edu.br\/9jornadabrasileiradesociologia\/wp-json\/wp\/v2\/media?parent=337"}],"curies":[{"name":"wp","href":"https:\/\/api.w.org\/{rel}","templated":true}]}}