{"id":317,"date":"2025-09-24T04:00:57","date_gmt":"2025-09-24T07:00:57","guid":{"rendered":"https:\/\/wp.ufpel.edu.br\/9jornadabrasileiradesociologia\/?page_id=317"},"modified":"2025-09-24T04:10:58","modified_gmt":"2025-09-24T07:10:58","slug":"gt6-sociologia-da-tecnologia","status":"publish","type":"page","link":"https:\/\/wp.ufpel.edu.br\/9jornadabrasileiradesociologia\/grupos-de-trabalho\/gt6-sociologia-da-tecnologia\/","title":{"rendered":"GT6 \u2013 Sociologia da Tecnologia"},"content":{"rendered":"<p><strong>GT6 &#8211; Sociologia da Tecnologia<\/strong><\/p>\n<p><strong>Coordena\u00e7\u00e3o<\/strong>: Rafael da Silva Malh\u00e3o (UFPel); Federico Testa (University of East Anglia).<\/p>\n<p><strong>Descri\u00e7\u00e3o:\u00a0<\/strong>Desde pelo menos a d\u00e9cada de 1970 a tecnologia vem se consolidando como um objeto de an\u00e1lise da sociologia, deixando para tr\u00e1s seu car\u00e1ter de objetos transparentes intermedi\u00e1rios pelos quais as a\u00e7\u00f5es sociais podem ser materializadas. Estudos Sociais da Ci\u00eancia e da Tecnologia, Construtivismo Social, Teoria do Ator-Rede, dentre outras, s\u00e3o abordagens te\u00f3rico-metodol\u00f3gicas que tomam os objetos t\u00e9cnicos, os conjuntos t\u00e9cnicos e as rela\u00e7\u00f5es tecnologicamente mediadas como objetos da an\u00e1lise sociol\u00f3gica. A presente proposta busca acolher pesquisas de diferentes abordagens metodol\u00f3gicas e te\u00f3ricas que tenham na transversalidade dos aparatos t\u00e9cnicos nas mais diversas esferas da vida contempor\u00e2nea o ator social privilegiado para compreens\u00e3o das complexidades dos atuais arranjos sociot\u00e9cnicos. Pesquisas conclu\u00eddas ou em andamento que versem acerca implementa\u00e7\u00e3o de tecnologias na agricultura, educa\u00e7\u00e3o, arte, sa\u00fade, espa\u00e7o urbano, mundo do trabalho, tecnologias digitais, crise clim\u00e1tica, nas formas de descri\u00e7\u00e3o do capitalismo contempor\u00e2neo (plaformizado, vigil\u00e2ncia, algor\u00edtmico, tecnofeudal); na rela\u00e7\u00e3o com distintos marcadores sociais da diferen\u00e7a como classe, ra\u00e7a, g\u00eanero, idade, defici\u00eancia, origem (interseccionalidade) ser\u00e3o bem-vindos.<\/p>\n<p><strong>Sala:<\/strong>\u00a0307\/<a href=\"https:\/\/meet.jit.si\/JBS-2025\">Jitsi (clique aqui para acessar)<\/a><\/p>\n<p>&nbsp;<\/p>\n<p><strong>Sess\u00e3o \u00fanica de quinta-feira, 25\/09<\/strong><\/p>\n<ul>\n<li><strong>Entre crise e oportunidade: imagin\u00e1rios sociot\u00e9cnicos do Programa de Desenvolvimento da Cadeia Produtiva de Hidrog\u00eanio Verde no Rio Grande do Sul p\u00f3s-desastre de 2024<\/strong>\n<ul>\n<li>Paula Mariani de Andrade<\/li>\n<\/ul>\n<\/li>\n<li><strong>Trabalhadores sob demanda: o impacto da plataformas digitais na organiza\u00e7\u00e3o do trabalho dos motociclistas<\/strong>\n<ul>\n<li>Agnes Martha da Silva<\/li>\n<\/ul>\n<\/li>\n<li><strong>Furabolha: a tecnologia \u00e0 servi\u00e7o da cultura contra-hegem\u00f4nica e democr\u00e1tica<\/strong>\n<ul>\n<li>Marina Antunes Rodrigues<\/li>\n<\/ul>\n<\/li>\n<li><strong>Reencontro Programado: UX e a Constru\u00e7\u00e3o do Umwelt Cultural<\/strong>\n<ul>\n<li>Catharina Lauterbach<\/li>\n<\/ul>\n<\/li>\n<\/ul>\n","protected":false},"excerpt":{"rendered":"<p>GT6 &#8211; Sociologia da Tecnologia Coordena\u00e7\u00e3o: Rafael da Silva Malh\u00e3o (UFPel); Federico Testa (University of East Anglia). Descri\u00e7\u00e3o:\u00a0Desde pelo menos a d\u00e9cada de 1970 a tecnologia vem se consolidando como um objeto de an\u00e1lise da sociologia, deixando para tr\u00e1s seu car\u00e1ter de objetos transparentes intermedi\u00e1rios pelos quais as a\u00e7\u00f5es sociais podem ser materializadas. Estudos Sociais [&hellip;]<\/p>\n","protected":false},"author":1472,"featured_media":0,"parent":46,"menu_order":6,"comment_status":"closed","ping_status":"closed","template":"","meta":{"_crdt_document":"","footnotes":""},"class_list":["post-317","page","type-page","status-publish","hentry"],"_links":{"self":[{"href":"https:\/\/wp.ufpel.edu.br\/9jornadabrasileiradesociologia\/wp-json\/wp\/v2\/pages\/317","targetHints":{"allow":["GET"]}}],"collection":[{"href":"https:\/\/wp.ufpel.edu.br\/9jornadabrasileiradesociologia\/wp-json\/wp\/v2\/pages"}],"about":[{"href":"https:\/\/wp.ufpel.edu.br\/9jornadabrasileiradesociologia\/wp-json\/wp\/v2\/types\/page"}],"author":[{"embeddable":true,"href":"https:\/\/wp.ufpel.edu.br\/9jornadabrasileiradesociologia\/wp-json\/wp\/v2\/users\/1472"}],"replies":[{"embeddable":true,"href":"https:\/\/wp.ufpel.edu.br\/9jornadabrasileiradesociologia\/wp-json\/wp\/v2\/comments?post=317"}],"version-history":[{"count":1,"href":"https:\/\/wp.ufpel.edu.br\/9jornadabrasileiradesociologia\/wp-json\/wp\/v2\/pages\/317\/revisions"}],"predecessor-version":[{"id":320,"href":"https:\/\/wp.ufpel.edu.br\/9jornadabrasileiradesociologia\/wp-json\/wp\/v2\/pages\/317\/revisions\/320"}],"up":[{"embeddable":true,"href":"https:\/\/wp.ufpel.edu.br\/9jornadabrasileiradesociologia\/wp-json\/wp\/v2\/pages\/46"}],"wp:attachment":[{"href":"https:\/\/wp.ufpel.edu.br\/9jornadabrasileiradesociologia\/wp-json\/wp\/v2\/media?parent=317"}],"curies":[{"name":"wp","href":"https:\/\/api.w.org\/{rel}","templated":true}]}}