{"id":301,"date":"2025-09-24T03:48:45","date_gmt":"2025-09-24T06:48:45","guid":{"rendered":"https:\/\/wp.ufpel.edu.br\/9jornadabrasileiradesociologia\/?page_id=301"},"modified":"2025-09-24T04:10:37","modified_gmt":"2025-09-24T07:10:37","slug":"gt3-movimentos-sociais-e-protestos-na-america-latina-disputas-por-poder-e-justica-social","status":"publish","type":"page","link":"https:\/\/wp.ufpel.edu.br\/9jornadabrasileiradesociologia\/grupos-de-trabalho\/gt3-movimentos-sociais-e-protestos-na-america-latina-disputas-por-poder-e-justica-social\/","title":{"rendered":"GT3 &#8211; Movimentos Sociais e protestos na Am\u00e9rica Latina: Disputas por poder e justi\u00e7a social"},"content":{"rendered":"<p><strong>GT3 \u2013\u00a0Movimentos Sociais e protestos na Am\u00e9rica Latina: Disputas por poder e justi\u00e7a social<\/strong><\/p>\n<p><strong>Coordena\u00e7\u00e3o:\u00a0<\/strong>Carla Michele Rech (UFPel); Murilo Lima Brum (UFPel); Roberta do Pr\u00e1 Alano (UFPel).<\/p>\n<p><strong>Descri\u00e7\u00e3o:\u00a0<\/strong>Este GT possui o objetivo de contribuir para o debate de pesquisas de tem\u00e1ticas que giram em torno das a\u00e7\u00f5es ligadas a movimentos sociais na Am\u00e9rica Latina. Busca-se refletir sobre como sujeitos coletivos \u2014 rurais e urbanos, tradicionais e emergentes, progressistas e conservadores \u2014 atuam frente a processos pol\u00edticos em disputa, desigualdade hist\u00f3ricas e novas formas de opress\u00e3o. O GT acolhe estudos que abordem estrat\u00e9gias de resist\u00eancia, repert\u00f3rios de a\u00e7\u00e3o, disputas por legitimidade e discursos, bem como a repress\u00e3o institucional e a viol\u00eancia direcionada a lideran\u00e7as sociais e movimentos. Al\u00e9m disso, interessa analisar como esses conflitos se intensificam em contextos marcados por crises ambientais, avan\u00e7o de agendas autorit\u00e1rias, criminaliza\u00e7\u00e3o dos protestos e precariza\u00e7\u00e3o das condi\u00e7\u00f5es de vida. Com isso, pretende-se valorizar abordagens cr\u00edticas e interdisciplinares, com abertura a diferentes m\u00e9todos de pesquisa.<\/p>\n<p><strong>Sala:<\/strong>\u00a0206\/<a href=\"https:\/\/webconf.ufpel.edu.br\/b\/car-bvi-ejf-act\">Webconf UFPel (clique aqui para acessar)<\/a><\/p>\n<p>&nbsp;<\/p>\n<p><strong>Sess\u00e3o de quinta-feira, 25\/09<\/strong><\/p>\n<ul>\n<li><strong>Disputas pela vida: g\u00eanero, precariedade e abastecimento de \u00e1gua nas periferias<\/strong>\n<ul>\n<li>Marina Cristina dos Santos Brum<\/li>\n<\/ul>\n<\/li>\n<li><strong>A atua\u00e7\u00e3o de Organiza\u00e7\u00f5es da Sociedade Civil na formula\u00e7\u00e3o de pol\u00edticas p\u00fablicas ambientais<\/strong>\n<ul>\n<li>Luiza Guterres Brettas<\/li>\n<\/ul>\n<\/li>\n<li><strong>Organiza\u00e7\u00f5es n\u00e3o-alternativas e a cr\u00edtica da ideologia: o MST como nega\u00e7\u00e3o determinada da organiza\u00e7\u00e3o hegem\u00f4nica<\/strong>\n<ul>\n<li>Vitor Abreu Arnoni<\/li>\n<\/ul>\n<\/li>\n<li><strong>O maio de 2018 dos caminhoneiros: A Fronteira Incerta entre Greve e Locaute<\/strong>\n<ul>\n<li>Caio Tito de Souza<\/li>\n<\/ul>\n<\/li>\n<li><strong>Quando a democracia trope\u00e7a: o golpe jur\u00eddico-parlamentar de 2009 em Honduras e seus desdobramentos<\/strong>\n<ul>\n<li>Caio Menezes dos Santos<\/li>\n<\/ul>\n<\/li>\n<li><strong>Um nacionalismo transnacional? Estudo de caso da Nova Resist\u00eancia, organiza\u00e7\u00e3o neofascista brasileira<\/strong>\n<ul>\n<li>Ramiro Soares Valdez<\/li>\n<\/ul>\n<\/li>\n<\/ul>\n<p><strong>Sess\u00e3o de sexta-feira, 26\/09<\/strong><\/p>\n<ul>\n<li><strong>\u201cEntre identidade e ativismo: o movimento progressista evang\u00e9lico no Brasil<\/strong>\n<ul>\n<li>Murilo Lima Brum<\/li>\n<\/ul>\n<\/li>\n<li><strong>Ciclos de mobiliza\u00e7\u00e3o antig\u00eanero na Am\u00e9rica Latina (2010\u20132024): repert\u00f3rios, atores e disputas<\/strong>\n<ul>\n<li>Roberta do Pr\u00e1 Alano<\/li>\n<\/ul>\n<\/li>\n<li><strong>Caracteriza\u00e7\u00e3o do Movimento Negro na fronteira Brasil-Uruguai: os casos de Sant\u2019Ana do Livramento e Rivera<\/strong>\n<ul>\n<li>Vamberto F. Spinelli Junior<\/li>\n<\/ul>\n<\/li>\n<li><strong>Ciberativismo em Meio \u00e0 Persegui\u00e7\u00e3o Pol\u00edtica: Experi\u00eancias da Guin\u00e9-Bissau<\/strong>\n<ul>\n<li>Umaro Seidi<\/li>\n<\/ul>\n<\/li>\n<li><strong>Campanhas e Coaliz\u00f5es: movimentos sociais na reforma tribut\u00e1ria 2023-2024<\/strong>\n<ul>\n<li>Marcelo de Oliveira Dutra<\/li>\n<\/ul>\n<\/li>\n<\/ul>\n","protected":false},"excerpt":{"rendered":"<p>GT3 \u2013\u00a0Movimentos Sociais e protestos na Am\u00e9rica Latina: Disputas por poder e justi\u00e7a social Coordena\u00e7\u00e3o:\u00a0Carla Michele Rech (UFPel); Murilo Lima Brum (UFPel); Roberta do Pr\u00e1 Alano (UFPel). Descri\u00e7\u00e3o:\u00a0Este GT possui o objetivo de contribuir para o debate de pesquisas de tem\u00e1ticas que giram em torno das a\u00e7\u00f5es ligadas a movimentos sociais na Am\u00e9rica Latina. Busca-se [&hellip;]<\/p>\n","protected":false},"author":1472,"featured_media":0,"parent":46,"menu_order":3,"comment_status":"closed","ping_status":"closed","template":"","meta":{"_crdt_document":"","footnotes":""},"class_list":["post-301","page","type-page","status-publish","hentry"],"_links":{"self":[{"href":"https:\/\/wp.ufpel.edu.br\/9jornadabrasileiradesociologia\/wp-json\/wp\/v2\/pages\/301","targetHints":{"allow":["GET"]}}],"collection":[{"href":"https:\/\/wp.ufpel.edu.br\/9jornadabrasileiradesociologia\/wp-json\/wp\/v2\/pages"}],"about":[{"href":"https:\/\/wp.ufpel.edu.br\/9jornadabrasileiradesociologia\/wp-json\/wp\/v2\/types\/page"}],"author":[{"embeddable":true,"href":"https:\/\/wp.ufpel.edu.br\/9jornadabrasileiradesociologia\/wp-json\/wp\/v2\/users\/1472"}],"replies":[{"embeddable":true,"href":"https:\/\/wp.ufpel.edu.br\/9jornadabrasileiradesociologia\/wp-json\/wp\/v2\/comments?post=301"}],"version-history":[{"count":3,"href":"https:\/\/wp.ufpel.edu.br\/9jornadabrasileiradesociologia\/wp-json\/wp\/v2\/pages\/301\/revisions"}],"predecessor-version":[{"id":344,"href":"https:\/\/wp.ufpel.edu.br\/9jornadabrasileiradesociologia\/wp-json\/wp\/v2\/pages\/301\/revisions\/344"}],"up":[{"embeddable":true,"href":"https:\/\/wp.ufpel.edu.br\/9jornadabrasileiradesociologia\/wp-json\/wp\/v2\/pages\/46"}],"wp:attachment":[{"href":"https:\/\/wp.ufpel.edu.br\/9jornadabrasileiradesociologia\/wp-json\/wp\/v2\/media?parent=301"}],"curies":[{"name":"wp","href":"https:\/\/api.w.org\/{rel}","templated":true}]}}