{"id":258,"date":"2025-09-12T11:35:59","date_gmt":"2025-09-12T14:35:59","guid":{"rendered":"https:\/\/wp.ufpel.edu.br\/9jornadabrasileiradesociologia\/?page_id=258"},"modified":"2025-09-12T11:35:59","modified_gmt":"2025-09-12T14:35:59","slug":"inscricoes-para-minicursos","status":"publish","type":"page","link":"https:\/\/wp.ufpel.edu.br\/9jornadabrasileiradesociologia\/inscricoes\/inscricoes-para-minicursos\/","title":{"rendered":"Inscri\u00e7\u00f5es para minicursos"},"content":{"rendered":"<p><a href=\"https:\/\/docs.google.com\/forms\/d\/e\/1FAIpQLSeRP7V3Txw2t1QzHPwzfDpskZYgjsl1K60MqEVuQoJorK3NsA\/viewform\">Formul\u00e1rio de inscri\u00e7\u00e3o para minicursos.<\/a><\/p>\n","protected":false},"excerpt":{"rendered":"<p>Formul\u00e1rio de inscri\u00e7\u00e3o para minicursos.<\/p>\n","protected":false},"author":1472,"featured_media":0,"parent":12,"menu_order":90,"comment_status":"closed","ping_status":"closed","template":"","meta":{"_crdt_document":"","footnotes":""},"class_list":["post-258","page","type-page","status-publish","hentry"],"_links":{"self":[{"href":"https:\/\/wp.ufpel.edu.br\/9jornadabrasileiradesociologia\/wp-json\/wp\/v2\/pages\/258","targetHints":{"allow":["GET"]}}],"collection":[{"href":"https:\/\/wp.ufpel.edu.br\/9jornadabrasileiradesociologia\/wp-json\/wp\/v2\/pages"}],"about":[{"href":"https:\/\/wp.ufpel.edu.br\/9jornadabrasileiradesociologia\/wp-json\/wp\/v2\/types\/page"}],"author":[{"embeddable":true,"href":"https:\/\/wp.ufpel.edu.br\/9jornadabrasileiradesociologia\/wp-json\/wp\/v2\/users\/1472"}],"replies":[{"embeddable":true,"href":"https:\/\/wp.ufpel.edu.br\/9jornadabrasileiradesociologia\/wp-json\/wp\/v2\/comments?post=258"}],"version-history":[{"count":1,"href":"https:\/\/wp.ufpel.edu.br\/9jornadabrasileiradesociologia\/wp-json\/wp\/v2\/pages\/258\/revisions"}],"predecessor-version":[{"id":260,"href":"https:\/\/wp.ufpel.edu.br\/9jornadabrasileiradesociologia\/wp-json\/wp\/v2\/pages\/258\/revisions\/260"}],"up":[{"embeddable":true,"href":"https:\/\/wp.ufpel.edu.br\/9jornadabrasileiradesociologia\/wp-json\/wp\/v2\/pages\/12"}],"wp:attachment":[{"href":"https:\/\/wp.ufpel.edu.br\/9jornadabrasileiradesociologia\/wp-json\/wp\/v2\/media?parent=258"}],"curies":[{"name":"wp","href":"https:\/\/api.w.org\/{rel}","templated":true}]}}