{"id":12,"date":"2025-07-03T10:33:23","date_gmt":"2025-07-03T13:33:23","guid":{"rendered":"https:\/\/wp.ufpel.edu.br\/9jornadabrasileiradesociologia\/?page_id=12"},"modified":"2025-09-01T15:36:02","modified_gmt":"2025-09-01T18:36:02","slug":"inscricoes","status":"publish","type":"page","link":"https:\/\/wp.ufpel.edu.br\/9jornadabrasileiradesociologia\/inscricoes\/","title":{"rendered":"Inscri\u00e7\u00f5es"},"content":{"rendered":"<p><a href=\"https:\/\/linktr.ee\/jornadabrasileiradesociologia\">\ud83d\udd17 Clique aqui para acessar o linktree contendo todos os formul\u00e1rios de inscri\u00e7\u00e3o.<\/a><\/p>\n<blockquote class=\"wp-embedded-content\" data-secret=\"QW4lNLWhQe\"><p><a href=\"https:\/\/wp.ufpel.edu.br\/9jornadabrasileiradesociologia\/inscricoes\/inscricoes-para-ouvintes\/\">Inscri\u00e7\u00f5es para ouvintes<\/a><\/p><\/blockquote>\n<p><iframe class=\"wp-embedded-content\" sandbox=\"allow-scripts\" security=\"restricted\" style=\"position: absolute; visibility: hidden;\" title=\"&#8220;Inscri\u00e7\u00f5es para ouvintes&#8221; &#8212; IX Jornada Brasileira de Sociologia - 20 Anos de Sociologia: Transforma\u00e7\u00f5es em Foco\" src=\"https:\/\/wp.ufpel.edu.br\/9jornadabrasileiradesociologia\/inscricoes\/inscricoes-para-ouvintes\/embed\/#?secret=kVELgXRqot#?secret=QW4lNLWhQe\" data-secret=\"QW4lNLWhQe\" width=\"500\" height=\"282\" frameborder=\"0\" marginwidth=\"0\" marginheight=\"0\" scrolling=\"no\"><\/iframe><\/p>\n<blockquote class=\"wp-embedded-content\" data-secret=\"bZUoNwijdr\"><p><a href=\"https:\/\/wp.ufpel.edu.br\/9jornadabrasileiradesociologia\/inscricoes\/formularios-para-submissao-de-trabalhos-e-resumos\/\">Formul\u00e1rios para submiss\u00e3o de trabalhos e resumos<\/a><\/p><\/blockquote>\n<p><iframe class=\"wp-embedded-content\" sandbox=\"allow-scripts\" security=\"restricted\" style=\"position: absolute; visibility: hidden;\" title=\"&#8220;Formul\u00e1rios para submiss\u00e3o de trabalhos e resumos&#8221; &#8212; IX Jornada Brasileira de Sociologia - 20 Anos de Sociologia: Transforma\u00e7\u00f5es em Foco\" src=\"https:\/\/wp.ufpel.edu.br\/9jornadabrasileiradesociologia\/inscricoes\/formularios-para-submissao-de-trabalhos-e-resumos\/embed\/#?secret=6f4MmbNYkg#?secret=bZUoNwijdr\" data-secret=\"bZUoNwijdr\" width=\"500\" height=\"282\" frameborder=\"0\" marginwidth=\"0\" marginheight=\"0\" scrolling=\"no\"><\/iframe><\/p>\n","protected":false},"excerpt":{"rendered":"<p>\ud83d\udd17 Clique aqui para acessar o linktree contendo todos os formul\u00e1rios de inscri\u00e7\u00e3o. Inscri\u00e7\u00f5es para ouvintes Formul\u00e1rios para submiss\u00e3o de trabalhos e resumos<\/p>\n","protected":false},"author":1472,"featured_media":0,"parent":0,"menu_order":3,"comment_status":"closed","ping_status":"closed","template":"","meta":{"footnotes":""},"class_list":["post-12","page","type-page","status-publish","hentry"],"_links":{"self":[{"href":"https:\/\/wp.ufpel.edu.br\/9jornadabrasileiradesociologia\/wp-json\/wp\/v2\/pages\/12","targetHints":{"allow":["GET"]}}],"collection":[{"href":"https:\/\/wp.ufpel.edu.br\/9jornadabrasileiradesociologia\/wp-json\/wp\/v2\/pages"}],"about":[{"href":"https:\/\/wp.ufpel.edu.br\/9jornadabrasileiradesociologia\/wp-json\/wp\/v2\/types\/page"}],"author":[{"embeddable":true,"href":"https:\/\/wp.ufpel.edu.br\/9jornadabrasileiradesociologia\/wp-json\/wp\/v2\/users\/1472"}],"replies":[{"embeddable":true,"href":"https:\/\/wp.ufpel.edu.br\/9jornadabrasileiradesociologia\/wp-json\/wp\/v2\/comments?post=12"}],"version-history":[{"count":4,"href":"https:\/\/wp.ufpel.edu.br\/9jornadabrasileiradesociologia\/wp-json\/wp\/v2\/pages\/12\/revisions"}],"predecessor-version":[{"id":236,"href":"https:\/\/wp.ufpel.edu.br\/9jornadabrasileiradesociologia\/wp-json\/wp\/v2\/pages\/12\/revisions\/236"}],"wp:attachment":[{"href":"https:\/\/wp.ufpel.edu.br\/9jornadabrasileiradesociologia\/wp-json\/wp\/v2\/media?parent=12"}],"curies":[{"name":"wp","href":"https:\/\/api.w.org\/{rel}","templated":true}]}}