{"id":95,"date":"2014-06-03T16:57:40","date_gmt":"2014-06-03T19:57:40","guid":{"rendered":"https:\/\/wp.ufpel.edu.br\/45anos\/?page_id=95"},"modified":"2014-06-05T17:20:26","modified_gmt":"2014-06-05T20:20:26","slug":"antigacervejaria","status":"publish","type":"page","link":"https:\/\/wp.ufpel.edu.br\/45anos\/antigacervejaria\/","title":{"rendered":"Na antiga cervejaria a Cultura pede passagem"},"content":{"rendered":"<p><a href=\"https:\/\/wp.ufpel.edu.br\/45anos\/files\/2014\/06\/010-Mercosul-Multicultural.jpg\"><img loading=\"lazy\" decoding=\"async\" class=\"alignnone size-full wp-image-207\" src=\"https:\/\/wp.ufpel.edu.br\/45anos\/files\/2014\/06\/010-Mercosul-Multicultural.jpg\" alt=\"010 Mercosul Multicultural\" width=\"666\" height=\"442\" \/><\/a><\/p>\n<p>A sede da antiga Cervejaria Rio-Grandense, fundada em 1889 pelo capit\u00e3o Leopoldo Hartel, um imigrante alem\u00e3o da regi\u00e3o de S\u00e3o Leopoldo, e mais tarde adquirida pela Companhia Cervejaria Brahma para a instala\u00e7\u00e3o de uma filial e distribuidora, se manteve at\u00e9 1998. Mesmo com o desuso, a solidez da constru\u00e7\u00e3o venceu a a\u00e7\u00e3o dos v\u00e2ndalos.<\/p>\n<p>O pr\u00e9dio foi doado \u00e0 UFPel pela Prefeitura Municipal de Pelotas e sediar\u00e1 o Mercosul Multicultural, centro dotado de audit\u00f3rio, sala de concertos, teatro e express\u00f5es multiculturais. A iniciativa se insere nas a\u00e7\u00f5es que buscam a integra\u00e7\u00e3o e inser\u00e7\u00e3o internacional da Universidade, na convic\u00e7\u00e3o de que a cultura pode ser um fator de liga\u00e7\u00e3o entre os pa\u00edses do Mercosul.<\/p>\n<p><strong>Fotografia:<\/strong> Katia Helena Dias \u2013 CCS\/UFPEL<\/p>\n<p><a title=\"UFPel: Uma hist\u00f3ria escrita em tr\u00eas s\u00e9culos\" href=\"http:\/\/wp.me\/P4EPZO-h\"><strong>UFPel: Uma hist\u00f3ria escrita em tr\u00eas s\u00e9culos<\/strong><\/a><\/p>\n<p><a title=\"Resenha hist\u00f3rica\" href=\"http:\/\/wp.me\/P4EPZO-m\"><strong>Resenha hist\u00f3rica<\/strong><\/a><\/p>\n<p><a title=\"Contextualizando\" href=\"http:\/\/wp.me\/P4EPZO-p\"><strong>Contextualizando<\/strong><\/a><\/p>\n<p><a title=\"Estrutura\u00e7\u00e3o e desenvolvimento\" href=\"http:\/\/wp.me\/P4EPZO-1f\"><strong>Estrutura\u00e7\u00e3o e desenvolvimento<\/strong><\/a><\/p>\n<p><a title=\"A rela\u00e7\u00e3o com a comunidade e os desdobramentos pol\u00edticos\" href=\"http:\/\/wp.me\/P4EPZO-1i\"><strong>A rela\u00e7\u00e3o com a comunidade e os desdobramentos pol\u00edticos<\/strong><\/a><\/p>\n<p><a title=\"O processo de expans\u00e3o\" href=\"http:\/\/wp.me\/P4EPZO-1l\"><strong>O processo de expans\u00e3o<\/strong><\/a><\/p>\n<p><a title=\"Anglo: De frigor\u00edfico a principal campus\" href=\"http:\/\/wp.me\/P4EPZO-1o\"><strong>Anglo: De frigor\u00edfico a principal campus<\/strong><\/a><\/p>\n<p><a title=\"Cotada: De f\u00e1brica de massas a Centro de Engenharias\" href=\"http:\/\/wp.me\/P4EPZO-1r\"><strong>Cotada: De f\u00e1brica de massas a Centro de Engenharias <\/strong><\/a><\/p>\n<p><a title=\"Laneira: De manufatura de l\u00e3s a centro dedicado \u00e0 sa\u00fade\" href=\"http:\/\/wp.me\/P4EPZO-1u\"><strong>Laneira: De manufatura de l\u00e3s a centro dedicado \u00e0 sa\u00fade<\/strong><\/a><\/p>\n<p><a title=\"Casar\u00e3o 8: Suntuoso im\u00f3vel sediar\u00e1 museus\" href=\"http:\/\/wp.me\/P4EPZO-1A\"><strong>Casar\u00e3o 8: Suntuoso im\u00f3vel sediar\u00e1 museus<\/strong><\/a><\/p>\n<p><a title=\"Pr\u00e9dios contam a hist\u00f3ria\" href=\"http:\/\/wp.me\/P4EPZO-1D\"><strong>Pr\u00e9dios contam a hist\u00f3ria<\/strong><\/a><\/p>\n","protected":false},"excerpt":{"rendered":"<p>A sede da antiga Cervejaria Rio-Grandense, fundada em 1889 pelo capit\u00e3o Leopoldo Hartel, um imigrante alem\u00e3o da regi\u00e3o de S\u00e3o Leopoldo, e mais tarde adquirida pela Companhia Cervejaria Brahma para a instala\u00e7\u00e3o de uma filial e distribuidora, se manteve at\u00e9 1998. Mesmo com o desuso, a solidez da constru\u00e7\u00e3o venceu a a\u00e7\u00e3o dos v\u00e2ndalos. O &hellip; <a href=\"https:\/\/wp.ufpel.edu.br\/45anos\/antigacervejaria\/\" class=\"more-link\">Continue lendo <span class=\"screen-reader-text\">Na antiga cervejaria a Cultura pede passagem<\/span> <span class=\"meta-nav\">&rarr;<\/span><\/a><\/p>\n","protected":false},"author":394,"featured_media":0,"parent":0,"menu_order":0,"comment_status":"closed","ping_status":"closed","template":"","meta":{"jetpack_post_was_ever_published":false,"footnotes":""},"class_list":["post-95","page","type-page","status-publish","hentry"],"jetpack_sharing_enabled":true,"jetpack_shortlink":"https:\/\/wp.me\/P4EPZO-1x","_links":{"self":[{"href":"https:\/\/wp.ufpel.edu.br\/45anos\/wp-json\/wp\/v2\/pages\/95","targetHints":{"allow":["GET"]}}],"collection":[{"href":"https:\/\/wp.ufpel.edu.br\/45anos\/wp-json\/wp\/v2\/pages"}],"about":[{"href":"https:\/\/wp.ufpel.edu.br\/45anos\/wp-json\/wp\/v2\/types\/page"}],"author":[{"embeddable":true,"href":"https:\/\/wp.ufpel.edu.br\/45anos\/wp-json\/wp\/v2\/users\/394"}],"replies":[{"embeddable":true,"href":"https:\/\/wp.ufpel.edu.br\/45anos\/wp-json\/wp\/v2\/comments?post=95"}],"version-history":[{"count":7,"href":"https:\/\/wp.ufpel.edu.br\/45anos\/wp-json\/wp\/v2\/pages\/95\/revisions"}],"predecessor-version":[{"id":208,"href":"https:\/\/wp.ufpel.edu.br\/45anos\/wp-json\/wp\/v2\/pages\/95\/revisions\/208"}],"wp:attachment":[{"href":"https:\/\/wp.ufpel.edu.br\/45anos\/wp-json\/wp\/v2\/media?parent=95"}],"curies":[{"name":"wp","href":"https:\/\/api.w.org\/{rel}","templated":true}]}}