{"id":89,"date":"2014-06-03T16:56:11","date_gmt":"2014-06-03T19:56:11","guid":{"rendered":"https:\/\/wp.ufpel.edu.br\/45anos\/?page_id=89"},"modified":"2014-08-12T10:46:29","modified_gmt":"2014-08-12T13:46:29","slug":"cotada","status":"publish","type":"page","link":"https:\/\/wp.ufpel.edu.br\/45anos\/cotada\/","title":{"rendered":"Cotada: De f\u00e1brica de massas a Centro de Engenharias"},"content":{"rendered":"<p><a href=\"https:\/\/wp.ufpel.edu.br\/45anos\/files\/2014\/08\/08-Cotada.jpg\"><img loading=\"lazy\" decoding=\"async\" class=\"alignnone wp-image-261 size-full\" src=\"https:\/\/wp.ufpel.edu.br\/45anos\/files\/2014\/08\/08-Cotada.jpg\" alt=\"08 Cotada\" width=\"666\" height=\"442\" srcset=\"https:\/\/wp.ufpel.edu.br\/45anos\/files\/2014\/08\/08-Cotada.jpg 1631w, https:\/\/wp.ufpel.edu.br\/45anos\/files\/2014\/08\/08-Cotada-212x140.jpg 212w, https:\/\/wp.ufpel.edu.br\/45anos\/files\/2014\/08\/08-Cotada-424x280.jpg 424w\" sizes=\"auto, (max-width: 666px) 100vw, 666px\" \/><\/a><\/p>\n<p>At\u00e9 a d\u00e9cada de 1990, a grande estrutura localizada na esquina da rua Benjamin Constant e da pra\u00e7a Domingos Rodrigues, em Pelotas, servia para a fabrica\u00e7\u00e3o de massas e biscoitos. A partir da segunda d\u00e9cada dos anos 2000, ela ser\u00e1 espa\u00e7o para forma\u00e7\u00e3o intelectual, humana e profissional de diversos estudantes da UFPel. Em 2014, as instala\u00e7\u00f5es da antiga f\u00e1brica Cotada passam a integrar as \u00e1reas acad\u00eamicas da institui\u00e7\u00e3o, agregando \u00e0 infraestrutura da UFPel dois blocos, um de tr\u00eas e outro de seis andares.<\/p>\n<p>O pr\u00e9dio ser\u00e1 ocupado pelo Centro de Engenharias e pelo setor de TV do Centro de Educa\u00e7\u00e3o a Dist\u00e2ncia.<\/p>\n<p>A estrutura que est\u00e1 recebendo os retoques finais para a inaugura\u00e7\u00e3o impressiona pelo tamanho: a \u00e1rea total do pr\u00e9dio \u00e9 de cerca de 5,3 mil metros quadrados, superior ao pr\u00e9dio principal do Campus das Ci\u00eancias Sociais. Esse espa\u00e7o \u00e9 dividido nos dois pr\u00e9dios anexados que formam a edifica\u00e7\u00e3o.<\/p>\n<p>O pr\u00e9dio foi dotado de dois elevadores, corredores e paredes que permitem uma maior ilumina\u00e7\u00e3o e grandes espa\u00e7os para laborat\u00f3rios, como exigido pelas atividades das engenharias.<\/p>\n<p><strong>Fotografia:<\/strong>\u00a0Katia Helena Dias \u2013 CCS\/UFPEL<\/p>\n<p><a title=\"UFPel: Uma hist\u00f3ria escrita em tr\u00eas s\u00e9culos\" href=\"http:\/\/wp.me\/P4EPZO-h\"><strong>UFPel: Uma hist\u00f3ria escrita em tr\u00eas s\u00e9culos<\/strong><\/a><\/p>\n<p><a title=\"Resenha hist\u00f3rica\" href=\"http:\/\/wp.me\/P4EPZO-m\"><strong>Resenha hist\u00f3rica<\/strong><\/a><\/p>\n<p><a title=\"Contextualizando\" href=\"http:\/\/wp.me\/P4EPZO-p\"><strong>Contextualizando<\/strong><\/a><\/p>\n<p><a title=\"Estrutura\u00e7\u00e3o e desenvolvimento\" href=\"http:\/\/wp.me\/P4EPZO-1f\"><strong>Estrutura\u00e7\u00e3o e desenvolvimento<\/strong><\/a><\/p>\n<p><a title=\"A rela\u00e7\u00e3o com a comunidade e os desdobramentos pol\u00edticos\" href=\"http:\/\/wp.me\/P4EPZO-1i\"><strong>A rela\u00e7\u00e3o com a comunidade e os desdobramentos pol\u00edticos<\/strong><\/a><\/p>\n<p><a title=\"O processo de expans\u00e3o\" href=\"http:\/\/wp.me\/P4EPZO-1l\"><strong>O processo de expans\u00e3o<\/strong><\/a><\/p>\n<p><a title=\"Anglo: De frigor\u00edfico a principal campus\" href=\"http:\/\/wp.me\/P4EPZO-1o\"><strong>Anglo: De frigor\u00edfico a principal campus<\/strong><\/a><\/p>\n<p><a title=\"Laneira: De manufatura de l\u00e3s a centro dedicado \u00e0 sa\u00fade\" href=\"http:\/\/wp.me\/P4EPZO-1u\"><strong>Laneira: De manufatura de l\u00e3s a centro dedicado \u00e0 sa\u00fade<\/strong><\/a><\/p>\n<p><a title=\"Na antiga cervejaria a Cultura pede passagem\" href=\"http:\/\/wp.me\/P4EPZO-1x\"><strong>Na antiga cervejaria a Cultura pede passagem<\/strong><\/a><\/p>\n<p><a title=\"Casar\u00e3o 8: Suntuoso im\u00f3vel sediar\u00e1 museus\" href=\"http:\/\/wp.me\/P4EPZO-1A\"><strong>Casar\u00e3o 8: Suntuoso im\u00f3vel sediar\u00e1 museus<\/strong><\/a><\/p>\n<p><a title=\"Pr\u00e9dios contam a hist\u00f3ria\" href=\"http:\/\/wp.me\/P4EPZO-1D\"><strong>Pr\u00e9dios contam a hist\u00f3ria<\/strong><\/a><\/p>\n","protected":false},"excerpt":{"rendered":"<p>At\u00e9 a d\u00e9cada de 1990, a grande estrutura localizada na esquina da rua Benjamin Constant e da pra\u00e7a Domingos Rodrigues, em Pelotas, servia para a fabrica\u00e7\u00e3o de massas e biscoitos. A partir da segunda d\u00e9cada dos anos 2000, ela ser\u00e1 espa\u00e7o para forma\u00e7\u00e3o intelectual, humana e profissional de diversos estudantes da UFPel. Em 2014, as &hellip; <a href=\"https:\/\/wp.ufpel.edu.br\/45anos\/cotada\/\" class=\"more-link\">Continue lendo <span class=\"screen-reader-text\">Cotada: De f\u00e1brica de massas a Centro de Engenharias<\/span> <span class=\"meta-nav\">&rarr;<\/span><\/a><\/p>\n","protected":false},"author":394,"featured_media":0,"parent":0,"menu_order":0,"comment_status":"closed","ping_status":"closed","template":"","meta":{"jetpack_post_was_ever_published":false,"footnotes":""},"class_list":["post-89","page","type-page","status-publish","hentry"],"jetpack_sharing_enabled":true,"jetpack_shortlink":"https:\/\/wp.me\/P4EPZO-1r","_links":{"self":[{"href":"https:\/\/wp.ufpel.edu.br\/45anos\/wp-json\/wp\/v2\/pages\/89","targetHints":{"allow":["GET"]}}],"collection":[{"href":"https:\/\/wp.ufpel.edu.br\/45anos\/wp-json\/wp\/v2\/pages"}],"about":[{"href":"https:\/\/wp.ufpel.edu.br\/45anos\/wp-json\/wp\/v2\/types\/page"}],"author":[{"embeddable":true,"href":"https:\/\/wp.ufpel.edu.br\/45anos\/wp-json\/wp\/v2\/users\/394"}],"replies":[{"embeddable":true,"href":"https:\/\/wp.ufpel.edu.br\/45anos\/wp-json\/wp\/v2\/comments?post=89"}],"version-history":[{"count":11,"href":"https:\/\/wp.ufpel.edu.br\/45anos\/wp-json\/wp\/v2\/pages\/89\/revisions"}],"predecessor-version":[{"id":266,"href":"https:\/\/wp.ufpel.edu.br\/45anos\/wp-json\/wp\/v2\/pages\/89\/revisions\/266"}],"wp:attachment":[{"href":"https:\/\/wp.ufpel.edu.br\/45anos\/wp-json\/wp\/v2\/media?parent=89"}],"curies":[{"name":"wp","href":"https:\/\/api.w.org\/{rel}","templated":true}]}}