{"id":86,"date":"2014-06-03T16:55:56","date_gmt":"2014-06-03T19:55:56","guid":{"rendered":"https:\/\/wp.ufpel.edu.br\/45anos\/?page_id=86"},"modified":"2014-06-10T17:29:09","modified_gmt":"2014-06-10T20:29:09","slug":"anglo","status":"publish","type":"page","link":"https:\/\/wp.ufpel.edu.br\/45anos\/anglo\/","title":{"rendered":"Anglo: De frigor\u00edfico a principal campus"},"content":{"rendered":"<p><a href=\"https:\/\/wp.ufpel.edu.br\/45anos\/files\/2014\/06\/07-Campus-Anglo.jpg\"><img loading=\"lazy\" decoding=\"async\" class=\"alignnone size-full wp-image-211\" src=\"https:\/\/wp.ufpel.edu.br\/45anos\/files\/2014\/06\/07-Campus-Anglo.jpg\" alt=\"07 Campus Anglo\" width=\"666\" height=\"442\" \/><\/a><\/p>\n<p>A \u00e1rea que abriga hoje o novo Campus Porto da UFPel sediou, em 1908, a Charqueada de Brutus Almeida. Em 1916, sediou o primeiro frigor\u00edfico ga\u00facho: a Companhia Frigor\u00edfica Rio Grande, vendida, em 1924, para a firma inglesa Vestey Brothers.<\/p>\n<p>O local manteve-se desativado at\u00e9 1942, quando iniciaram as obras de constru\u00e7\u00e3o e adequa\u00e7\u00e3o do novo frigor\u00edfico, batizado com o nome de Frigor\u00edfico Anglo, finalmente inaugurado em 1943 ap\u00f3s meses de intenso trabalho. A planta industrial de Pelotas (havia outras unidades no Brasil e exterior) permitia o abate di\u00e1rio de mil bovinos, quinhentos su\u00ednos, quinhentos ovinos e mil aves. Em diversas ocasi\u00f5es foram produzidas conservas de legumes e frutas.<\/p>\n<p>Ao longo do tempo, em seus seis hectares de extens\u00e3o, pr\u00e9dios foram sendo modernizados, adaptados e constru\u00eddos para aperfei\u00e7oar ou implantar novos processamentos e produtos. Manteve-se assim at\u00e9 o seu fechamento no in\u00edcio da d\u00e9cada de 1990, quando o grupo empresarial ingl\u00eas, diversificando seus investimentos, vendeu todos os seus frigor\u00edficos na Am\u00e9rica do Sul.<\/p>\n<p>Entre 2005 e 2006, a UFPel recebeu em doa\u00e7\u00e3o da Funda\u00e7\u00e3o Simon Bol\u00edvar parte da \u00e1rea antes ocupada pelo complexo industrial. Intensas modifica\u00e7\u00f5es foram feitas para adaptar a antiga f\u00e1brica ao novo uso. No entanto, os s\u00f3lidos pr\u00e9dios mantiveram externamente a sua est\u00e9tica e ainda informam sobre a apar\u00eancia que tiveram no passado. Hoje, sede referencial da UFPel, a \u00e1rea destina-se a produzir \u201calimento para o esp\u00edrito\u201d. Depois de receber a Reitoria, em 2009, a \u00e1rea do antigo frigor\u00edfico come\u00e7ou a receber os primeiros cursos nos semestres seguintes e hoje abriga 3.695<span style=\"color: #ff0000\">\u00a0<\/span>estudantes, distribu\u00eddos em 27\u00a0cursos.<\/p>\n<p><strong>Fotografia:<\/strong>\u00a0Katia Helena Dias \u2013 CCS\/UFPEL<\/p>\n<p><a title=\"UFPel: Uma hist\u00f3ria escrita em tr\u00eas s\u00e9culos\" href=\"http:\/\/wp.me\/P4EPZO-h\"><strong>UFPel: Uma hist\u00f3ria escrita em tr\u00eas s\u00e9culos<\/strong><\/a><\/p>\n<p><a title=\"Resenha hist\u00f3rica\" href=\"http:\/\/wp.me\/P4EPZO-m\"><strong>Resenha hist\u00f3rica<\/strong><\/a><\/p>\n<p><a title=\"Contextualizando\" href=\"http:\/\/wp.me\/P4EPZO-p\"><strong>Contextualizando<\/strong><\/a><\/p>\n<p><a title=\"Estrutura\u00e7\u00e3o e desenvolvimento\" href=\"http:\/\/wp.me\/P4EPZO-1f\"><strong>Estrutura\u00e7\u00e3o e desenvolvimento<\/strong><\/a><\/p>\n<p><a title=\"A rela\u00e7\u00e3o com a comunidade e os desdobramentos pol\u00edticos\" href=\"http:\/\/wp.me\/P4EPZO-1i\"><strong>A rela\u00e7\u00e3o com a comunidade e os desdobramentos pol\u00edticos<\/strong><\/a><\/p>\n<p><a title=\"O processo de expans\u00e3o\" href=\"http:\/\/wp.me\/P4EPZO-1l\"><strong>O processo de expans\u00e3o<\/strong><\/a><\/p>\n<p><a title=\"Cotada: De f\u00e1brica de massas a Centro de Engenharias\" href=\"http:\/\/wp.me\/P4EPZO-1r\"><strong>Cotada: De f\u00e1brica de massas a Centro de Engenharias <\/strong><\/a><\/p>\n<p><a title=\"Laneira: De manufatura de l\u00e3s a centro dedicado \u00e0 sa\u00fade\" href=\"http:\/\/wp.me\/P4EPZO-1u\"><strong>Laneira: De manufatura de l\u00e3s a centro dedicado \u00e0 sa\u00fade<\/strong><\/a><\/p>\n<p><a title=\"Na antiga cervejaria a Cultura pede passagem\" href=\"http:\/\/wp.me\/P4EPZO-1x\"><strong>Na antiga cervejaria a Cultura pede passagem<\/strong><\/a><\/p>\n<p><a title=\"Casar\u00e3o 8: Suntuoso im\u00f3vel sediar\u00e1 museus\" href=\"http:\/\/wp.me\/P4EPZO-1A\"><strong>Casar\u00e3o 8: Suntuoso im\u00f3vel sediar\u00e1 museus<\/strong><\/a><\/p>\n<p><a title=\"Pr\u00e9dios contam a hist\u00f3ria\" href=\"http:\/\/wp.me\/P4EPZO-1D\"><strong>Pr\u00e9dios contam a hist\u00f3ria<\/strong><\/a><\/p>\n","protected":false},"excerpt":{"rendered":"<p>A \u00e1rea que abriga hoje o novo Campus Porto da UFPel sediou, em 1908, a Charqueada de Brutus Almeida. Em 1916, sediou o primeiro frigor\u00edfico ga\u00facho: a Companhia Frigor\u00edfica Rio Grande, vendida, em 1924, para a firma inglesa Vestey Brothers. O local manteve-se desativado at\u00e9 1942, quando iniciaram as obras de constru\u00e7\u00e3o e adequa\u00e7\u00e3o do &hellip; <a href=\"https:\/\/wp.ufpel.edu.br\/45anos\/anglo\/\" class=\"more-link\">Continue lendo <span class=\"screen-reader-text\">Anglo: De frigor\u00edfico a principal campus<\/span> <span class=\"meta-nav\">&rarr;<\/span><\/a><\/p>\n","protected":false},"author":394,"featured_media":0,"parent":0,"menu_order":0,"comment_status":"closed","ping_status":"closed","template":"","meta":{"jetpack_post_was_ever_published":false,"footnotes":""},"class_list":["post-86","page","type-page","status-publish","hentry"],"jetpack_sharing_enabled":true,"jetpack_shortlink":"https:\/\/wp.me\/P4EPZO-1o","_links":{"self":[{"href":"https:\/\/wp.ufpel.edu.br\/45anos\/wp-json\/wp\/v2\/pages\/86","targetHints":{"allow":["GET"]}}],"collection":[{"href":"https:\/\/wp.ufpel.edu.br\/45anos\/wp-json\/wp\/v2\/pages"}],"about":[{"href":"https:\/\/wp.ufpel.edu.br\/45anos\/wp-json\/wp\/v2\/types\/page"}],"author":[{"embeddable":true,"href":"https:\/\/wp.ufpel.edu.br\/45anos\/wp-json\/wp\/v2\/users\/394"}],"replies":[{"embeddable":true,"href":"https:\/\/wp.ufpel.edu.br\/45anos\/wp-json\/wp\/v2\/comments?post=86"}],"version-history":[{"count":11,"href":"https:\/\/wp.ufpel.edu.br\/45anos\/wp-json\/wp\/v2\/pages\/86\/revisions"}],"predecessor-version":[{"id":234,"href":"https:\/\/wp.ufpel.edu.br\/45anos\/wp-json\/wp\/v2\/pages\/86\/revisions\/234"}],"wp:attachment":[{"href":"https:\/\/wp.ufpel.edu.br\/45anos\/wp-json\/wp\/v2\/media?parent=86"}],"curies":[{"name":"wp","href":"https:\/\/api.w.org\/{rel}","templated":true}]}}