{"id":83,"date":"2014-06-03T16:54:37","date_gmt":"2014-06-03T19:54:37","guid":{"rendered":"https:\/\/wp.ufpel.edu.br\/45anos\/?page_id=83"},"modified":"2014-06-10T17:28:25","modified_gmt":"2014-06-10T20:28:25","slug":"expansao","status":"publish","type":"page","link":"https:\/\/wp.ufpel.edu.br\/45anos\/expansao\/","title":{"rendered":"O processo de expans\u00e3o"},"content":{"rendered":"<p>Depois de d\u00e9cadas caracterizadas por um crescimento permanente, por\u00e9m cadenciado, a Universidade experimentou, nos \u00faltimos anos, uma expans\u00e3o sem precedentes, deflagrada a partir de sua ades\u00e3o ao Programa de Apoio ao Plano de Reestrutura\u00e7\u00e3o e Expans\u00e3o das Universidades Federais (Reuni). O n\u00famero de cursos saltou de 58 para mais de cem, enquanto o n\u00famero de estudantes cresceu de cerca de oito mil para quase vinte mil.<\/p>\n<p>O fim do concurso Vestibular e a consequente ades\u00e3o ao Sistema de Sele\u00e7\u00e3o Unificada (SiSu) do Minist\u00e9rio da Educa\u00e7\u00e3o, deu \u00e0 comunidade discente da UFPel uma nova configura\u00e7\u00e3o: a multiplicidade de sotaques, origens e caracter\u00edsticas culturais, uma vez que os novos estudantes s\u00e3o oriundos de quase todos os estados da Federa\u00e7\u00e3o e, ao ingressarem na Universidade, trazem consigo as influ\u00eancias regionais.<\/p>\n<p>Para fazer frente \u00e0 nova configura\u00e7\u00e3o acad\u00eamica da institui\u00e7\u00e3o, tornou-se necess\u00e1rio expandir a \u00e1rea f\u00edsica. \u00c1reas antes ocupadas por iniciativas do segmento empresarial, que no passado ditaram o desenvolvimento econ\u00f4mico do munic\u00edpio, mas que sucumbiram diante de sucessivas crises, foram adquiridas e come\u00e7am a ganhar vida, agora destinadas \u00e0 Academia.<\/p>\n<p><a title=\"UFPel: Uma hist\u00f3ria escrita em tr\u00eas s\u00e9culos\" href=\"http:\/\/wp.me\/P4EPZO-h\"><strong>UFPel: Uma hist\u00f3ria escrita em tr\u00eas s\u00e9culos<\/strong><\/a><\/p>\n<p><a title=\"Resenha hist\u00f3rica\" href=\"http:\/\/wp.me\/P4EPZO-m\"><strong>Resenha hist\u00f3rica<\/strong><\/a><\/p>\n<p><a title=\"Contextualizando\" href=\"http:\/\/wp.me\/P4EPZO-p\"><strong>Contextualizando<\/strong><\/a><\/p>\n<p><a title=\"Estrutura\u00e7\u00e3o e desenvolvimento\" href=\"http:\/\/wp.me\/P4EPZO-1f\"><strong>Estrutura\u00e7\u00e3o e desenvolvimento<\/strong><\/a><\/p>\n<p><a title=\"A rela\u00e7\u00e3o com a comunidade e os desdobramentos pol\u00edticos\" href=\"http:\/\/wp.me\/P4EPZO-1i\"><strong>A rela\u00e7\u00e3o com a comunidade e os desdobramentos pol\u00edticos<\/strong><\/a><\/p>\n<p><a title=\"Anglo: De frigor\u00edfico a principal campus\" href=\"http:\/\/wp.me\/P4EPZO-1o\"><strong>Anglo: De frigor\u00edfico a principal campus<\/strong><\/a><\/p>\n<p><a title=\"Cotada: De f\u00e1brica de massas a Centro de Engenharias\" href=\"http:\/\/wp.me\/P4EPZO-1r\"><strong>Cotada: De f\u00e1brica de massas a Centro de Engenharias <\/strong><\/a><\/p>\n<p><a title=\"Laneira: De manufatura de l\u00e3s a centro dedicado \u00e0 sa\u00fade\" href=\"http:\/\/wp.me\/P4EPZO-1u\"><strong>Laneira: De manufatura de l\u00e3s a centro dedicado \u00e0 sa\u00fade<\/strong><\/a><\/p>\n<p><a title=\"Na antiga cervejaria a Cultura pede passagem\" href=\"http:\/\/wp.me\/P4EPZO-1x\"><strong>Na antiga cervejaria a Cultura pede passagem<\/strong><\/a><\/p>\n<p><a title=\"Casar\u00e3o 8: Suntuoso im\u00f3vel sediar\u00e1 museus\" href=\"http:\/\/wp.me\/P4EPZO-1A\"><strong>Casar\u00e3o 8: Suntuoso im\u00f3vel sediar\u00e1 museus<\/strong><\/a><\/p>\n<p><a title=\"Pr\u00e9dios contam a hist\u00f3ria\" href=\"http:\/\/wp.me\/P4EPZO-1D\"><strong>Pr\u00e9dios contam a hist\u00f3ria<\/strong><\/a><\/p>\n","protected":false},"excerpt":{"rendered":"<p>Depois de d\u00e9cadas caracterizadas por um crescimento permanente, por\u00e9m cadenciado, a Universidade experimentou, nos \u00faltimos anos, uma expans\u00e3o sem precedentes, deflagrada a partir de sua ades\u00e3o ao Programa de Apoio ao Plano de Reestrutura\u00e7\u00e3o e Expans\u00e3o das Universidades Federais (Reuni). O n\u00famero de cursos saltou de 58 para mais de cem, enquanto o n\u00famero de &hellip; <a href=\"https:\/\/wp.ufpel.edu.br\/45anos\/expansao\/\" class=\"more-link\">Continue lendo <span class=\"screen-reader-text\">O processo de expans\u00e3o<\/span> <span class=\"meta-nav\">&rarr;<\/span><\/a><\/p>\n","protected":false},"author":394,"featured_media":0,"parent":0,"menu_order":0,"comment_status":"closed","ping_status":"closed","template":"","meta":{"jetpack_post_was_ever_published":false,"footnotes":""},"class_list":["post-83","page","type-page","status-publish","hentry"],"jetpack_sharing_enabled":true,"jetpack_shortlink":"https:\/\/wp.me\/P4EPZO-1l","_links":{"self":[{"href":"https:\/\/wp.ufpel.edu.br\/45anos\/wp-json\/wp\/v2\/pages\/83","targetHints":{"allow":["GET"]}}],"collection":[{"href":"https:\/\/wp.ufpel.edu.br\/45anos\/wp-json\/wp\/v2\/pages"}],"about":[{"href":"https:\/\/wp.ufpel.edu.br\/45anos\/wp-json\/wp\/v2\/types\/page"}],"author":[{"embeddable":true,"href":"https:\/\/wp.ufpel.edu.br\/45anos\/wp-json\/wp\/v2\/users\/394"}],"replies":[{"embeddable":true,"href":"https:\/\/wp.ufpel.edu.br\/45anos\/wp-json\/wp\/v2\/comments?post=83"}],"version-history":[{"count":8,"href":"https:\/\/wp.ufpel.edu.br\/45anos\/wp-json\/wp\/v2\/pages\/83\/revisions"}],"predecessor-version":[{"id":233,"href":"https:\/\/wp.ufpel.edu.br\/45anos\/wp-json\/wp\/v2\/pages\/83\/revisions\/233"}],"wp:attachment":[{"href":"https:\/\/wp.ufpel.edu.br\/45anos\/wp-json\/wp\/v2\/media?parent=83"}],"curies":[{"name":"wp","href":"https:\/\/api.w.org\/{rel}","templated":true}]}}