{"id":22,"date":"2014-05-22T15:10:16","date_gmt":"2014-05-22T18:10:16","guid":{"rendered":"https:\/\/wp.ufpel.edu.br\/45anos\/?page_id=22"},"modified":"2014-06-10T17:27:18","modified_gmt":"2014-06-10T20:27:18","slug":"resenha","status":"publish","type":"page","link":"https:\/\/wp.ufpel.edu.br\/45anos\/resenha\/","title":{"rendered":"Resenha hist\u00f3rica"},"content":{"rendered":"<p>A hist\u00f3ria da UFPel remonta \u00e0 Universidade Rural do Sul (URS), cujo surgimento, em 1960, resultou de esfor\u00e7os movidos por professores da Escola de Agronomia Eliseu Maciel, que desde 1957 lutavam por sua cria\u00e7\u00e3o.<\/p>\n<p>O decreto que criava a Universidade Rural do Sul, vinculada ao Minist\u00e9rio da Agricultura, era composto pela centen\u00e1ria Escola de Agronomia Eliseu Maciel, Escola Superior de Ci\u00eancias Dom\u00e9sticas, Escola de Veterin\u00e1ria, Escola de P\u00f3s-Gradua\u00e7\u00e3o e pelo Centro de Treinamento e Informa\u00e7\u00e3o (Cetreisul), considerado uma unidade acad\u00eamica.<\/p>\n<p>Em 1967, o decreto n\u00ba 60.731 federaliza a Universidade Rural do Sul, sendo transferida para o Minist\u00e9rio da Educa\u00e7\u00e3o e Cultura, passando a denominar-se Universidade Federal Rural do Rio Grande do Sul (UFRRS), e as unidades passam de cursos a faculdades.<\/p>\n<p>Em 1968, foi criada uma comiss\u00e3o composta por professores e acad\u00eamicos, destinada a estudar e propor a reestrutura\u00e7\u00e3o da universidade.<\/p>\n<p>Assim, em 8 de agosto de 1969, o Presidente da Rep\u00fablica assinou decreto que transformou a Universidade Federal Rural do Rio Grande do Sul, em Universidade Federal de Pelotas (UFPel), composta pelas Faculdade de Agronomia Eliseu Maciel, Faculdade de Veterin\u00e1ria, Faculdade de Ci\u00eancias Dom\u00e9sticas, Faculdade de Direito (fundada em 1912), Faculdade de Odontologia (1911) \u2013 as duas \u00faltimas pertencentes \u00e0 Universidade Federal do Rio Grande do Sul, e o Instituto de Sociologia e Pol\u00edtica (ISP), fundado em 1958. E outras institui\u00e7\u00f5es particulares que existiam em Pelotas foram agregadas \u00e0 UFPel, como o Conservat\u00f3rio de M\u00fasica de Pelotas, a Escola de Belas Artes Dona Carmen Tr\u00e1paga Sim\u00f5es e o Curso de Medicina do Instituto Pr\u00f3-Ensino Superior no Sul do Estado (Ipesse). E, no mesmo ano, o Conjunto Agrot\u00e9cnico Visconde da Gra\u00e7a (CAVG), tamb\u00e9m passou a fazer parte da UFPel.<\/p>\n<p>De sua parte, a Faculdade de Ci\u00eancias Dom\u00e9sticas deu origem a outras unidades, como a Faculdade de Educa\u00e7\u00e3o, o Curso de Qu\u00edmica de Alimentos e a Faculdade de Administra\u00e7\u00e3o e de Turismo. Foi respons\u00e1vel tamb\u00e9m pela cria\u00e7\u00e3o do Servi\u00e7o de Informa\u00e7\u00e3o e Orienta\u00e7\u00e3o ao Consumidor (Siocon), que atuou durante 18 anos em Pelotas, na educa\u00e7\u00e3o e defesa do consumidor. O objeto de estudo da Faculdade de Ci\u00eancias Dom\u00e9sticas sempre foi a fam\u00edlia, principalmente a de baixa renda. Formava profissionais bachar\u00e9is e licenciados para ensino de 1\u00ba e 2\u00ba graus. Teve seu \u00faltimo vestibular em 1997. Suas mem\u00f3rias fazem parte das ra\u00edzes da UFPel.<\/p>\n<p>A Universidade Federal de Pelotas teve como primeiro reitor o professor Delfim Mendes Silveira, diretor da Faculdade de Direito, o qual administrou a Universidade at\u00e9 1977. Em sua gest\u00e3o a UFPel expandiu-se, tanto em n\u00famero de cursos quanto de alunos, estruturando-se como universidade e construindo o seu campus nas instala\u00e7\u00f5es da antiga UFRRS, junto \u00e0 Faculdade de Agronomia.<\/p>\n<p>Na sequ\u00eancia, ocuparam o cargo de reitor os professores Ibsen Wetzel Stephan(1977-1981), Jos\u00e9 Em\u00edlio Gon\u00e7alves Ara\u00fajo(1982-1984), Ruy Brasil Barbedo Antunes(1984-1988), Am\u00edlcar Goyhenex Gigante(1989-1993), Antonio Cesar Gon\u00e7alves Borges(1993-1997), Inguelore Scheunemann de Souza(1997-out\/2004), Andr\u00e9 Luiz Haack(dez\/2004 a janeiro\/2005 \u2013 pro tempore), Antonio Cesar Gon\u00e7alves Borges(2005-2009 e 2009-2013) e Mauro Augusto Burkert Del Pino (atual).<\/p>\n<p>Como vice-reitores, figuram os nomes dos professores Renato Rodrigues Peixoto, Alexandre Val\u00e9rio da Cunha, Guido Kaster, Clin\u00e9a Campos Langlois, L\u00e9o Zilberknop, Paulo Eduardo Brenner Soares, Luiz Henrique Schuch, Daniel de Souza Soares Rassier, Jos\u00e9 Carlos da Silveira Os\u00f3rio, Jorge Luiz Nedel, Andr\u00e9 Luiz Haack, Telmo Pagana Xavier, Manoel Luiz Brenner de Moraes, Carlos Rog\u00e9rio Mauch e Denise Gigante (atual).<\/p>\n<p>A administra\u00e7\u00e3o superior da UFPel comp\u00f5e-se do Conselho Diretor da Funda\u00e7\u00e3o(Condir); Conselho Universit\u00e1rio(Consun); Conselho Coordenador do Ensino, da Pesquisa e Extens\u00e3o(Cocepe); e Reitoria.<\/p>\n<p><a title=\"UFPel: Uma hist\u00f3ria escrita em tr\u00eas s\u00e9culos\" href=\"http:\/\/wp.me\/P4EPZO-h\"><strong>UFPel: Uma hist\u00f3ria escrita em tr\u00eas s\u00e9culos<\/strong><\/a><\/p>\n<p><a title=\"Contextualizando\" href=\"http:\/\/wp.me\/P4EPZO-p\"><strong>Contextualizando<\/strong><\/a><\/p>\n<p><a title=\"Estrutura\u00e7\u00e3o e desenvolvimento\" href=\"http:\/\/wp.me\/P4EPZO-1f\"><strong>Estrutura\u00e7\u00e3o e desenvolvimento<\/strong><\/a><\/p>\n<p><a title=\"A rela\u00e7\u00e3o com a comunidade e os desdobramentos pol\u00edticos\" href=\"http:\/\/wp.me\/P4EPZO-1i\"><strong>A rela\u00e7\u00e3o com a comunidade e os desdobramentos pol\u00edticos<\/strong><\/a><\/p>\n<p><a title=\"O processo de expans\u00e3o\" href=\"http:\/\/wp.me\/P4EPZO-1l\"><strong>O processo de expans\u00e3o<\/strong><\/a><\/p>\n<p><a title=\"Anglo: De frigor\u00edfico a principal campus\" href=\"http:\/\/wp.me\/P4EPZO-1o\"><strong>Anglo: De frigor\u00edfico a principal campus<\/strong><\/a><\/p>\n<p><a title=\"Cotada: De f\u00e1brica de massas a Centro de Engenharias\" href=\"http:\/\/wp.me\/P4EPZO-1r\"><strong>Cotada: De f\u00e1brica de massas a Centro de Engenharias <\/strong><\/a><\/p>\n<p><a title=\"Laneira: De manufatura de l\u00e3s a centro dedicado \u00e0 sa\u00fade\" href=\"http:\/\/wp.me\/P4EPZO-1u\"><strong>Laneira: De manufatura de l\u00e3s a centro dedicado \u00e0 sa\u00fade<\/strong><\/a><\/p>\n<p><a title=\"Na antiga cervejaria a Cultura pede passagem\" href=\"http:\/\/wp.me\/P4EPZO-1x\"><strong>Na antiga cervejaria a Cultura pede passagem<\/strong><\/a><\/p>\n<p><a title=\"Casar\u00e3o 8: Suntuoso im\u00f3vel sediar\u00e1 museus\" href=\"http:\/\/wp.me\/P4EPZO-1A\"><strong>Casar\u00e3o 8: Suntuoso im\u00f3vel sediar\u00e1 museus<\/strong><\/a><\/p>\n<p><a title=\"Pr\u00e9dios contam a hist\u00f3ria\" href=\"http:\/\/wp.me\/P4EPZO-1D\"><strong>Pr\u00e9dios contam a hist\u00f3ria<\/strong><\/a><\/p>\n","protected":false},"excerpt":{"rendered":"<p>A hist\u00f3ria da UFPel remonta \u00e0 Universidade Rural do Sul (URS), cujo surgimento, em 1960, resultou de esfor\u00e7os movidos por professores da Escola de Agronomia Eliseu Maciel, que desde 1957 lutavam por sua cria\u00e7\u00e3o. O decreto que criava a Universidade Rural do Sul, vinculada ao Minist\u00e9rio da Agricultura, era composto pela centen\u00e1ria Escola de Agronomia &hellip; <a href=\"https:\/\/wp.ufpel.edu.br\/45anos\/resenha\/\" class=\"more-link\">Continue lendo <span class=\"screen-reader-text\">Resenha hist\u00f3rica<\/span> <span class=\"meta-nav\">&rarr;<\/span><\/a><\/p>\n","protected":false},"author":394,"featured_media":0,"parent":0,"menu_order":0,"comment_status":"closed","ping_status":"closed","template":"","meta":{"jetpack_post_was_ever_published":false,"footnotes":""},"class_list":["post-22","page","type-page","status-publish","hentry"],"jetpack_sharing_enabled":true,"jetpack_shortlink":"https:\/\/wp.me\/P4EPZO-m","_links":{"self":[{"href":"https:\/\/wp.ufpel.edu.br\/45anos\/wp-json\/wp\/v2\/pages\/22","targetHints":{"allow":["GET"]}}],"collection":[{"href":"https:\/\/wp.ufpel.edu.br\/45anos\/wp-json\/wp\/v2\/pages"}],"about":[{"href":"https:\/\/wp.ufpel.edu.br\/45anos\/wp-json\/wp\/v2\/types\/page"}],"author":[{"embeddable":true,"href":"https:\/\/wp.ufpel.edu.br\/45anos\/wp-json\/wp\/v2\/users\/394"}],"replies":[{"embeddable":true,"href":"https:\/\/wp.ufpel.edu.br\/45anos\/wp-json\/wp\/v2\/comments?post=22"}],"version-history":[{"count":7,"href":"https:\/\/wp.ufpel.edu.br\/45anos\/wp-json\/wp\/v2\/pages\/22\/revisions"}],"predecessor-version":[{"id":232,"href":"https:\/\/wp.ufpel.edu.br\/45anos\/wp-json\/wp\/v2\/pages\/22\/revisions\/232"}],"wp:attachment":[{"href":"https:\/\/wp.ufpel.edu.br\/45anos\/wp-json\/wp\/v2\/media?parent=22"}],"curies":[{"name":"wp","href":"https:\/\/api.w.org\/{rel}","templated":true}]}}