{"id":14,"date":"2014-05-22T15:01:55","date_gmt":"2014-05-22T18:01:55","guid":{"rendered":"https:\/\/wp.ufpel.edu.br\/45anos\/?page_id=14"},"modified":"2014-08-07T13:51:37","modified_gmt":"2014-08-07T16:51:37","slug":"programacao","status":"publish","type":"page","link":"https:\/\/wp.ufpel.edu.br\/45anos\/programacao\/","title":{"rendered":"Programa\u00e7\u00e3o"},"content":{"rendered":"<p><strong>Uma programa\u00e7\u00e3o, a ser desenvolvida at\u00e9 o fim do ano e que come\u00e7a nesta sexta-feira(8) com almo\u00e7o festivo no CTG Thomaz Luiz Os\u00f3rio, ao meio-dia, marca os 45 anos da UFPel. Confira:<\/strong><\/p>\n<table>\n<tbody>\n<tr>\n<td style=\"width: 80px;text-align: center\" colspan=\"2\" bgcolor=\"ebebeb\"><strong>\u00a0\u00a0Agosto<\/strong><\/td>\n<\/tr>\n<tr>\n<td style=\"width: 80px;text-align: center\">\u00a0<strong>08\/08<\/strong><\/td>\n<td>\u00a0Almo\u00e7o Comemorativo<\/td>\n<\/tr>\n<tr>\n<td style=\"width: 80px;text-align: center\"><strong>18\/08<\/strong><\/td>\n<td>\u00a0Recep\u00e7\u00e3o dos alunos pelos Colegiados de Curso<\/td>\n<\/tr>\n<tr>\n<td style=\"width: 80px;text-align: center\"><strong>26 e 27\/08<\/strong><\/td>\n<td>\u00a0II Semin\u00e1rio Internacional Imagens da Justi\u00e7a, Curr\u00edculo e Educa\u00e7\u00e3o Jur\u00eddica<\/td>\n<\/tr>\n<tr>\n<td style=\"width: 80px;text-align: center\"><strong>\u00a0<strong>29\/08<\/strong><\/strong><\/td>\n<td>\u00a0Calourada dos 45 Anos<\/td>\n<\/tr>\n<tr>\n<td style=\"width: 80px;text-align: center\" colspan=\"2\" bgcolor=\"ebebeb\"><strong>Setembro<\/strong><\/td>\n<\/tr>\n<tr>\n<td style=\"width: 80px;text-align: center\"><\/td>\n<td>\u00a0<span style=\"color: #222222\">Congresso de Inicia\u00e7\u00e3o Cient\u00edfica<br \/>\n<\/span>\u00a0Encontro da P\u00f3s-Gradua\u00e7\u00e3o<br \/>\nCongresso de Extens\u00e3o e Cultura<\/td>\n<\/tr>\n<tr>\n<td style=\"width: 80px;text-align: center\" colspan=\"2\" bgcolor=\"ebebeb\"><strong>Outubro<\/strong><\/td>\n<\/tr>\n<tr>\n<td style=\"width: 80px;text-align: center\">\u00a0<strong>01 a 31\/10<\/strong><\/td>\n<td>\u00a0Outubro Rosa<br \/>\nM\u00eas de combate ao C\u00e2ncer de Mama<br \/>\nIlumina\u00e7\u00e3o dos pr\u00e9dios da universidade<\/td>\n<\/tr>\n<tr>\n<td style=\"width: 80px;text-align: center\"><\/td>\n<td>\u00a0Semin\u00e1rio de desenvolvimento de Pessoas<\/td>\n<\/tr>\n<tr>\n<td style=\"width: 80px;text-align: center\"><\/td>\n<td>\u00a0<span style=\"color: #222222\">Festival Vox Humana de Corais<\/span><\/td>\n<\/tr>\n<tr>\n<td style=\"width: 80px;text-align: center\" colspan=\"2\" bgcolor=\"ebebeb\"><strong>Novembro<\/strong><\/td>\n<\/tr>\n<tr>\n<td style=\"width: 80px;text-align: center\"><strong>01 a 30\/11<\/strong><\/td>\n<td>\u00a0Novembro Azul<br \/>\nM\u00eas de combate aos C\u00e2ncer de Pr\u00f3stata<br \/>\nIlumina\u00e7\u00e3o dos pr\u00e9dios da universidade<\/td>\n<\/tr>\n<tr>\n<td style=\"width: 80px;text-align: center\"><\/td>\n<td>\u00a0Festival Vox Humana de Corais<\/td>\n<\/tr>\n<tr>\n<td style=\"width: 80px;text-align: center\" colspan=\"2\" bgcolor=\"ebebeb\"><strong>Dezembro<\/strong><\/td>\n<\/tr>\n<tr>\n<td style=\"width: 80px;text-align: center\"><\/td>\n<td>\u00a0Concerto de Natal<\/td>\n<\/tr>\n<\/tbody>\n<\/table>\n<p>&nbsp;<\/p>\n","protected":false},"excerpt":{"rendered":"<p>Uma programa\u00e7\u00e3o, a ser desenvolvida at\u00e9 o fim do ano e que come\u00e7a nesta sexta-feira(8) com almo\u00e7o festivo no CTG Thomaz Luiz Os\u00f3rio, ao meio-dia, marca os 45 anos da UFPel. Confira: \u00a0\u00a0Agosto \u00a008\/08 \u00a0Almo\u00e7o Comemorativo 18\/08 \u00a0Recep\u00e7\u00e3o dos alunos pelos Colegiados de Curso 26 e 27\/08 \u00a0II Semin\u00e1rio Internacional Imagens da Justi\u00e7a, Curr\u00edculo e &hellip; <a href=\"https:\/\/wp.ufpel.edu.br\/45anos\/programacao\/\" class=\"more-link\">Continue lendo <span class=\"screen-reader-text\">Programa\u00e7\u00e3o<\/span> <span class=\"meta-nav\">&rarr;<\/span><\/a><\/p>\n","protected":false},"author":394,"featured_media":0,"parent":0,"menu_order":0,"comment_status":"closed","ping_status":"closed","template":"","meta":{"jetpack_post_was_ever_published":false,"footnotes":""},"class_list":["post-14","page","type-page","status-publish","hentry"],"jetpack_sharing_enabled":true,"jetpack_shortlink":"https:\/\/wp.me\/P4EPZO-e","_links":{"self":[{"href":"https:\/\/wp.ufpel.edu.br\/45anos\/wp-json\/wp\/v2\/pages\/14","targetHints":{"allow":["GET"]}}],"collection":[{"href":"https:\/\/wp.ufpel.edu.br\/45anos\/wp-json\/wp\/v2\/pages"}],"about":[{"href":"https:\/\/wp.ufpel.edu.br\/45anos\/wp-json\/wp\/v2\/types\/page"}],"author":[{"embeddable":true,"href":"https:\/\/wp.ufpel.edu.br\/45anos\/wp-json\/wp\/v2\/users\/394"}],"replies":[{"embeddable":true,"href":"https:\/\/wp.ufpel.edu.br\/45anos\/wp-json\/wp\/v2\/comments?post=14"}],"version-history":[{"count":27,"href":"https:\/\/wp.ufpel.edu.br\/45anos\/wp-json\/wp\/v2\/pages\/14\/revisions"}],"predecessor-version":[{"id":260,"href":"https:\/\/wp.ufpel.edu.br\/45anos\/wp-json\/wp\/v2\/pages\/14\/revisions\/260"}],"wp:attachment":[{"href":"https:\/\/wp.ufpel.edu.br\/45anos\/wp-json\/wp\/v2\/media?parent=14"}],"curies":[{"name":"wp","href":"https:\/\/api.w.org\/{rel}","templated":true}]}}