{"id":101,"date":"2014-06-03T16:58:10","date_gmt":"2014-06-03T19:58:10","guid":{"rendered":"https:\/\/wp.ufpel.edu.br\/45anos\/?page_id=101"},"modified":"2014-06-09T11:06:33","modified_gmt":"2014-06-09T14:06:33","slug":"predioscontamhistoria","status":"publish","type":"page","link":"https:\/\/wp.ufpel.edu.br\/45anos\/predioscontamhistoria\/","title":{"rendered":"Pr\u00e9dios contam a hist\u00f3ria"},"content":{"rendered":"<p><strong>Faculdade de Agronomia Eliseu Maciel (Faem\/UFPel)<\/strong><br \/>\n<a href=\"https:\/\/wp.ufpel.edu.br\/45anos\/files\/2014\/06\/012-FAEM.jpg\"><img loading=\"lazy\" decoding=\"async\" class=\"alignnone size-full wp-image-196\" src=\"https:\/\/wp.ufpel.edu.br\/45anos\/files\/2014\/06\/012-FAEM.jpg\" alt=\"012 FAEM\" width=\"666\" height=\"442\" \/><\/a><br \/>\nSede atual da Faculdade de Agronomia Eliseu Maciel (Faem), uma das mais antigas escolas de agronomia do pa\u00eds, com 127 anos. Inaugurado em 1959, o pr\u00e9dio tem \u00e1rea total de 15.360 m\u00b2, em dois pavimentos. \u00c9 o maior monobloco constru\u00eddo no pa\u00eds, espec\u00edfico para o ensino de agronomia. Registra em sua hist\u00f3ria a presen\u00e7a do presidente da Rep\u00fablica, Juscelino Kubitschek de Oliveira, como paraninfo da turma de 1958.<\/p>\n<p><strong>Faculdade de Direito da UFPel<\/strong><br \/>\n<a href=\"https:\/\/wp.ufpel.edu.br\/45anos\/files\/2014\/06\/012-Direito.jpg\"><img loading=\"lazy\" decoding=\"async\" class=\"alignnone size-full wp-image-197\" src=\"https:\/\/wp.ufpel.edu.br\/45anos\/files\/2014\/06\/012-Direito.jpg\" alt=\"012 Direito\" width=\"666\" height=\"442\" \/><\/a><br \/>\nInaugurado em 1929, o pr\u00e9dio da Faculdade de Direito da UFPel mant\u00e9m sua dignidade e beleza originais. Situado junto \u00e0 pra\u00e7a Conselheiro Maciel, no centro da cidade de Pelotas-RS, o pr\u00e9dio, recentemente restaurado, \u00e9 conhecido como a \u201cCasa de Bruno de Mendon\u00e7a Lima\u201d, processualista hist\u00f3rico e primeiro diretor da Faculdade.<\/p>\n<p><strong>Centro de Integra\u00e7\u00e3o do Mercosul\/UFPel<\/strong><br \/>\n<a href=\"https:\/\/wp.ufpel.edu.br\/45anos\/files\/2014\/06\/012-CIM.jpg\"><img loading=\"lazy\" decoding=\"async\" class=\"alignnone size-full wp-image-198\" src=\"https:\/\/wp.ufpel.edu.br\/45anos\/files\/2014\/06\/012-CIM.jpg\" alt=\"012 CIM\" width=\"293\" height=\"442\" \/><\/a><br \/>\nO im\u00f3vel foi inaugurado em 1919, seguindo padr\u00e3o arquitet\u00f4nico ingl\u00eas destinado \u00e0 atividade banc\u00e1ria. Ao longo dos \u00faltimos 81 anos, o pr\u00e9dio abrigou tr\u00eas institui\u00e7\u00f5es financeiras: o Banco Nacional do Com\u00e9rcio, at\u00e9 1973; o Banco Sul-Brasileiro, at\u00e9 1985; e o Banco Meridional, at\u00e9 1989. Durante a d\u00e9cada de 1980, serviu de Gabinete do Vice-Prefeito de Pelotas e, a partir de 1995, passou a sediar o Centro de Integra\u00e7\u00e3o do Mercosul, da UFPel.<\/p>\n<p><strong>Faculdade de Medicina da UFPel<\/strong><br \/>\n<a href=\"https:\/\/wp.ufpel.edu.br\/45anos\/files\/2014\/06\/012-FAMED.jpg\"><img loading=\"lazy\" decoding=\"async\" class=\"alignnone size-full wp-image-213\" src=\"https:\/\/wp.ufpel.edu.br\/45anos\/files\/2014\/06\/012-FAMED.jpg\" alt=\"012 FAMED\" width=\"666\" height=\"442\" \/><\/a><br \/>\nConstru\u00eddo entre 1908 e 1913, como resid\u00eancia do empres\u00e1rio Carlos Ritter, o sobrado \u201cpalladiano\u201d localizava-se em meio a um gigantesco jardim rom\u00e2ntico. Edif\u00edcio de dois pavimentos, com por\u00e3o habit\u00e1vel e soteia, foi erigido com grande requinte projetual e decorativo. Com a morte de Ritter, a resid\u00eancia foi vendida ao munic\u00edpio de Pelotas e passou a abrigar o Instituto de Higiene Borges de Medeiros (1928). Em 1958, a propriedade foi doada \u00e0 futura Faculdade de Medicina de Pelotas \u2013 fundada em 1959 e instalada definitivamente em 1963.<\/p>\n<p><strong>Conselhos Superiores da UFPel<\/strong><br \/>\n<a href=\"https:\/\/wp.ufpel.edu.br\/45anos\/files\/2014\/06\/012-Lyceu.jpg\"><img loading=\"lazy\" decoding=\"async\" class=\"alignnone size-full wp-image-200\" src=\"https:\/\/wp.ufpel.edu.br\/45anos\/files\/2014\/06\/012-Lyceu.jpg\" alt=\"012 Lyceu\" width=\"666\" height=\"442\" \/><\/a><br \/>\nO projeto da Escola Eliseu Maciel foi elaborado por solicita\u00e7\u00e3o de sua fam\u00edlia em 1881 e inaugurado em 1883. Abrigou inicialmente a Imperial Escola de Medicina Veterin\u00e1ria e de Agronomia Pr\u00e1tica. Os detalhes arquitet\u00f4nicos, com p\u00f3rtico dotado de quatro colunas cor\u00edntias, tornou a constru\u00e7\u00e3o um dos mais significativos pr\u00e9dios da arquitetura pelotense do s\u00e9culo passado. Sediou a primeira Reitoria da UFPel e, posteriormente, o Instituto de Ci\u00eancias Humanas. Fechado para completa restaura\u00e7\u00e3o, sedia atualmente os Conselhos Superiores da Universidade.<\/p>\n<p><strong>Conservat\u00f3rio de M\u00fasica da UFPel<\/strong><br \/>\n<a href=\"https:\/\/wp.ufpel.edu.br\/45anos\/files\/2014\/06\/012-Conservatorio-de-Musica.jpg\"><img loading=\"lazy\" decoding=\"async\" class=\"alignnone wp-image-189 size-full\" src=\"https:\/\/wp.ufpel.edu.br\/45anos\/files\/2014\/06\/012-Conservatorio-de-Musica.jpg\" alt=\"Conservat\u00f3rio de M\u00fasica de Pelotas\" width=\"1620\" height=\"1080\" \/><\/a><br \/>\nEm 1918, foi fundado o Conservat\u00f3rio de M\u00fasica na cidade de Pelotas. O pr\u00e9dio cedido para a instala\u00e7\u00e3o, um sobrado situado na esquina das ruas F\u00e9lix da Cunha com 7 de Setembro, no centro da cidade, foi constru\u00eddo entre 1880 e 1881. No final da d\u00e9cada de 1930, o edif\u00edcio passou por reformas. Em 1941, foi reinaugurado com seus equipamentos melhorados e o sal\u00e3o de concertos ampliado. Em 1937, o Conservat\u00f3rio foi municipalizado. No ano da funda\u00e7\u00e3o da Universidade Federal de Pelotas, em 1969, o Conservat\u00f3rio tornou-se unidade agregada, permanecendo at\u00e9 1983, quando foi definitivamente incorporado como unidade universit\u00e1ria.<\/p>\n<p><strong>Antiga Escola de Belas Artes de Pelotas<\/strong><br \/>\n<a href=\"https:\/\/wp.ufpel.edu.br\/45anos\/files\/2014\/06\/012-EBA.jpg\"><img loading=\"lazy\" decoding=\"async\" class=\"alignnone size-full wp-image-215\" src=\"https:\/\/wp.ufpel.edu.br\/45anos\/files\/2014\/06\/012-EBA.jpg\" alt=\"012 EBA\" width=\"666\" height=\"442\" \/><\/a><br \/>\nConstru\u00eddo em 1881, na esquina das ruas Marechal Floriano e Bar\u00e3o de Santa Tecla, no centro da cidade, o pr\u00e9dio, em seus anos iniciais, sediou o jornal \u201cA Sentinela\u201d. Em 1949, passou a abrigar a Escola de Belas Artes de Pelotas. Com a cria\u00e7\u00e3o da UFPel, em 1969, a unidade de ensino passou a se chamar Instituto de Artes e, mais tarde, Instituto de Letras e Artes. Fechado para amplas reformas e recupera\u00e7\u00e3o de sua arquitetura desde meados dos anos 2000, o pr\u00e9dio sediar\u00e1 em breve atividades diversas de ensino e de documenta\u00e7\u00e3o hist\u00f3rica dentro da Universidade.<\/p>\n<p><strong>Fonte:<\/strong> Arquivo da CCS \/ Bibliografia do escritor e historiador M\u00e1rio Os\u00f3rio Magalh\u00e3es \/ NEAB\/FAUrb\/UFPel<br \/>\n<strong>Fotografias:<\/strong> Katia Helena Dias \u2013 CCS\/UFPEL<\/p>\n<p><a title=\"UFPel: Uma hist\u00f3ria escrita em tr\u00eas s\u00e9culos\" href=\"http:\/\/wp.me\/P4EPZO-h\"><strong>UFPel: Uma hist\u00f3ria escrita em tr\u00eas s\u00e9culos<\/strong><\/a><\/p>\n<p><a title=\"Resenha hist\u00f3rica\" href=\"http:\/\/wp.me\/P4EPZO-m\"><strong>Resenha hist\u00f3rica<\/strong><\/a><\/p>\n<p><a title=\"Contextualizando\" href=\"http:\/\/wp.me\/P4EPZO-p\"><strong>Contextualizando<\/strong><\/a><\/p>\n<p><a title=\"Estrutura\u00e7\u00e3o e desenvolvimento\" href=\"http:\/\/wp.me\/P4EPZO-1f\"><strong>Estrutura\u00e7\u00e3o e desenvolvimento<\/strong><\/a><\/p>\n<p><a title=\"A rela\u00e7\u00e3o com a comunidade e os desdobramentos pol\u00edticos\" href=\"http:\/\/wp.me\/P4EPZO-1i\"><strong>A rela\u00e7\u00e3o com a comunidade e os desdobramentos pol\u00edticos<\/strong><\/a><\/p>\n<p><a title=\"O processo de expans\u00e3o\" href=\"http:\/\/wp.me\/P4EPZO-1l\"><strong>O processo de expans\u00e3o<\/strong><\/a><\/p>\n<p><a title=\"Anglo: De frigor\u00edfico a principal campus\" href=\"http:\/\/wp.me\/P4EPZO-1o\"><strong>Anglo: De frigor\u00edfico a principal campus<\/strong><\/a><\/p>\n<p><a title=\"Cotada: De f\u00e1brica de massas a Centro de Engenharias\" href=\"http:\/\/wp.me\/P4EPZO-1r\"><strong>Cotada: De f\u00e1brica de massas a Centro de Engenharias <\/strong><\/a><\/p>\n<p><a title=\"Laneira: De manufatura de l\u00e3s a centro dedicado \u00e0 sa\u00fade\" href=\"http:\/\/wp.me\/P4EPZO-1u\"><strong>Laneira: De manufatura de l\u00e3s a centro dedicado \u00e0 sa\u00fade<\/strong><\/a><\/p>\n<p><a title=\"Na antiga cervejaria a Cultura pede passagem\" href=\"http:\/\/wp.me\/P4EPZO-1x\"><strong>Na antiga cervejaria a Cultura pede passagem<\/strong><\/a><\/p>\n<p><strong><a title=\"Casar\u00e3o 8: Suntuoso im\u00f3vel sediar\u00e1 museus\" href=\"http:\/\/wp.me\/P4EPZO-1A\">Casar\u00e3o 8: Suntuoso im\u00f3vel sediar\u00e1 museus<\/a><\/strong><\/p>\n","protected":false},"excerpt":{"rendered":"<p>Faculdade de Agronomia Eliseu Maciel (Faem\/UFPel) Sede atual da Faculdade de Agronomia Eliseu Maciel (Faem), uma das mais antigas escolas de agronomia do pa\u00eds, com 127 anos. Inaugurado em 1959, o pr\u00e9dio tem \u00e1rea total de 15.360 m\u00b2, em dois pavimentos. \u00c9 o maior monobloco constru\u00eddo no pa\u00eds, espec\u00edfico para o ensino de agronomia. Registra &hellip; <a href=\"https:\/\/wp.ufpel.edu.br\/45anos\/predioscontamhistoria\/\" class=\"more-link\">Continue lendo <span class=\"screen-reader-text\">Pr\u00e9dios contam a hist\u00f3ria<\/span> <span class=\"meta-nav\">&rarr;<\/span><\/a><\/p>\n","protected":false},"author":394,"featured_media":0,"parent":0,"menu_order":0,"comment_status":"closed","ping_status":"closed","template":"","meta":{"jetpack_post_was_ever_published":false,"footnotes":""},"class_list":["post-101","page","type-page","status-publish","hentry"],"jetpack_sharing_enabled":true,"jetpack_shortlink":"https:\/\/wp.me\/P4EPZO-1D","_links":{"self":[{"href":"https:\/\/wp.ufpel.edu.br\/45anos\/wp-json\/wp\/v2\/pages\/101","targetHints":{"allow":["GET"]}}],"collection":[{"href":"https:\/\/wp.ufpel.edu.br\/45anos\/wp-json\/wp\/v2\/pages"}],"about":[{"href":"https:\/\/wp.ufpel.edu.br\/45anos\/wp-json\/wp\/v2\/types\/page"}],"author":[{"embeddable":true,"href":"https:\/\/wp.ufpel.edu.br\/45anos\/wp-json\/wp\/v2\/users\/394"}],"replies":[{"embeddable":true,"href":"https:\/\/wp.ufpel.edu.br\/45anos\/wp-json\/wp\/v2\/comments?post=101"}],"version-history":[{"count":13,"href":"https:\/\/wp.ufpel.edu.br\/45anos\/wp-json\/wp\/v2\/pages\/101\/revisions"}],"predecessor-version":[{"id":216,"href":"https:\/\/wp.ufpel.edu.br\/45anos\/wp-json\/wp\/v2\/pages\/101\/revisions\/216"}],"wp:attachment":[{"href":"https:\/\/wp.ufpel.edu.br\/45anos\/wp-json\/wp\/v2\/media?parent=101"}],"curies":[{"name":"wp","href":"https:\/\/api.w.org\/{rel}","templated":true}]}}