{"id":244,"date":"2025-05-21T09:29:51","date_gmt":"2025-05-21T12:29:51","guid":{"rendered":"https:\/\/wp.ufpel.edu.br\/3edworkshopbiochembioprospect\/?page_id=244"},"modified":"2025-05-25T16:06:38","modified_gmt":"2025-05-25T19:06:38","slug":"committee","status":"publish","type":"page","link":"https:\/\/wp.ufpel.edu.br\/3edworkshopbiochembioprospect\/committee\/","title":{"rendered":"COMMITTEE"},"content":{"rendered":"<table style=\"height: 959px;\" width=\"771\">\n<tbody>\n<tr style=\"height: 932px;\">\n<td style=\"height: 684px; width: 712px;\" width=\"385\">\n<p>&nbsp;<\/p>\n<p><img loading=\"lazy\" decoding=\"async\" class=\"size-medium wp-image-417 aligncenter\" src=\"https:\/\/wp.ufpel.edu.br\/3edworkshopbiochembioprospect\/files\/2025\/05\/logo-400x131.jpg\" alt=\"\" width=\"400\" height=\"131\" srcset=\"https:\/\/wp.ufpel.edu.br\/3edworkshopbiochembioprospect\/files\/2025\/05\/logo-400x131.jpg 400w, https:\/\/wp.ufpel.edu.br\/3edworkshopbiochembioprospect\/files\/2025\/05\/logo-768x251.jpg 768w, https:\/\/wp.ufpel.edu.br\/3edworkshopbiochembioprospect\/files\/2025\/05\/logo-600x196.jpg 600w, https:\/\/wp.ufpel.edu.br\/3edworkshopbiochembioprospect\/files\/2025\/05\/logo.jpg 834w\" sizes=\"auto, (max-width: 400px) 100vw, 400px\" \/><\/p>\n<p><strong style=\"color: #1a1c1e; font-family: 'Noto Serif', Georgia, serif; font-size: 2rem; background-color: rgba(255, 255, 255, 0);\">Organizing Committee<\/strong><\/p>\n<ul>\n<li>Roselia Maria Spanevello<strong> (Chairwoman)<\/strong><\/li>\n<li>M\u00e1rcia Foster Mesko<\/li>\n<li>Franciele Moro Stefanello<\/li>\n<li>Ethel Antunes Wilhelm<\/li>\n<li>C\u00e9sar Augusto Br\u00fcning<\/li>\n<li>Jucimara Baldissarelli<\/li>\n<li>Vinicius Costa Prado<\/li>\n<li>Di\u00e9ssica Dalenogare<\/li>\n<li>Pricila Nass Pinheiro<\/li>\n<\/ul>\n<p><strong>Support Committe<\/strong><\/p>\n<ul>\n<li>Marianne Moreira S. de Melo<\/li>\n<li>Thiago Ioost Caldeira<\/li>\n<li>Maria Eduarda Braga Kruger<\/li>\n<li>Julia Maciel Outeiro<\/li>\n<li>Anita Avila de Souza<\/li>\n<li>Julia Eisenhardt de Mello<\/li>\n<li>Kelen Cristiane M. Goularte<\/li>\n<li>Larissa Menezes da Silveira<\/li>\n<li>Nathalia Stark Pedra<\/li>\n<li>Narryman Pinto Zuge<\/li>\n<li>Raphaela Cassol Piccoli<\/li>\n<li>Fernando Lopez Alvez<\/li>\n<li>Mariana Parron Paim<\/li>\n<li>Syed Hassan Mujtaba<\/li>\n<\/ul>\n<\/td>\n<td style=\"height: 684px; width: 668px;\" width=\"385\">\n<h4><img loading=\"lazy\" decoding=\"async\" class=\"wp-image-418 aligncenter\" src=\"https:\/\/wp.ufpel.edu.br\/3edworkshopbiochembioprospect\/files\/2025\/05\/PPGBBio-WS-1-e1748115753745-400x217.png\" alt=\"\" width=\"328\" height=\"168\" \/><\/h4>\n<h4><strong>Organizing Committee<\/strong><\/h4>\n<ul>\n<li>M\u00e1rcia Foster Mesko<strong> (Chairwoman)<\/strong><\/li>\n<li>Vinicius Costa Prado<\/li>\n<li>Di\u00e9ssica Dalenogare<\/li>\n<li>Pricila Nass Pinheiro<\/li>\n<li>Marianne Moreira S. de Melo<\/li>\n<li>Thiago Ioost Caldeira<\/li>\n<li>Maria Eduarda Braga Kruger<\/li>\n<li>Julia Maciel Outeiro<\/li>\n<li>Daniela da Silva de Garcia<\/li>\n<li>Eduarda Rodriguez Rivero<\/li>\n<li>Gabriel Chaviel Lhullier<\/li>\n<li>Gabriela Szczepaniak Vargas<\/li>\n<li>Guilhermina Ribeiro Alt<\/li>\n<li>Jo\u00e3o Henrique G. de L. Lacerda<\/li>\n<li>Livia Froes Minks<\/li>\n<li>Luisa dos Passos Lafuente<\/li>\n<li>Thalita Furtado da Costa<\/li>\n<\/ul>\n<\/td>\n<\/tr>\n<\/tbody>\n<\/table>\n<h2 style=\"text-align: center;\"><strong>DIAMOND SPONSORS<\/strong><\/h2>\n<p style=\"text-align: center;\"><\/p>\n<hr \/>\n<h2 style=\"text-align: center;\"><strong style=\"font-size: 2.6rem; text-align: center;\">GOLD SPONSORS<\/strong><\/h2>\n<p style=\"text-align: center;\"><\/p>\n","protected":false},"excerpt":{"rendered":"<p>&nbsp; Organizing Committee Roselia Maria Spanevello (Chairwoman) M\u00e1rcia Foster Mesko Franciele Moro Stefanello Ethel Antunes Wilhelm C\u00e9sar Augusto Br\u00fcning Jucimara Baldissarelli Vinicius Costa Prado Di\u00e9ssica Dalenogare Pricila Nass Pinheiro Support Committe Marianne Moreira S. de Melo Thiago Ioost Caldeira Maria Eduarda Braga Kruger Julia Maciel Outeiro Anita Avila de Souza Julia Eisenhardt de Mello Kelen&#8230; <\/p>\n<div class=\"link-more\"><a href=\"https:\/\/wp.ufpel.edu.br\/3edworkshopbiochembioprospect\/committee\/\">Read More<\/a><\/div>\n","protected":false},"author":1359,"featured_media":0,"parent":0,"menu_order":0,"comment_status":"closed","ping_status":"closed","template":"","meta":{"footnotes":""},"class_list":["post-244","page","type-page","status-publish","hentry"],"_links":{"self":[{"href":"https:\/\/wp.ufpel.edu.br\/3edworkshopbiochembioprospect\/wp-json\/wp\/v2\/pages\/244","targetHints":{"allow":["GET"]}}],"collection":[{"href":"https:\/\/wp.ufpel.edu.br\/3edworkshopbiochembioprospect\/wp-json\/wp\/v2\/pages"}],"about":[{"href":"https:\/\/wp.ufpel.edu.br\/3edworkshopbiochembioprospect\/wp-json\/wp\/v2\/types\/page"}],"author":[{"embeddable":true,"href":"https:\/\/wp.ufpel.edu.br\/3edworkshopbiochembioprospect\/wp-json\/wp\/v2\/users\/1359"}],"replies":[{"embeddable":true,"href":"https:\/\/wp.ufpel.edu.br\/3edworkshopbiochembioprospect\/wp-json\/wp\/v2\/comments?post=244"}],"version-history":[{"count":10,"href":"https:\/\/wp.ufpel.edu.br\/3edworkshopbiochembioprospect\/wp-json\/wp\/v2\/pages\/244\/revisions"}],"predecessor-version":[{"id":421,"href":"https:\/\/wp.ufpel.edu.br\/3edworkshopbiochembioprospect\/wp-json\/wp\/v2\/pages\/244\/revisions\/421"}],"wp:attachment":[{"href":"https:\/\/wp.ufpel.edu.br\/3edworkshopbiochembioprospect\/wp-json\/wp\/v2\/media?parent=244"}],"curies":[{"name":"wp","href":"https:\/\/api.w.org\/{rel}","templated":true}]}}