{"id":261,"date":"2018-03-23T12:32:02","date_gmt":"2018-03-23T15:32:02","guid":{"rendered":"https:\/\/wp.ufpel.edu.br\/3cpgfeg\/?page_id=261"},"modified":"2018-09-06T15:05:42","modified_gmt":"2018-09-06T18:05:42","slug":"como-chegar","status":"publish","type":"page","link":"https:\/\/wp.ufpel.edu.br\/3cpgfeg\/conheca-pelotas\/como-chegar\/","title":{"rendered":"Como chegar"},"content":{"rendered":"<p style=\"text-align: justify\"><span style=\"text-decoration: underline\">De \u00f4nibus<\/span>:<\/p>\n<p style=\"text-align: justify\">A linha Porto Alegre &#8211; Pelotas \u00e9 operada pela empresa <a href=\"http:\/\/www.expressoembaixador.com.br\/site\/content\/home\/index.php\">Expresso Embaixador<\/a>. O tempo m\u00e9dio de viagem \u00e9 de 3h30 para os \u00f4nibus direto e leito executivo (Golden class), e 3h45 para o \u00f4nibus convencional.<\/p>\n<p style=\"text-align: justify\">Podem ocorrer atrasos em fun\u00e7\u00e3o das obras de duplica\u00e7\u00e3o da BR-116.<\/p>\n<p>&nbsp;<\/p>\n<p style=\"text-align: justify\"><span style=\"text-decoration: underline\">De avi\u00e3o<\/span>:<\/p>\n<p style=\"text-align: justify\">Quem vem de avi\u00e3o, pode optar por descer direto em Pelotas, ou descer em Porto Alegre e continuar o trajeto at\u00e9 Pelotas de \u00f4nibus.).<\/p>\n<p style=\"text-align: justify\">Para fazer o trajeto todo de avi\u00e3o, a companhia a\u00e9rea <a href=\"https:\/\/www.voeazul.com.br\/\">Azul<\/a> oferece voos di\u00e1rios entre Porto Alegre e Pelotas. O tempo de viagem \u00e9 de cerca de 55 minutos.<\/p>\n<p style=\"text-align: justify\">Para fazer o trajeto de avi\u00e3o at\u00e9 Porto Alegre e continuar a viagem de \u00f4nibus, existem tr\u00eas op\u00e7\u00f5es de liga\u00e7\u00e3o entre o aeroporto e a esta\u00e7\u00e3o rodovi\u00e1ria:<\/p>\n<ol>\n<li style=\"text-align: justify\">Trem: Ainda no aeroporto, dirija-se ao 2\u00ba piso, onde encontrar\u00e1 a esta\u00e7\u00e3o do Aerom\u00f3vel. O Aerom\u00f3vel faz a liga\u00e7\u00e3o at\u00e9 a esta\u00e7\u00e3o Aeroporto do trem (chamado Trensurb). Na esta\u00e7\u00e3o Aeroporto, pegar o trem no sentido MERCADO e descer na esta\u00e7\u00e3o RODOVI\u00c1RIA. O valor do trajeto \u00e9 de R$1,70 (inclui Aerom\u00f3vel + Trensurb).<\/li>\n<li style=\"text-align: justify\">T\u00e1xi: Os pontos de t\u00e1xi encontram-se no piso t\u00e9rreo do aeroporto e as viagens at\u00e9 a rodovi\u00e1ria custam a partir de R$40,00.<\/li>\n<li style=\"text-align: justify\">Uber: Outra possibilidade \u00e9 solicitar uma viagem pelo aplicativo Uber, que custar\u00e1 R$16,02 (valor estimado).<\/li>\n<\/ol>\n<p>&nbsp;<\/p>\n<p><span style=\"text-decoration: underline\">Outras informa\u00e7\u00f5es importantes<\/span>:<\/p>\n<ul>\n<li style=\"text-align: justify\">A passagem de \u00f4nibus de Porto Alegre para Pelotas pode ser comprada pelo <a href=\"https:\/\/www.veppocel.com.br\/internet\/frame\/df_venda.htm\">site<\/a>, na rodovi\u00e1ria ou no piso t\u00e9rreo do aeroporto.<\/li>\n<li style=\"text-align: justify\">Compre a passagem com, pelo menos, 30 minutos reservados para fazer o trajeto entre o aeroporto e a rodovi\u00e1ria.<\/li>\n<li style=\"text-align: justify\">Os valores das passagens variam de acordo com o dia e o hor\u00e1rio. Acompanhe os hor\u00e1rios e valores antes de efetuar a sua compra acessando este <a href=\"http:\/\/www.rodoviaria-poa.com.br\/institucional\/site\/df_hora.htm\">site<\/a>.<\/li>\n<li style=\"text-align: justify\">No trajeto de volta (Pelotas \u2013 Porto Alegre) o \u00f4nibus faz parada na rodovi\u00e1ria e no aeroporto <span style=\"text-decoration: underline\">sem custo adicional<\/span>. Para isto, <span style=\"text-decoration: underline\">\u00e9 necess\u00e1rio informar ao motorista onde deseja desembarcar<\/span>.<\/li>\n<\/ul>\n","protected":false},"excerpt":{"rendered":"<p>De \u00f4nibus: A linha Porto Alegre &#8211; Pelotas \u00e9 operada pela empresa Expresso Embaixador. O tempo m\u00e9dio de viagem \u00e9 de 3h30 para os \u00f4nibus direto e leito executivo (Golden class), e 3h45 para o \u00f4nibus convencional. Podem ocorrer atrasos&#8230; <a class=\"more-link\" href=\"https:\/\/wp.ufpel.edu.br\/3cpgfeg\/conheca-pelotas\/como-chegar\/\">Continue lendo &rarr;<\/a><\/p>\n","protected":false},"author":827,"featured_media":0,"parent":137,"menu_order":2,"comment_status":"closed","ping_status":"closed","template":"","meta":{"footnotes":""},"class_list":["post-261","page","type-page","status-publish","hentry"],"_links":{"self":[{"href":"https:\/\/wp.ufpel.edu.br\/3cpgfeg\/wp-json\/wp\/v2\/pages\/261","targetHints":{"allow":["GET"]}}],"collection":[{"href":"https:\/\/wp.ufpel.edu.br\/3cpgfeg\/wp-json\/wp\/v2\/pages"}],"about":[{"href":"https:\/\/wp.ufpel.edu.br\/3cpgfeg\/wp-json\/wp\/v2\/types\/page"}],"author":[{"embeddable":true,"href":"https:\/\/wp.ufpel.edu.br\/3cpgfeg\/wp-json\/wp\/v2\/users\/827"}],"replies":[{"embeddable":true,"href":"https:\/\/wp.ufpel.edu.br\/3cpgfeg\/wp-json\/wp\/v2\/comments?post=261"}],"version-history":[{"count":4,"href":"https:\/\/wp.ufpel.edu.br\/3cpgfeg\/wp-json\/wp\/v2\/pages\/261\/revisions"}],"predecessor-version":[{"id":348,"href":"https:\/\/wp.ufpel.edu.br\/3cpgfeg\/wp-json\/wp\/v2\/pages\/261\/revisions\/348"}],"up":[{"embeddable":true,"href":"https:\/\/wp.ufpel.edu.br\/3cpgfeg\/wp-json\/wp\/v2\/pages\/137"}],"wp:attachment":[{"href":"https:\/\/wp.ufpel.edu.br\/3cpgfeg\/wp-json\/wp\/v2\/media?parent=261"}],"curies":[{"name":"wp","href":"https:\/\/api.w.org\/{rel}","templated":true}]}}