{"id":215,"date":"2018-03-22T20:40:05","date_gmt":"2018-03-22T23:40:05","guid":{"rendered":"https:\/\/wp.ufpel.edu.br\/3cpgfeg\/?page_id=215"},"modified":"2018-07-03T08:01:06","modified_gmt":"2018-07-03T11:01:06","slug":"turismo","status":"publish","type":"page","link":"https:\/\/wp.ufpel.edu.br\/3cpgfeg\/conheca-pelotas\/turismo\/","title":{"rendered":"Turismo"},"content":{"rendered":"<p><strong>1) CHARQUEADAS<\/strong><\/p>\n<p style=\"text-align: justify\">Pelotas iniciou \u00e0s margens do Arroio Pelotas, onde as Charqueadas, propriedades rurais voltadas para o abate de gado e para a produ\u00e7\u00e3o da carne seca e salgada (o charque), se estabeleceram.<\/p>\n<p style=\"text-align: justify\"><span style=\"text-decoration: underline\">Charqueada S\u00e3o Jo\u00e3o<\/span>:<\/p>\n<p style=\"text-align: justify\">Foi constru\u00edda entre 1807 e 1810 e hoje representa\u00a0um dos mais belos e \u00edntegros exemplares da arquitetura do Ciclo do Charque. Em 1820, hospedou o naturalista franc\u00eas Auguste de Saint-Hilaire.<\/p>\n<p style=\"text-align: justify\">A Charqueada S\u00e3o Jo\u00e3o tamb\u00e9m serviu de cen\u00e1rio para as grava\u00e7\u00f5es da &#8220;Casa das Sete Mulheres&#8221;.<\/p>\n<p><img loading=\"lazy\" decoding=\"async\" class=\"size-medium wp-image-242 aligncenter\" src=\"https:\/\/wp.ufpel.edu.br\/3cpgfeg\/files\/2018\/03\/Charqueada-400x257.jpg\" alt=\"\" width=\"400\" height=\"257\" srcset=\"https:\/\/wp.ufpel.edu.br\/3cpgfeg\/files\/2018\/03\/Charqueada-400x257.jpg 400w, https:\/\/wp.ufpel.edu.br\/3cpgfeg\/files\/2018\/03\/Charqueada-600x386.jpg 600w, https:\/\/wp.ufpel.edu.br\/3cpgfeg\/files\/2018\/03\/Charqueada.jpg 608w\" sizes=\"auto, (max-width: 400px) 100vw, 400px\" \/><\/p>\n<p style=\"text-align: center\">Charqueada S\u00e3o Jo\u00e3o<\/p>\n<p>Maiores informa\u00e7\u00f5es sobre a charqueada podem ser obtidas <a href=\"http:\/\/www.charqueadasaojoao.com.br\/\">clicando aqui<\/a>.<\/p>\n<p>&nbsp;<\/p>\n<p><strong>2) CENTRO HIST\u00d3RICO<\/strong><\/p>\n<p><span style=\"text-decoration: underline\">Pra\u00e7a Coronel Pedro Os\u00f3rio e Constru\u00e7\u00f5es Hist\u00f3ricas do entorno<\/span>:<\/p>\n<p style=\"text-align: justify\">A Pra\u00e7a Coronel Pedro Os\u00f3rio \u00e9 a principal pra\u00e7a da cidade. Ao redor dela iniciou o segundo loteamento da cidade de Pelotas, por volta do ano 1812. \u00a0A pra\u00e7a apresenta oito entradas que conduzem at\u00e9 o centro onde se encontra um chafariz chamado &#8220;As Nereidas&#8221;. Este foi importado da Fran\u00e7a pela Companhia Hydr\u00e1ulica Pelotense, em 1875. O chafariz &#8220;As Nereidas&#8221; substituiu o pelourinho, erguido em 7 de Abril de 1832, como s\u00edmbolo da autonomia do Munic\u00edpio. Entre os monumentos da Pra\u00e7a, se destacam as obras do escultor pelotense Ant\u00f4nio Caringi, que foi criador do monumento ao Coronel Pedro Os\u00f3rio, o monumento \u00e0 M\u00e3e Pelotense e o Rel\u00f3gio Solar.<\/p>\n<p style=\"text-align: justify\">No entorno da pra\u00e7a se encontra o maior n\u00famero de exemplares arquitet\u00f4nicos constru\u00eddos no per\u00edodo entre 1870 e 1930. Entre as constru\u00e7\u00f5es do entorno, destacam-se a Prefeitura de Pelotas, a Bibliotheca P\u00fablica Pelotense, o Theatro Sete de Abril, o Clube Caixeiral, a Casa da Banha, a Empresa de Pompas F\u00fanebres Moreira Lopes, o Grande Hotel, o antigo pr\u00e9dio do Banco do Brasil, al\u00e9m dos casar\u00f5es das tradicionais fam\u00edlias de charqueadores. Atualmente, o casar\u00e3o 8 abriga o Museu do Doce. Ainda pr\u00f3ximo da pra\u00e7a encontram-se o Theatro Guarany, o Mercado P\u00fablico, o pr\u00e9dio do antigo Lyceu Rio-grandense, e o Centro de Integra\u00e7\u00e3o do Mercosul.<\/p>\n<p><img loading=\"lazy\" decoding=\"async\" class=\"size-medium wp-image-237 aligncenter\" src=\"https:\/\/wp.ufpel.edu.br\/3cpgfeg\/files\/2018\/03\/Fonte-Nereidas-400x211.jpg\" alt=\"\" width=\"400\" height=\"211\" srcset=\"https:\/\/wp.ufpel.edu.br\/3cpgfeg\/files\/2018\/03\/Fonte-Nereidas-400x211.jpg 400w, https:\/\/wp.ufpel.edu.br\/3cpgfeg\/files\/2018\/03\/Fonte-Nereidas-768x406.jpg 768w, https:\/\/wp.ufpel.edu.br\/3cpgfeg\/files\/2018\/03\/Fonte-Nereidas-1024x541.jpg 1024w, https:\/\/wp.ufpel.edu.br\/3cpgfeg\/files\/2018\/03\/Fonte-Nereidas-945x499.jpg 945w, https:\/\/wp.ufpel.edu.br\/3cpgfeg\/files\/2018\/03\/Fonte-Nereidas-600x317.jpg 600w, https:\/\/wp.ufpel.edu.br\/3cpgfeg\/files\/2018\/03\/Fonte-Nereidas.jpg 1227w\" sizes=\"auto, (max-width: 400px) 100vw, 400px\" \/><\/p>\n<p style=\"text-align: center\">Fonte das Nereidas, na Pra\u00e7a Cel. Pedro Os\u00f3rio<\/p>\n<p><img loading=\"lazy\" decoding=\"async\" class=\"size-medium wp-image-240 aligncenter\" src=\"https:\/\/wp.ufpel.edu.br\/3cpgfeg\/files\/2018\/03\/Casar\u00f5es-400x228.jpg\" alt=\"\" width=\"400\" height=\"228\" srcset=\"https:\/\/wp.ufpel.edu.br\/3cpgfeg\/files\/2018\/03\/Casar\u00f5es-400x228.jpg 400w, https:\/\/wp.ufpel.edu.br\/3cpgfeg\/files\/2018\/03\/Casar\u00f5es-768x438.jpg 768w, https:\/\/wp.ufpel.edu.br\/3cpgfeg\/files\/2018\/03\/Casar\u00f5es-600x342.jpg 600w, https:\/\/wp.ufpel.edu.br\/3cpgfeg\/files\/2018\/03\/Casar\u00f5es.jpg 912w\" sizes=\"auto, (max-width: 400px) 100vw, 400px\" \/><\/p>\n<p style=\"text-align: center\">Casar\u00f5es hist\u00f3ricos no entorno da pra\u00e7a<\/p>\n<p><span style=\"text-decoration: underline\">Mercado P\u00fablico de Pelotas<\/span>:<\/p>\n<p style=\"text-align: justify\">Constru\u00eddo em 1847 em estilo neo-cl\u00e1ssico, ostenta uma torre de metal com um rel\u00f3gio e um farol, importados de Hamburgo, na Alemanha. Esta torre faz uma alus\u00e3o \u00e0 famosa Torre Eiffel. No Mercado \u00e9 poss\u00edvel provar os famosos doces de Pelotas, comprar os aparatos para um bom chimarr\u00e3o, comer um lanche ou mesmo uma refei\u00e7\u00e3o mais requintada, e ainda acompanhar algumas das muitas manifesta\u00e7\u00f5es culturais e art\u00edsticas que acontecem neste local (o samba do Mercado, o chorinho do Mercado, entre outras).<\/p>\n<p><img loading=\"lazy\" decoding=\"async\" class=\"size-medium wp-image-234 aligncenter\" src=\"https:\/\/wp.ufpel.edu.br\/3cpgfeg\/files\/2018\/03\/Mercado1-400x258.jpg\" alt=\"\" width=\"400\" height=\"258\" srcset=\"https:\/\/wp.ufpel.edu.br\/3cpgfeg\/files\/2018\/03\/Mercado1-400x258.jpg 400w, https:\/\/wp.ufpel.edu.br\/3cpgfeg\/files\/2018\/03\/Mercado1-768x495.jpg 768w, https:\/\/wp.ufpel.edu.br\/3cpgfeg\/files\/2018\/03\/Mercado1-945x609.jpg 945w, https:\/\/wp.ufpel.edu.br\/3cpgfeg\/files\/2018\/03\/Mercado1-600x387.jpg 600w, https:\/\/wp.ufpel.edu.br\/3cpgfeg\/files\/2018\/03\/Mercado1.jpg 1005w\" sizes=\"auto, (max-width: 400px) 100vw, 400px\" \/><\/p>\n<p style=\"text-align: center\">Mercado P\u00fablico de Pelotas<\/p>\n<p><span style=\"text-decoration: underline\">Catedral Metropolitana S\u00e3o Francisco de Paula<\/span>:<\/p>\n<p style=\"text-align: justify\">Iniciada em 1913, sofreu v\u00e1rias altera\u00e7\u00f5es, e sua configura\u00e7\u00e3o atual data de 1951. Internamente destacam-se as pinturas murais de Aldo Locatelli e Emilio Sessa, e os elementos decorativos de Adolfo Gardoni. Aldo Locatelli ficou conhecido pelo seu magnifico trabalho. Foi contratado depois para pintar a Catedral de Porto Alegre, o Pal\u00e1cio Piratini e a Igreja de Caxias do Sul. Mas sua obra maior est\u00e1 na Catedral de S\u00e3o Francisco de Paula, que originou sua vinda diretamente da It\u00e1lia a fim de execut\u00e1-la.<\/p>\n<p style=\"text-align: justify\">A Catedral abriga a imagem de S\u00e3o Francisco de Paula, de origem art\u00edstica desconhecida, tendo sido trazida da Col\u00f4nia do Sacramento.<\/p>\n<p><img loading=\"lazy\" decoding=\"async\" class=\"size-medium wp-image-235 aligncenter\" src=\"https:\/\/wp.ufpel.edu.br\/3cpgfeg\/files\/2018\/03\/Catedral1-400x257.jpg\" alt=\"\" width=\"400\" height=\"257\" srcset=\"https:\/\/wp.ufpel.edu.br\/3cpgfeg\/files\/2018\/03\/Catedral1-400x257.jpg 400w, https:\/\/wp.ufpel.edu.br\/3cpgfeg\/files\/2018\/03\/Catedral1-768x493.jpg 768w, https:\/\/wp.ufpel.edu.br\/3cpgfeg\/files\/2018\/03\/Catedral1-600x385.jpg 600w, https:\/\/wp.ufpel.edu.br\/3cpgfeg\/files\/2018\/03\/Catedral1.jpg 881w\" sizes=\"auto, (max-width: 400px) 100vw, 400px\" \/><\/p>\n<p style=\"text-align: center\">Catedral Metropolitana S\u00e3o Francisco de Paula<\/p>\n<p><img loading=\"lazy\" decoding=\"async\" class=\"size-medium wp-image-244 aligncenter\" src=\"https:\/\/wp.ufpel.edu.br\/3cpgfeg\/files\/2018\/03\/Catedral2-400x268.jpg\" alt=\"\" width=\"400\" height=\"268\" srcset=\"https:\/\/wp.ufpel.edu.br\/3cpgfeg\/files\/2018\/03\/Catedral2-400x268.jpg 400w, https:\/\/wp.ufpel.edu.br\/3cpgfeg\/files\/2018\/03\/Catedral2-600x402.jpg 600w, https:\/\/wp.ufpel.edu.br\/3cpgfeg\/files\/2018\/03\/Catedral2.jpg 630w\" sizes=\"auto, (max-width: 400px) 100vw, 400px\" \/><\/p>\n<p style=\"text-align: center\">Vista do interior da Catedral<\/p>\n<p><span style=\"text-decoration: underline\">Catedral Anglicana do Redentor (Igreja Cabeluda)<\/span>:<\/p>\n<p style=\"text-align: justify\">Constru\u00edda em estilo g\u00f3tico-c\u00e9ltico, a Catedral da Igreja Episcopal Anglicana do Brasil abriu suas portas ao p\u00fablico em 1892. \u00c9 conhecida como a &#8220;Igreja Cabeluda&#8221;, por ser coberta por uma vegeta\u00e7\u00e3o trepadeira do tipo hera. Ao longo do ano, esta vegeta\u00e7\u00e3o muda de cor e perde as folhas, fazendo com que a igreja v\u00e1 ficando diferente com o passar das esta\u00e7\u00f5es. Sua torre possui 27 metros de altura. Os vitrais vieram de Nova York, e apresentam motivos com s\u00edmbolos e textos b\u00edblicos. A eleva\u00e7\u00e3o a catedral ocorreu em 1988.<\/p>\n<p><img loading=\"lazy\" decoding=\"async\" class=\"size-medium wp-image-259 aligncenter\" src=\"https:\/\/wp.ufpel.edu.br\/3cpgfeg\/files\/2018\/03\/Igreja-Cabeluda-400x250.jpg\" alt=\"\" width=\"400\" height=\"250\" srcset=\"https:\/\/wp.ufpel.edu.br\/3cpgfeg\/files\/2018\/03\/Igreja-Cabeluda-400x250.jpg 400w, https:\/\/wp.ufpel.edu.br\/3cpgfeg\/files\/2018\/03\/Igreja-Cabeluda-600x374.jpg 600w, https:\/\/wp.ufpel.edu.br\/3cpgfeg\/files\/2018\/03\/Igreja-Cabeluda.jpg 633w\" sizes=\"auto, (max-width: 400px) 100vw, 400px\" \/><\/p>\n<p style=\"text-align: center\">Igreja Cabeluda<\/p>\n<p>&nbsp;<\/p>\n<p><strong>3) ORLA DA LAGUNA DOS PATOS<\/strong><\/p>\n<p>A \u00e1rea urbana de Pelotas conta com tr\u00eas n\u00facleos de ocupa\u00e7\u00e3o na orla da Laguna dos Patos: a Col\u00f4nia de Pescadores Z-3, o Balne\u00e1rio dos Prazeres (ou Barro Duro), e o Laranjal. Quem vem \u00e0 Pelotas, tem de conhecer a Laguna dos Patos !<\/p>\n<p><span style=\"text-decoration: underline\">Laranjal<\/span>:<\/p>\n<p style=\"text-align: justify\">A orla do Laranjal certamente \u00e9 um dos locais preferidos dos pelotenses. Uma caminhada pelo cal\u00e7ad\u00e3o, uma pedalada pela ciclovia, um chimarr\u00e3o \u00e0 sombra de uma figueira, um passeio pelo trapiche, a pr\u00e1tica de esportes n\u00e1uticos ou simplesmente uma boa conversa em uma mesa de bar ou de um restaurante s\u00e3o os v\u00e1rios motivos que trazem as pessoas at\u00e9 o Laranjal.<\/p>\n<p><img loading=\"lazy\" decoding=\"async\" class=\"size-medium wp-image-236 aligncenter\" src=\"https:\/\/wp.ufpel.edu.br\/3cpgfeg\/files\/2018\/03\/Laranjal1-400x223.jpg\" alt=\"\" width=\"400\" height=\"223\" srcset=\"https:\/\/wp.ufpel.edu.br\/3cpgfeg\/files\/2018\/03\/Laranjal1-400x223.jpg 400w, https:\/\/wp.ufpel.edu.br\/3cpgfeg\/files\/2018\/03\/Laranjal1-768x428.jpg 768w, https:\/\/wp.ufpel.edu.br\/3cpgfeg\/files\/2018\/03\/Laranjal1-1024x571.jpg 1024w, https:\/\/wp.ufpel.edu.br\/3cpgfeg\/files\/2018\/03\/Laranjal1-945x527.jpg 945w, https:\/\/wp.ufpel.edu.br\/3cpgfeg\/files\/2018\/03\/Laranjal1-600x334.jpg 600w, https:\/\/wp.ufpel.edu.br\/3cpgfeg\/files\/2018\/03\/Laranjal1.jpg 1168w\" sizes=\"auto, (max-width: 400px) 100vw, 400px\" \/><\/p>\n<p style=\"text-align: center\">Orla do Laranjal<\/p>\n<p>&nbsp;<\/p>\n<p><strong>4) OUTROS LOCAIS NA \u00c1REA URBANA<\/strong><\/p>\n<p><span style=\"text-decoration: underline\">Museu Municipal Parque da Baronesa:<\/span><\/p>\n<p style=\"text-align: justify\">Localizado em uma propriedade hist\u00f3rica, o Museu Municipal Parque da Baronesa, inaugurado em 1982, tem como miss\u00e3o guardar e preservar bens de valor hist\u00f3rico e cultural, que representam os usos e costumes da nossa sociedade abrangendo as \u00faltimas d\u00e9cadas do s\u00e9c.19 at\u00e9 as primeiras d\u00e9cadas do s\u00e9culo XX, bem como a comunica\u00e7\u00e3o e exposi\u00e7\u00e3o ao p\u00fablico, para promo\u00e7\u00e3o do conhecimento e educa\u00e7\u00e3o, a servi\u00e7o da sociedade e de seu desenvolvimento.<\/p>\n<p><img loading=\"lazy\" decoding=\"async\" class=\"size-medium wp-image-248 aligncenter\" src=\"https:\/\/wp.ufpel.edu.br\/3cpgfeg\/files\/2018\/03\/Baronesa-400x270.jpg\" alt=\"\" width=\"400\" height=\"270\" srcset=\"https:\/\/wp.ufpel.edu.br\/3cpgfeg\/files\/2018\/03\/Baronesa-400x270.jpg 400w, https:\/\/wp.ufpel.edu.br\/3cpgfeg\/files\/2018\/03\/Baronesa-768x518.jpg 768w, https:\/\/wp.ufpel.edu.br\/3cpgfeg\/files\/2018\/03\/Baronesa-600x405.jpg 600w, https:\/\/wp.ufpel.edu.br\/3cpgfeg\/files\/2018\/03\/Baronesa.jpg 925w\" sizes=\"auto, (max-width: 400px) 100vw, 400px\" \/><\/p>\n<p style=\"text-align: center\">A casa da Baronesa<\/p>\n<p>Maiores informa\u00e7\u00f5es sobre Museu Municipal Parque da Baronesa, <a href=\"http:\/\/www.museudabaronesa.com.br\/\">clique aqui<\/a>.<\/p>\n<p><span style=\"text-decoration: underline\">Shopping Pelotas:<\/span><\/p>\n<p style=\"text-align: justify\">O Shopping Pelotas est\u00e1 localizado no cruzamento das Avenidas Ferreira Viana e S\u00e3o Francisco de Paula, no bairro Areal.\u00a0Oferece diversas op\u00e7\u00f5es de compras, alimenta\u00e7\u00e3o, lazer e servi\u00e7os.<\/p>\n<p><img loading=\"lazy\" decoding=\"async\" class=\"size-medium wp-image-249 aligncenter\" src=\"https:\/\/wp.ufpel.edu.br\/3cpgfeg\/files\/2018\/03\/Shopping-400x213.jpg\" alt=\"\" width=\"400\" height=\"213\" srcset=\"https:\/\/wp.ufpel.edu.br\/3cpgfeg\/files\/2018\/03\/Shopping-400x213.jpg 400w, https:\/\/wp.ufpel.edu.br\/3cpgfeg\/files\/2018\/03\/Shopping-600x319.jpg 600w, https:\/\/wp.ufpel.edu.br\/3cpgfeg\/files\/2018\/03\/Shopping.jpg 677w\" sizes=\"auto, (max-width: 400px) 100vw, 400px\" \/><\/p>\n<p style=\"text-align: center\">Shopping Pelotas<\/p>\n<p>Endere\u00e7o: Av. Ferreira Viana, 1526, Areal.<br \/>\nHor\u00e1rios:<br \/>\nSegunda a S\u00e1bado &#8211; das 10h \u00e0s 22h;<br \/>\nDomingos e feriados: Pra\u00e7a de alimenta\u00e7\u00e3o, cinema e lazer &#8211; das 11h \u00e0s 22h; Lojas &#8211; das 14h \u00e0s 20h<\/p>\n<p>&nbsp;<\/p>\n<p><strong>5) COL\u00d4NIA<\/strong><\/p>\n<p style=\"text-align: justify\">O munic\u00edpio de Pelotas possui uma grande \u00e1rea rural, que os pelotenses chamam de &#8220;col\u00f4nia&#8221;. Um passeio pelas estradas rurais da &#8220;col\u00f4nia&#8221; pode reservar boas surpresas: bons restaurantes e caf\u00e9s coloniais, belas cachoeiras, arquitetura peculiar, pousadas e recantos.<\/p>\n<p><img loading=\"lazy\" decoding=\"async\" class=\"size-medium wp-image-255 aligncenter\" src=\"https:\/\/wp.ufpel.edu.br\/3cpgfeg\/files\/2018\/03\/Vila-Nova-400x256.jpg\" alt=\"\" width=\"400\" height=\"256\" srcset=\"https:\/\/wp.ufpel.edu.br\/3cpgfeg\/files\/2018\/03\/Vila-Nova-400x256.jpg 400w, https:\/\/wp.ufpel.edu.br\/3cpgfeg\/files\/2018\/03\/Vila-Nova-600x384.jpg 600w, https:\/\/wp.ufpel.edu.br\/3cpgfeg\/files\/2018\/03\/Vila-Nova.jpg 603w\" sizes=\"auto, (max-width: 400px) 100vw, 400px\" \/><\/p>\n<p style=\"text-align: center\">Distrito Vila Nova<\/p>\n<p><img loading=\"lazy\" decoding=\"async\" class=\"size-medium wp-image-256 aligncenter\" src=\"https:\/\/wp.ufpel.edu.br\/3cpgfeg\/files\/2018\/03\/Cachoeira-Imigrante-400x299.jpg\" alt=\"\" width=\"400\" height=\"299\" srcset=\"https:\/\/wp.ufpel.edu.br\/3cpgfeg\/files\/2018\/03\/Cachoeira-Imigrante-400x299.jpg 400w, https:\/\/wp.ufpel.edu.br\/3cpgfeg\/files\/2018\/03\/Cachoeira-Imigrante.jpg 467w\" sizes=\"auto, (max-width: 400px) 100vw, 400px\" \/><\/p>\n<p style=\"text-align: center\">Cachoeira do Imigrante<\/p>\n<p><img loading=\"lazy\" decoding=\"async\" class=\"size-medium wp-image-253 aligncenter\" src=\"https:\/\/wp.ufpel.edu.br\/3cpgfeg\/files\/2018\/03\/Santu\u00e1rio-Guadalupe-400x249.jpg\" alt=\"\" width=\"400\" height=\"249\" srcset=\"https:\/\/wp.ufpel.edu.br\/3cpgfeg\/files\/2018\/03\/Santu\u00e1rio-Guadalupe-400x249.jpg 400w, https:\/\/wp.ufpel.edu.br\/3cpgfeg\/files\/2018\/03\/Santu\u00e1rio-Guadalupe-768x478.jpg 768w, https:\/\/wp.ufpel.edu.br\/3cpgfeg\/files\/2018\/03\/Santu\u00e1rio-Guadalupe-945x589.jpg 945w, https:\/\/wp.ufpel.edu.br\/3cpgfeg\/files\/2018\/03\/Santu\u00e1rio-Guadalupe-600x374.jpg 600w, https:\/\/wp.ufpel.edu.br\/3cpgfeg\/files\/2018\/03\/Santu\u00e1rio-Guadalupe.jpg 1018w\" sizes=\"auto, (max-width: 400px) 100vw, 400px\" \/><\/p>\n<p style=\"text-align: center\">Santu\u00e1rio de Nossa Senhora de Guadalupe<\/p>\n<p><img loading=\"lazy\" decoding=\"async\" class=\"size-full wp-image-257 aligncenter\" src=\"https:\/\/wp.ufpel.edu.br\/3cpgfeg\/files\/2018\/03\/Gruppelli.jpg\" alt=\"\" width=\"397\" height=\"300\" \/><\/p>\n<p style=\"text-align: center\">Restaurante Gruppelli<\/p>\n<p style=\"text-align: justify\">Para maiores informa\u00e7\u00f5es sobre a col\u00f4nia de pelotas, <a href=\"http:\/\/www.pelotascolonial.com.br\/nossa-colonia\">clique aqui<\/a>.<\/p>\n<p>&nbsp;<\/p>\n<p><strong>6) OUTROS LOCAIS DE INTERESSE<\/strong><\/p>\n<p><span style=\"text-decoration: underline\">Rio Grande<\/span>:<\/p>\n<p style=\"text-align: justify\">Apesar de ser o munic\u00edpio vizinho a Pelotas, a dist\u00e2ncia entre as sedes \u00e9 de cerca de 69km. Rio Grande \u00e9 conhecida pelo seu Porto, pelos molhes da barra da Laguna dos Patos, pela praia do Cassino, pela Esta\u00e7\u00e3o Ecol\u00f3gica do Taim, entre outros atrativos.<\/p>\n<p><img loading=\"lazy\" decoding=\"async\" class=\"size-medium wp-image-267 aligncenter\" src=\"https:\/\/wp.ufpel.edu.br\/3cpgfeg\/files\/2018\/03\/Molhes-400x193.jpg\" alt=\"\" width=\"400\" height=\"193\" srcset=\"https:\/\/wp.ufpel.edu.br\/3cpgfeg\/files\/2018\/03\/Molhes-400x193.jpg 400w, https:\/\/wp.ufpel.edu.br\/3cpgfeg\/files\/2018\/03\/Molhes-768x370.jpg 768w, https:\/\/wp.ufpel.edu.br\/3cpgfeg\/files\/2018\/03\/Molhes-1024x494.jpg 1024w, https:\/\/wp.ufpel.edu.br\/3cpgfeg\/files\/2018\/03\/Molhes-945x456.jpg 945w, https:\/\/wp.ufpel.edu.br\/3cpgfeg\/files\/2018\/03\/Molhes-600x289.jpg 600w, https:\/\/wp.ufpel.edu.br\/3cpgfeg\/files\/2018\/03\/Molhes.jpg 1319w\" sizes=\"auto, (max-width: 400px) 100vw, 400px\" \/><\/p>\n<p style=\"text-align: center\">Molhes de Rio Grande<\/p>\n<p>&nbsp;<\/p>\n<p><span style=\"text-decoration: underline\">Fronteira Internacional Jaguar\u00e3o (Brasil) \/ Rio Branco (Uruguai)<\/span>:<\/p>\n<p style=\"text-align: justify\">A fronteira internacional Jaguar\u00e3o (Brasil) \/ Rio Branco (Uruguai) fica distante cerca de 142km de Pelotas. Neste local, a Ponte Internacional Bar\u00e3o de Mau\u00e1 faz a liga\u00e7\u00e3o entre os dois pa\u00edses. Rio Branco \u00e9 conhecida pelos seus free-shops, onde os turistas aproveitam para comprar os mais diversos produtos a pre\u00e7os atrativos. Em Rio Branco, ainda \u00e9 poss\u00edvel provar um pouco da culin\u00e1ria uruguaia, muito conhecida pela qualidade de suas carnes, queijos, doce de leite, entre outras especialidades.<\/p>\n<p><img loading=\"lazy\" decoding=\"async\" class=\"size-medium wp-image-268 aligncenter\" src=\"https:\/\/wp.ufpel.edu.br\/3cpgfeg\/files\/2018\/03\/Jaguar\u00e3o_Rio-Branco-400x198.jpg\" alt=\"\" width=\"400\" height=\"198\" srcset=\"https:\/\/wp.ufpel.edu.br\/3cpgfeg\/files\/2018\/03\/Jaguar\u00e3o_Rio-Branco-400x198.jpg 400w, https:\/\/wp.ufpel.edu.br\/3cpgfeg\/files\/2018\/03\/Jaguar\u00e3o_Rio-Branco-768x380.jpg 768w, https:\/\/wp.ufpel.edu.br\/3cpgfeg\/files\/2018\/03\/Jaguar\u00e3o_Rio-Branco-1024x507.jpg 1024w, https:\/\/wp.ufpel.edu.br\/3cpgfeg\/files\/2018\/03\/Jaguar\u00e3o_Rio-Branco-945x468.jpg 945w, https:\/\/wp.ufpel.edu.br\/3cpgfeg\/files\/2018\/03\/Jaguar\u00e3o_Rio-Branco-600x297.jpg 600w, https:\/\/wp.ufpel.edu.br\/3cpgfeg\/files\/2018\/03\/Jaguar\u00e3o_Rio-Branco.jpg 1242w\" sizes=\"auto, (max-width: 400px) 100vw, 400px\" \/><\/p>\n<p style=\"text-align: center\">Ponte Internacional Bar\u00e3o de Mau\u00e1<\/p>\n<p>&nbsp;<\/p>\n<p><span style=\"text-decoration: underline\">Fronteira Internacional Chu\u00ed (Brasil) \/ Chuy (Uruguai)<\/span>:<\/p>\n<p style=\"text-align: justify\">A fronteira internacional Chu\u00ed (Brasil) \/ Chuy (Uruguai) fica distante cerca de 267km de Pelotas. Para chegar ao Chu\u00ed, \u00e9 preciso percorrer a hist\u00f3rica regi\u00e3o dos antigos &#8220;<a href=\"https:\/\/pt.wikipedia.org\/wiki\/Campos_Neutrais\">Campos Neutrais<\/a>&#8220;, passando tamb\u00e9m pela Esta\u00e7\u00e3o Ecol\u00f3gica do Taim. As cidades irm\u00e3s de Chu\u00ed e Chuy s\u00e3o conhecidas pelos free-shops, mas tamb\u00e9m pelos cassinos e pelas parillas (restaurantes de carnes feita na grelha, ao estilo uruguaio). Vale ainda fazer uma visita \u00e0 Barra do Arroio Chu\u00ed, onde o Brasil come\u00e7a (ou termina).<\/p>\n<p><img loading=\"lazy\" decoding=\"async\" class=\"size-medium wp-image-269 aligncenter\" src=\"https:\/\/wp.ufpel.edu.br\/3cpgfeg\/files\/2018\/03\/Chu\u00ed-400x287.jpg\" alt=\"\" width=\"400\" height=\"287\" srcset=\"https:\/\/wp.ufpel.edu.br\/3cpgfeg\/files\/2018\/03\/Chu\u00ed-400x287.jpg 400w, https:\/\/wp.ufpel.edu.br\/3cpgfeg\/files\/2018\/03\/Chu\u00ed-768x552.jpg 768w, https:\/\/wp.ufpel.edu.br\/3cpgfeg\/files\/2018\/03\/Chu\u00ed-600x431.jpg 600w, https:\/\/wp.ufpel.edu.br\/3cpgfeg\/files\/2018\/03\/Chu\u00ed.jpg 845w\" sizes=\"auto, (max-width: 400px) 100vw, 400px\" \/><\/p>\n<p style=\"text-align: center\">Barra do Chu\u00ed<\/p>\n","protected":false},"excerpt":{"rendered":"<p>1) CHARQUEADAS Pelotas iniciou \u00e0s margens do Arroio Pelotas, onde as Charqueadas, propriedades rurais voltadas para o abate de gado e para a produ\u00e7\u00e3o da carne seca e salgada (o charque), se estabeleceram. Charqueada S\u00e3o Jo\u00e3o: Foi constru\u00edda entre 1807&#8230; <a class=\"more-link\" href=\"https:\/\/wp.ufpel.edu.br\/3cpgfeg\/conheca-pelotas\/turismo\/\">Continue lendo &rarr;<\/a><\/p>\n","protected":false},"author":827,"featured_media":0,"parent":137,"menu_order":3,"comment_status":"closed","ping_status":"closed","template":"","meta":{"footnotes":""},"class_list":["post-215","page","type-page","status-publish","hentry"],"_links":{"self":[{"href":"https:\/\/wp.ufpel.edu.br\/3cpgfeg\/wp-json\/wp\/v2\/pages\/215","targetHints":{"allow":["GET"]}}],"collection":[{"href":"https:\/\/wp.ufpel.edu.br\/3cpgfeg\/wp-json\/wp\/v2\/pages"}],"about":[{"href":"https:\/\/wp.ufpel.edu.br\/3cpgfeg\/wp-json\/wp\/v2\/types\/page"}],"author":[{"embeddable":true,"href":"https:\/\/wp.ufpel.edu.br\/3cpgfeg\/wp-json\/wp\/v2\/users\/827"}],"replies":[{"embeddable":true,"href":"https:\/\/wp.ufpel.edu.br\/3cpgfeg\/wp-json\/wp\/v2\/comments?post=215"}],"version-history":[{"count":32,"href":"https:\/\/wp.ufpel.edu.br\/3cpgfeg\/wp-json\/wp\/v2\/pages\/215\/revisions"}],"predecessor-version":[{"id":303,"href":"https:\/\/wp.ufpel.edu.br\/3cpgfeg\/wp-json\/wp\/v2\/pages\/215\/revisions\/303"}],"up":[{"embeddable":true,"href":"https:\/\/wp.ufpel.edu.br\/3cpgfeg\/wp-json\/wp\/v2\/pages\/137"}],"wp:attachment":[{"href":"https:\/\/wp.ufpel.edu.br\/3cpgfeg\/wp-json\/wp\/v2\/media?parent=215"}],"curies":[{"name":"wp","href":"https:\/\/api.w.org\/{rel}","templated":true}]}}