{"id":205,"date":"2018-03-22T16:21:35","date_gmt":"2018-03-22T19:21:35","guid":{"rendered":"https:\/\/wp.ufpel.edu.br\/3cpgfeg\/?page_id=205"},"modified":"2018-03-22T16:31:30","modified_gmt":"2018-03-22T19:31:30","slug":"apresentacao","status":"publish","type":"page","link":"https:\/\/wp.ufpel.edu.br\/3cpgfeg\/conheca-pelotas\/apresentacao\/","title":{"rendered":"Apresenta\u00e7\u00e3o"},"content":{"rendered":"<p style=\"text-align: justify\">O munic\u00edpio de Pelotas localiza-se na regi\u00e3o sul do estado do Rio Grande do Sul, encontra-se a 260km de Porto Alegre e possui uma popula\u00e7\u00e3o de mais de 340 mil habitantes, sendo o terceiro munic\u00edpio mais populoso do estado.<\/p>\n<p style=\"text-align: justify\">Quando se fala de Pelotas, muitas s\u00e3o as refer\u00eancias: o patrim\u00f4nio hist\u00f3rico, as charqueadas, os doces, as influ\u00eancias dos portugueses, dos negros e dos imigrantes; a Pelotas da Laguna dos Patos, das plan\u00edcies a perder de vista e da Serra de Sudeste; a Satolep, cidade imagin\u00e1ria da m\u00fasica e da fic\u00e7\u00e3o liter\u00e1ria; a Pelotas urbana e a Pelotas da &#8220;col\u00f4nia&#8221;, entre tantas outras.<\/p>\n<p><img loading=\"lazy\" decoding=\"async\" class=\"wp-image-209 aligncenter\" src=\"https:\/\/wp.ufpel.edu.br\/3cpgfeg\/files\/2018\/03\/Vista_Pelotas-400x216.jpg\" alt=\"\" width=\"519\" height=\"280\" srcset=\"https:\/\/wp.ufpel.edu.br\/3cpgfeg\/files\/2018\/03\/Vista_Pelotas-400x216.jpg 400w, https:\/\/wp.ufpel.edu.br\/3cpgfeg\/files\/2018\/03\/Vista_Pelotas-768x415.jpg 768w, https:\/\/wp.ufpel.edu.br\/3cpgfeg\/files\/2018\/03\/Vista_Pelotas-1024x553.jpg 1024w, https:\/\/wp.ufpel.edu.br\/3cpgfeg\/files\/2018\/03\/Vista_Pelotas-945x510.jpg 945w, https:\/\/wp.ufpel.edu.br\/3cpgfeg\/files\/2018\/03\/Vista_Pelotas-600x324.jpg 600w, https:\/\/wp.ufpel.edu.br\/3cpgfeg\/files\/2018\/03\/Vista_Pelotas.jpg 1067w\" sizes=\"auto, (max-width: 519px) 100vw, 519px\" \/><\/p>\n<p style=\"text-align: center\">Vista da cidade de Pelotas e o Canal S\u00e3o Gon\u00e7alo, ao fundo<\/p>\n<p style=\"text-align: justify\">O III Col\u00f3quio de Pesquisadores em Geografia F\u00edsica e Ensino de Geografia ser\u00e1 uma excelente oportunidade para que os participantes conhe\u00e7am e explorarem um pouco mais as diferentes facetas deste munic\u00edpio e da regi\u00e3o.<\/p>\n<p style=\"text-align: justify\">Para mais alguns dados gerais do munic\u00edpio de Pelotas, <a href=\"http:\/\/www.pelotas.com.br\/cidade\/dados-gerais\">clique aqui<\/a>.<\/p>\n","protected":false},"excerpt":{"rendered":"<p>O munic\u00edpio de Pelotas localiza-se na regi\u00e3o sul do estado do Rio Grande do Sul, encontra-se a 260km de Porto Alegre e possui uma popula\u00e7\u00e3o de mais de 340 mil habitantes, sendo o terceiro munic\u00edpio mais populoso do estado. Quando&#8230; <a class=\"more-link\" href=\"https:\/\/wp.ufpel.edu.br\/3cpgfeg\/conheca-pelotas\/apresentacao\/\">Continue lendo &rarr;<\/a><\/p>\n","protected":false},"author":827,"featured_media":0,"parent":137,"menu_order":1,"comment_status":"closed","ping_status":"closed","template":"","meta":{"footnotes":""},"class_list":["post-205","page","type-page","status-publish","hentry"],"_links":{"self":[{"href":"https:\/\/wp.ufpel.edu.br\/3cpgfeg\/wp-json\/wp\/v2\/pages\/205","targetHints":{"allow":["GET"]}}],"collection":[{"href":"https:\/\/wp.ufpel.edu.br\/3cpgfeg\/wp-json\/wp\/v2\/pages"}],"about":[{"href":"https:\/\/wp.ufpel.edu.br\/3cpgfeg\/wp-json\/wp\/v2\/types\/page"}],"author":[{"embeddable":true,"href":"https:\/\/wp.ufpel.edu.br\/3cpgfeg\/wp-json\/wp\/v2\/users\/827"}],"replies":[{"embeddable":true,"href":"https:\/\/wp.ufpel.edu.br\/3cpgfeg\/wp-json\/wp\/v2\/comments?post=205"}],"version-history":[{"count":7,"href":"https:\/\/wp.ufpel.edu.br\/3cpgfeg\/wp-json\/wp\/v2\/pages\/205\/revisions"}],"predecessor-version":[{"id":220,"href":"https:\/\/wp.ufpel.edu.br\/3cpgfeg\/wp-json\/wp\/v2\/pages\/205\/revisions\/220"}],"up":[{"embeddable":true,"href":"https:\/\/wp.ufpel.edu.br\/3cpgfeg\/wp-json\/wp\/v2\/pages\/137"}],"wp:attachment":[{"href":"https:\/\/wp.ufpel.edu.br\/3cpgfeg\/wp-json\/wp\/v2\/media?parent=205"}],"curies":[{"name":"wp","href":"https:\/\/api.w.org\/{rel}","templated":true}]}}