{"id":144,"date":"2018-03-15T15:50:23","date_gmt":"2018-03-15T18:50:23","guid":{"rendered":"https:\/\/wp.ufpel.edu.br\/3cpgfeg\/?page_id=144"},"modified":"2018-03-15T20:40:02","modified_gmt":"2018-03-15T23:40:02","slug":"contato","status":"publish","type":"page","link":"https:\/\/wp.ufpel.edu.br\/3cpgfeg\/contato\/","title":{"rendered":"Contato"},"content":{"rendered":"<p style=\"text-align: justify\">Para informa\u00e7\u00f5es sobre o col\u00f3quio, envie um e-mail para:<\/p>\n<p style=\"text-align: center\"><strong>3cgfeg.infos@gmail.com<\/strong><\/p>\n","protected":false},"excerpt":{"rendered":"<p>Para informa\u00e7\u00f5es sobre o col\u00f3quio, envie um e-mail para: 3cgfeg.infos@gmail.com<\/p>\n","protected":false},"author":827,"featured_media":0,"parent":0,"menu_order":8,"comment_status":"closed","ping_status":"closed","template":"","meta":{"footnotes":""},"class_list":["post-144","page","type-page","status-publish","hentry"],"_links":{"self":[{"href":"https:\/\/wp.ufpel.edu.br\/3cpgfeg\/wp-json\/wp\/v2\/pages\/144","targetHints":{"allow":["GET"]}}],"collection":[{"href":"https:\/\/wp.ufpel.edu.br\/3cpgfeg\/wp-json\/wp\/v2\/pages"}],"about":[{"href":"https:\/\/wp.ufpel.edu.br\/3cpgfeg\/wp-json\/wp\/v2\/types\/page"}],"author":[{"embeddable":true,"href":"https:\/\/wp.ufpel.edu.br\/3cpgfeg\/wp-json\/wp\/v2\/users\/827"}],"replies":[{"embeddable":true,"href":"https:\/\/wp.ufpel.edu.br\/3cpgfeg\/wp-json\/wp\/v2\/comments?post=144"}],"version-history":[{"count":4,"href":"https:\/\/wp.ufpel.edu.br\/3cpgfeg\/wp-json\/wp\/v2\/pages\/144\/revisions"}],"predecessor-version":[{"id":188,"href":"https:\/\/wp.ufpel.edu.br\/3cpgfeg\/wp-json\/wp\/v2\/pages\/144\/revisions\/188"}],"wp:attachment":[{"href":"https:\/\/wp.ufpel.edu.br\/3cpgfeg\/wp-json\/wp\/v2\/media?parent=144"}],"curies":[{"name":"wp","href":"https:\/\/api.w.org\/{rel}","templated":true}]}}