{"id":141,"date":"2018-03-15T15:48:12","date_gmt":"2018-03-15T18:48:12","guid":{"rendered":"https:\/\/wp.ufpel.edu.br\/3cpgfeg\/?page_id=141"},"modified":"2018-07-17T23:10:30","modified_gmt":"2018-07-18T02:10:30","slug":"realizacao","status":"publish","type":"page","link":"https:\/\/wp.ufpel.edu.br\/3cpgfeg\/realizacao\/","title":{"rendered":"Realiza\u00e7\u00e3o"},"content":{"rendered":"<p style=\"text-align: center\"><strong>Coordena\u00e7\u00e3o Geral:<\/strong><\/p>\n<p style=\"text-align: center\">Profa. Dra. Liz Cristiane Dias (UFPel)<\/p>\n<p style=\"text-align: center\">Prof. Dr. Ant\u00f4nio Carlos Castrogiovanni (UFRGS)<\/p>\n<p style=\"text-align: center\">Profa. Dra. Rosangela Lurdes Spironello (UFPel)<\/p>\n<p style=\"text-align: center\">Prof. Dr. Adriano Lu\u00eds Heck Simon (UFPel)<\/p>\n<p style=\"text-align: center\">Profa. Dra. Edvania Aparecida Correa (UFPel)<\/p>\n<p style=\"text-align: center\">Profa. Dra. Erika Collischonn (UFPel)<\/p>\n<p style=\"text-align: center\">Prof. Dr. Maur\u00edcio Meurer (UFPel)<\/p>\n<p style=\"text-align: center\">Prof. Dr. Mois\u00e9s Ortemar Rehbein (UFPel)<\/p>\n<p>&nbsp;<\/p>\n<p style=\"text-align: center\"><strong>Organiza\u00e7\u00e3o:<\/strong><\/p>\n<p style=\"text-align: center\">Universidade Federal de Pelotas\/UFPel \u2013 ICH\/Instituto de Ci\u00eancias Humanas<\/p>\n<p style=\"text-align: center\">PPGeo\/UFPel &#8211; Programa de P\u00f3s-Gradua\u00e7\u00e3o em Geografia &#8211; Universidade Federal de Pelotas<\/p>\n<p style=\"text-align: center\">LEGA &#8211; Laborat\u00f3rio de Educa\u00e7\u00e3o Geogr\u00e1fica Ambiental<\/p>\n<p style=\"text-align: center\">LEAGEF &#8211; Laborat\u00f3rio de Estudos Aplicados \u00e0 Geografia F\u00edsica<\/p>\n<p style=\"text-align: center\">POSGEA\/UFRGS &#8211; Programa de P\u00f3s-Gradua\u00e7\u00e3o em Geografia &#8211; Universidade Federal do Rio Grande do Sul<\/p>\n<p style=\"text-align: center\">NEEGEO &#8211; N\u00facleo de Estudos de Educa\u00e7\u00e3o e Geografia<\/p>\n<p><img loading=\"lazy\" decoding=\"async\" class=\" wp-image-198 aligncenter\" src=\"https:\/\/wp.ufpel.edu.br\/3cpgfeg\/files\/2018\/03\/Realiza\u00e7\u00e3o_Logos-400x173.jpg\" alt=\"\" width=\"488\" height=\"211\" srcset=\"https:\/\/wp.ufpel.edu.br\/3cpgfeg\/files\/2018\/03\/Realiza\u00e7\u00e3o_Logos-400x173.jpg 400w, https:\/\/wp.ufpel.edu.br\/3cpgfeg\/files\/2018\/03\/Realiza\u00e7\u00e3o_Logos-600x259.jpg 600w, https:\/\/wp.ufpel.edu.br\/3cpgfeg\/files\/2018\/03\/Realiza\u00e7\u00e3o_Logos.jpg 709w\" sizes=\"auto, (max-width: 488px) 100vw, 488px\" \/><\/p>\n","protected":false},"excerpt":{"rendered":"<p>Coordena\u00e7\u00e3o Geral: Profa. Dra. Liz Cristiane Dias (UFPel) Prof. Dr. Ant\u00f4nio Carlos Castrogiovanni (UFRGS) Profa. Dra. Rosangela Lurdes Spironello (UFPel) Prof. Dr. Adriano Lu\u00eds Heck Simon (UFPel) Profa. Dra. Edvania Aparecida Correa (UFPel) Profa. Dra. Erika Collischonn (UFPel) Prof. Dr&#8230;. <a class=\"more-link\" href=\"https:\/\/wp.ufpel.edu.br\/3cpgfeg\/realizacao\/\">Continue lendo &rarr;<\/a><\/p>\n","protected":false},"author":827,"featured_media":0,"parent":0,"menu_order":9,"comment_status":"closed","ping_status":"closed","template":"","meta":{"footnotes":""},"class_list":["post-141","page","type-page","status-publish","hentry"],"_links":{"self":[{"href":"https:\/\/wp.ufpel.edu.br\/3cpgfeg\/wp-json\/wp\/v2\/pages\/141","targetHints":{"allow":["GET"]}}],"collection":[{"href":"https:\/\/wp.ufpel.edu.br\/3cpgfeg\/wp-json\/wp\/v2\/pages"}],"about":[{"href":"https:\/\/wp.ufpel.edu.br\/3cpgfeg\/wp-json\/wp\/v2\/types\/page"}],"author":[{"embeddable":true,"href":"https:\/\/wp.ufpel.edu.br\/3cpgfeg\/wp-json\/wp\/v2\/users\/827"}],"replies":[{"embeddable":true,"href":"https:\/\/wp.ufpel.edu.br\/3cpgfeg\/wp-json\/wp\/v2\/comments?post=141"}],"version-history":[{"count":9,"href":"https:\/\/wp.ufpel.edu.br\/3cpgfeg\/wp-json\/wp\/v2\/pages\/141\/revisions"}],"predecessor-version":[{"id":315,"href":"https:\/\/wp.ufpel.edu.br\/3cpgfeg\/wp-json\/wp\/v2\/pages\/141\/revisions\/315"}],"wp:attachment":[{"href":"https:\/\/wp.ufpel.edu.br\/3cpgfeg\/wp-json\/wp\/v2\/media?parent=141"}],"curies":[{"name":"wp","href":"https:\/\/api.w.org\/{rel}","templated":true}]}}