{"id":137,"date":"2018-03-15T15:34:03","date_gmt":"2018-03-15T18:34:03","guid":{"rendered":"https:\/\/wp.ufpel.edu.br\/3cpgfeg\/?page_id=137"},"modified":"2018-03-22T21:04:08","modified_gmt":"2018-03-23T00:04:08","slug":"conheca-pelotas","status":"publish","type":"page","link":"https:\/\/wp.ufpel.edu.br\/3cpgfeg\/conheca-pelotas\/","title":{"rendered":"Conhe\u00e7a Pelotas"},"content":{"rendered":"<p>Acesse os menus e conhe\u00e7a um pouco mais sobre Pelotas e regi\u00e3o.<\/p>\n","protected":false},"excerpt":{"rendered":"<p>Acesse os menus e conhe\u00e7a um pouco mais sobre Pelotas e regi\u00e3o.<\/p>\n","protected":false},"author":827,"featured_media":0,"parent":0,"menu_order":6,"comment_status":"closed","ping_status":"closed","template":"","meta":{"footnotes":""},"class_list":["post-137","page","type-page","status-publish","hentry"],"_links":{"self":[{"href":"https:\/\/wp.ufpel.edu.br\/3cpgfeg\/wp-json\/wp\/v2\/pages\/137","targetHints":{"allow":["GET"]}}],"collection":[{"href":"https:\/\/wp.ufpel.edu.br\/3cpgfeg\/wp-json\/wp\/v2\/pages"}],"about":[{"href":"https:\/\/wp.ufpel.edu.br\/3cpgfeg\/wp-json\/wp\/v2\/types\/page"}],"author":[{"embeddable":true,"href":"https:\/\/wp.ufpel.edu.br\/3cpgfeg\/wp-json\/wp\/v2\/users\/827"}],"replies":[{"embeddable":true,"href":"https:\/\/wp.ufpel.edu.br\/3cpgfeg\/wp-json\/wp\/v2\/comments?post=137"}],"version-history":[{"count":3,"href":"https:\/\/wp.ufpel.edu.br\/3cpgfeg\/wp-json\/wp\/v2\/pages\/137\/revisions"}],"predecessor-version":[{"id":247,"href":"https:\/\/wp.ufpel.edu.br\/3cpgfeg\/wp-json\/wp\/v2\/pages\/137\/revisions\/247"}],"wp:attachment":[{"href":"https:\/\/wp.ufpel.edu.br\/3cpgfeg\/wp-json\/wp\/v2\/media?parent=137"}],"curies":[{"name":"wp","href":"https:\/\/api.w.org\/{rel}","templated":true}]}}