{"id":131,"date":"2018-03-15T15:32:34","date_gmt":"2018-03-15T18:32:34","guid":{"rendered":"https:\/\/wp.ufpel.edu.br\/3cpgfeg\/?page_id=131"},"modified":"2018-09-06T15:03:25","modified_gmt":"2018-09-06T18:03:25","slug":"inscricoes","status":"publish","type":"page","link":"https:\/\/wp.ufpel.edu.br\/3cpgfeg\/inscricoes\/","title":{"rendered":"Inscri\u00e7\u00f5es"},"content":{"rendered":"<p><strong>PROCEDIMENTOS DE INSCRI\u00c7\u00c3O<\/strong><\/p>\n<p><strong>Ouvintes:<\/strong><\/p>\n<p>Os ouvintes devem baixar o Formul\u00e1rio de Inscri\u00e7\u00e3o para Ouvintes, realizar o seu preenchimento, e seguir as instru\u00e7\u00f5es contidas ao final do formul\u00e1rio.<\/p>\n<p><a href=\"https:\/\/wp.ufpel.edu.br\/3cpgfeg\/files\/2018\/07\/Formul\u00e1rio-de-Inscri\u00e7\u00e3o-para-Ouvintes.docx\">Formul\u00e1rio de Inscri\u00e7\u00e3o para Ouvintes<\/a><\/p>\n<p>&nbsp;<\/p>\n<p><strong>Apresentadores de Trabalho:<\/strong><\/p>\n<p>Os apresentadores de trabalhos devem fazer a inscri\u00e7\u00e3o utilizando a Ficha de Inscri\u00e7\u00e3o para Apresentadores de Trabalho, dispon\u00edvel na p\u00e1gina de <a href=\"https:\/\/wp.ufpel.edu.br\/3cpgfeg\/submissao-de-trabalhos\/\">Submiss\u00f5es<\/a>, e seguir as instru\u00e7\u00f5es contidas ao final do formul\u00e1rio.<\/p>\n<p><strong>Importante:<\/strong> Aqueles que submeterem trabalho ao evento estar\u00e3o automaticamente insc<span class=\"text_exposed_show\">ritos enquanto ouvintes, n\u00e3o necessitando de nova inscri\u00e7\u00e3o.<\/span><\/p>\n<p>&nbsp;<\/p>\n<p><strong>VALORES<\/strong><\/p>\n<p><strong>At\u00e9 31\/10:<\/strong><\/p>\n<p>Alunos de gradua\u00e7\u00e3o e Professores da Educa\u00e7\u00e3o B\u00e1sica &#8211; R$ 70,00<\/p>\n<p>Alunos de P\u00f3s-Gradua\u00e7\u00e3o &#8211; R$ 90,00<\/p>\n<p>Professores e Pesquisadores de IES &#8211; R$ 130,00<\/p>\n<p>&nbsp;<\/p>\n<p><strong>De 01\/11 a 20\/11:<\/strong><\/p>\n<p>Alunos de gradua\u00e7\u00e3o e Professores da Educa\u00e7\u00e3o B\u00e1sica &#8211; R$ 90,00<\/p>\n<p>Alunos de P\u00f3s-Gradua\u00e7\u00e3o &#8211; R$ 110,00<\/p>\n<p>Professores e Pesquisadores de IES &#8211; R$ 150,00<\/p>\n<p>&nbsp;<\/p>\n<p><strong>No evento:<\/strong><\/p>\n<p>Alunos de gradua\u00e7\u00e3o e Professores da Educa\u00e7\u00e3o B\u00e1sica &#8211; R$ 100,00<\/p>\n<p>Alunos de P\u00f3s-Gradua\u00e7\u00e3o &#8211; R$ 120,00<\/p>\n<p>Professores e Pesquisadores de IES &#8211; R$ 180,00<\/p>\n<p>&nbsp;<\/p>\n<p><strong>FORMA DE PAGAMENTO<\/strong><\/p>\n<p>Os valores correspondentes \u00e0s inscri\u00e7\u00f5es dever\u00e3o ser depositados na seguinte conta:<\/p>\n<p style=\"text-align: center\"><strong>BANCO DO BRASIL<\/strong><\/p>\n<p style=\"text-align: center\"><strong>Ag.: 2942-4<\/strong><\/p>\n<p style=\"text-align: center\"><strong>Conta poupan\u00e7a 116.606-9, varia\u00e7\u00e3o 81<\/strong><\/p>\n<p>&nbsp;<\/p>\n<p>Os comprovantes de inscri\u00e7\u00e3o dever\u00e3o ser digitalizados e enviados junto com o formul\u00e1rio de inscri\u00e7\u00e3o, devendo o original ser guardado e apresentado no dia do evento.<\/p>\n<p>&nbsp;<\/p>\n<p>Para maiores informa\u00e7\u00f5es, escreva para:<\/p>\n<p style=\"text-align: center\"><strong>3cgfeg.infos@gmail.com<\/strong><\/p>\n","protected":false},"excerpt":{"rendered":"<p>PROCEDIMENTOS DE INSCRI\u00c7\u00c3O Ouvintes: Os ouvintes devem baixar o Formul\u00e1rio de Inscri\u00e7\u00e3o para Ouvintes, realizar o seu preenchimento, e seguir as instru\u00e7\u00f5es contidas ao final do formul\u00e1rio. Formul\u00e1rio de Inscri\u00e7\u00e3o para Ouvintes &nbsp; Apresentadores de Trabalho: Os apresentadores de trabalhos&#8230; <a class=\"more-link\" href=\"https:\/\/wp.ufpel.edu.br\/3cpgfeg\/inscricoes\/\">Continue lendo &rarr;<\/a><\/p>\n","protected":false},"author":827,"featured_media":0,"parent":0,"menu_order":4,"comment_status":"closed","ping_status":"closed","template":"","meta":{"footnotes":""},"class_list":["post-131","page","type-page","status-publish","hentry"],"_links":{"self":[{"href":"https:\/\/wp.ufpel.edu.br\/3cpgfeg\/wp-json\/wp\/v2\/pages\/131","targetHints":{"allow":["GET"]}}],"collection":[{"href":"https:\/\/wp.ufpel.edu.br\/3cpgfeg\/wp-json\/wp\/v2\/pages"}],"about":[{"href":"https:\/\/wp.ufpel.edu.br\/3cpgfeg\/wp-json\/wp\/v2\/types\/page"}],"author":[{"embeddable":true,"href":"https:\/\/wp.ufpel.edu.br\/3cpgfeg\/wp-json\/wp\/v2\/users\/827"}],"replies":[{"embeddable":true,"href":"https:\/\/wp.ufpel.edu.br\/3cpgfeg\/wp-json\/wp\/v2\/comments?post=131"}],"version-history":[{"count":9,"href":"https:\/\/wp.ufpel.edu.br\/3cpgfeg\/wp-json\/wp\/v2\/pages\/131\/revisions"}],"predecessor-version":[{"id":347,"href":"https:\/\/wp.ufpel.edu.br\/3cpgfeg\/wp-json\/wp\/v2\/pages\/131\/revisions\/347"}],"wp:attachment":[{"href":"https:\/\/wp.ufpel.edu.br\/3cpgfeg\/wp-json\/wp\/v2\/media?parent=131"}],"curies":[{"name":"wp","href":"https:\/\/api.w.org\/{rel}","templated":true}]}}