{"id":128,"date":"2018-03-15T15:32:07","date_gmt":"2018-03-15T18:32:07","guid":{"rendered":"https:\/\/wp.ufpel.edu.br\/3cpgfeg\/?page_id=128"},"modified":"2018-08-29T11:40:00","modified_gmt":"2018-08-29T14:40:00","slug":"submissao-de-trabalhos","status":"publish","type":"page","link":"https:\/\/wp.ufpel.edu.br\/3cpgfeg\/submissao-de-trabalhos\/","title":{"rendered":"Submiss\u00e3o de Trabalhos"},"content":{"rendered":"<p style=\"text-align: justify\">Para a submiss\u00e3o de trabalho, os autores devem preencher o formul\u00e1rio de inscri\u00e7\u00e3o para apresentadores de trabalhos, e utilizar os dois modelos de submiss\u00e3o a seguir.<\/p>\n<p><a href=\"https:\/\/wp.ufpel.edu.br\/3cpgfeg\/files\/2018\/07\/Formul\u00e1rio-de-Inscri\u00e7\u00e3o-para-Apresentadores-de-Trabalhos.docx\">Formul\u00e1rio de Inscri\u00e7\u00e3o para Apresentadores de Trabalhos<\/a><\/p>\n<p><a href=\"https:\/\/wp.ufpel.edu.br\/3cpgfeg\/files\/2018\/07\/Modelo-para-trabalhos-III-CGFEG.docx\">Modelo para submiss\u00e3o <\/a><\/p>\n<p><a href=\"https:\/\/wp.ufpel.edu.br\/3cpgfeg\/files\/2018\/07\/Modelo-para-trabalhos-III-CGFEG-vers\u00e3o-an\u00f4nima.docx\">Modelo para submiss\u00e3o (vers\u00e3o an\u00f4nima)<\/a><\/p>\n<p><strong>Ser\u00e3o aceitos trabalhos com no m\u00e1ximo 3 autores.<\/strong><\/p>\n<p>O modelo para submiss\u00e3o em vers\u00e3o an\u00f4nima ser\u00e1 o utilizado pelos avaliadores da comiss\u00e3o cient\u00edfica, garantindo assim uma avalia\u00e7\u00e3o isenta dos trabalhos enviados.<\/p>\n<p>O modelo para submiss\u00e3o identificado ser\u00e1 o utilizado pela organiza\u00e7\u00e3o do evento para controlar a autoria dos trabalhos ao longo do processo de editora\u00e7\u00e3o dos anais.<\/p>\n<p>\u00c9 fundamental que os autores tomem conhecimento das orienta\u00e7\u00f5es sobre o funcionamento dos Grupos de Trabalho, dispon\u00edveis <a href=\"https:\/\/wp.ufpel.edu.br\/3cpgfeg\/files\/2018\/08\/Metodologia_GTs.pdf\">aqui<\/a>.<\/p>\n<p>&nbsp;<\/p>\n<p>As submiss\u00f5es devem ser enviadas para:<\/p>\n<p style=\"text-align: center\"><strong>3cgfeg.submissao@gmail.com<\/strong><\/p>\n<p>&nbsp;<\/p>\n<p>Per\u00edodo de submiss\u00e3o :<\/p>\n<p style=\"text-align: center\"><strong><span style=\"text-decoration: line-through\">de 15\/07\/2018 a 15\/08\/2018<\/span><\/strong><\/p>\n<p style=\"text-align: center\"><strong>PRORROGADO AT\u00c9 05\/09\/2018 !<br \/>\n<\/strong><\/p>\n<p>&nbsp;<\/p>\n<p>Para maiores informa\u00e7\u00f5es, escreva para:<\/p>\n<p style=\"text-align: center\"><strong>3cgfeg.infos@gmail.com<\/strong><\/p>\n","protected":false},"excerpt":{"rendered":"<p>Para a submiss\u00e3o de trabalho, os autores devem preencher o formul\u00e1rio de inscri\u00e7\u00e3o para apresentadores de trabalhos, e utilizar os dois modelos de submiss\u00e3o a seguir. Formul\u00e1rio de Inscri\u00e7\u00e3o para Apresentadores de Trabalhos Modelo para submiss\u00e3o Modelo para submiss\u00e3o (vers\u00e3o&#8230; <a class=\"more-link\" href=\"https:\/\/wp.ufpel.edu.br\/3cpgfeg\/submissao-de-trabalhos\/\">Continue lendo &rarr;<\/a><\/p>\n","protected":false},"author":827,"featured_media":0,"parent":0,"menu_order":3,"comment_status":"closed","ping_status":"closed","template":"","meta":{"footnotes":""},"class_list":["post-128","page","type-page","status-publish","hentry"],"_links":{"self":[{"href":"https:\/\/wp.ufpel.edu.br\/3cpgfeg\/wp-json\/wp\/v2\/pages\/128","targetHints":{"allow":["GET"]}}],"collection":[{"href":"https:\/\/wp.ufpel.edu.br\/3cpgfeg\/wp-json\/wp\/v2\/pages"}],"about":[{"href":"https:\/\/wp.ufpel.edu.br\/3cpgfeg\/wp-json\/wp\/v2\/types\/page"}],"author":[{"embeddable":true,"href":"https:\/\/wp.ufpel.edu.br\/3cpgfeg\/wp-json\/wp\/v2\/users\/827"}],"replies":[{"embeddable":true,"href":"https:\/\/wp.ufpel.edu.br\/3cpgfeg\/wp-json\/wp\/v2\/comments?post=128"}],"version-history":[{"count":12,"href":"https:\/\/wp.ufpel.edu.br\/3cpgfeg\/wp-json\/wp\/v2\/pages\/128\/revisions"}],"predecessor-version":[{"id":333,"href":"https:\/\/wp.ufpel.edu.br\/3cpgfeg\/wp-json\/wp\/v2\/pages\/128\/revisions\/333"}],"wp:attachment":[{"href":"https:\/\/wp.ufpel.edu.br\/3cpgfeg\/wp-json\/wp\/v2\/media?parent=128"}],"curies":[{"name":"wp","href":"https:\/\/api.w.org\/{rel}","templated":true}]}}