{"id":124,"date":"2018-03-15T15:29:21","date_gmt":"2018-03-15T18:29:21","guid":{"rendered":"https:\/\/wp.ufpel.edu.br\/3cpgfeg\/?page_id=124"},"modified":"2018-11-06T09:22:35","modified_gmt":"2018-11-06T11:22:35","slug":"trabalhos-de-campo","status":"publish","type":"page","link":"https:\/\/wp.ufpel.edu.br\/3cpgfeg\/programacao\/trabalhos-de-campo\/","title":{"rendered":"Trabalhos de Campo"},"content":{"rendered":"<p style=\"text-align: justify\"><strong>1) Orla lagunar do munic\u00edpio de Pelotas: laborat\u00f3rio did\u00e1tico das paisagens e problem\u00e1ticas ambientais locais e regionais<\/strong><\/p>\n<p>Prof. Dr. Adriano Lu\u00eds Heck Simon<br \/>\nGe\u00f3g\u00ba. Dr. Allan de Oliveira de Oliveira<br \/>\nProf. Dr. Mois\u00e9s Ortemar Rehbein<br \/>\nProf\u00aa. Dr\u00aa. Liz Cristiane Dias<\/p>\n<p style=\"text-align: justify\">Neste trabalho de campo ser\u00e3o visitados dep\u00f3sitos e\u00f3licos pleistoc\u00eanicos (dunas), o Pontal da Barra, a Praia do Laranjal, o Balne\u00e1rio dos Prazeres (Barro Duro) e a Col\u00f4nia de Pescadores Z3. A partir destes pontos de observa\u00e7\u00e3o pretende-se discutir os processos geomorfol\u00f3gicos de forma\u00e7\u00e3o da Plan\u00edcie Costeira do RS no munic\u00edpio de Pelotas, a hidrodin\u00e2mica em escala geol\u00f3gica e atual, o fen\u00f4meno das inunda\u00e7\u00f5es e a interfer\u00eancia de mecanismos de controle antr\u00f3picos nesse ambiente derivados do processo de ocupa\u00e7\u00e3o. Conjuntamente, pretende-se buscar formas de explorar esses processos a partir de conte\u00fados escolares, de modo a aproxim\u00e1-los do cotidiano dos estudantes.<\/p>\n<p><a href=\"https:\/\/docs.google.com\/forms\/d\/e\/1FAIpQLSeLKnRyz21Ztg33BJ7bwGSh8rbwEQAgEsz233KaidpM3pFvRw\/viewform\">Formul\u00e1rio de inscri\u00e7\u00e3o<\/a><\/p>\n<p style=\"text-align: center\"><img loading=\"lazy\" decoding=\"async\" class=\"alignnone size-medium wp-image-404\" src=\"https:\/\/wp.ufpel.edu.br\/3cpgfeg\/files\/2018\/11\/Orla_Lagunar-400x266.jpg\" alt=\"\" width=\"400\" height=\"266\" srcset=\"https:\/\/wp.ufpel.edu.br\/3cpgfeg\/files\/2018\/11\/Orla_Lagunar-400x266.jpg 400w, https:\/\/wp.ufpel.edu.br\/3cpgfeg\/files\/2018\/11\/Orla_Lagunar-768x510.jpg 768w, https:\/\/wp.ufpel.edu.br\/3cpgfeg\/files\/2018\/11\/Orla_Lagunar-945x628.jpg 945w, https:\/\/wp.ufpel.edu.br\/3cpgfeg\/files\/2018\/11\/Orla_Lagunar-600x399.jpg 600w, https:\/\/wp.ufpel.edu.br\/3cpgfeg\/files\/2018\/11\/Orla_Lagunar.jpg 960w\" sizes=\"auto, (max-width: 400px) 100vw, 400px\" \/><\/p>\n<p style=\"text-align: center\"><em>Orla da Laguna dos Patos<\/em><\/p>\n<p>&nbsp;<\/p>\n<p><strong>2) Resgatando o Ambiente Natural na trama urbana de Pelotas<\/strong><\/p>\n<p>Prof\u00aa. Dr\u00aa. Erika Collischonn<br \/>\nProf. Dr. Tiaraju Salini Duarte<\/p>\n<p style=\"text-align: justify\">Este trajeto urbano dar\u00e1 enfoque aos marcos naturais que ainda hoje delineiam a cidade de Pelotas, mas tamb\u00e9m, procurar\u00e1 decifrar na paisagem aqueles que foram ocultados pela trama urbana nos diferentes per\u00edodos de sua expans\u00e3o. No decorrer do trajeto ser\u00e3o discutidas, com base nessas observa\u00e7\u00f5es, infer\u00eancias para a sala de aula.<\/p>\n<p><a href=\"https:\/\/docs.google.com\/forms\/d\/e\/1FAIpQLSfSMvPMnTicIRLn5_wOrvTVGbRJQu6Ow5KtZqa_OigyHBbwpw\/viewform\">Formul\u00e1rio de Inscri\u00e7\u00e3o<\/a><\/p>\n<p>&nbsp;<\/p>\n<p style=\"text-align: center\"><img loading=\"lazy\" decoding=\"async\" class=\"alignnone size-medium wp-image-405\" src=\"https:\/\/wp.ufpel.edu.br\/3cpgfeg\/files\/2018\/11\/Trama_Urbana-400x266.jpg\" alt=\"\" width=\"400\" height=\"266\" srcset=\"https:\/\/wp.ufpel.edu.br\/3cpgfeg\/files\/2018\/11\/Trama_Urbana-400x266.jpg 400w, https:\/\/wp.ufpel.edu.br\/3cpgfeg\/files\/2018\/11\/Trama_Urbana-768x510.jpg 768w, https:\/\/wp.ufpel.edu.br\/3cpgfeg\/files\/2018\/11\/Trama_Urbana-945x628.jpg 945w, https:\/\/wp.ufpel.edu.br\/3cpgfeg\/files\/2018\/11\/Trama_Urbana-600x399.jpg 600w, https:\/\/wp.ufpel.edu.br\/3cpgfeg\/files\/2018\/11\/Trama_Urbana.jpg 960w\" sizes=\"auto, (max-width: 400px) 100vw, 400px\" \/><\/p>\n<p style=\"text-align: center\"><em>Grafite na regi\u00e3o do Porto<br \/>\n<\/em><\/p>\n<p>&nbsp;<\/p>\n<p style=\"text-align: justify\"><strong>3) Arroio do Padre: trabalhando as quest\u00f5es socioambientais em um pequeno munic\u00edpio de voca\u00e7\u00e3o agr\u00edcola<\/strong><\/p>\n<p>Prof. Dr. Maur\u00edcio Meurer<br \/>\nProf\u00aa. Dr\u00aa. Edvania Aparecida Corr\u00eaa<br \/>\nProf\u00aa. Dr\u00aa. Rosangela Lurdes Spironello<\/p>\n<p style=\"text-align: justify\">Este trabalho de campo vai percorrer as \u00e1reas urbana e rural do munic\u00edpio de Arroio do Padre. Ao longo deste campo, ser\u00e3o abordadas algumas quest\u00f5es ambientais do munic\u00edpio, tais como a emancipa\u00e7\u00e3o e a busca por uma identidade, o desenvolvimento das atividades agr\u00edcolas, a sua rela\u00e7\u00e3o com as caracter\u00edsticas f\u00edsicas do munic\u00edpio e as transforma\u00e7\u00f5es da paisagem, o evento extremo de 2010 e suas consequ\u00eancias, a escassez h\u00eddrica, os desafios para a gest\u00e3o ambiental municipal e propostas de atividades para a sala de aula.<\/p>\n<p><a href=\"https:\/\/docs.google.com\/forms\/d\/e\/1FAIpQLSdhyhDc0nOJzVv0Tx4X3lqty5c7AelVMahaJ9ZFgDVPbHJeFg\/viewform\">Formul\u00e1rio de Inscri\u00e7\u00e3o<\/a><\/p>\n<p style=\"text-align: center\"><img loading=\"lazy\" decoding=\"async\" class=\"size-medium wp-image-366 aligncenter\" src=\"https:\/\/wp.ufpel.edu.br\/3cpgfeg\/files\/2018\/10\/IMG_5304-400x300.jpg\" alt=\"\" width=\"400\" height=\"300\" srcset=\"https:\/\/wp.ufpel.edu.br\/3cpgfeg\/files\/2018\/10\/IMG_5304-400x300.jpg 400w, https:\/\/wp.ufpel.edu.br\/3cpgfeg\/files\/2018\/10\/IMG_5304-768x576.jpg 768w, https:\/\/wp.ufpel.edu.br\/3cpgfeg\/files\/2018\/10\/IMG_5304-1024x768.jpg 1024w, https:\/\/wp.ufpel.edu.br\/3cpgfeg\/files\/2018\/10\/IMG_5304-945x709.jpg 945w, https:\/\/wp.ufpel.edu.br\/3cpgfeg\/files\/2018\/10\/IMG_5304-600x450.jpg 600w, https:\/\/wp.ufpel.edu.br\/3cpgfeg\/files\/2018\/10\/IMG_5304.jpg 2048w\" sizes=\"auto, (max-width: 400px) 100vw, 400px\" \/><\/p>\n<p style=\"text-align: center\"><em>Paisagens do interior de Arroio do Padre<\/em><\/p>\n<p>&nbsp;<\/p>\n<p style=\"text-align: justify\"><strong>4) Entre o Litoral e a Serra: perspectivas de forma\u00e7\u00e3o docente a partir da an\u00e1lise das paisagens no trajeto entre Rio Grande e Cangu\u00e7u<br \/>\n<\/strong><\/p>\n<p style=\"text-align: justify\">Prof. Dr. Adriano Lu\u00eds Heck Simon<br \/>\nProf. Dr. Maur\u00edcio Meurer<br \/>\nProf\u00aa. Dr\u00aa. Liz Cristiane Dias<br \/>\nProf\u00aa. Dr\u00aa. Erika Collischonn<\/p>\n<p style=\"text-align: justify\">O trabalho de campo procura identificar e analisar as rela\u00e7\u00f5es existentes entre os aspectos abi\u00f3ticos (com \u00eanfase na geologia e geomorfologia) e a distribui\u00e7\u00e3o da cobertura vegetal no transecto definido entre os munic\u00edpios de Rio Grande (Plan\u00edcie Costeira Ga\u00facha) e Cangu\u00e7u (Escudo Cristalino Sul-rio-grandense). S\u00e3o explorados tamb\u00e9m quest\u00f5es vinculadas \u00e0 interfer\u00eancia antr\u00f3pica sobre as coberturas vegetais e as formas do relevo e rede de drenagem ao longo do trajeto percorrido, assim como a import\u00e2ncia do estudos de campo para a forma\u00e7\u00e3o de professores. Entre os pontos de campo est\u00e1 previsto um almo\u00e7o colonial na Col\u00f4nia Maciel (divisa entre os munic\u00edpios de Pelotas e Cangu\u00e7u).<\/p>\n<p style=\"text-align: center\"><img loading=\"lazy\" decoding=\"async\" class=\"size-medium wp-image-365 aligncenter\" src=\"https:\/\/wp.ufpel.edu.br\/3cpgfeg\/files\/2018\/10\/S\u00e3o-Gon\u00e7alo-400x300.jpg\" alt=\"\" width=\"400\" height=\"300\" srcset=\"https:\/\/wp.ufpel.edu.br\/3cpgfeg\/files\/2018\/10\/S\u00e3o-Gon\u00e7alo-400x300.jpg 400w, https:\/\/wp.ufpel.edu.br\/3cpgfeg\/files\/2018\/10\/S\u00e3o-Gon\u00e7alo-768x576.jpg 768w, https:\/\/wp.ufpel.edu.br\/3cpgfeg\/files\/2018\/10\/S\u00e3o-Gon\u00e7alo-945x709.jpg 945w, https:\/\/wp.ufpel.edu.br\/3cpgfeg\/files\/2018\/10\/S\u00e3o-Gon\u00e7alo-600x450.jpg 600w, https:\/\/wp.ufpel.edu.br\/3cpgfeg\/files\/2018\/10\/S\u00e3o-Gon\u00e7alo.jpg 960w\" sizes=\"auto, (max-width: 400px) 100vw, 400px\" \/><\/p>\n<p style=\"text-align: center\"><em>Canal S\u00e3o Gon\u00e7alo: elo entre a Laguna dos Patos e a Lagoa Mirim<\/em><\/p>\n<p>&nbsp;<\/p>\n<p><a href=\"https:\/\/docs.google.com\/forms\/d\/e\/1FAIpQLSdAwwXTwvRm-QCQZZN4CHu5ckk8WgeUX28XE8ZqiVQau_PurQ\/viewform\">Formul\u00e1rio de Inscri\u00e7\u00e3o<\/a><\/p>\n","protected":false},"excerpt":{"rendered":"<p>1) Orla lagunar do munic\u00edpio de Pelotas: laborat\u00f3rio did\u00e1tico das paisagens e problem\u00e1ticas ambientais locais e regionais Prof. Dr. Adriano Lu\u00eds Heck Simon Ge\u00f3g\u00ba. Dr. Allan de Oliveira de Oliveira Prof. Dr. Mois\u00e9s Ortemar Rehbein Prof\u00aa. Dr\u00aa. Liz Cristiane Dias&#8230; <a class=\"more-link\" href=\"https:\/\/wp.ufpel.edu.br\/3cpgfeg\/programacao\/trabalhos-de-campo\/\">Continue lendo &rarr;<\/a><\/p>\n","protected":false},"author":827,"featured_media":0,"parent":118,"menu_order":4,"comment_status":"closed","ping_status":"closed","template":"","meta":{"footnotes":""},"class_list":["post-124","page","type-page","status-publish","hentry"],"_links":{"self":[{"href":"https:\/\/wp.ufpel.edu.br\/3cpgfeg\/wp-json\/wp\/v2\/pages\/124","targetHints":{"allow":["GET"]}}],"collection":[{"href":"https:\/\/wp.ufpel.edu.br\/3cpgfeg\/wp-json\/wp\/v2\/pages"}],"about":[{"href":"https:\/\/wp.ufpel.edu.br\/3cpgfeg\/wp-json\/wp\/v2\/types\/page"}],"author":[{"embeddable":true,"href":"https:\/\/wp.ufpel.edu.br\/3cpgfeg\/wp-json\/wp\/v2\/users\/827"}],"replies":[{"embeddable":true,"href":"https:\/\/wp.ufpel.edu.br\/3cpgfeg\/wp-json\/wp\/v2\/comments?post=124"}],"version-history":[{"count":19,"href":"https:\/\/wp.ufpel.edu.br\/3cpgfeg\/wp-json\/wp\/v2\/pages\/124\/revisions"}],"predecessor-version":[{"id":421,"href":"https:\/\/wp.ufpel.edu.br\/3cpgfeg\/wp-json\/wp\/v2\/pages\/124\/revisions\/421"}],"up":[{"embeddable":true,"href":"https:\/\/wp.ufpel.edu.br\/3cpgfeg\/wp-json\/wp\/v2\/pages\/118"}],"wp:attachment":[{"href":"https:\/\/wp.ufpel.edu.br\/3cpgfeg\/wp-json\/wp\/v2\/media?parent=124"}],"curies":[{"name":"wp","href":"https:\/\/api.w.org\/{rel}","templated":true}]}}