{"id":114,"date":"2018-03-15T15:22:04","date_gmt":"2018-03-15T18:22:04","guid":{"rendered":"https:\/\/wp.ufpel.edu.br\/3cpgfeg\/?page_id=114"},"modified":"2018-03-16T08:09:43","modified_gmt":"2018-03-16T11:09:43","slug":"coloquio","status":"publish","type":"page","link":"https:\/\/wp.ufpel.edu.br\/3cpgfeg\/coloquio\/","title":{"rendered":"Col\u00f3quio"},"content":{"rendered":"<p style=\"text-align: justify\">\u00c9 com grande satisfa\u00e7\u00e3o que a Universidade Federal de Pelotas sediar\u00e1 o<strong> III Col\u00f3quio de Pesquisadores em Geografia F\u00edsica e Ensino de Geografia<\/strong>. Este evento ocorrer\u00e1 nos dias 21 a 24 de novembro de 2018, e ter\u00e1 como tema &#8220;As Contribui\u00e7\u00f5es da Geografia F\u00edsica para o Ensino de Geografia: pr\u00e1ticas, perspectivas e aprendizagens&#8221;.<\/p>\n<p style=\"text-align: justify\">O Col\u00f3quio de Pesquisadores em Geografia F\u00edsica e Ensino de Geografia foi criado no 2014 com o objetivo de congregar professores, pesquisadores e grupos de pesquisa que desenvolvem atividades na interface entre a Geografia F\u00edsica e o Ensino de Geografia.<\/p>\n<p style=\"text-align: justify\">Este evento encontra-se na sua terceira edi\u00e7\u00e3o, tendo as duas edi\u00e7\u00f5es anteriores sido realizadas respectivamente em <a href=\"http:\/\/geografiafisicaeensino.blogspot.com.br\/\">Belo Horizonte<\/a> e em <a href=\"http:\/\/coloquiogeofisicae.wixsite.com\/nucleogeaufg\">Goi\u00e2nia<\/a>.<\/p>\n","protected":false},"excerpt":{"rendered":"<p>\u00c9 com grande satisfa\u00e7\u00e3o que a Universidade Federal de Pelotas sediar\u00e1 o III Col\u00f3quio de Pesquisadores em Geografia F\u00edsica e Ensino de Geografia. Este evento ocorrer\u00e1 nos dias 21 a 24 de novembro de 2018, e ter\u00e1 como tema &#8220;As&#8230; <a class=\"more-link\" href=\"https:\/\/wp.ufpel.edu.br\/3cpgfeg\/coloquio\/\">Continue lendo &rarr;<\/a><\/p>\n","protected":false},"author":827,"featured_media":0,"parent":0,"menu_order":1,"comment_status":"closed","ping_status":"closed","template":"","meta":{"footnotes":""},"class_list":["post-114","page","type-page","status-publish","hentry"],"_links":{"self":[{"href":"https:\/\/wp.ufpel.edu.br\/3cpgfeg\/wp-json\/wp\/v2\/pages\/114","targetHints":{"allow":["GET"]}}],"collection":[{"href":"https:\/\/wp.ufpel.edu.br\/3cpgfeg\/wp-json\/wp\/v2\/pages"}],"about":[{"href":"https:\/\/wp.ufpel.edu.br\/3cpgfeg\/wp-json\/wp\/v2\/types\/page"}],"author":[{"embeddable":true,"href":"https:\/\/wp.ufpel.edu.br\/3cpgfeg\/wp-json\/wp\/v2\/users\/827"}],"replies":[{"embeddable":true,"href":"https:\/\/wp.ufpel.edu.br\/3cpgfeg\/wp-json\/wp\/v2\/comments?post=114"}],"version-history":[{"count":4,"href":"https:\/\/wp.ufpel.edu.br\/3cpgfeg\/wp-json\/wp\/v2\/pages\/114\/revisions"}],"predecessor-version":[{"id":190,"href":"https:\/\/wp.ufpel.edu.br\/3cpgfeg\/wp-json\/wp\/v2\/pages\/114\/revisions\/190"}],"wp:attachment":[{"href":"https:\/\/wp.ufpel.edu.br\/3cpgfeg\/wp-json\/wp\/v2\/media?parent=114"}],"curies":[{"name":"wp","href":"https:\/\/api.w.org\/{rel}","templated":true}]}}