{"id":71,"date":"2021-04-08T14:53:28","date_gmt":"2021-04-08T17:53:28","guid":{"rendered":"https:\/\/wp.ufpel.edu.br\/3ciecit\/?page_id=71"},"modified":"2021-05-03T12:26:13","modified_gmt":"2021-05-03T15:26:13","slug":"contacto","status":"publish","type":"page","link":"https:\/\/wp.ufpel.edu.br\/3ciecit\/es\/contacto\/","title":{"rendered":"Contacto"},"content":{"rendered":"<p><img loading=\"lazy\" decoding=\"async\" class=\"size-full wp-image-403 aligncenter\" src=\"https:\/\/wp.ufpel.edu.br\/3ciecit\/files\/2021\/05\/mail-5238394_1920.jpg\" alt=\"\" width=\"1920\" height=\"1280\" srcset=\"https:\/\/wp.ufpel.edu.br\/3ciecit\/files\/2021\/05\/mail-5238394_1920.jpg 1920w, https:\/\/wp.ufpel.edu.br\/3ciecit\/files\/2021\/05\/mail-5238394_1920-400x267.jpg 400w, https:\/\/wp.ufpel.edu.br\/3ciecit\/files\/2021\/05\/mail-5238394_1920-1024x683.jpg 1024w, https:\/\/wp.ufpel.edu.br\/3ciecit\/files\/2021\/05\/mail-5238394_1920-768x512.jpg 768w, https:\/\/wp.ufpel.edu.br\/3ciecit\/files\/2021\/05\/mail-5238394_1920-1536x1024.jpg 1536w\" sizes=\"auto, (max-width: 706px) 89vw, (max-width: 767px) 82vw, 740px\" \/><\/p>\n<p style=\"text-align: justify\">Cualquier duda p\u00f3ngase en contacto con nuestro equipo t\u00e9cnico por correo electr\u00f3nico:<\/p>\n<p style=\"text-align: justify\"><strong>3ciecit@gmail.com<\/strong><\/p>\n","protected":false},"excerpt":{"rendered":"<p>Cualquier duda p\u00f3ngase en contacto con nuestro equipo t\u00e9cnico por correo electr\u00f3nico: 3ciecit@gmail.com<\/p>\n","protected":false},"author":956,"featured_media":0,"parent":0,"menu_order":0,"comment_status":"closed","ping_status":"closed","template":"","meta":{"footnotes":""},"class_list":["post-71","page","type-page","status-publish","hentry"],"_links":{"self":[{"href":"https:\/\/wp.ufpel.edu.br\/3ciecit\/wp-json\/wp\/v2\/pages\/71","targetHints":{"allow":["GET"]}}],"collection":[{"href":"https:\/\/wp.ufpel.edu.br\/3ciecit\/wp-json\/wp\/v2\/pages"}],"about":[{"href":"https:\/\/wp.ufpel.edu.br\/3ciecit\/wp-json\/wp\/v2\/types\/page"}],"author":[{"embeddable":true,"href":"https:\/\/wp.ufpel.edu.br\/3ciecit\/wp-json\/wp\/v2\/users\/956"}],"replies":[{"embeddable":true,"href":"https:\/\/wp.ufpel.edu.br\/3ciecit\/wp-json\/wp\/v2\/comments?post=71"}],"version-history":[{"count":2,"href":"https:\/\/wp.ufpel.edu.br\/3ciecit\/wp-json\/wp\/v2\/pages\/71\/revisions"}],"predecessor-version":[{"id":404,"href":"https:\/\/wp.ufpel.edu.br\/3ciecit\/wp-json\/wp\/v2\/pages\/71\/revisions\/404"}],"wp:attachment":[{"href":"https:\/\/wp.ufpel.edu.br\/3ciecit\/wp-json\/wp\/v2\/media?parent=71"}],"curies":[{"name":"wp","href":"https:\/\/api.w.org\/{rel}","templated":true}]}}