{"id":623,"date":"2021-11-01T12:54:55","date_gmt":"2021-11-01T15:54:55","guid":{"rendered":"https:\/\/wp.ufpel.edu.br\/3ciecit\/?page_id=623"},"modified":"2021-11-03T11:44:00","modified_gmt":"2021-11-03T14:44:00","slug":"acceso-a-participantes","status":"publish","type":"page","link":"https:\/\/wp.ufpel.edu.br\/3ciecit\/es\/acceso-a-participantes\/","title":{"rendered":"ACCESO A PARTICIPANTES"},"content":{"rendered":"<p style=\"text-align: justify\"><span style=\"color: #808080\"><span style=\"font-size: 1rem\">Todo el evento se llevar\u00e1 a cabo a trav\u00e9s de la plataforma 4.events. 4.events es reconocida como la plataforma de eventos m\u00e1s completa e innovadora del mercado, ofreciendo facilidad y conveniencia a los organizadores de cualquier tipo de evento. En la plataforma, el organizador tiene caracter\u00edsticas esenciales que hacen que sus eventos sean sobresalientes. A trav\u00e9s de un software completo, los productores pueden organizar eventos en un solo lugar, prescindiendo del uso de diferentes herramientas y plataformas. El sistema se actualiza con frecuencia, recibiendo noticias que enriquecen la experiencia de todos los involucrados en los eventos.<\/span><\/span><\/p>\n<p style=\"text-align: justify\"><span style=\"color: #ff6600\"><strong>Si se registr\u00f3 para el evento, estos son los accesos:<\/strong><\/span><\/p>\n<p style=\"text-align: justify\"><span style=\"color: #ff6600\"><strong><a style=\"color: #ff6600\" href=\"https:\/\/panel.4.events\/login\">https:\/\/panel.4.events\/login<\/a> (participante)<\/strong><\/span><\/p>\n<p style=\"text-align: justify\"><span style=\"color: #808080\"><strong>Para los participantes:<\/strong> Su correo electr\u00f3nico ya est\u00e1 registrado, solo introd\u00fazcalo y haga clic en \u201cOlvid\u00e9 mi contrase\u00f1a\u201d y se le enviar\u00e1 un c\u00f3digo de acceso.<\/span><\/p>\n<p style=\"text-align: justify\"><span style=\"color: #ff6600\"><strong><a style=\"color: #ff6600\" href=\"https:\/\/app.4.events\/admin\/\">https:\/\/app.4.events\/admin\/<\/a> (administrador &#8211; moderador)<\/strong><\/span><\/p>\n<p style=\"text-align: justify\"><span style=\"color: #808080\">Para que recibas el certificado de participaci\u00f3n en el evento, la plataforma 4.events contar\u00e1 el n\u00famero de horas de tu participaci\u00f3n mediante el login que har\u00e1s para ingresar. Los certificados son emitidos autom\u00e1ticamente por la plataforma.<\/span><\/p>\n<p style=\"text-align: justify\"><span style=\"color: #808080\">Te pedimos que accedas a la plataforma antes del d\u00eda del evento y verifiques tus datos. Cualquier problema, cont\u00e1ctenos por correo electr\u00f3nico: <a style=\"color: #808080\" href=\"mailto:3ciecit@gmail.com\">3ciecit@gmail.com<\/a>.<\/span><\/p>\n","protected":false},"excerpt":{"rendered":"<p>Todo el evento se llevar\u00e1 a cabo a trav\u00e9s de la plataforma 4.events. 4.events es reconocida como la plataforma de eventos m\u00e1s completa e innovadora del mercado, ofreciendo facilidad y conveniencia a los organizadores de cualquier tipo de evento. En la plataforma, el organizador tiene caracter\u00edsticas esenciales que hacen que sus eventos sean sobresalientes. A &hellip; <\/p>\n<p class=\"link-more\"><a href=\"https:\/\/wp.ufpel.edu.br\/3ciecit\/es\/acceso-a-participantes\/\" class=\"more-link\">Continue lendo<span class=\"screen-reader-text\"> &#8220;ACCESO A PARTICIPANTES&#8221;<\/span><\/a><\/p>\n","protected":false},"author":956,"featured_media":0,"parent":0,"menu_order":0,"comment_status":"closed","ping_status":"closed","template":"","meta":{"footnotes":""},"class_list":["post-623","page","type-page","status-publish","hentry"],"_links":{"self":[{"href":"https:\/\/wp.ufpel.edu.br\/3ciecit\/wp-json\/wp\/v2\/pages\/623","targetHints":{"allow":["GET"]}}],"collection":[{"href":"https:\/\/wp.ufpel.edu.br\/3ciecit\/wp-json\/wp\/v2\/pages"}],"about":[{"href":"https:\/\/wp.ufpel.edu.br\/3ciecit\/wp-json\/wp\/v2\/types\/page"}],"author":[{"embeddable":true,"href":"https:\/\/wp.ufpel.edu.br\/3ciecit\/wp-json\/wp\/v2\/users\/956"}],"replies":[{"embeddable":true,"href":"https:\/\/wp.ufpel.edu.br\/3ciecit\/wp-json\/wp\/v2\/comments?post=623"}],"version-history":[{"count":4,"href":"https:\/\/wp.ufpel.edu.br\/3ciecit\/wp-json\/wp\/v2\/pages\/623\/revisions"}],"predecessor-version":[{"id":729,"href":"https:\/\/wp.ufpel.edu.br\/3ciecit\/wp-json\/wp\/v2\/pages\/623\/revisions\/729"}],"wp:attachment":[{"href":"https:\/\/wp.ufpel.edu.br\/3ciecit\/wp-json\/wp\/v2\/media?parent=623"}],"curies":[{"name":"wp","href":"https:\/\/api.w.org\/{rel}","templated":true}]}}