{"id":62,"date":"2021-04-08T14:52:42","date_gmt":"2021-04-08T17:52:42","guid":{"rendered":"https:\/\/wp.ufpel.edu.br\/3ciecit\/?page_id=62"},"modified":"2021-05-07T15:03:36","modified_gmt":"2021-05-07T18:03:36","slug":"local-2","status":"publish","type":"page","link":"https:\/\/wp.ufpel.edu.br\/3ciecit\/pt\/local-2\/","title":{"rendered":"Universidade Federal de Pelotas"},"content":{"rendered":"<p style=\"text-align: justify\"><strong>O Congresso ser\u00e1 totalmente online devido a pandemia do Covid-19.<\/strong> A Universidade Federal de Pelotas est\u00e1 sediando o evento virtual via GoogleMeet e StreamYard (plataformas gratuitas), transmitido ao vivo pelo canal de YouTube do Congresso.<\/p>\n<p><img loading=\"lazy\" decoding=\"async\" class=\"size-full wp-image-190 aligncenter\" src=\"https:\/\/wp.ufpel.edu.br\/3ciecit\/files\/2021\/04\/a137-portal.jpg\" alt=\"\" width=\"900\" height=\"596\" srcset=\"https:\/\/wp.ufpel.edu.br\/3ciecit\/files\/2021\/04\/a137-portal.jpg 900w, https:\/\/wp.ufpel.edu.br\/3ciecit\/files\/2021\/04\/a137-portal-400x265.jpg 400w, https:\/\/wp.ufpel.edu.br\/3ciecit\/files\/2021\/04\/a137-portal-768x509.jpg 768w\" sizes=\"auto, (max-width: 706px) 89vw, (max-width: 767px) 82vw, 740px\" \/><\/p>\n<p><span style=\"font-size: 10pt\">Foto: Universidade Federal de Pelotas, Pelotas, Brasil. Fonte: EducaBras.<\/span><\/p>\n<p style=\"text-align: justify\"><strong>A Universidade Federal de Pelotas \u2013 UFPel <\/strong>\u00e9 uma institui\u00e7\u00e3o brasileira de ensino superior, cujos campus se localizam nas cidades de Pelotas e Cap\u00e3o do Le\u00e3o, no estado do Rio Grande do Sul no Brasil. Atualmente, o principal Campus localiza-se no pr\u00e9dio hist\u00f3rico do antigo Anglo na Zona Portu\u00e1ria de Pelotas.<\/p>\n<p style=\"text-align: justify\">Segundo um hist\u00f3rico da UFPel, no local do principal Campus existiu at\u00e9 1916 a charqueada de Brutus Almeida, posteriormente a Companhia Frigor\u00edfica Rio Grande, que foi vendida em 1924 para a firma inglesa Westerns Brothers, que transformou o local no Frigor\u00edfico Anglo. O Frigor\u00edfico Anglo S.A. come\u00e7ou a funcionar em Pelotas por volta de 1940, e o bairro da Balsa, ao lado do frigor\u00edfico, foi ocupado por oper\u00e1rios que vinham at\u00e9 de outras cidades para morar perto do trabalho. O Frigor\u00edfico foi criado pelos brit\u00e2nicos na Segunda Guerra Mundial com o principal objetivo de mandar carne enlatada para a Inglaterra, para os soldados no <em>front<\/em>.<\/p>\n<p style=\"text-align: justify\">A Universidade foi fundada em 8 de agosto de 1969. Participaram do n\u00facleo formador da UFPel as seguintes unidades: Faculdade de Ci\u00eancias Dom\u00e9sticas, Faculdade de Veterin\u00e1ria, Faculdade de Direito, Faculdade de Odontologia e Instituto de Sociologia e Pol\u00edtica e a tradicional Faculdade de Agronomia Eliseu Maciel (a mais antiga do Brasil, tendo suas origens na Imperial Escola de Medicina Veterin\u00e1ria e de Agricultura Practica fundada em 1883). No mesmo ano, em 16 de dezembro de 1969, a UFPel ficou integrada, al\u00e9m daquelas do n\u00facleo formador, pelas seguintes unidades acad\u00eamicas: Instituto de Biologia, Instituto de Ci\u00eancias Humanas, Instituto de Qu\u00edmica e Geoci\u00eancias, Instituto de F\u00edsica e Matem\u00e1tica e Instituto de Artes. Foram agregadas tamb\u00e9m \u00e0 Universidade as seguintes institui\u00e7\u00f5es: Escola de Belas Artes \u201cDona Carmen Tr\u00e1paga Sim\u00f5es\u201d, Faculdade de Medicina da Institui\u00e7\u00e3o Pr\u00f3-Ensino Superior do Sul do Estado e Conservat\u00f3rio de M\u00fasica de Pelotas. Integraram a Universidade, como \u00f3rg\u00e3os suplementares: a Esta\u00e7\u00e3o Experimental de Piratini, o Centro de Treinamento e Informa\u00e7\u00e3o do Sul, a Imprensa Universit\u00e1ria, a Biblioteca Central, o Museu e a Casa para Estudante e, como \u00f3rg\u00e3os complementares, o Col\u00e9gio Agr\u00edcola Visconde da Gra\u00e7a e o Col\u00e9gio de Economia Dom\u00e9stica Rural.<\/p>\n<p style=\"text-align: justify\">Hoje a UFPel oferece 99 cursos de gradua\u00e7\u00e3o, 39 cursos de mestrado e 16 de doutorado distribu\u00eddos em 20 unidades acad\u00eamicas. A Universidade tamb\u00e9m possui cursos de mestrado e\/ou doutorado em todas as \u00e1reas do conhecimento: Ci\u00eancias Exatas e da Terra, Ci\u00eancias Biol\u00f3gicas, Engenharias, Ci\u00eancias Agr\u00e1rias, Ci\u00eancias da Sa\u00fade, Ci\u00eancias Sociais Aplicadas, Ci\u00eancias Humanas, Lingu\u00edstica, Letras e Artes, contando tamb\u00e9m com cursos com atua\u00e7\u00e3o multidisciplinar. Para maiores informa\u00e7\u00f5es acesse o site da Universidade:\u00a0<a href=\"http:\/\/www.ufpel.edu.br\/\">http:\/\/www.ufpel.edu.br\/<\/a><\/p>\n<p>&nbsp;<\/p>\n","protected":false},"excerpt":{"rendered":"<p>O Congresso ser\u00e1 totalmente online devido a pandemia do Covid-19. A Universidade Federal de Pelotas est\u00e1 sediando o evento virtual via GoogleMeet e StreamYard (plataformas gratuitas), transmitido ao vivo pelo canal de YouTube do Congresso. Foto: Universidade Federal de Pelotas, Pelotas, Brasil. Fonte: EducaBras. A Universidade Federal de Pelotas \u2013 UFPel \u00e9 uma institui\u00e7\u00e3o brasileira &hellip; <\/p>\n<p class=\"link-more\"><a href=\"https:\/\/wp.ufpel.edu.br\/3ciecit\/pt\/local-2\/\" class=\"more-link\">Continue lendo<span class=\"screen-reader-text\"> &#8220;Universidade Federal de Pelotas&#8221;<\/span><\/a><\/p>\n","protected":false},"author":956,"featured_media":0,"parent":0,"menu_order":0,"comment_status":"closed","ping_status":"closed","template":"","meta":{"footnotes":""},"class_list":["post-62","page","type-page","status-publish","hentry"],"_links":{"self":[{"href":"https:\/\/wp.ufpel.edu.br\/3ciecit\/wp-json\/wp\/v2\/pages\/62","targetHints":{"allow":["GET"]}}],"collection":[{"href":"https:\/\/wp.ufpel.edu.br\/3ciecit\/wp-json\/wp\/v2\/pages"}],"about":[{"href":"https:\/\/wp.ufpel.edu.br\/3ciecit\/wp-json\/wp\/v2\/types\/page"}],"author":[{"embeddable":true,"href":"https:\/\/wp.ufpel.edu.br\/3ciecit\/wp-json\/wp\/v2\/users\/956"}],"replies":[{"embeddable":true,"href":"https:\/\/wp.ufpel.edu.br\/3ciecit\/wp-json\/wp\/v2\/comments?post=62"}],"version-history":[{"count":6,"href":"https:\/\/wp.ufpel.edu.br\/3ciecit\/wp-json\/wp\/v2\/pages\/62\/revisions"}],"predecessor-version":[{"id":494,"href":"https:\/\/wp.ufpel.edu.br\/3ciecit\/wp-json\/wp\/v2\/pages\/62\/revisions\/494"}],"wp:attachment":[{"href":"https:\/\/wp.ufpel.edu.br\/3ciecit\/wp-json\/wp\/v2\/media?parent=62"}],"curies":[{"name":"wp","href":"https:\/\/api.w.org\/{rel}","templated":true}]}}