{"id":618,"date":"2021-11-01T12:32:23","date_gmt":"2021-11-01T15:32:23","guid":{"rendered":"https:\/\/wp.ufpel.edu.br\/3ciecit\/?page_id=618"},"modified":"2021-11-03T11:42:05","modified_gmt":"2021-11-03T14:42:05","slug":"acesso-aos-participantes","status":"publish","type":"page","link":"https:\/\/wp.ufpel.edu.br\/3ciecit\/pt\/acesso-aos-participantes\/","title":{"rendered":"Acesso aos Participantes"},"content":{"rendered":"<p style=\"text-align: justify\"><span style=\"color: #808080\">Todo o evento ocorrer\u00e1 atrav\u00e9s da plataforma <strong>4.events.<\/strong> A 4.events \u00e9 reconhecida como a plataforma de eventos mais completa e inovadora do mercado, oferecendo facilidade e praticidade aos organizadores de qualquer tipo de evento. Na plataforma, o organizador disp\u00f5e de funcionalidades essenciais que tornam seus eventos marcantes. Por interm\u00e9dio de um software completo, produtores podem organizar eventos em apenas um lugar \u2013 dispensando o uso de diversas ferramentas e plataformas. O sistema \u00e9 atualizado com frequ\u00eancia, recebendo novidades que enriquecem a experi\u00eancia de todos os envolvidos nos eventos.<\/span><\/p>\n<p style=\"text-align: justify\"><span style=\"color: #ff6600\"><strong>Se voc\u00ea se inscreveu no evento, aqui os acessos:<\/strong><\/span><\/p>\n<p><span style=\"color: #ff6600\"><strong><a style=\"color: #ff6600\" href=\"https:\/\/painel.4.events\/login\">https:\/\/painel.4.events\/login<\/a> (participante)<\/strong><\/span><\/p>\n<p style=\"text-align: justify\"><span style=\"color: #808080\"><strong>Para os participantes:<\/strong> O seu e-mail j\u00e1 est\u00e1 cadastrado, \u00e9 s\u00f3 inseri-lo e clicar em &#8220;esqueci minha senha&#8221; para que um c\u00f3digo de acesso lhe seja enviado.<\/span><\/p>\n<p><span style=\"color: #ff6600\"><strong><a style=\"color: #ff6600\" href=\"https:\/\/app.4.events\/admin\/\">https:\/\/app.4.events\/admin\/<\/a> (administrador &#8211; moderador)<\/strong><\/span><\/p>\n<p style=\"text-align: justify\"><span style=\"color: #808080\">Para voc\u00ea receber o certificado de participa\u00e7\u00e3o do evento, a plataforma <strong>4.events<\/strong> ir\u00e1 contabilizar o n\u00famero de horas de sua participa\u00e7\u00e3o pelo login que voc\u00ea far\u00e1 para entrar. Os certificados s\u00e3o emitidos automaticamente pela plataforma.<\/span><\/p>\n<p style=\"text-align: justify\"><span style=\"color: #808080\">Pedimos que voc\u00ea acesse a plataforma antes do dia do evento e confira seus dados. Qualquer problema, por favor, entre em contato pelo email: <a href=\"mailto:3ciecit@gmail.com\">3ciecit@gmail.com<\/a>.<\/span><\/p>\n","protected":false},"excerpt":{"rendered":"<p>Todo o evento ocorrer\u00e1 atrav\u00e9s da plataforma 4.events. A 4.events \u00e9 reconhecida como a plataforma de eventos mais completa e inovadora do mercado, oferecendo facilidade e praticidade aos organizadores de qualquer tipo de evento. Na plataforma, o organizador disp\u00f5e de funcionalidades essenciais que tornam seus eventos marcantes. Por interm\u00e9dio de um software completo, produtores podem &hellip; <\/p>\n<p class=\"link-more\"><a href=\"https:\/\/wp.ufpel.edu.br\/3ciecit\/pt\/acesso-aos-participantes\/\" class=\"more-link\">Continue lendo<span class=\"screen-reader-text\"> &#8220;Acesso aos Participantes&#8221;<\/span><\/a><\/p>\n","protected":false},"author":956,"featured_media":0,"parent":0,"menu_order":0,"comment_status":"closed","ping_status":"closed","template":"","meta":{"footnotes":""},"class_list":["post-618","page","type-page","status-publish","hentry"],"_links":{"self":[{"href":"https:\/\/wp.ufpel.edu.br\/3ciecit\/wp-json\/wp\/v2\/pages\/618","targetHints":{"allow":["GET"]}}],"collection":[{"href":"https:\/\/wp.ufpel.edu.br\/3ciecit\/wp-json\/wp\/v2\/pages"}],"about":[{"href":"https:\/\/wp.ufpel.edu.br\/3ciecit\/wp-json\/wp\/v2\/types\/page"}],"author":[{"embeddable":true,"href":"https:\/\/wp.ufpel.edu.br\/3ciecit\/wp-json\/wp\/v2\/users\/956"}],"replies":[{"embeddable":true,"href":"https:\/\/wp.ufpel.edu.br\/3ciecit\/wp-json\/wp\/v2\/comments?post=618"}],"version-history":[{"count":5,"href":"https:\/\/wp.ufpel.edu.br\/3ciecit\/wp-json\/wp\/v2\/pages\/618\/revisions"}],"predecessor-version":[{"id":682,"href":"https:\/\/wp.ufpel.edu.br\/3ciecit\/wp-json\/wp\/v2\/pages\/618\/revisions\/682"}],"wp:attachment":[{"href":"https:\/\/wp.ufpel.edu.br\/3ciecit\/wp-json\/wp\/v2\/media?parent=618"}],"curies":[{"name":"wp","href":"https:\/\/api.w.org\/{rel}","templated":true}]}}