{"id":580,"date":"2021-10-04T16:48:20","date_gmt":"2021-10-04T19:48:20","guid":{"rendered":"https:\/\/wp.ufpel.edu.br\/3ciecit\/?page_id=580"},"modified":"2021-11-01T10:32:56","modified_gmt":"2021-11-01T13:32:56","slug":"580-2","status":"publish","type":"page","link":"https:\/\/wp.ufpel.edu.br\/3ciecit\/es\/580-2\/","title":{"rendered":"Financiadores"},"content":{"rendered":"<p>El evento est\u00e1 totalmente financiado por el <a href=\"https:\/\/wp.ufpel.edu.br\/healthycities\/project\/\">Proyecto CAPES-PRINT &#8211; Centro de Ciudades Saludables, Envejecimiento y Ciudadan\u00eda<\/a> que involucra a acad\u00e9micos de los Programas de Postgrado en Arquitectura y Planificaci\u00f3n, Memoria Social y Patrimonio Cultural, Odontolog\u00eda, Educaci\u00f3n F\u00edsica y Epidemiolog\u00eda de la Universidad Federal de Pelotas. . El Centro trabaja con los siguientes pa\u00edses: Reino Unido, Francia, Argentina y Chile.<\/p>\n<p>El Centro es parte del Programa Internacional <a href=\"https:\/\/wp.ufpel.edu.br\/print\/projeto-institucional-de-internacionalizacao\/saude-sociedade-um-olhar-sobre-a-equidade-ao-longo-do-ciclo-vital\/nucleo-de-estudos-sobre-cidades-saudaveis-envelhecimento-e-cidadania\/\">CAPES PRINT del Gobierno Federal de Brasil<\/a>. El objetivo es impulsar la construcci\u00f3n, implementaci\u00f3n y consolidaci\u00f3n de planes estrat\u00e9gicos de internacionalizaci\u00f3n; estimular la formaci\u00f3n de redes internacionales de investigaci\u00f3n; ampliar acciones de apoyo a la internacionalizaci\u00f3n en programas de posgrado; promover la movilidad de profesores y estudiantes (con \u00e9nfasis en estudiantes de doctorado, becarios postdoctorales y profesores en el extranjero y en Brasil); impulsar la transformaci\u00f3n de las instituciones participantes en un entorno internacional, e integrar otras acciones de promoci\u00f3n de CAPES al esfuerzo de internacionalizaci\u00f3n brasile\u00f1o.<\/p>\n<p><img loading=\"lazy\" decoding=\"async\" class=\"alignnone size-full wp-image-583\" style=\"font-size: 1rem\" src=\"https:\/\/wp.ufpel.edu.br\/3ciecit\/files\/2021\/10\/foldercapesprint-e1562592973752-2.png\" alt=\"\" width=\"759\" height=\"206\" srcset=\"https:\/\/wp.ufpel.edu.br\/3ciecit\/files\/2021\/10\/foldercapesprint-e1562592973752-2.png 759w, https:\/\/wp.ufpel.edu.br\/3ciecit\/files\/2021\/10\/foldercapesprint-e1562592973752-2-400x109.png 400w\" sizes=\"auto, (max-width: 706px) 89vw, (max-width: 767px) 82vw, 740px\" \/><img loading=\"lazy\" decoding=\"async\" class=\"alignnone size-full wp-image-582\" src=\"https:\/\/wp.ufpel.edu.br\/3ciecit\/files\/2021\/10\/logo-centre-2.jpg\" alt=\"\" width=\"1817\" height=\"1463\" srcset=\"https:\/\/wp.ufpel.edu.br\/3ciecit\/files\/2021\/10\/logo-centre-2.jpg 1817w, https:\/\/wp.ufpel.edu.br\/3ciecit\/files\/2021\/10\/logo-centre-2-400x322.jpg 400w, https:\/\/wp.ufpel.edu.br\/3ciecit\/files\/2021\/10\/logo-centre-2-1024x824.jpg 1024w, https:\/\/wp.ufpel.edu.br\/3ciecit\/files\/2021\/10\/logo-centre-2-768x618.jpg 768w, https:\/\/wp.ufpel.edu.br\/3ciecit\/files\/2021\/10\/logo-centre-2-1536x1237.jpg 1536w\" sizes=\"auto, (max-width: 706px) 89vw, (max-width: 767px) 82vw, 740px\" \/><\/p>\n","protected":false},"excerpt":{"rendered":"<p>El evento est\u00e1 totalmente financiado por el Proyecto CAPES-PRINT &#8211; Centro de Ciudades Saludables, Envejecimiento y Ciudadan\u00eda que involucra a acad\u00e9micos de los Programas de Postgrado en Arquitectura y Planificaci\u00f3n, Memoria Social y Patrimonio Cultural, Odontolog\u00eda, Educaci\u00f3n F\u00edsica y Epidemiolog\u00eda de la Universidad Federal de Pelotas. . El Centro trabaja con los siguientes pa\u00edses: Reino &hellip; <\/p>\n<p class=\"link-more\"><a href=\"https:\/\/wp.ufpel.edu.br\/3ciecit\/es\/580-2\/\" class=\"more-link\">Continue lendo<span class=\"screen-reader-text\"> &#8220;Financiadores&#8221;<\/span><\/a><\/p>\n","protected":false},"author":956,"featured_media":0,"parent":0,"menu_order":0,"comment_status":"closed","ping_status":"closed","template":"","meta":{"footnotes":""},"class_list":["post-580","page","type-page","status-publish","hentry"],"_links":{"self":[{"href":"https:\/\/wp.ufpel.edu.br\/3ciecit\/wp-json\/wp\/v2\/pages\/580","targetHints":{"allow":["GET"]}}],"collection":[{"href":"https:\/\/wp.ufpel.edu.br\/3ciecit\/wp-json\/wp\/v2\/pages"}],"about":[{"href":"https:\/\/wp.ufpel.edu.br\/3ciecit\/wp-json\/wp\/v2\/types\/page"}],"author":[{"embeddable":true,"href":"https:\/\/wp.ufpel.edu.br\/3ciecit\/wp-json\/wp\/v2\/users\/956"}],"replies":[{"embeddable":true,"href":"https:\/\/wp.ufpel.edu.br\/3ciecit\/wp-json\/wp\/v2\/comments?post=580"}],"version-history":[{"count":3,"href":"https:\/\/wp.ufpel.edu.br\/3ciecit\/wp-json\/wp\/v2\/pages\/580\/revisions"}],"predecessor-version":[{"id":607,"href":"https:\/\/wp.ufpel.edu.br\/3ciecit\/wp-json\/wp\/v2\/pages\/580\/revisions\/607"}],"wp:attachment":[{"href":"https:\/\/wp.ufpel.edu.br\/3ciecit\/wp-json\/wp\/v2\/media?parent=580"}],"curies":[{"name":"wp","href":"https:\/\/api.w.org\/{rel}","templated":true}]}}