{"id":53,"date":"2021-04-08T14:51:28","date_gmt":"2021-04-08T17:51:28","guid":{"rendered":"https:\/\/wp.ufpel.edu.br\/3ciecit\/?page_id=53"},"modified":"2021-05-09T20:39:23","modified_gmt":"2021-05-09T23:39:23","slug":"envios-de-trabajos","status":"publish","type":"page","link":"https:\/\/wp.ufpel.edu.br\/3ciecit\/es\/envios-de-trabajos\/","title":{"rendered":"Env\u00edos de trabajos"},"content":{"rendered":"<p><img loading=\"lazy\" decoding=\"async\" class=\"size-full wp-image-412 aligncenter\" src=\"https:\/\/wp.ufpel.edu.br\/3ciecit\/files\/2021\/05\/student-849822_1280-1-1.jpg\" alt=\"\" width=\"1280\" height=\"853\" srcset=\"https:\/\/wp.ufpel.edu.br\/3ciecit\/files\/2021\/05\/student-849822_1280-1-1.jpg 1280w, https:\/\/wp.ufpel.edu.br\/3ciecit\/files\/2021\/05\/student-849822_1280-1-1-400x267.jpg 400w, https:\/\/wp.ufpel.edu.br\/3ciecit\/files\/2021\/05\/student-849822_1280-1-1-1024x682.jpg 1024w, https:\/\/wp.ufpel.edu.br\/3ciecit\/files\/2021\/05\/student-849822_1280-1-1-768x512.jpg 768w\" sizes=\"auto, (max-width: 706px) 89vw, (max-width: 767px) 82vw, 740px\" \/><\/p>\n<p style=\"text-align: justify\"><strong>Fecha l\u00edmite de env\u00edo de trabajos: 15 de mayo al 1 de octubre de 2021.<\/strong><\/p>\n<p style=\"text-align: justify\"><strong>Los trabajos pueden ser enviados y presentados en portugu\u00e9s, ingl\u00e9s o espa\u00f1ol en las siguientes categor\u00edas a continuaci\u00f3n<\/strong> y siempre conectados a una l\u00ednea tem\u00e1tica del Congreso. <strong>Cada solicitante de registro puede enviar un trabajo como primer autor en cada categor\u00eda.<\/strong><\/p>\n<p style=\"text-align: justify\"><strong>1. Para el env\u00edo de trabajos para presentaci\u00f3n oral<\/strong>, se debe enviar un resumen ampliado de 1500 a 2000 palabras (sin incluir referencias bibliogr\u00e1ficas) a trav\u00e9s del <a href=\"https:\/\/docs.google.com\/forms\/d\/e\/1FAIpQLSflr138dR7r1KPsNhqlF0ahu2GcWgVW0HNNnKSzHPyjlOa3yA\/viewform?usp=sf_link\"><strong>Formulario de Env\u00edo<\/strong><\/a>. El trabajo debe estar vinculado a una de las L\u00edneas Tem\u00e1ticas del Simposio. El trabajo debe enviarse utilizando la <a href=\"https:\/\/drive.google.com\/file\/d\/1IDDy8SpDGoAP_CB36fyPlom3epjva3PE\/view?usp=sharing\"><strong>PLANTILLA 1<\/strong><\/a> como modelo y adjuntarse al formulario de env\u00edo como un archivo PDF.<\/p>\n<p style=\"text-align: justify\">Despu\u00e9s del evento, se invitar\u00e1 a los participantes a enviar el art\u00edculo completo de su trabajo para la edici\u00f3n especial de la revista acad\u00e9mica PIXO: https:\/\/periodicos.ufpel.edu.br\/ojs2\/index.php\/pixo<\/p>\n<p style=\"text-align: justify\"><strong>2. Para la presentaci\u00f3n de trabajos para participaci\u00f3n de p\u00f3ster<\/strong>, se debe enviar un resumen de 500 palabras (sin incluir referencias bibliogr\u00e1ficas) y el p\u00f3ster (con el formato que se describe a continuaci\u00f3n) utilizando el <a href=\"https:\/\/docs.google.com\/forms\/d\/e\/1FAIpQLSdiG6pl3RdS3cPqCJjepZ72wzwDNNjKhpGEJVETXl2XV6olgw\/viewform?usp=sf_link\"><strong>Formulario de Env\u00edo<\/strong><\/a>. El trabajo debe estar vinculado a alguna de las L\u00edneas Tem\u00e1ticas del Simposio. El resumen debe enviarse utilizando la <a href=\"https:\/\/drive.google.com\/file\/d\/1evIaYtl2ZAHKIcDVInVnvIUDnqGJTqS3\/view?usp=sharing\"><strong>PLANTILLA 2<\/strong><\/a> como plantilla y adjuntarse al formulario de env\u00edo como un archivo PDF.<\/p>\n<p style=\"text-align: justify\">El cartel debe ser de tama\u00f1o A1, y contener el logo del evento, t\u00edtulo id\u00e9ntico al resumen enviado, nombres y direcci\u00f3n (departamento \/ correo electr\u00f3nico) de los autores, introducci\u00f3n, objetivos, material y m\u00e9todos, resultados y discusi\u00f3n, conclusiones y referencias bibliogr\u00e1ficas. . La instituci\u00f3n patrocinadora debe estar informada, en su caso, ser clara, utilizar la menor cantidad de texto y tantas figuras, fotos, tablas y recursos gr\u00e1ficos como sea posible, organizar la informaci\u00f3n de manera que las ideas centrales del trabajo se entiendan f\u00e1cilmente. El p\u00f3ster debe adjuntarse al formulario de env\u00edo como archivo PDF.<\/p>\n<p style=\"text-align: justify\"><strong>3. Para la presentaci\u00f3n de trabajos para participaci\u00f3n con un cortometraje<\/strong>, dicha producci\u00f3n audiovisual deber\u00e1 cumplir con los siguientes criterios t\u00e9cnicos y de contenido: (i) duraci\u00f3n de hasta 10 minutos; (ii) resoluci\u00f3n m\u00ednima de 480p; (iii) si alg\u00fan contenido se reproduce de otras fuentes, identificar la autor\u00eda y adjuntar un t\u00e9rmino para el uso del material copiado, cuando corresponda; y (iv) videos que, utilizando pistas e im\u00e1genes de otros autores, dan preferencia a materiales bajo licencia Creative Commons y otros que no infringen los derechos de autor. Los videos deben cargarse, a trav\u00e9s de Google Drive u otro sitio de almacenamiento de contenido, y el enlace debe estar disponible en al <a href=\"https:\/\/docs.google.com\/forms\/d\/e\/1FAIpQLSfeXGVnxi_jslcu3-LqnXk1Bi_ldTAVCDJHnetaQLfwjfq8DA\/viewform?usp=sf_link\"><strong>Formulario de Env\u00edo<\/strong><\/a>.<\/p>\n<p style=\"text-align: justify\">Al presentar su producci\u00f3n audiovisual, los autores son conscientes de que: (i) se debe adjuntar una copia digital de las autorizaciones para el uso de im\u00e1genes de todos sus entrevistados y quienes participan en los videos; (ii) todos los autores deben firmar y adjuntar el t\u00e9rmino de autorizaci\u00f3n para la cesi\u00f3n de derechos a la Universidad Federal de Pelotas, Brasil, para exhibici\u00f3n durante el evento y difusi\u00f3n en la plataforma en l\u00ednea; (iii) no se ofrecer\u00e1 ning\u00fan bono a los participantes por la presentaci\u00f3n de estos productos audiovisuales o su asignaci\u00f3n para publicaci\u00f3n; (iv) el comit\u00e9 de evaluaci\u00f3n podr\u00e1 aprobar la cantidad de videos que estime conveniente a los temas, pudiendo reasignar la l\u00ednea tem\u00e1tica para la cual se aprueba un trabajo. Si no se respeta alguno de los criterios o procesos de env\u00edo, el v\u00eddeo no se tendr\u00e1 en cuenta en la evaluaci\u00f3n.<\/p>\n<p style=\"text-align: justify\"><strong>Los res\u00famenes se publicar\u00e1n en el Libro de Res\u00famenes del Congreso (solo se publicar\u00e1n los res\u00famenes de los trabajos presentados).<\/strong><\/p>\n<p style=\"text-align: justify\">Cualquier duda o aclaraci\u00f3n, env\u00edenos un mensaje al correo electr\u00f3nico: <strong>3ciecit@gmail.com<\/strong><\/p>\n","protected":false},"excerpt":{"rendered":"<p>Fecha l\u00edmite de env\u00edo de trabajos: 15 de mayo al 1 de octubre de 2021. Los trabajos pueden ser enviados y presentados en portugu\u00e9s, ingl\u00e9s o espa\u00f1ol en las siguientes categor\u00edas a continuaci\u00f3n y siempre conectados a una l\u00ednea tem\u00e1tica del Congreso. Cada solicitante de registro puede enviar un trabajo como primer autor en cada &hellip; <\/p>\n<p class=\"link-more\"><a href=\"https:\/\/wp.ufpel.edu.br\/3ciecit\/es\/envios-de-trabajos\/\" class=\"more-link\">Continue lendo<span class=\"screen-reader-text\"> &#8220;Env\u00edos de trabajos&#8221;<\/span><\/a><\/p>\n","protected":false},"author":956,"featured_media":0,"parent":0,"menu_order":0,"comment_status":"closed","ping_status":"closed","template":"","meta":{"footnotes":""},"class_list":["post-53","page","type-page","status-publish","hentry"],"_links":{"self":[{"href":"https:\/\/wp.ufpel.edu.br\/3ciecit\/wp-json\/wp\/v2\/pages\/53","targetHints":{"allow":["GET"]}}],"collection":[{"href":"https:\/\/wp.ufpel.edu.br\/3ciecit\/wp-json\/wp\/v2\/pages"}],"about":[{"href":"https:\/\/wp.ufpel.edu.br\/3ciecit\/wp-json\/wp\/v2\/types\/page"}],"author":[{"embeddable":true,"href":"https:\/\/wp.ufpel.edu.br\/3ciecit\/wp-json\/wp\/v2\/users\/956"}],"replies":[{"embeddable":true,"href":"https:\/\/wp.ufpel.edu.br\/3ciecit\/wp-json\/wp\/v2\/comments?post=53"}],"version-history":[{"count":7,"href":"https:\/\/wp.ufpel.edu.br\/3ciecit\/wp-json\/wp\/v2\/pages\/53\/revisions"}],"predecessor-version":[{"id":532,"href":"https:\/\/wp.ufpel.edu.br\/3ciecit\/wp-json\/wp\/v2\/pages\/53\/revisions\/532"}],"wp:attachment":[{"href":"https:\/\/wp.ufpel.edu.br\/3ciecit\/wp-json\/wp\/v2\/media?parent=53"}],"curies":[{"name":"wp","href":"https:\/\/api.w.org\/{rel}","templated":true}]}}