{"id":495,"date":"2021-05-07T15:04:28","date_gmt":"2021-05-07T18:04:28","guid":{"rendered":"https:\/\/wp.ufpel.edu.br\/3ciecit\/?page_id=495"},"modified":"2021-05-07T15:28:22","modified_gmt":"2021-05-07T18:28:22","slug":"495-2","status":"publish","type":"page","link":"https:\/\/wp.ufpel.edu.br\/3ciecit\/es\/495-2\/","title":{"rendered":"Universidad Federal de Pelotas"},"content":{"rendered":"<p style=\"text-align: justify\">El Congreso estar\u00e1 completamente en l\u00ednea debido a la pandemia de Covid-19. La Universidad Federal de Pelotas es la sede del evento virtual a trav\u00e9s de GoogleMeet y StreamYard (plataformas gratuitas), transmitido en vivo por el canal de YouTube del Congreso.<\/p>\n<p><img loading=\"lazy\" decoding=\"async\" class=\"size-full wp-image-497 aligncenter\" src=\"https:\/\/wp.ufpel.edu.br\/3ciecit\/files\/2021\/05\/a137-portal-1.jpg\" alt=\"\" width=\"900\" height=\"596\" srcset=\"https:\/\/wp.ufpel.edu.br\/3ciecit\/files\/2021\/05\/a137-portal-1.jpg 900w, https:\/\/wp.ufpel.edu.br\/3ciecit\/files\/2021\/05\/a137-portal-1-400x265.jpg 400w, https:\/\/wp.ufpel.edu.br\/3ciecit\/files\/2021\/05\/a137-portal-1-768x509.jpg 768w\" sizes=\"auto, (max-width: 706px) 89vw, (max-width: 767px) 82vw, 740px\" \/><\/p>\n<p style=\"text-align: justify\"><span style=\"font-size: 10pt\">Foto: Universidad Federal de Pelotas, Pelotas, Brasil. Fuente: EducaBras.<\/span><\/p>\n<p style=\"text-align: justify\">La Universidad Federal de Pelotas &#8211; UFPel es una instituci\u00f3n brasile\u00f1a de educaci\u00f3n superior, cuyos campus est\u00e1n ubicados en las ciudades de Pelotas y Cap\u00e3o do Le\u00e3o, en el estado de Rio Grande do Sul en Brasil. Actualmente, el Campus principal est\u00e1 ubicado en el edificio hist\u00f3rico de la antigua Anglo en la Zona Portuaria de Pelotas.<\/p>\n<p style=\"text-align: justify\">Seg\u00fan un historial de la UFPel, la charqueada de Brutus Almeida existi\u00f3 hasta 1916 en el predio del Campus principal, m\u00e1s tarde la Companhia Frigor\u00edfica Rio Grande, que fue vendida en 1924 a la firma inglesa Westerns Brothers, que transform\u00f3 el lugar en Frigor\u00edfico Anglo. Frigor\u00edfico Anglo S.A. comenz\u00f3 a operar en Pelotas alrededor de 1940, y el barrio Balsa, contiguo al matadero, estaba ocupado por trabajadores que incluso ven\u00edan de otras ciudades para vivir cerca del trabajo. The Fridge fue creado por los brit\u00e1nicos en la Segunda Guerra Mundial con el objetivo principal de enviar carne enlatada a Inglaterra, para los soldados del frente.<\/p>\n<p style=\"text-align: justify\">La Universidad fue fundada el 8 de agosto de 1969. En la formaci\u00f3n de la UFPel participaron las siguientes unidades: Facultad de Ciencias Dom\u00e9sticas, Facultad de Ciencias Veterinarias, Facultad de Derecho, Facultad de Odontolog\u00eda e Instituto de Sociolog\u00eda y Pol\u00edtica y la Facultad tradicional de Agronom\u00eda Eliseu Maciel (la m\u00e1s antigua de Brasil, tiene sus or\u00edgenes en la Escuela Imperial de Medicina Veterinaria y Agricultura Pr\u00e1ctica fundada en 1883). En el mismo a\u00f1o, el 16 de diciembre de 1969, la UFPel fue integrada, adem\u00e1s de las del n\u00facleo formativo, por las siguientes unidades acad\u00e9micas: Instituto de Biolog\u00eda, Instituto de Ciencias Humanas, Instituto de Qu\u00edmica y Geociencias, Instituto de F\u00edsica y Matem\u00e1ticas e Instituto de Arte. A la Universidad tambi\u00e9n se sumaron las siguientes instituciones: Escuela de Bellas Artes &#8220;Do\u00f1a Carmen Tr\u00e1paga Sim\u00f5es&#8221;, Facultad de Medicina de la Instituci\u00f3n de Educaci\u00f3n Superior del Sur del Estado y Conservatorio de M\u00fasica de Pelotas. La Universidad se integr\u00f3 como \u00f3rganos complementarios: la Estaci\u00f3n Experimental Piratini, el Centro de Capacitaci\u00f3n e Informaci\u00f3n Sur, la Prensa Universitaria, la Biblioteca Central, el Museo y la Casa de Estudiantes y, como \u00f3rganos complementarios, el Col\u00e9gio Agr\u00edcola Visconde da Gra\u00e7a y el Colegio de Econom\u00eda del hogar rural.<\/p>\n<p style=\"text-align: justify\">Hoy la UFPel ofrece 99 cursos de pregrado, 39 cursos de maestr\u00eda y 16 cursos de doctorado distribuidos en 20 unidades acad\u00e9micas. La Universidad tambi\u00e9n cuenta con cursos de maestr\u00eda y \/ o doctorado en todas las \u00e1reas del conocimiento: Ciencias Exactas y de la Tierra, Ciencias Biol\u00f3gicas, Ingenier\u00eda, Ciencias Agrarias, Ciencias de la Salud, Ciencias Sociales Aplicadas, Ciencias Humanas, Ling\u00fc\u00edstica, Letras y Artes, contando tambi\u00e9n con cursos con actuaci\u00f3n multidisciplinar. Para obtener m\u00e1s informaci\u00f3n, visite el sitio web de la Universidad: <a href=\"http:\/\/www.ufpel.edu.br\/\">http:\/\/www.ufpel.edu.br\/<\/a><\/p>\n","protected":false},"excerpt":{"rendered":"<p>El Congreso estar\u00e1 completamente en l\u00ednea debido a la pandemia de Covid-19. La Universidad Federal de Pelotas es la sede del evento virtual a trav\u00e9s de GoogleMeet y StreamYard (plataformas gratuitas), transmitido en vivo por el canal de YouTube del Congreso. Foto: Universidad Federal de Pelotas, Pelotas, Brasil. Fuente: EducaBras. La Universidad Federal de Pelotas &hellip; <\/p>\n<p class=\"link-more\"><a href=\"https:\/\/wp.ufpel.edu.br\/3ciecit\/es\/495-2\/\" class=\"more-link\">Continue lendo<span class=\"screen-reader-text\"> &#8220;Universidad Federal de Pelotas&#8221;<\/span><\/a><\/p>\n","protected":false},"author":956,"featured_media":0,"parent":0,"menu_order":0,"comment_status":"closed","ping_status":"closed","template":"","meta":{"footnotes":""},"class_list":["post-495","page","type-page","status-publish","hentry"],"_links":{"self":[{"href":"https:\/\/wp.ufpel.edu.br\/3ciecit\/wp-json\/wp\/v2\/pages\/495","targetHints":{"allow":["GET"]}}],"collection":[{"href":"https:\/\/wp.ufpel.edu.br\/3ciecit\/wp-json\/wp\/v2\/pages"}],"about":[{"href":"https:\/\/wp.ufpel.edu.br\/3ciecit\/wp-json\/wp\/v2\/types\/page"}],"author":[{"embeddable":true,"href":"https:\/\/wp.ufpel.edu.br\/3ciecit\/wp-json\/wp\/v2\/users\/956"}],"replies":[{"embeddable":true,"href":"https:\/\/wp.ufpel.edu.br\/3ciecit\/wp-json\/wp\/v2\/comments?post=495"}],"version-history":[{"count":2,"href":"https:\/\/wp.ufpel.edu.br\/3ciecit\/wp-json\/wp\/v2\/pages\/495\/revisions"}],"predecessor-version":[{"id":521,"href":"https:\/\/wp.ufpel.edu.br\/3ciecit\/wp-json\/wp\/v2\/pages\/495\/revisions\/521"}],"wp:attachment":[{"href":"https:\/\/wp.ufpel.edu.br\/3ciecit\/wp-json\/wp\/v2\/media?parent=495"}],"curies":[{"name":"wp","href":"https:\/\/api.w.org\/{rel}","templated":true}]}}