{"id":44,"date":"2021-04-08T14:50:04","date_gmt":"2021-04-08T17:50:04","guid":{"rendered":"https:\/\/wp.ufpel.edu.br\/3ciecit\/?page_id=44"},"modified":"2021-11-01T10:28:33","modified_gmt":"2021-11-01T13:28:33","slug":"inscripciones","status":"publish","type":"page","link":"https:\/\/wp.ufpel.edu.br\/3ciecit\/es\/inscripciones\/","title":{"rendered":"Inscripciones"},"content":{"rendered":"<p><img loading=\"lazy\" decoding=\"async\" class=\"alignnone size-full wp-image-420\" src=\"https:\/\/wp.ufpel.edu.br\/3ciecit\/files\/2021\/05\/student-849828_1920-1.jpg\" alt=\"\" width=\"1920\" height=\"1280\" srcset=\"https:\/\/wp.ufpel.edu.br\/3ciecit\/files\/2021\/05\/student-849828_1920-1.jpg 1920w, https:\/\/wp.ufpel.edu.br\/3ciecit\/files\/2021\/05\/student-849828_1920-1-400x267.jpg 400w, https:\/\/wp.ufpel.edu.br\/3ciecit\/files\/2021\/05\/student-849828_1920-1-1024x683.jpg 1024w, https:\/\/wp.ufpel.edu.br\/3ciecit\/files\/2021\/05\/student-849828_1920-1-768x512.jpg 768w, https:\/\/wp.ufpel.edu.br\/3ciecit\/files\/2021\/05\/student-849828_1920-1-1536x1024.jpg 1536w\" sizes=\"auto, (max-width: 706px) 89vw, (max-width: 767px) 82vw, 740px\" \/><\/p>\n<p style=\"text-align: justify\"><strong>Inscripci\u00f3n para presentar obras en el Congreso est\u00e1 abierta del 15 de mayo al 13 de octubre de 2021.<\/strong><\/p>\n<p><span style=\"color: #ff6600\"><strong>La inscripci\u00f3n para oyentes est\u00e1 abierta hasta el 3 de noviembre de 2021.<\/strong><\/span><\/p>\n<p style=\"text-align: justify\">El participante podr\u00e1 inscribirse para <strong>presentaci\u00f3n oral, participaci\u00f3n con cartel o cortometraje, o simplemente como oyente de las sesiones tem\u00e1ticas y conferencias.<\/strong><\/p>\n<p style=\"text-align: justify\"><strong>Debido a la pandemia, el evento est\u00e1 completamente en l\u00ednea.<\/strong><\/p>\n<p style=\"text-align: justify\">Para registrarse simplemente complete el formulario de registro <a href=\"https:\/\/docs.google.com\/forms\/d\/e\/1FAIpQLSf9b-3bEX-gLy4wKqpMgdRh-vFHLwMXAOLDMXJSxdzGhu-oqA\/viewform?usp=sf_link\"><strong>aqu\u00ed.<\/strong><\/a><\/p>\n<p style=\"text-align: justify\">Todos los participantes inscritos y presencia acreditada en las actividades del Congreso recibir\u00e1n un Certificado de Participaci\u00f3n \/ Presentaci\u00f3n, el cual ser\u00e1 enviado al correo electr\u00f3nico informado en el Formulario de Inscripci\u00f3n.<\/p>\n<p style=\"text-align: justify\"><strong>La inscripci\u00f3n al Congreso es gratuita.<\/strong><\/p>\n<p style=\"text-align: justify\"><span style=\"font-size: 10pt\">Foto: Imagen de startupstockphotos de Pixabay.<\/span><\/p>\n","protected":false},"excerpt":{"rendered":"<p>Inscripci\u00f3n para presentar obras en el Congreso est\u00e1 abierta del 15 de mayo al 13 de octubre de 2021. La inscripci\u00f3n para oyentes est\u00e1 abierta hasta el 3 de noviembre de 2021. El participante podr\u00e1 inscribirse para presentaci\u00f3n oral, participaci\u00f3n con cartel o cortometraje, o simplemente como oyente de las sesiones tem\u00e1ticas y conferencias. Debido &hellip; <\/p>\n<p class=\"link-more\"><a href=\"https:\/\/wp.ufpel.edu.br\/3ciecit\/es\/inscripciones\/\" class=\"more-link\">Continue lendo<span class=\"screen-reader-text\"> &#8220;Inscripciones&#8221;<\/span><\/a><\/p>\n","protected":false},"author":956,"featured_media":0,"parent":0,"menu_order":0,"comment_status":"closed","ping_status":"closed","template":"","meta":{"footnotes":""},"class_list":["post-44","page","type-page","status-publish","hentry"],"_links":{"self":[{"href":"https:\/\/wp.ufpel.edu.br\/3ciecit\/wp-json\/wp\/v2\/pages\/44","targetHints":{"allow":["GET"]}}],"collection":[{"href":"https:\/\/wp.ufpel.edu.br\/3ciecit\/wp-json\/wp\/v2\/pages"}],"about":[{"href":"https:\/\/wp.ufpel.edu.br\/3ciecit\/wp-json\/wp\/v2\/types\/page"}],"author":[{"embeddable":true,"href":"https:\/\/wp.ufpel.edu.br\/3ciecit\/wp-json\/wp\/v2\/users\/956"}],"replies":[{"embeddable":true,"href":"https:\/\/wp.ufpel.edu.br\/3ciecit\/wp-json\/wp\/v2\/comments?post=44"}],"version-history":[{"count":7,"href":"https:\/\/wp.ufpel.edu.br\/3ciecit\/wp-json\/wp\/v2\/pages\/44\/revisions"}],"predecessor-version":[{"id":599,"href":"https:\/\/wp.ufpel.edu.br\/3ciecit\/wp-json\/wp\/v2\/pages\/44\/revisions\/599"}],"wp:attachment":[{"href":"https:\/\/wp.ufpel.edu.br\/3ciecit\/wp-json\/wp\/v2\/media?parent=44"}],"curies":[{"name":"wp","href":"https:\/\/api.w.org\/{rel}","templated":true}]}}