{"id":38,"date":"2021-04-08T14:49:34","date_gmt":"2021-04-08T17:49:34","guid":{"rendered":"https:\/\/wp.ufpel.edu.br\/3ciecit\/?page_id=38"},"modified":"2021-11-01T10:28:39","modified_gmt":"2021-11-01T13:28:39","slug":"inscricoes","status":"publish","type":"page","link":"https:\/\/wp.ufpel.edu.br\/3ciecit\/pt\/inscricoes\/","title":{"rendered":"Inscri\u00e7\u00f5es"},"content":{"rendered":"<p><img loading=\"lazy\" decoding=\"async\" class=\"size-full wp-image-127 aligncenter\" src=\"https:\/\/wp.ufpel.edu.br\/3ciecit\/files\/2021\/04\/student-849828_1920.jpg\" alt=\"\" width=\"1920\" height=\"1280\" srcset=\"https:\/\/wp.ufpel.edu.br\/3ciecit\/files\/2021\/04\/student-849828_1920.jpg 1920w, https:\/\/wp.ufpel.edu.br\/3ciecit\/files\/2021\/04\/student-849828_1920-400x267.jpg 400w, https:\/\/wp.ufpel.edu.br\/3ciecit\/files\/2021\/04\/student-849828_1920-1024x683.jpg 1024w, https:\/\/wp.ufpel.edu.br\/3ciecit\/files\/2021\/04\/student-849828_1920-768x512.jpg 768w, https:\/\/wp.ufpel.edu.br\/3ciecit\/files\/2021\/04\/student-849828_1920-1536x1024.jpg 1536w\" sizes=\"auto, (max-width: 706px) 89vw, (max-width: 767px) 82vw, 740px\" \/><\/p>\n<p style=\"text-align: justify\"><strong>As Inscri\u00e7\u00f5es para apresentar trabalhos no Congresso est\u00e3o abertas de 15 de maio \u00e0 13 de outubro de 2021.<\/strong><\/p>\n<p><span style=\"color: #ff6600\"><strong>Inscri\u00e7\u00f5es para OUVINTES est\u00e3o abertas at\u00e9 3 de novembro de 2021.<\/strong><\/span><\/p>\n<p style=\"text-align: justify\">O participante poder\u00e1 se registrar para <strong>apresenta\u00e7\u00e3o oral<\/strong>, <strong>participa\u00e7\u00e3o com p\u00f4ster,<\/strong> <strong>ou<\/strong> <strong>curta-metragem<\/strong>,\u00a0 <strong>ou apenas como ouvinte<\/strong> das sess\u00f5es tem\u00e1ticas e palestras.<\/p>\n<p style=\"text-align: justify\"><strong>Em fun\u00e7\u00e3o da pandemia o evento \u00e9 totalmente online.<\/strong><\/p>\n<p style=\"text-align: justify\">Para se inscrever basta preencher o formul\u00e1rio de inscri\u00e7\u00e3o <a href=\"https:\/\/docs.google.com\/forms\/d\/e\/1FAIpQLScUpRKLeLF4Qd7usjhdbf7Ut0atspakEyGTvGhvKy3830u9PA\/viewform?usp=sf_link\"><strong>aqui.<\/strong><\/a><\/p>\n<p style=\"text-align: justify\">Todos participantes inscritos e com presen\u00e7a atestada nas atividades do Congresso receber\u00e3o Certificado de Participa\u00e7\u00e3o\/ Apresenta\u00e7\u00e3o, o qual ser\u00e1 enviado para o e-mail informado no Formul\u00e1rio de Inscri\u00e7\u00e3o.<\/p>\n<p><strong>A inscri\u00e7\u00e3o do Congresso \u00e9 gratuita.<\/strong><\/p>\n<p><span style=\"font-size: 8pt\">Foto: Imagem de startupstockphotos por Pixabay.<\/span><\/p>\n","protected":false},"excerpt":{"rendered":"<p>As Inscri\u00e7\u00f5es para apresentar trabalhos no Congresso est\u00e3o abertas de 15 de maio \u00e0 13 de outubro de 2021. Inscri\u00e7\u00f5es para OUVINTES est\u00e3o abertas at\u00e9 3 de novembro de 2021. O participante poder\u00e1 se registrar para apresenta\u00e7\u00e3o oral, participa\u00e7\u00e3o com p\u00f4ster, ou curta-metragem,\u00a0 ou apenas como ouvinte das sess\u00f5es tem\u00e1ticas e palestras. Em fun\u00e7\u00e3o da &hellip; <\/p>\n<p class=\"link-more\"><a href=\"https:\/\/wp.ufpel.edu.br\/3ciecit\/pt\/inscricoes\/\" class=\"more-link\">Continue lendo<span class=\"screen-reader-text\"> &#8220;Inscri\u00e7\u00f5es&#8221;<\/span><\/a><\/p>\n","protected":false},"author":956,"featured_media":0,"parent":0,"menu_order":0,"comment_status":"closed","ping_status":"closed","template":"","meta":{"footnotes":""},"class_list":["post-38","page","type-page","status-publish","hentry"],"_links":{"self":[{"href":"https:\/\/wp.ufpel.edu.br\/3ciecit\/wp-json\/wp\/v2\/pages\/38","targetHints":{"allow":["GET"]}}],"collection":[{"href":"https:\/\/wp.ufpel.edu.br\/3ciecit\/wp-json\/wp\/v2\/pages"}],"about":[{"href":"https:\/\/wp.ufpel.edu.br\/3ciecit\/wp-json\/wp\/v2\/types\/page"}],"author":[{"embeddable":true,"href":"https:\/\/wp.ufpel.edu.br\/3ciecit\/wp-json\/wp\/v2\/users\/956"}],"replies":[{"embeddable":true,"href":"https:\/\/wp.ufpel.edu.br\/3ciecit\/wp-json\/wp\/v2\/comments?post=38"}],"version-history":[{"count":11,"href":"https:\/\/wp.ufpel.edu.br\/3ciecit\/wp-json\/wp\/v2\/pages\/38\/revisions"}],"predecessor-version":[{"id":600,"href":"https:\/\/wp.ufpel.edu.br\/3ciecit\/wp-json\/wp\/v2\/pages\/38\/revisions\/600"}],"wp:attachment":[{"href":"https:\/\/wp.ufpel.edu.br\/3ciecit\/wp-json\/wp\/v2\/media?parent=38"}],"curies":[{"name":"wp","href":"https:\/\/api.w.org\/{rel}","templated":true}]}}