{"id":35,"date":"2021-04-08T14:49:18","date_gmt":"2021-04-08T17:49:18","guid":{"rendered":"https:\/\/wp.ufpel.edu.br\/3ciecit\/?page_id=35"},"modified":"2021-05-17T18:38:42","modified_gmt":"2021-05-17T21:38:42","slug":"lineas-tematicas","status":"publish","type":"page","link":"https:\/\/wp.ufpel.edu.br\/3ciecit\/es\/lineas-tematicas\/","title":{"rendered":"Lineas Tematicas"},"content":{"rendered":"<p style=\"text-align: justify\">El Congreso propone debates sobre <strong>Ciudadan\u00eda, Espacio P\u00fablico y Territorio, dentro de las cinco l\u00edneas tem\u00e1ticas a continuaci\u00f3n, en las que se pueden inscribir las obras.<\/strong> <span style=\"color: #808080\"><strong>Cada l\u00ednea tem\u00e1tica contar\u00e1 con un trabajo premiado, que ser\u00e1 premiado en la ceremonia de clausura del Congreso.<\/strong><\/span><\/p>\n<p style=\"text-align: justify\"><strong>Gr\u00e1ficos Digitales y Ciudadan\u00eda<\/strong><\/p>\n<p><img loading=\"lazy\" decoding=\"async\" class=\"size-full wp-image-446 aligncenter\" src=\"https:\/\/wp.ufpel.edu.br\/3ciecit\/files\/2021\/05\/monitor-1307227_1280-1.jpg\" alt=\"\" width=\"1280\" height=\"903\" srcset=\"https:\/\/wp.ufpel.edu.br\/3ciecit\/files\/2021\/05\/monitor-1307227_1280-1.jpg 1280w, https:\/\/wp.ufpel.edu.br\/3ciecit\/files\/2021\/05\/monitor-1307227_1280-1-400x282.jpg 400w, https:\/\/wp.ufpel.edu.br\/3ciecit\/files\/2021\/05\/monitor-1307227_1280-1-1024x722.jpg 1024w, https:\/\/wp.ufpel.edu.br\/3ciecit\/files\/2021\/05\/monitor-1307227_1280-1-768x542.jpg 768w\" sizes=\"auto, (max-width: 706px) 89vw, (max-width: 767px) 82vw, 740px\" \/><\/p>\n<p style=\"text-align: justify\">Este tema abarca trabajos que demuestran que la inclusi\u00f3n de las personas en el mundo digital est\u00e1 relacionada con su posibilidad de obtener y ejercer su ciudadan\u00eda. Promueve la reflexi\u00f3n sobre las conexiones entre los m\u00e9todos de dise\u00f1o y las soluciones que pueden mejorarse mediante la representaci\u00f3n digital y las tecnolog\u00edas de fabricaci\u00f3n para el desarrollo de tecnolog\u00edas sociales. Se centra en reflexiones did\u00e1cticas para la revisi\u00f3n y actualizaci\u00f3n de los procesos de formaci\u00f3n en el \u00e1rea de la representaci\u00f3n para abarcar la transdisciplinariedad que implica el an\u00e1lisis de la forma de los objetos de la arquitectura y el dise\u00f1o para la comprensi\u00f3n de performances de diversa \u00edndole, como la est\u00e9tica. , estructural, comunicacional, utilizando especialmente el concepto de param\u00e9trica.<\/p>\n<p style=\"text-align: justify\">Coordinadores: Profa. Dra. Adriane Borda; Profa. Dra. Rafaela Bortolini.<\/p>\n<p style=\"text-align: justify\"><strong>Percepci\u00f3n, Valoraci\u00f3n de la Ciudad y Turismo<\/strong><\/p>\n<p><img loading=\"lazy\" decoding=\"async\" class=\"size-full wp-image-445 aligncenter\" src=\"https:\/\/wp.ufpel.edu.br\/3ciecit\/files\/2021\/05\/adult-1867665_1280-1.jpg\" alt=\"\" width=\"1280\" height=\"758\" srcset=\"https:\/\/wp.ufpel.edu.br\/3ciecit\/files\/2021\/05\/adult-1867665_1280-1.jpg 1280w, https:\/\/wp.ufpel.edu.br\/3ciecit\/files\/2021\/05\/adult-1867665_1280-1-400x237.jpg 400w, https:\/\/wp.ufpel.edu.br\/3ciecit\/files\/2021\/05\/adult-1867665_1280-1-1024x606.jpg 1024w, https:\/\/wp.ufpel.edu.br\/3ciecit\/files\/2021\/05\/adult-1867665_1280-1-768x455.jpg 768w\" sizes=\"auto, (max-width: 706px) 89vw, (max-width: 767px) 82vw, 740px\" \/><\/p>\n<p style=\"text-align: justify\">Este tema aborda trabajos que investigan la percepci\u00f3n y valoraci\u00f3n de las personas sobre el entorno construido y natural y tambi\u00e9n sus derechos como ciudadano en el uso y apropiaci\u00f3n de la ciudad como territorio. Tiene un car\u00e1cter multidisciplinar recibiendo aportes de otras disciplinas, como el urbanismo y la arquitectura, la psicolog\u00eda, la geograf\u00eda humana, la sociolog\u00eda urbana y la antropolog\u00eda. La investigaci\u00f3n sobre este tema involucra estudios de percepci\u00f3n (c\u00f3mo el individuo percibe el entorno), cognici\u00f3n (c\u00f3mo la mente del individuo absorbe y estructura la informaci\u00f3n recibida del entorno) y comportamiento (c\u00f3mo el individuo comprende, reacciona y modifica el entorno).<\/p>\n<p style=\"text-align: justify\">Coordinadores: Profa. Dra. Adriana Portella; Profe. Dr. Cristhian Moreira Brum; Profa. Dr. Nirce Saffer Medvedoski.<\/p>\n<p style=\"text-align: justify\"><strong>Urbanismo y Territorios Contempor\u00e1neos<\/strong><\/p>\n<p><img loading=\"lazy\" decoding=\"async\" class=\"size-full wp-image-444 aligncenter\" src=\"https:\/\/wp.ufpel.edu.br\/3ciecit\/files\/2021\/05\/japan-2014618_1280-1.jpg\" alt=\"\" width=\"1280\" height=\"851\" srcset=\"https:\/\/wp.ufpel.edu.br\/3ciecit\/files\/2021\/05\/japan-2014618_1280-1.jpg 1280w, https:\/\/wp.ufpel.edu.br\/3ciecit\/files\/2021\/05\/japan-2014618_1280-1-400x266.jpg 400w, https:\/\/wp.ufpel.edu.br\/3ciecit\/files\/2021\/05\/japan-2014618_1280-1-1024x681.jpg 1024w, https:\/\/wp.ufpel.edu.br\/3ciecit\/files\/2021\/05\/japan-2014618_1280-1-768x511.jpg 768w\" sizes=\"auto, (max-width: 706px) 89vw, (max-width: 767px) 82vw, 740px\" \/><\/p>\n<p style=\"text-align: justify\">Esta tem\u00e1tica engloba estudios en diferentes aspectos contempor\u00e1neos relacionados con la escala urbana. Analiza aspectos morfol\u00f3gicos, est\u00e9ticos, sociales, ambientales y clim\u00e1ticos de las ciudades. Aborda an\u00e1lisis apoyados en tecnolog\u00eda computacional (planificaci\u00f3n, morfolog\u00eda y modelizaci\u00f3n urbana e investigaciones en clima urbano) y discusiones te\u00f3ricas multidisciplinares (ciudad y contemporaneidad y dise\u00f1o, producci\u00f3n y apropiaci\u00f3n del espacio habitado). Funciona a diferentes escalas: desde la macroescala, pasando por microclimas urbanos y llegando a las implicaciones para el entorno construido.<\/p>\n<p style=\"text-align: justify\">Coordinadores: Prof. Dr. Maur\u00edcio Polidori; Profe. Dr. Eduardo Rocha; Profe. Dr. Andr\u00e9 Carrasco; Profa. Dra. Lisandra Krebs.<\/p>\n<p style=\"text-align: justify\"><strong>Teor\u00eda, Historia y Cr\u00edtica de la Arquitectura y el Urbanismo: Patrimonio y Espacios P\u00fablicos<\/strong><\/p>\n<p><img loading=\"lazy\" decoding=\"async\" class=\"size-full wp-image-443 aligncenter\" src=\"https:\/\/wp.ufpel.edu.br\/3ciecit\/files\/2021\/05\/corona-5844342_1280-1.jpg\" alt=\"\" width=\"1280\" height=\"853\" srcset=\"https:\/\/wp.ufpel.edu.br\/3ciecit\/files\/2021\/05\/corona-5844342_1280-1.jpg 1280w, https:\/\/wp.ufpel.edu.br\/3ciecit\/files\/2021\/05\/corona-5844342_1280-1-400x267.jpg 400w, https:\/\/wp.ufpel.edu.br\/3ciecit\/files\/2021\/05\/corona-5844342_1280-1-1024x682.jpg 1024w, https:\/\/wp.ufpel.edu.br\/3ciecit\/files\/2021\/05\/corona-5844342_1280-1-768x512.jpg 768w\" sizes=\"auto, (max-width: 706px) 89vw, (max-width: 767px) 82vw, 740px\" \/><\/p>\n<p style=\"text-align: justify\">Esta tem\u00e1tica engloba estudios que buscan reflexionar sobre cuestiones te\u00f3ricas, hist\u00f3ricas y cr\u00edticas relacionadas con el espacio p\u00fablico y el patrimonio, en el \u00e1mbito de la Arquitectura y el Urbanismo. Los temas de inter\u00e9s son los estudios en las \u00e1reas de: a) tipolog\u00eda arquitect\u00f3nica, morfolog\u00eda urbana; patrimonio urbano y arquitect\u00f3nico; rehabilitaci\u00f3n urbana; pautas de conservaci\u00f3n; b) vivienda de inter\u00e9s social; procesos de dise\u00f1o; ocupaci\u00f3n y apropiaci\u00f3n de espacios colectivos; arquitectura moderna y contempor\u00e1nea; c) patrimonio y sociedad, grupos vulnerables, inmaterialidades de bienes construidos, derecho a la ciudad; d) critica, aspectos simb\u00f3licos de la materialidad y la ciudad, procesos identitarios.<\/p>\n<p style=\"text-align: justify\">Coordinadores: Profa. Dra. C\u00e9lia Castro Gonsales; Profa. Dra. Aline Montagna da Silveira; Profa. Dra. Ana L\u00facia Costa de Oliveira, Profa. Dra. Louise Prado Alfonso y Profa. Dra. Ana El\u00edsia Costa.<\/p>\n<p style=\"text-align: justify\"><strong>Confort, Tecnolog\u00eda y Sostenibilidad en la Ciudad<\/strong><\/p>\n<p><img loading=\"lazy\" decoding=\"async\" class=\"size-full wp-image-442 aligncenter\" src=\"https:\/\/wp.ufpel.edu.br\/3ciecit\/files\/2021\/05\/light-681540_1280-1.jpg\" alt=\"\" width=\"1280\" height=\"853\" srcset=\"https:\/\/wp.ufpel.edu.br\/3ciecit\/files\/2021\/05\/light-681540_1280-1.jpg 1280w, https:\/\/wp.ufpel.edu.br\/3ciecit\/files\/2021\/05\/light-681540_1280-1-400x267.jpg 400w, https:\/\/wp.ufpel.edu.br\/3ciecit\/files\/2021\/05\/light-681540_1280-1-1024x682.jpg 1024w, https:\/\/wp.ufpel.edu.br\/3ciecit\/files\/2021\/05\/light-681540_1280-1-768x512.jpg 768w\" sizes=\"auto, (max-width: 706px) 89vw, (max-width: 767px) 82vw, 740px\" \/><\/p>\n<p style=\"text-align: justify\">Esta tem\u00e1tica aborda aspectos cualitativos y cuantitativos del confort t\u00e9rmico, ac\u00fastico y lum\u00ednico en edificios y espacios exteriores y su relaci\u00f3n con la satisfacci\u00f3n del usuario y la eficiencia energ\u00e9tica. Asimismo, el \u00e1rea de desarrollo de productos y procesos innovadores, relacionados con las diferentes etapas del ciclo de vida de los edificios: concepci\u00f3n, dise\u00f1o, producci\u00f3n, uso, operaci\u00f3n y mantenimiento. Adem\u00e1s de la conservaci\u00f3n del patrimonio construido, el estudio de materiales y sistemas constructivos sostenibles.<\/p>\n<p style=\"text-align: justify\">Coordinadores: Profa. Dra. Ariela Torres; Profa. Dra. Celina Corr\u00eaa.<\/p>\n","protected":false},"excerpt":{"rendered":"<p>El Congreso propone debates sobre Ciudadan\u00eda, Espacio P\u00fablico y Territorio, dentro de las cinco l\u00edneas tem\u00e1ticas a continuaci\u00f3n, en las que se pueden inscribir las obras. Cada l\u00ednea tem\u00e1tica contar\u00e1 con un trabajo premiado, que ser\u00e1 premiado en la ceremonia de clausura del Congreso. Gr\u00e1ficos Digitales y Ciudadan\u00eda Este tema abarca trabajos que demuestran que &hellip; <\/p>\n<p class=\"link-more\"><a href=\"https:\/\/wp.ufpel.edu.br\/3ciecit\/es\/lineas-tematicas\/\" class=\"more-link\">Continue lendo<span class=\"screen-reader-text\"> &#8220;Lineas Tematicas&#8221;<\/span><\/a><\/p>\n","protected":false},"author":956,"featured_media":0,"parent":0,"menu_order":0,"comment_status":"closed","ping_status":"closed","template":"","meta":{"footnotes":""},"class_list":["post-35","page","type-page","status-publish","hentry"],"_links":{"self":[{"href":"https:\/\/wp.ufpel.edu.br\/3ciecit\/wp-json\/wp\/v2\/pages\/35","targetHints":{"allow":["GET"]}}],"collection":[{"href":"https:\/\/wp.ufpel.edu.br\/3ciecit\/wp-json\/wp\/v2\/pages"}],"about":[{"href":"https:\/\/wp.ufpel.edu.br\/3ciecit\/wp-json\/wp\/v2\/types\/page"}],"author":[{"embeddable":true,"href":"https:\/\/wp.ufpel.edu.br\/3ciecit\/wp-json\/wp\/v2\/users\/956"}],"replies":[{"embeddable":true,"href":"https:\/\/wp.ufpel.edu.br\/3ciecit\/wp-json\/wp\/v2\/comments?post=35"}],"version-history":[{"count":4,"href":"https:\/\/wp.ufpel.edu.br\/3ciecit\/wp-json\/wp\/v2\/pages\/35\/revisions"}],"predecessor-version":[{"id":544,"href":"https:\/\/wp.ufpel.edu.br\/3ciecit\/wp-json\/wp\/v2\/pages\/35\/revisions\/544"}],"wp:attachment":[{"href":"https:\/\/wp.ufpel.edu.br\/3ciecit\/wp-json\/wp\/v2\/media?parent=35"}],"curies":[{"name":"wp","href":"https:\/\/api.w.org\/{rel}","templated":true}]}}