{"id":344,"date":"2021-04-22T13:55:20","date_gmt":"2021-04-22T16:55:20","guid":{"rendered":"https:\/\/wp.ufpel.edu.br\/3ciecit\/?page_id=344"},"modified":"2021-11-02T15:11:02","modified_gmt":"2021-11-02T18:11:02","slug":"oradores-invitados","status":"publish","type":"page","link":"https:\/\/wp.ufpel.edu.br\/3ciecit\/es\/oradores-invitados\/","title":{"rendered":"Oradores invitados"},"content":{"rendered":"<p style=\"text-align: justify\"><strong><span style=\"color: #808080\"><img loading=\"lazy\" decoding=\"async\" class=\" wp-image-673 alignleft\" src=\"https:\/\/wp.ufpel.edu.br\/3ciecit\/files\/2021\/11\/maria-2.jpeg\" alt=\"\" width=\"191\" height=\"191\" srcset=\"https:\/\/wp.ufpel.edu.br\/3ciecit\/files\/2021\/11\/maria-2.jpeg 329w, https:\/\/wp.ufpel.edu.br\/3ciecit\/files\/2021\/11\/maria-2-200x200.jpeg 200w, https:\/\/wp.ufpel.edu.br\/3ciecit\/files\/2021\/11\/maria-2-100x100.jpeg 100w\" sizes=\"auto, (max-width: 191px) 100vw, 191px\" \/>Profe. Dra. Maria Assun\u00e7\u00e3o Gato. Instituto Universitario de Lisboa &#8211; Portugal.<\/span><\/strong><\/p>\n<p style=\"text-align: justify\"><span style=\"color: #808080\">Maria Assun\u00e7\u00e3o Gato es investigadora del ISCTE-Instituto Universit\u00e1rio de Lisboa, del Centro de Estudios sobre Cambio Socioecon\u00f3mico y Territorio (DIN\u00c2MIA\u2019CET-Iscte). Sus principales intereses de investigaci\u00f3n se encuentran en los campos de la antropolog\u00eda y sociolog\u00eda urbana, donde ha explorado temas como valores espaciales, significados y consumos, recomposici\u00f3n social, estilos de vida, din\u00e1micas residenciales en territorios urbanos y turismo. Paralelamente, ha desarrollado una segunda l\u00ednea de investigaci\u00f3n centrada en las din\u00e1micas culturales, creativas y participativas, teniendo en cuenta los cambios e impactos socioecon\u00f3micos en los territorios y comunidades locales. Maria Assun\u00e7\u00e3o Gato tiene un Doctorado en Antropolog\u00eda Social y Cultural y una Maestr\u00eda en Geograf\u00eda &#8211; Gesti\u00f3n del Territorio de la Facultad de Ciencias Sociales y Humanas de la Universidade Nova de Lisboa. Actualmente es subdirectora de DIN\u00c2MIA\u2019CET-Iscte y directora de la revista Cidades, Comunidade e Territ\u00f3rios.<\/span><\/p>\n<p style=\"text-align: justify\"><strong><span style=\"color: #808080\"><img loading=\"lazy\" decoding=\"async\" class=\" wp-image-674 alignleft\" src=\"https:\/\/wp.ufpel.edu.br\/3ciecit\/files\/2021\/11\/edgar-2.jpeg\" alt=\"\" width=\"188\" height=\"245\" srcset=\"https:\/\/wp.ufpel.edu.br\/3ciecit\/files\/2021\/11\/edgar-2.jpeg 398w, https:\/\/wp.ufpel.edu.br\/3ciecit\/files\/2021\/11\/edgar-2-307x400.jpeg 307w\" sizes=\"auto, (max-width: 188px) 100vw, 188px\" \/>Profe. Edgar Eduardo Roa Castillo. Universidad La Gran Colombia &#8211; Colombia.<\/span><\/strong><\/p>\n<p style=\"text-align: justify\"><span style=\"color: #808080\">Arquitecto de la Universidad La Gran Colombia, Especialista en Gesti\u00f3n Ambiental Urbana, Mag\u00edster en Gesti\u00f3n Urbana, Estudiante de Doctorado en Arquitectura y Urbanismo de la Universidad del Bio Bio Chile, Profesor Investigador de la Universidad La Gran Colombia, l\u00edder del vivero de investigaci\u00f3n &#8216;LUMI &#8211; Lugares do Fedo&#8217;, investigador de la Universidade Presbiteriana Mackenzie Brasil, investigador de LabCom | UFPel Universidad Federal de Pelotas, Brasil. Ha trabajado en entidades p\u00fablicas y privadas en \u00e1reas tales como Proyecto, Construcci\u00f3n, Director de Obra, Gerente T\u00e9cnico, Consultor de Urbanismo, Consultor en gesti\u00f3n de proyectos ambientales y direcci\u00f3n de proyectos, T\u00e9cnico de Auditor\u00eda iso 9001, 18000 iso 14001, an\u00e1lisis y configuraci\u00f3n de proyectos de zona. Unidades de Planeamiento (UPZ), estudios de planes de ordenamiento territorial y estudios ambientales.<\/span><\/p>\n<p style=\"text-align: justify\"><strong><span style=\"color: #808080\"><img loading=\"lazy\" decoding=\"async\" class=\"size-full wp-image-675 alignleft\" src=\"https:\/\/wp.ufpel.edu.br\/3ciecit\/files\/2021\/11\/jose-2.jpg\" alt=\"\" width=\"198\" height=\"255\" \/>Profe. Dr. Jos\u00e9 Cabral Filho. Universidad Federal de Minas Gerais, Brasil.<\/span><\/strong><\/p>\n<p style=\"text-align: justify\"><span style=\"color: #808080\">Licenciada en Arquitectura y Urbanismo por la Universidad Federal de Minas Gerais (1987), Maestr\u00eda en Estudios de Arquitectura &#8211; Universidad de Sheffield (1993), Doctorado en Estudios de Arquitectura &#8211; Universidad de Sheffield (1996), postdoctorado por la Universidad McGill\/Montreal (2005) y postdoctorado en el Royal College of Art\/Londres (2011). Actualmente es Catedr\u00e1tico de la Facultad de Arquitectura de la Universidad Federal de Minas Gerais, donde coordina Lagear &#8211; Laboratorio Gr\u00e1fico de Experimentaci\u00f3n Arquitect\u00f3nica. Es miembro de la ASC (American Association of Cybernetics), est\u00e1 en el consejo editorial de Chora: Intervals in the Philosophy of Architecture (Canad\u00e1) y es revisor de la revista Kybernetes (Inglaterra), entre otras. Ha sido consultor para instituciones internacionales como Microsoft Research Ltd (Reino Unido), SSHRC (Social Sciences and Humanities Research Council (Canad\u00e1) y NTNU &#8211; Norwegian University of Science and Technology (Noruega). Computational &#8216;(dise\u00f1o digital y procesos de fabricaci\u00f3n, computaci\u00f3n f\u00edsica y material, arquitectura interactiva, etc.), buscando aplicar la Cibern\u00e9tica de Segundo Orden y los principios del fil\u00f3sofo Vil\u00e9m Flusser a la producci\u00f3n de una arquitectura adecuada a la realidad social brasile\u00f1a.<\/span><\/p>\n<p style=\"text-align: justify\"><strong><span style=\"color: #808080\"><img loading=\"lazy\" decoding=\"async\" class=\" wp-image-676 alignleft\" src=\"https:\/\/wp.ufpel.edu.br\/3ciecit\/files\/2021\/11\/adri-2.jpg\" alt=\"\" width=\"194\" height=\"207\" srcset=\"https:\/\/wp.ufpel.edu.br\/3ciecit\/files\/2021\/11\/adri-2.jpg 456w, https:\/\/wp.ufpel.edu.br\/3ciecit\/files\/2021\/11\/adri-2-375x400.jpg 375w\" sizes=\"auto, (max-width: 194px) 100vw, 194px\" \/>Profe. Dr. Romeu da Silva Vicente. Universidad de Aveiro &#8211; Portugal.<\/span><\/strong><\/p>\n<p style=\"text-align: justify\"><span style=\"color: #808080\">Romeu Vicente es profesor asociado del Departamento de Ingenier\u00eda Civil de la Universidad de Aveiro. En 2008, complet\u00f3 su doctorado en el \u00e1rea de Estrategias y Metodolog\u00edas de Rehabilitaci\u00f3n y Evaluaci\u00f3n de Riesgos Urbanos. Es subdirector del Programa de Doctorado en Ingenier\u00eda Civil y Coordinador Cient\u00edfico de la Unidad de Investigaci\u00f3n &#8211; RISCO. Imparte asignaturas en el \u00e1rea de F\u00edsica y Tecnolog\u00eda de la Construcci\u00f3n, Patolog\u00eda y Rehabilitaci\u00f3n del plan de estudios de Ingenier\u00eda Civil. Orienta y asesora a estudiantes de doctorado y maestr\u00eda en los temas de Rehabilitaci\u00f3n de edificios existentes, Evaluaci\u00f3n y Rehabilitaci\u00f3n de Riesgos y Eficiencia Energ\u00e9tica. Ha coordinado y participado en varios proyectos de investigaci\u00f3n nacionales en el \u00e1rea de evaluaci\u00f3n de riesgos, rehabilitaci\u00f3n de edificios existentes y tecnolog\u00eda de construcci\u00f3n innovadora y eficiencia energ\u00e9tica. Ha publicado un importante n\u00famero de art\u00edculos en revistas y congresos internacionales y nacionales. Participa en diferentes comit\u00e9s t\u00e9cnico-cient\u00edficos del CIB International Council for Research and Innovation in Building and Construction. Es miembro de la Comisi\u00f3n Nacional del Euroc\u00f3digo 6 y del Consejo de Estudios del programa de Doctorado &#8211; An\u00e1lisis y Mitigaci\u00f3n de Riesgos en Infraestructuras InfraRisk. Miembro Fundador y Director de la Asociaci\u00f3n Passivhaus Zero Energy &#8211; Plataforma Portuguesa.<\/span><\/p>\n<p style=\"text-align: justify\"><strong><span style=\"color: #808080\"><img loading=\"lazy\" decoding=\"async\" class=\" wp-image-677 alignleft\" src=\"https:\/\/wp.ufpel.edu.br\/3ciecit\/files\/2021\/11\/Cristobal_Bravo-2.jpg\" alt=\"\" width=\"193\" height=\"193\" srcset=\"https:\/\/wp.ufpel.edu.br\/3ciecit\/files\/2021\/11\/Cristobal_Bravo-2.jpg 512w, https:\/\/wp.ufpel.edu.br\/3ciecit\/files\/2021\/11\/Cristobal_Bravo-2-400x400.jpg 400w, https:\/\/wp.ufpel.edu.br\/3ciecit\/files\/2021\/11\/Cristobal_Bravo-2-200x200.jpg 200w, https:\/\/wp.ufpel.edu.br\/3ciecit\/files\/2021\/11\/Cristobal_Bravo-2-100x100.jpg 100w\" sizes=\"auto, (max-width: 193px) 100vw, 193px\" \/>Profe. Dr. Crist\u00f3bal Bravo Ferretti. Universidad del B\u00edo-B\u00edo &#8211; Chile.<\/span><\/strong><\/p>\n<p style=\"text-align: justify\"><span style=\"color: #808080\">Acad\u00e9mico del Departamento de Ciencias Sociales. Psic\u00f3loga, Licenciada en Psicolog\u00eda por la Universidad Diego Portales; Mag\u00edster en Investigaci\u00f3n y Desarrollo Social Universidad de Concepci\u00f3n; Doctor en Ciencias Humanas, menci\u00f3n Discurso y Cultura Universidad Austral de Chile. Crist\u00f3bal Bravo actualmente trabaja en el Departamento de Ciencias Sociales de la Universidad del B\u00edo-B\u00edo. Crist\u00f3bal investiga en Psicolog\u00eda Comunitaria y Psicolog\u00eda Social. Su proyecto actual es \u201cProyecto de Iniciaci\u00f3n en Investigaci\u00f3n de la Universidad del Bio-B\u00edo DIUBB 162324 3 \/ I Significados del entorno portuario de la Regi\u00f3n del Bio-B\u00edo. Una aproximaci\u00f3n de la Psicolog\u00eda Ambiental &#8216;. Es profesor invitado en la Universidad Federal de Pelotas, Brasil, en la Facultad de Arquitectura y Urbanismo.<\/span><\/p>\n","protected":false},"excerpt":{"rendered":"<p>Profe. Dra. Maria Assun\u00e7\u00e3o Gato. Instituto Universitario de Lisboa &#8211; Portugal. Maria Assun\u00e7\u00e3o Gato es investigadora del ISCTE-Instituto Universit\u00e1rio de Lisboa, del Centro de Estudios sobre Cambio Socioecon\u00f3mico y Territorio (DIN\u00c2MIA\u2019CET-Iscte). Sus principales intereses de investigaci\u00f3n se encuentran en los campos de la antropolog\u00eda y sociolog\u00eda urbana, donde ha explorado temas como valores espaciales, significados &hellip; <\/p>\n<p class=\"link-more\"><a href=\"https:\/\/wp.ufpel.edu.br\/3ciecit\/es\/oradores-invitados\/\" class=\"more-link\">Continue lendo<span class=\"screen-reader-text\"> &#8220;Oradores invitados&#8221;<\/span><\/a><\/p>\n","protected":false},"author":956,"featured_media":0,"parent":0,"menu_order":0,"comment_status":"closed","ping_status":"closed","template":"","meta":{"footnotes":""},"class_list":["post-344","page","type-page","status-publish","hentry"],"_links":{"self":[{"href":"https:\/\/wp.ufpel.edu.br\/3ciecit\/wp-json\/wp\/v2\/pages\/344","targetHints":{"allow":["GET"]}}],"collection":[{"href":"https:\/\/wp.ufpel.edu.br\/3ciecit\/wp-json\/wp\/v2\/pages"}],"about":[{"href":"https:\/\/wp.ufpel.edu.br\/3ciecit\/wp-json\/wp\/v2\/types\/page"}],"author":[{"embeddable":true,"href":"https:\/\/wp.ufpel.edu.br\/3ciecit\/wp-json\/wp\/v2\/users\/956"}],"replies":[{"embeddable":true,"href":"https:\/\/wp.ufpel.edu.br\/3ciecit\/wp-json\/wp\/v2\/comments?post=344"}],"version-history":[{"count":5,"href":"https:\/\/wp.ufpel.edu.br\/3ciecit\/wp-json\/wp\/v2\/pages\/344\/revisions"}],"predecessor-version":[{"id":681,"href":"https:\/\/wp.ufpel.edu.br\/3ciecit\/wp-json\/wp\/v2\/pages\/344\/revisions\/681"}],"wp:attachment":[{"href":"https:\/\/wp.ufpel.edu.br\/3ciecit\/wp-json\/wp\/v2\/media?parent=344"}],"curies":[{"name":"wp","href":"https:\/\/api.w.org\/{rel}","templated":true}]}}