{"id":32,"date":"2021-04-08T14:48:44","date_gmt":"2021-04-08T17:48:44","guid":{"rendered":"https:\/\/wp.ufpel.edu.br\/3ciecit\/?page_id=32"},"modified":"2021-05-17T18:37:53","modified_gmt":"2021-05-17T21:37:53","slug":"linhas-tematicas","status":"publish","type":"page","link":"https:\/\/wp.ufpel.edu.br\/3ciecit\/pt\/linhas-tematicas\/","title":{"rendered":"Linhas Tem\u00e1ticas"},"content":{"rendered":"<p style=\"text-align: justify\">O Congresso prop\u00f5e discuss\u00f5es sobre <strong>Cidadania, Espa\u00e7o P\u00fablico e Territ\u00f3rio, dentro das cinco<\/strong> <strong>linhas tem\u00e1ticas abaixo, nas quais os trabalhos podem ser inscritos. <span style=\"color: #999999\">Cada linha tem\u00e1tica ir\u00e1 ter um trabalho premiado, os quais ser\u00e3o agraciados na cerim\u00f4nia de encerramento do Congresso.<\/span><\/strong><\/p>\n<p><strong>Gr\u00e1fica Digital e Cidadania<\/strong><\/p>\n<p><img loading=\"lazy\" decoding=\"async\" class=\"size-full wp-image-171 aligncenter\" src=\"https:\/\/wp.ufpel.edu.br\/3ciecit\/files\/2021\/04\/monitor-1307227_1280.jpg\" alt=\"\" width=\"1280\" height=\"903\" srcset=\"https:\/\/wp.ufpel.edu.br\/3ciecit\/files\/2021\/04\/monitor-1307227_1280.jpg 1280w, https:\/\/wp.ufpel.edu.br\/3ciecit\/files\/2021\/04\/monitor-1307227_1280-400x282.jpg 400w, https:\/\/wp.ufpel.edu.br\/3ciecit\/files\/2021\/04\/monitor-1307227_1280-1024x722.jpg 1024w, https:\/\/wp.ufpel.edu.br\/3ciecit\/files\/2021\/04\/monitor-1307227_1280-768x542.jpg 768w\" sizes=\"auto, (max-width: 706px) 89vw, (max-width: 767px) 82vw, 740px\" \/><\/p>\n<p style=\"text-align: justify\">Esta tem\u00e1tica abrange trabalhos que demonstrem que a inclus\u00e3o dos indiv\u00edduos no mundo digital se relaciona com sua possibilidade de obter e exercer sua cidadania. Promove a reflex\u00e3o sobre as conex\u00f5es entre m\u00e9todos e solu\u00e7\u00f5es de projeto que possam ser potencializadas pelas tecnologias de representa\u00e7\u00e3o e fabrica\u00e7\u00e3o digitais para o desenvolvimento de tecnologias sociais. Foca em reflex\u00f5es did\u00e1ticas para a revis\u00e3o e atualiza\u00e7\u00e3o de processos formativos na \u00e1rea de representa\u00e7\u00e3o para abarcar a transdisciplinaridade que envolve a an\u00e1lise da forma de objetos de arquitetura e design para a compreens\u00e3o de desempenhos de diversos tipos, como por exemplo, est\u00e9tico, estrutural, comunicacional, utilizando-se especialmente do conceito de parametria.<\/p>\n<p style=\"text-align: justify\">Coordenadores: Profa. Dra. Adriane Borda; Profa. Dra. Rafaela Bortolini.<\/p>\n<p style=\"text-align: justify\"><strong>Percep\u00e7\u00e3o, Avalia\u00e7\u00e3o da Cidade e Turismo<\/strong><\/p>\n<p><img loading=\"lazy\" decoding=\"async\" class=\"size-full wp-image-170 aligncenter\" src=\"https:\/\/wp.ufpel.edu.br\/3ciecit\/files\/2021\/04\/adult-1867665_1280.jpg\" alt=\"\" width=\"1280\" height=\"758\" srcset=\"https:\/\/wp.ufpel.edu.br\/3ciecit\/files\/2021\/04\/adult-1867665_1280.jpg 1280w, https:\/\/wp.ufpel.edu.br\/3ciecit\/files\/2021\/04\/adult-1867665_1280-400x237.jpg 400w, https:\/\/wp.ufpel.edu.br\/3ciecit\/files\/2021\/04\/adult-1867665_1280-1024x606.jpg 1024w, https:\/\/wp.ufpel.edu.br\/3ciecit\/files\/2021\/04\/adult-1867665_1280-768x455.jpg 768w\" sizes=\"auto, (max-width: 706px) 89vw, (max-width: 767px) 82vw, 740px\" \/><\/p>\n<p style=\"text-align: justify\">Esta tem\u00e1tica aborda trabalhos que investiguem a percep\u00e7\u00e3o e avalia\u00e7\u00e3o das pessoas em rela\u00e7\u00e3o ao ambiente constru\u00eddo e natural e tamb\u00e9m aos seus direitos como cidad\u00e3o no uso e apropria\u00e7\u00e3o da cidade como territ\u00f3rio. Tem um car\u00e1ter multidisciplinar recebendo contribui\u00e7\u00f5es de outras disciplinas, tais como planejamento urbano e arquitetura, psicologia, geografia humana, sociologia urbana e antropologia. Pesquisas nessa tem\u00e1tica envolvem estudos de percep\u00e7\u00e3o (como o indiv\u00edduo percebe o ambiente), de cogni\u00e7\u00e3o (como a mente do indiv\u00edduo absorve e estrutura as informa\u00e7\u00f5es recebidas do meio ambiente) e de comportamento (como o indiv\u00edduo compreende, reage e modifica o meio ambiente).<\/p>\n<p style=\"text-align: justify\">Coordenadores: Profa. Dra. Adriana Portella; Prof. Dr. Cristhian Moreira Brum; Profa. Dra. Nirce Saffer Medvedoski.<\/p>\n<p><strong>Urbanismo Contempor\u00e2neo e Territ\u00f3rios<\/strong><\/p>\n<p><img loading=\"lazy\" decoding=\"async\" class=\"size-full wp-image-172 aligncenter\" src=\"https:\/\/wp.ufpel.edu.br\/3ciecit\/files\/2021\/04\/japan-2014618_1280.jpg\" alt=\"\" width=\"1280\" height=\"851\" srcset=\"https:\/\/wp.ufpel.edu.br\/3ciecit\/files\/2021\/04\/japan-2014618_1280.jpg 1280w, https:\/\/wp.ufpel.edu.br\/3ciecit\/files\/2021\/04\/japan-2014618_1280-400x266.jpg 400w, https:\/\/wp.ufpel.edu.br\/3ciecit\/files\/2021\/04\/japan-2014618_1280-1024x681.jpg 1024w, https:\/\/wp.ufpel.edu.br\/3ciecit\/files\/2021\/04\/japan-2014618_1280-768x511.jpg 768w\" sizes=\"auto, (max-width: 706px) 89vw, (max-width: 767px) 82vw, 740px\" \/><\/p>\n<p style=\"text-align: justify\">Esta tem\u00e1tica engloba estudos em diferentes vertentes contempor\u00e2neas relacionadas \u00e0 escala urbana. Discute aspectos morfol\u00f3gicos, est\u00e9ticos, sociais, ambientais e clim\u00e1ticos das cidades. Aborda an\u00e1lises apoiadas por tecnologia computacional (planejamento, morfologia e modelagem urbana e investiga\u00e7\u00f5es em clima urbano) e discuss\u00f5es te\u00f3ricas multidisciplinares (cidade e contemporaneidade e projeto, produ\u00e7\u00e3o e apropria\u00e7\u00e3o do espa\u00e7o habitado). Trabalha diferentes escalas: desde a macro-escala, passando por microclimas urbanos e chegando \u00e0s implica\u00e7\u00f5es sobre o ambiente constru\u00eddo.<\/p>\n<p style=\"text-align: justify\">Coordenadores: Prof. Dr. Maur\u00edcio Polidori; Prof. Dr. Eduardo Rocha; Prof. Dr. Andr\u00e9 Carrasco; Profa. Dra. Lisandra Krebs.<\/p>\n<p style=\"text-align: justify\"><strong>Teoria, Hist\u00f3ria e Cr\u00edtica da Arquitetura e do Urbanismo: Patrim\u00f4nio e Espa\u00e7os P\u00fablicos<\/strong><\/p>\n<p><img loading=\"lazy\" decoding=\"async\" class=\"size-full wp-image-177 aligncenter\" src=\"https:\/\/wp.ufpel.edu.br\/3ciecit\/files\/2021\/04\/corona-5844342_1280.jpg\" alt=\"\" width=\"1280\" height=\"853\" srcset=\"https:\/\/wp.ufpel.edu.br\/3ciecit\/files\/2021\/04\/corona-5844342_1280.jpg 1280w, https:\/\/wp.ufpel.edu.br\/3ciecit\/files\/2021\/04\/corona-5844342_1280-400x267.jpg 400w, https:\/\/wp.ufpel.edu.br\/3ciecit\/files\/2021\/04\/corona-5844342_1280-1024x682.jpg 1024w, https:\/\/wp.ufpel.edu.br\/3ciecit\/files\/2021\/04\/corona-5844342_1280-768x512.jpg 768w\" sizes=\"auto, (max-width: 706px) 89vw, (max-width: 767px) 82vw, 740px\" \/><\/p>\n<p style=\"text-align: justify\">Esta tem\u00e1tica engloba estudos que buscam a reflex\u00e3o sobre quest\u00f5es te\u00f3ricas, hist\u00f3ricas e cr\u00edticas relacionadas ao espa\u00e7o p\u00fablico e ao patrim\u00f4nio, no campo da Arquitetura e do Urbanismo. S\u00e3o temas de interesse estudos nas \u00e1reas de: a) tipologia arquitet\u00f4nica, morfologia urbana; patrim\u00f4nio urbano e arquitet\u00f4nico; reabilita\u00e7\u00e3o urbana; diretrizes de preserva\u00e7\u00e3o; b) habita\u00e7\u00e3o de interesse social; processos projetuais; ocupa\u00e7\u00e3o e apropria\u00e7\u00e3o dos espa\u00e7os coletivos; arquitetura moderna e contempor\u00e2nea; c) patrim\u00f4nio e sociedade, grupos em vulnerabilidade, imaterialidades de bens edificados, direito a\u0300 cidade; d) critica, aspectos simb\u00f3licos da materialidade e da cidade, processos identit\u00e1rios.<\/p>\n<p style=\"text-align: justify\">Coordenadores: Profa. Dra. C\u00e9lia Castro Gonsales; Profa. Dra. Aline Montagna da Silveira; Profa. Dra. Ana L\u00facia Costa de Oliveira, Profa. Dra. Louise Prado Alfonso e Profa. Dra. Ana El\u00edsia Costa.<\/p>\n<p><strong>Conforto, Tecnologia e Sustentabilidade na Cidade<\/strong><\/p>\n<p><img loading=\"lazy\" decoding=\"async\" class=\"size-full wp-image-175 aligncenter\" src=\"https:\/\/wp.ufpel.edu.br\/3ciecit\/files\/2021\/04\/light-681540_1280.jpg\" alt=\"\" width=\"1280\" height=\"853\" srcset=\"https:\/\/wp.ufpel.edu.br\/3ciecit\/files\/2021\/04\/light-681540_1280.jpg 1280w, https:\/\/wp.ufpel.edu.br\/3ciecit\/files\/2021\/04\/light-681540_1280-400x267.jpg 400w, https:\/\/wp.ufpel.edu.br\/3ciecit\/files\/2021\/04\/light-681540_1280-1024x682.jpg 1024w, https:\/\/wp.ufpel.edu.br\/3ciecit\/files\/2021\/04\/light-681540_1280-768x512.jpg 768w\" sizes=\"auto, (max-width: 706px) 89vw, (max-width: 767px) 82vw, 740px\" \/><\/p>\n<p style=\"text-align: justify\">Esta tem\u00e1tica aborda aspectos qualitativos e quantitativos do conforto t\u00e9rmico, ac\u00fastico e de ilumina\u00e7\u00e3o das edifica\u00e7\u00f5es e dos espa\u00e7os externos e suas rela\u00e7\u00f5es com a satisfa\u00e7\u00e3o do usu\u00e1rio e a efici\u00eancia energ\u00e9tica. Tamb\u00e9m, a \u00e1rea de desenvolvimento de produtos e processos inovadores, relativos \u00e0s diferentes etapas do ciclo de vida das edifica\u00e7\u00f5es: concep\u00e7\u00e3o, projeto, produ\u00e7\u00e3o, uso opera\u00e7\u00e3o e manuten\u00e7\u00e3o. Al\u00e9m da conserva\u00e7\u00e3o do patrim\u00f4nio edificado, estudo de materiais sustent\u00e1veis e sistemas construtivos.<\/p>\n<p style=\"text-align: justify\">Coordenadores: Profa. Dra. Ariela Torres; Profa. Dra. Celina Corr\u00eaa.<\/p>\n","protected":false},"excerpt":{"rendered":"<p>O Congresso prop\u00f5e discuss\u00f5es sobre Cidadania, Espa\u00e7o P\u00fablico e Territ\u00f3rio, dentro das cinco linhas tem\u00e1ticas abaixo, nas quais os trabalhos podem ser inscritos. Cada linha tem\u00e1tica ir\u00e1 ter um trabalho premiado, os quais ser\u00e3o agraciados na cerim\u00f4nia de encerramento do Congresso. Gr\u00e1fica Digital e Cidadania Esta tem\u00e1tica abrange trabalhos que demonstrem que a inclus\u00e3o dos &hellip; <\/p>\n<p class=\"link-more\"><a href=\"https:\/\/wp.ufpel.edu.br\/3ciecit\/pt\/linhas-tematicas\/\" class=\"more-link\">Continue lendo<span class=\"screen-reader-text\"> &#8220;Linhas Tem\u00e1ticas&#8221;<\/span><\/a><\/p>\n","protected":false},"author":956,"featured_media":0,"parent":0,"menu_order":0,"comment_status":"closed","ping_status":"closed","template":"","meta":{"footnotes":""},"class_list":["post-32","page","type-page","status-publish","hentry"],"_links":{"self":[{"href":"https:\/\/wp.ufpel.edu.br\/3ciecit\/wp-json\/wp\/v2\/pages\/32","targetHints":{"allow":["GET"]}}],"collection":[{"href":"https:\/\/wp.ufpel.edu.br\/3ciecit\/wp-json\/wp\/v2\/pages"}],"about":[{"href":"https:\/\/wp.ufpel.edu.br\/3ciecit\/wp-json\/wp\/v2\/types\/page"}],"author":[{"embeddable":true,"href":"https:\/\/wp.ufpel.edu.br\/3ciecit\/wp-json\/wp\/v2\/users\/956"}],"replies":[{"embeddable":true,"href":"https:\/\/wp.ufpel.edu.br\/3ciecit\/wp-json\/wp\/v2\/comments?post=32"}],"version-history":[{"count":23,"href":"https:\/\/wp.ufpel.edu.br\/3ciecit\/wp-json\/wp\/v2\/pages\/32\/revisions"}],"predecessor-version":[{"id":543,"href":"https:\/\/wp.ufpel.edu.br\/3ciecit\/wp-json\/wp\/v2\/pages\/32\/revisions\/543"}],"wp:attachment":[{"href":"https:\/\/wp.ufpel.edu.br\/3ciecit\/wp-json\/wp\/v2\/media?parent=32"}],"curies":[{"name":"wp","href":"https:\/\/api.w.org\/{rel}","templated":true}]}}