{"id":248,"date":"2021-04-15T15:27:15","date_gmt":"2021-04-15T18:27:15","guid":{"rendered":"https:\/\/wp.ufpel.edu.br\/3ciecit\/?page_id=248"},"modified":"2021-05-03T11:31:34","modified_gmt":"2021-05-03T14:31:34","slug":"laboratorio-de-estudios-del-comportamiento","status":"publish","type":"page","link":"https:\/\/wp.ufpel.edu.br\/3ciecit\/es\/laboratorio-de-estudios-del-comportamiento\/","title":{"rendered":"Laboratorio de estudios del comportamiento"},"content":{"rendered":"<p><img loading=\"lazy\" decoding=\"async\" class=\"size-full wp-image-383 aligncenter\" src=\"https:\/\/wp.ufpel.edu.br\/3ciecit\/files\/2021\/05\/68b9a2a1-369d-458d-aa17-e445365191d7-1.jpg\" alt=\"\" width=\"1024\" height=\"518\" srcset=\"https:\/\/wp.ufpel.edu.br\/3ciecit\/files\/2021\/05\/68b9a2a1-369d-458d-aa17-e445365191d7-1.jpg 1024w, https:\/\/wp.ufpel.edu.br\/3ciecit\/files\/2021\/05\/68b9a2a1-369d-458d-aa17-e445365191d7-1-400x202.jpg 400w, https:\/\/wp.ufpel.edu.br\/3ciecit\/files\/2021\/05\/68b9a2a1-369d-458d-aa17-e445365191d7-1-768x389.jpg 768w\" sizes=\"auto, (max-width: 706px) 89vw, (max-width: 767px) 82vw, 740px\" \/><\/p>\n<p style=\"text-align: justify\"><span style=\"font-size: 10pt\">Foto: Equipo LabCom, Pelotas, Brasil. Fuente: Portella.<\/span><\/p>\n<p style=\"text-align: justify\"><strong>El Laboratorio de Estudios del Comportamiento (LabCom) de la Universidad Federal de Pelotas promueve el Congreso y apoya todas las actividades del evento de manera cient\u00edfica y t\u00e9cnica<\/strong>. LabCom nace en 2016 dentro del Departamento de Arquitectura y Urbanismo de la Facultad de Arquitectura y Urbanismo de la UFPel, por el inter\u00e9s de un grupo de profesores por realizar una investigaci\u00f3n multidisciplinar en el \u00e1rea de psicolog\u00eda ambiental, arquitectura, urbanismo, sociolog\u00eda. y filosof\u00eda, con el objetivo de comprender c\u00f3mo las personas perciben y se comportan en el entorno de la ciudad. El proyecto &#8216;<a href=\"https:\/\/wp.ufpel.edu.br\/placeageproject\/en\/index-2\/\">Designing Places with the Elderly: Towards Aging-Friendly Communities<\/a>&#8216;, financiado por el Reino Unido, por la Agencia Brit\u00e1nica ESRC (Economic and Social Research Council), y coordinado en Brasil por la profesora Adriana Portella, fue el punto de partida que instig\u00f3 la creaci\u00f3n del Laboratorio de la UFPel. Para m\u00e1s informaci\u00f3n visite el sitio web del Laboratorio: <a href=\"https:\/\/wp.ufpel.edu.br\/labcom\/\">https:\/\/wp.ufpel.edu.br\/labcom\/<\/a><\/p>\n<p><img loading=\"lazy\" decoding=\"async\" class=\"size-full wp-image-384 aligncenter\" src=\"https:\/\/wp.ufpel.edu.br\/3ciecit\/files\/2021\/05\/14542844_1268965999789956_318755566_n-1.jpg\" alt=\"\" width=\"960\" height=\"720\" srcset=\"https:\/\/wp.ufpel.edu.br\/3ciecit\/files\/2021\/05\/14542844_1268965999789956_318755566_n-1.jpg 960w, https:\/\/wp.ufpel.edu.br\/3ciecit\/files\/2021\/05\/14542844_1268965999789956_318755566_n-1-400x300.jpg 400w, https:\/\/wp.ufpel.edu.br\/3ciecit\/files\/2021\/05\/14542844_1268965999789956_318755566_n-1-768x576.jpg 768w\" sizes=\"auto, (max-width: 706px) 89vw, (max-width: 767px) 82vw, 740px\" \/><\/p>\n<p style=\"text-align: justify\"><span style=\"font-size: 10pt\">Foto: Equipo LabCom, Pelotas, Brasil. Fuente: Portella.<\/span><\/p>\n","protected":false},"excerpt":{"rendered":"<p>Foto: Equipo LabCom, Pelotas, Brasil. Fuente: Portella. El Laboratorio de Estudios del Comportamiento (LabCom) de la Universidad Federal de Pelotas promueve el Congreso y apoya todas las actividades del evento de manera cient\u00edfica y t\u00e9cnica. LabCom nace en 2016 dentro del Departamento de Arquitectura y Urbanismo de la Facultad de Arquitectura y Urbanismo de la &hellip; <\/p>\n<p class=\"link-more\"><a href=\"https:\/\/wp.ufpel.edu.br\/3ciecit\/es\/laboratorio-de-estudios-del-comportamiento\/\" class=\"more-link\">Continue lendo<span class=\"screen-reader-text\"> &#8220;Laboratorio de estudios del comportamiento&#8221;<\/span><\/a><\/p>\n","protected":false},"author":956,"featured_media":0,"parent":0,"menu_order":0,"comment_status":"closed","ping_status":"closed","template":"","meta":{"footnotes":""},"class_list":["post-248","page","type-page","status-publish","hentry"],"_links":{"self":[{"href":"https:\/\/wp.ufpel.edu.br\/3ciecit\/wp-json\/wp\/v2\/pages\/248","targetHints":{"allow":["GET"]}}],"collection":[{"href":"https:\/\/wp.ufpel.edu.br\/3ciecit\/wp-json\/wp\/v2\/pages"}],"about":[{"href":"https:\/\/wp.ufpel.edu.br\/3ciecit\/wp-json\/wp\/v2\/types\/page"}],"author":[{"embeddable":true,"href":"https:\/\/wp.ufpel.edu.br\/3ciecit\/wp-json\/wp\/v2\/users\/956"}],"replies":[{"embeddable":true,"href":"https:\/\/wp.ufpel.edu.br\/3ciecit\/wp-json\/wp\/v2\/comments?post=248"}],"version-history":[{"count":3,"href":"https:\/\/wp.ufpel.edu.br\/3ciecit\/wp-json\/wp\/v2\/pages\/248\/revisions"}],"predecessor-version":[{"id":386,"href":"https:\/\/wp.ufpel.edu.br\/3ciecit\/wp-json\/wp\/v2\/pages\/248\/revisions\/386"}],"wp:attachment":[{"href":"https:\/\/wp.ufpel.edu.br\/3ciecit\/wp-json\/wp\/v2\/media?parent=248"}],"curies":[{"name":"wp","href":"https:\/\/api.w.org\/{rel}","templated":true}]}}