{"id":245,"date":"2021-04-15T15:26:51","date_gmt":"2021-04-15T18:26:51","guid":{"rendered":"https:\/\/wp.ufpel.edu.br\/3ciecit\/?page_id=245"},"modified":"2021-05-07T10:13:35","modified_gmt":"2021-05-07T13:13:35","slug":"facultad-de-arquitectura-y-urbanismo","status":"publish","type":"page","link":"https:\/\/wp.ufpel.edu.br\/3ciecit\/es\/facultad-de-arquitectura-y-urbanismo\/","title":{"rendered":"Facultad de Arquitectura y Urbanismo"},"content":{"rendered":"<p><img loading=\"lazy\" decoding=\"async\" class=\"size-full wp-image-433 aligncenter\" src=\"https:\/\/wp.ufpel.edu.br\/3ciecit\/files\/2021\/05\/faurb.jpg\" alt=\"\" width=\"1823\" height=\"1200\" srcset=\"https:\/\/wp.ufpel.edu.br\/3ciecit\/files\/2021\/05\/faurb.jpg 1823w, https:\/\/wp.ufpel.edu.br\/3ciecit\/files\/2021\/05\/faurb-400x263.jpg 400w, https:\/\/wp.ufpel.edu.br\/3ciecit\/files\/2021\/05\/faurb-1024x674.jpg 1024w, https:\/\/wp.ufpel.edu.br\/3ciecit\/files\/2021\/05\/faurb-768x506.jpg 768w, https:\/\/wp.ufpel.edu.br\/3ciecit\/files\/2021\/05\/faurb-1536x1011.jpg 1536w\" sizes=\"auto, (max-width: 706px) 89vw, (max-width: 767px) 82vw, 740px\" \/><\/p>\n<p style=\"text-align: justify\"><span style=\"font-size: 10pt\">Foto: Facultad de Arquitectura y Urbanismo UFPel, Pelotas, Brasil. Fuente: Lorena Maia.<\/span><\/p>\n<p style=\"text-align: justify\"><strong>La Facultad de Arquitectura y Urbanismo, a trav\u00e9s del Programa de Postgrado en Arquitectura y Urbanismo y el Laboratorio de Estudios del Comportamiento, ser\u00e1n los organizadores del evento<\/strong>. La Facultad fue creada inmediatamente despu\u00e9s de la fundaci\u00f3n de la Universidad Federal de Pelotas. Los primeros estudios para su implementaci\u00f3n datan de 1970. En ese momento, solo exist\u00edan dos cursos de Arquitectura y Urbanismo en la regi\u00f3n sur de Brasil &#8211; en Porto Alegre y Curitiba &#8211; hecho que contribuy\u00f3 a la implementaci\u00f3n de la docencia en esta \u00e1rea en el Universidad. Al crear el Curso de Arquitectura y Urbanismo, la UFPEL acogi\u00f3 el segundo curso de Arquitectura en el estado de Rio Grande do Sul. Curso de Arquitectura en el Instituto de las Artes. El Curso de Arquitectura y Urbanismo fue reconocido por el Decreto n\u00ba 81.607 del 27\/4\/1978, publicado en el Bolet\u00edn Oficial del 28\/4\/1978.<\/p>\n<p style=\"text-align: justify\">El objetivo general de la Licenciatura en Arquitectura y Urbanismo de la Universidad Federal de Pelotas es formar profesionales capaces de comprender y traducir las necesidades de los individuos, grupos sociales y la comunidad en relaci\u00f3n al dise\u00f1o, organizaci\u00f3n y construcci\u00f3n de espacios interiores y exteriores. , abarcando la planificaci\u00f3n urban\u00edstica y regional, el paisajismo y urbanismo, la edificaci\u00f3n, as\u00ed como la valorizaci\u00f3n y conservaci\u00f3n del patrimonio construido, la protecci\u00f3n del equilibrio del medio natural y el uso racional de los recursos disponibles. Para obtener m\u00e1s informaci\u00f3n, visite el sitio web de la Facultad: <a href=\"http:\/\/faurb.ufpel.edu.br\/\">http:\/\/faurb.ufpel.edu.br\/<\/a><\/p>\n<p><img loading=\"lazy\" decoding=\"async\" class=\"size-full wp-image-432 aligncenter\" src=\"https:\/\/wp.ufpel.edu.br\/3ciecit\/files\/2021\/05\/faurb-1-scaled-1.jpg\" alt=\"\" width=\"1920\" height=\"2560\" srcset=\"https:\/\/wp.ufpel.edu.br\/3ciecit\/files\/2021\/05\/faurb-1-scaled-1.jpg 1920w, https:\/\/wp.ufpel.edu.br\/3ciecit\/files\/2021\/05\/faurb-1-scaled-1-300x400.jpg 300w, https:\/\/wp.ufpel.edu.br\/3ciecit\/files\/2021\/05\/faurb-1-scaled-1-768x1024.jpg 768w, https:\/\/wp.ufpel.edu.br\/3ciecit\/files\/2021\/05\/faurb-1-scaled-1-1152x1536.jpg 1152w, https:\/\/wp.ufpel.edu.br\/3ciecit\/files\/2021\/05\/faurb-1-scaled-1-1536x2048.jpg 1536w\" sizes=\"auto, (max-width: 706px) 89vw, (max-width: 767px) 82vw, 740px\" \/><\/p>\n<p style=\"text-align: justify\"><span style=\"font-size: 10pt\">Foto: Facultad de Arquitectura y Urbanismo UFPel, Pelotas, Brasil. Fuente: FAURB \/ UFPEL.<\/span><\/p>\n","protected":false},"excerpt":{"rendered":"<p>Foto: Facultad de Arquitectura y Urbanismo UFPel, Pelotas, Brasil. Fuente: Lorena Maia. La Facultad de Arquitectura y Urbanismo, a trav\u00e9s del Programa de Postgrado en Arquitectura y Urbanismo y el Laboratorio de Estudios del Comportamiento, ser\u00e1n los organizadores del evento. La Facultad fue creada inmediatamente despu\u00e9s de la fundaci\u00f3n de la Universidad Federal de Pelotas. &hellip; <\/p>\n<p class=\"link-more\"><a href=\"https:\/\/wp.ufpel.edu.br\/3ciecit\/es\/facultad-de-arquitectura-y-urbanismo\/\" class=\"more-link\">Continue lendo<span class=\"screen-reader-text\"> &#8220;Facultad de Arquitectura y Urbanismo&#8221;<\/span><\/a><\/p>\n","protected":false},"author":956,"featured_media":0,"parent":0,"menu_order":0,"comment_status":"closed","ping_status":"closed","template":"","meta":{"footnotes":""},"class_list":["post-245","page","type-page","status-publish","hentry"],"_links":{"self":[{"href":"https:\/\/wp.ufpel.edu.br\/3ciecit\/wp-json\/wp\/v2\/pages\/245","targetHints":{"allow":["GET"]}}],"collection":[{"href":"https:\/\/wp.ufpel.edu.br\/3ciecit\/wp-json\/wp\/v2\/pages"}],"about":[{"href":"https:\/\/wp.ufpel.edu.br\/3ciecit\/wp-json\/wp\/v2\/types\/page"}],"author":[{"embeddable":true,"href":"https:\/\/wp.ufpel.edu.br\/3ciecit\/wp-json\/wp\/v2\/users\/956"}],"replies":[{"embeddable":true,"href":"https:\/\/wp.ufpel.edu.br\/3ciecit\/wp-json\/wp\/v2\/comments?post=245"}],"version-history":[{"count":4,"href":"https:\/\/wp.ufpel.edu.br\/3ciecit\/wp-json\/wp\/v2\/pages\/245\/revisions"}],"predecessor-version":[{"id":436,"href":"https:\/\/wp.ufpel.edu.br\/3ciecit\/wp-json\/wp\/v2\/pages\/245\/revisions\/436"}],"wp:attachment":[{"href":"https:\/\/wp.ufpel.edu.br\/3ciecit\/wp-json\/wp\/v2\/media?parent=245"}],"curies":[{"name":"wp","href":"https:\/\/api.w.org\/{rel}","templated":true}]}}