{"id":230,"date":"2021-04-15T15:16:02","date_gmt":"2021-04-15T18:16:02","guid":{"rendered":"https:\/\/wp.ufpel.edu.br\/3ciecit\/?page_id=230"},"modified":"2021-11-02T18:32:34","modified_gmt":"2021-11-02T21:32:34","slug":"congress-organizer","status":"publish","type":"page","link":"https:\/\/wp.ufpel.edu.br\/3ciecit\/congress-organizer\/","title":{"rendered":"Congress organizer"},"content":{"rendered":"<h3><strong>Coordination<\/strong><\/h3>\n<p><span style=\"color: #808080\"><strong>Prof Dr Cristhian Moreira Brum<\/strong><\/span><br \/>\nFaculty of Architecture and Urbanism<br \/>\nFederal University of Pelotas, Brazil<\/p>\n<p style=\"text-align: justify\"><strong><span style=\"color: #808080\">Prof Dr Adriana Portella<\/span><\/strong><br \/>\nFaculty of Architecture and Urbanism, Head of <a href=\"https:\/\/wp.ufpel.edu.br\/labcom\/\">LabCom<\/a><br \/>\nFederal University of Pelotas, Brazil<\/p>\n<p><span style=\"color: #808080\"><strong>Prof. Dr. Celia Helena Castro Gonsales<\/strong><\/span><br \/>\n<span style=\"color: #808080\">Faculty of Architecture and Urbanism, Coordinator of PROGRAU<\/span><br \/>\n<span style=\"color: #808080\">Federal University of Pelotas, Brazil<\/span><\/p>\n<p style=\"text-align: justify\"><strong><span style=\"color: #808080\">Prof. Dr Eduardo Rocha<\/span><\/strong><br \/>\nFaculty of Architecture and Urbanism, Head of <a href=\"https:\/\/wp.ufpel.edu.br\/laburb\/\">LabUrb<\/a><br \/>\nFederal University of Pelotas, Brazil<\/p>\n<p style=\"text-align: justify\"><strong><span style=\"color: #808080\">Prof Dr Nirce Saffer Medvedoski<\/span><\/strong><br \/>\nFaculty of Architecture and Urbanism, Head of <a href=\"https:\/\/wp.ufpel.edu.br\/naurb\/\">NaUrb<\/a><br \/>\nFederal University of Pelotas, Brazil<\/p>\n<p style=\"text-align: justify\"><span style=\"color: #808080\"><strong>Prof Dr Maur\u00edcio Polidori<\/strong><\/span><br \/>\nFaculty of Architecture and Urbanism, Director of\u00a0 <a href=\"https:\/\/wp.ufpel.edu.br\/faurb\/\">FaUrb<\/a><br \/>\nFederal University of Pelotas, Brazil<\/p>\n<p><strong><span style=\"color: #808080\">Lorena Maia, PhD student<\/span><\/strong><br \/>\nFaculty of Architecture and Urbanism<br \/>\nFederal University of Rio de Janeiro, Brazil<\/p>\n<p><strong><span style=\"color: #808080\">Thais Libardoni, Master<\/span><\/strong><br \/>\nFaculty of Architecture and Urbanism<br \/>\nFederal University of Pelotas, Brazil<\/p>\n<h3><strong>International Consulting<\/strong><\/h3>\n<p><strong><span style=\"color: #808080\">Prof Dr Ryan Woolrych<br \/>\n<\/span><\/strong><span style=\"color: #000000\"><span style=\"color: #333333\">School of Energy, Geoscience, Infrastructure and Society<\/span><br \/>\n<span style=\"color: #333333\">Heriot-Watt University, UK<\/span><br \/>\n<\/span><\/p>\n<p><strong><span style=\"color: #808080\">Prof Edgar Eduardo Roa Castillo<\/span><\/strong><br \/>\nFaculty of Architecture<br \/>\nUniversidad la Gran Colombia, Colombia<\/p>\n<p><span style=\"color: #808080\"><strong>Prof Juan Manuel Garz\u00f3n Blanco<\/strong><\/span><br \/>\nFaculty of Architecture<br \/>\nUniversidad la Gran Colombia, Colombia<\/p>\n<p><strong><span style=\"color: #808080\">Prof Fabio Andr\u00e9s Vinasco \u00d1ustes<\/span><\/strong><br \/>\nFaculty of Architecture<br \/>\nUniversitaria Agustiniana, Colombia<\/p>\n<p><strong><span style=\"color: #808080\">Architect Alberto Jim\u00e9nez Ruiz<\/span><\/strong><br \/>\nUniversidad de Sevilla, Spain<\/p>\n<p><strong><span style=\"color: #808080\">Dr Jos\u00e9 Mart\u00edn G\u00f3mez Tagle Morales<\/span><\/strong><br \/>\nMexico City Government, Mexico<\/p>\n<h3><strong>Technical Committee<\/strong><\/h3>\n<p><span style=\"color: #808080\"><strong>Alissa Xavier Alves<\/strong><\/span><br \/>\nFaculty of Architecture and Urbanism<br \/>\nFederal University of Pelotas, Brazil<\/p>\n<p><strong><span style=\"color: #808080\">Amanda Ferreira Garcia<\/span><\/strong><br \/>\nFaculty of Architecture and Urbanism<br \/>\nFederal University of Pelotas, Brazil<\/p>\n<p><strong><span style=\"color: #808080\">Adrian Pastore da Cunha<\/span><\/strong><br \/>\nCenter for Socio-Organizational Sciences<br \/>\nFederal University of Pelotas, Brazil<\/p>\n<p><strong><span style=\"color: #808080\">Emily Schiavinatto Nogueira<\/span><\/strong><br \/>\narchitecture college<br \/>\nUrbanism at the Federal University of Pelotas, Brazil<\/p>\n<p><strong><span style=\"color: #808080\">Lauren Nicole Gon\u00e7alves Duarte<\/span><\/strong><br \/>\nFaculty of Architecture and Urbanism<br \/>\nFederal University of Pelotas, Brazil<\/p>\n<p><strong><span style=\"color: #808080\">Marcela Milgarejo Souza<\/span><\/strong><br \/>\nFaculty of Architecture and Urbanism<br \/>\nFederal University of Pelotas, Brazil<\/p>\n<p><strong><span style=\"color: #808080\">Pamela Padilha Silveira<\/span><\/strong><br \/>\nFaculty of Architecture and Urbanism<br \/>\nFederal University of Pelotas, Brazil<\/p>\n<p><strong><span style=\"color: #808080\">Mariana Marroni da Rosa<\/span><\/strong><br \/>\nFaculty of Architecture and Urbanism<br \/>\nFederal University of Pelotas, Brazil<\/p>\n<p><strong><span style=\"color: #808080\">Thais Libardoni, Master<\/span><\/strong><br \/>\nFaculty of Architecture and Urbanism<br \/>\nFederal University of Pelotas, Brazil<\/p>\n<p><span style=\"color: #808080\"><strong>Lorena Maia, Doctoral Student<\/strong><\/span><br \/>\nFaculty of Architecture and Urbanism<br \/>\nFederal University of Rio de Janeiro, Brazil<\/p>\n<h3><strong>Scientific Committee<\/strong><\/h3>\n<p><strong><span style=\"color: #808080\">Prof\u00a0 Dr Adriana Portella<\/span><\/strong><br \/>\nFaculty of Architecture and Urbanism<br \/>\nFederal University of Pelotas, Brazil<\/p>\n<p><strong><span style=\"color: #808080\">Prof Dr Adriane Borda Almeida<\/span><\/strong><br \/>\nFaculty of Architecture and Urbanism<br \/>\nFederal University of Pelotas, Brazil<\/p>\n<p><strong><span style=\"color: #808080\">Prof Dr Aline Montagna da Silveira<\/span><\/strong><br \/>\nFaculty of Architecture and Urbanism<br \/>\nFederal University of Pelotas, Brazil<\/p>\n<p><strong><span style=\"color: #808080\">Prof Dr Ana Elisia da Costa<\/span><\/strong><br \/>\nFaculty of Architecture and Urbanism<br \/>\nFederal University of Pelotas, Brazil<\/p>\n<p><strong><span style=\"color: #808080\">Prof Dr Ana L\u00facia Costa de Oliveira<\/span><\/strong><br \/>\nFaculty of Architecture and Urbanism<br \/>\nFederal University of Pelotas, Brazil<\/p>\n<p><strong><span style=\"color: #808080\">Prof Dr Andr\u00e9 Torres Carrasco<\/span><\/strong><br \/>\nFaculty of Architecture and Urbanism<br \/>\nFederal University of Pelotas, Brazil<\/p>\n<p><span style=\"color: #808080\"><strong>Prof Dr Ant\u00f4nio Cesar Silveira Baptista da Silva<\/strong><\/span><br \/>\nFaculty of Architecture and Urbanism<br \/>\nFederal University of Pelotas, Brazil<\/p>\n<p><span style=\"color: #808080\"><strong>Prof Dr Ariela da Silva Torres<\/strong><\/span><br \/>\nFaculty of Architecture and Urbanism<br \/>\nFederal University of Pelotas, Brazil<\/p>\n<p><span style=\"color: #808080\"><strong>Prof Dr C\u00e9lia Castro Gonsales<\/strong><\/span><br \/>\nFaculty of Architecture and Urbanism<br \/>\nFederal University of Pelotas, Brazil<\/p>\n<p><span style=\"color: #808080\"><strong>Prof Dr Celina Britto Correa<\/strong><\/span><br \/>\nFaculty of Architecture and Urbanism<br \/>\nFederal University of Pelotas, Brazil<\/p>\n<p><strong><span style=\"color: #808080\">Prof Dr Cristhian Moreira Brum<\/span><\/strong><br \/>\nFaculty of Architecture and Urbanism<br \/>\nFederal University of Pelotas, Brazil<\/p>\n<p><strong><span style=\"color: #808080\">Prof Dr Eduardo Grala da Cunha<\/span><\/strong><br \/>\nFaculty of Architecture and Urbanism<br \/>\nFederal University of Pelotas, Brazil<\/p>\n<p><strong><span style=\"color: #808080\">Prof Dr Eduardo Rocha<\/span><\/strong><br \/>\nFaculty of Architecture and Urbanism<br \/>\nFederal University of Pelotas, Brazil<\/p>\n<p><span style=\"color: #808080\"><strong>Prof Dr F\u00e1bio Schramm<\/strong><\/span><br \/>\nFaculty of Architecture and Urbanism<br \/>\nFederal University of Pelotas, Brazil<\/p>\n<p><strong><span style=\"color: #808080\">Prof Dr Gisele Pereira<\/span><\/strong><br \/>\nCenter for Socio-Organizational Sciences<br \/>\nFederal University of Pelotas, Brazil<\/p>\n<p><span style=\"color: #808080\"><strong>Prof Dr Isabel Salamoni<\/strong><\/span><br \/>\nFaculty of Architecture and Urbanism<br \/>\nFederal University of Pelotas, Brazil<\/p>\n<p><strong><span style=\"color: #808080\">Prof Dr Janice de Freitas Pires<\/span><\/strong><br \/>\nFaculty of Architecture and Urbanism<br \/>\nFederal University of Pelotas, Brazil<\/p>\n<p><span style=\"color: #808080\"><strong>Prof Dr L\u00edgia Maria Chiarelli<\/strong><\/span><br \/>\nFaculty of Architecture and Urbanism<br \/>\nFederal University of Pelotas, Brazil<\/p>\n<p><span style=\"color: #808080\"><strong>Prof Dr Lisandra Fachinello Krebs<\/strong><\/span><br \/>\nFaculty of Architecture and Urbanism<br \/>\nFederal University of Pelotas, Brazil<\/p>\n<p><strong><span style=\"color: #808080\">Prof Dr Louise Prado Alfonso<\/span><\/strong><br \/>\nInstitute of Human Sciences<br \/>\nFederal University of Pelotas, Brazil<\/p>\n<p><strong><span style=\"color: #808080\">Prof Dr Luis Ant\u00f4nio dos Santos Franz<\/span><\/strong><br \/>\nEngineering Center<br \/>\nFederal University of Pelotas, Brazil<\/p>\n<p><strong><span style=\"color: #808080\">Prof Dr Maur\u00edcio Couto Polidori<\/span><\/strong><br \/>\nFaculty of Architecture and Urbanism<br \/>\nFederal University of Pelotas, Brazil<\/p>\n<p><strong><span style=\"color: #808080\">Prof Dr Natalia Naoumova<\/span><\/strong><br \/>\nFaculty of Architecture and Urbanism<br \/>\nFederal University of Pelotas, Brazil<\/p>\n<p><strong><span style=\"color: #808080\">Prof Dr Nirce Saffer Medvedovski<\/span><\/strong><br \/>\nFaculty of Architecture and Urbanism<br \/>\nFederal University of Pelotas, Brazil<\/p>\n<p><strong><span style=\"color: #808080\">Prof Dr Rafaela Bortolini<\/span><\/strong><br \/>\nFaculty of Architecture and Urbanism<br \/>\nFederal University of Pelotas, Brazil<\/p>\n<p><span style=\"color: #808080\"><strong>Prof Dr Tarc\u00edsio Dorn de Oliveira<\/strong><\/span><br \/>\nArchitecture and Urbanism Course<br \/>\nNorthwestern Regional University of the State of Rio Grande do Sul, Brazil<\/p>\n<p><strong><span style=\"color: #808080\">Dr Cl\u00e1udia Eliane Ilgenfritz Toso<\/span><\/strong><br \/>\nHistorian<br \/>\nResearch Group EMGEOCS and IFP JBarcaro, Brazil<\/p>\n<p><strong><span style=\"color: #808080\">Prof Dr Helena Copetti Callai<\/span><\/strong><br \/>\nArchitecture and Urbanism Course<br \/>\nNorthwestern Regional University of the State of Rio Grande do Sul, Brazil<\/p>\n<p><strong><span style=\"color: #808080\">Prof Dr Lucimery Dal Medico<\/span><\/strong><br \/>\nArchitecture and Urbanism Course<br \/>\nRegional Integrated University of Alto Uruguay and the Missions, Brazil<\/p>\n<p><strong><span style=\"color: #808080\">Prof Edgar Eduardo Roa Castillo<\/span><\/strong><br \/>\nFaculty of Architecture<br \/>\nUniversidad la Gran Colombia, Colombia<\/p>\n","protected":false},"excerpt":{"rendered":"<p>Coordination Prof Dr Cristhian Moreira Brum Faculty of Architecture and Urbanism Federal University of Pelotas, Brazil Prof Dr Adriana Portella Faculty of Architecture and Urbanism, Head of LabCom Federal University of Pelotas, Brazil Prof. Dr. Celia Helena Castro Gonsales Faculty of Architecture and Urbanism, Coordinator of PROGRAU Federal University of Pelotas, Brazil Prof. Dr Eduardo &hellip; <\/p>\n<p class=\"link-more\"><a href=\"https:\/\/wp.ufpel.edu.br\/3ciecit\/congress-organizer\/\" class=\"more-link\">Continue lendo<span class=\"screen-reader-text\"> &#8220;Congress organizer&#8221;<\/span><\/a><\/p>\n","protected":false},"author":956,"featured_media":0,"parent":0,"menu_order":0,"comment_status":"closed","ping_status":"closed","template":"","meta":{"footnotes":""},"class_list":["post-230","page","type-page","status-publish","hentry"],"_links":{"self":[{"href":"https:\/\/wp.ufpel.edu.br\/3ciecit\/wp-json\/wp\/v2\/pages\/230","targetHints":{"allow":["GET"]}}],"collection":[{"href":"https:\/\/wp.ufpel.edu.br\/3ciecit\/wp-json\/wp\/v2\/pages"}],"about":[{"href":"https:\/\/wp.ufpel.edu.br\/3ciecit\/wp-json\/wp\/v2\/types\/page"}],"author":[{"embeddable":true,"href":"https:\/\/wp.ufpel.edu.br\/3ciecit\/wp-json\/wp\/v2\/users\/956"}],"replies":[{"embeddable":true,"href":"https:\/\/wp.ufpel.edu.br\/3ciecit\/wp-json\/wp\/v2\/comments?post=230"}],"version-history":[{"count":12,"href":"https:\/\/wp.ufpel.edu.br\/3ciecit\/wp-json\/wp\/v2\/pages\/230\/revisions"}],"predecessor-version":[{"id":709,"href":"https:\/\/wp.ufpel.edu.br\/3ciecit\/wp-json\/wp\/v2\/pages\/230\/revisions\/709"}],"wp:attachment":[{"href":"https:\/\/wp.ufpel.edu.br\/3ciecit\/wp-json\/wp\/v2\/media?parent=230"}],"curies":[{"name":"wp","href":"https:\/\/api.w.org\/{rel}","templated":true}]}}