{"id":222,"date":"2021-04-15T15:12:55","date_gmt":"2021-04-15T18:12:55","guid":{"rendered":"https:\/\/wp.ufpel.edu.br\/3ciecit\/?page_id=222"},"modified":"2021-11-02T18:39:11","modified_gmt":"2021-11-02T21:39:11","slug":"programa-2","status":"publish","type":"page","link":"https:\/\/wp.ufpel.edu.br\/3ciecit\/es\/programa-2\/","title":{"rendered":"Programa"},"content":{"rendered":"<h2 style=\"text-align: justify\"><span style=\"color: #ff6600\"><strong><span style=\"color: #ff6600\"><a style=\"color: #ff6600\" href=\"https:\/\/wp.ufpel.edu.br\/3ciecit\/files\/2021\/11\/Programa-Apresentacoes-Trabalhos.pdf\">Haga clic aqu\u00ed<\/a><\/span> <span style=\"color: #808080\">para ver el horario de las sesiones de presentaci\u00f3n de trabajos.<\/span><\/strong><\/span><\/h2>\n<h2 style=\"text-align: justify\"><span style=\"color: #ff6600\"><strong>3 de noviembre de 2021<\/strong><\/span><\/h2>\n<p style=\"text-align: justify\"><strong><span style=\"color: #808080\">10:00: Ceremonia de apertura con los coordinadores del evento.<\/span><\/strong><\/p>\n<p style=\"text-align: justify\"><span style=\"color: #808080\"><strong>10:45 &#8211; 12:00: Conferencia inaugural con la profesora Dra. Maria Assun\u00e7\u00e3o Gato.<\/strong> Repensar el turismo urbano despu\u00e9s de la pandemia: reflexiones desde Lisboa. Instituto Universitario de Lisboa &#8211; Portugal.<\/span><\/p>\n<p style=\"text-align: justify\"><strong><span style=\"color: #808080\">13:45 &#8211; 16:00: Presentaciones de trabajos.<\/span><\/strong><\/p>\n<p style=\"text-align: justify\"><span style=\"color: #808080\"><strong>16:00 &#8211; 18:00: Conferencia con el Prof. Edgar Eduardo Roa Castillo.<\/strong> Ciudad, Sociedad y Miedo: El Impacto de los Territorios del Miedo en las Ciudades y en sus Relaciones Sociales. Universidad La Gran Colombia &#8211; Colombia.<\/span><\/p>\n<p style=\"text-align: justify\"><span style=\"color: #808080\"><strong>18:00 &#8211; 19:30: Conferencia con el Prof. Dr. Jos\u00e9 Cabral Filho.<\/strong> Por una base er\u00f3tica para la cibern\u00e9tica: deseo y cultura brasile\u00f1a. Universidad Federal de Minas Gerais, Brasil.<\/span><\/p>\n<h2 style=\"text-align: justify\"><span style=\"color: #ff6600\"><strong>4 de noviembre de 2021<\/strong><\/span><\/h2>\n<p style=\"text-align: justify\"><strong><span style=\"color: #808080\">9:00 &#8211; 12:00: Presentaciones de trabajos.<\/span><\/strong><\/p>\n<p style=\"text-align: justify\"><strong><span style=\"color: #808080\">13:45 &#8211; 18:00: Presentaciones de ponencias.<\/span><\/strong><\/p>\n<p style=\"text-align: justify\"><span style=\"color: #808080\"><strong>18:00 &#8211; 19:30: Conferencia con el Prof. Dr. Romeu da Silva Vicente.<\/strong> Retos y Tendencias para una edificaci\u00f3n m\u00e1s sostenible y duradera. Universidad de Aveiro &#8211; Portugal.<\/span><\/p>\n<h2 style=\"text-align: justify\"><span style=\"color: #ff6600\"><strong>5 de noviembre de 2021<\/strong><\/span><\/h2>\n<p style=\"text-align: justify\"><strong><span style=\"color: #808080\">9:00 &#8211; 12:00: Presentaciones de trabajos.<\/span><\/strong><\/p>\n<p style=\"text-align: justify\"><strong><span style=\"color: #808080\">13:45 &#8211; 18:00: Presentaciones de ponencias.<\/span><\/strong><\/p>\n<p style=\"text-align: justify\"><span style=\"color: #808080\"><strong>18:00 &#8211; 19:30: Conferencia con el Prof. Dr. Crist\u00f3bal Bravo Ferretti.<\/strong> Comprender la identidad de lugar en los procesos de movilidad contempor\u00e1nea. Universidad del B\u00edo-B\u00edo &#8211; Chile.<\/span><\/p>\n<p style=\"text-align: justify\"><strong><span style=\"color: #808080\">19:30 &#8211; 20:00: Ceremonia de clausura con los coordinadores del evento.<\/span><\/strong><\/p>\n","protected":false},"excerpt":{"rendered":"<p>Haga clic aqu\u00ed para ver el horario de las sesiones de presentaci\u00f3n de trabajos. 3 de noviembre de 2021 10:00: Ceremonia de apertura con los coordinadores del evento. 10:45 &#8211; 12:00: Conferencia inaugural con la profesora Dra. Maria Assun\u00e7\u00e3o Gato. Repensar el turismo urbano despu\u00e9s de la pandemia: reflexiones desde Lisboa. Instituto Universitario de Lisboa &hellip; <\/p>\n<p class=\"link-more\"><a href=\"https:\/\/wp.ufpel.edu.br\/3ciecit\/es\/programa-2\/\" class=\"more-link\">Continue lendo<span class=\"screen-reader-text\"> &#8220;Programa&#8221;<\/span><\/a><\/p>\n","protected":false},"author":956,"featured_media":0,"parent":0,"menu_order":0,"comment_status":"closed","ping_status":"closed","template":"","meta":{"footnotes":""},"class_list":["post-222","page","type-page","status-publish","hentry"],"_links":{"self":[{"href":"https:\/\/wp.ufpel.edu.br\/3ciecit\/wp-json\/wp\/v2\/pages\/222","targetHints":{"allow":["GET"]}}],"collection":[{"href":"https:\/\/wp.ufpel.edu.br\/3ciecit\/wp-json\/wp\/v2\/pages"}],"about":[{"href":"https:\/\/wp.ufpel.edu.br\/3ciecit\/wp-json\/wp\/v2\/types\/page"}],"author":[{"embeddable":true,"href":"https:\/\/wp.ufpel.edu.br\/3ciecit\/wp-json\/wp\/v2\/users\/956"}],"replies":[{"embeddable":true,"href":"https:\/\/wp.ufpel.edu.br\/3ciecit\/wp-json\/wp\/v2\/comments?post=222"}],"version-history":[{"count":7,"href":"https:\/\/wp.ufpel.edu.br\/3ciecit\/wp-json\/wp\/v2\/pages\/222\/revisions"}],"predecessor-version":[{"id":689,"href":"https:\/\/wp.ufpel.edu.br\/3ciecit\/wp-json\/wp\/v2\/pages\/222\/revisions\/689"}],"wp:attachment":[{"href":"https:\/\/wp.ufpel.edu.br\/3ciecit\/wp-json\/wp\/v2\/media?parent=222"}],"curies":[{"name":"wp","href":"https:\/\/api.w.org\/{rel}","templated":true}]}}