{"id":202,"date":"2021-04-15T14:40:45","date_gmt":"2021-04-15T17:40:45","guid":{"rendered":"https:\/\/wp.ufpel.edu.br\/3ciecit\/?page_id=202"},"modified":"2021-04-20T11:37:13","modified_gmt":"2021-04-20T14:37:13","slug":"laboratorio-de-estudos-comportamentais","status":"publish","type":"page","link":"https:\/\/wp.ufpel.edu.br\/3ciecit\/pt\/laboratorio-de-estudos-comportamentais\/","title":{"rendered":"Laborat\u00f3rio de Estudos Comportamentais"},"content":{"rendered":"<p><img loading=\"lazy\" decoding=\"async\" class=\"size-full wp-image-204 aligncenter\" src=\"https:\/\/wp.ufpel.edu.br\/3ciecit\/files\/2021\/04\/68b9a2a1-369d-458d-aa17-e445365191d7.jpg\" alt=\"\" width=\"1024\" height=\"518\" srcset=\"https:\/\/wp.ufpel.edu.br\/3ciecit\/files\/2021\/04\/68b9a2a1-369d-458d-aa17-e445365191d7.jpg 1024w, https:\/\/wp.ufpel.edu.br\/3ciecit\/files\/2021\/04\/68b9a2a1-369d-458d-aa17-e445365191d7-400x202.jpg 400w, https:\/\/wp.ufpel.edu.br\/3ciecit\/files\/2021\/04\/68b9a2a1-369d-458d-aa17-e445365191d7-768x389.jpg 768w\" sizes=\"auto, (max-width: 706px) 89vw, (max-width: 767px) 82vw, 740px\" \/><\/p>\n<p><span style=\"font-size: 10pt\">Foto: Equipe LabCom, Pelotas, Brasil. Fonte: Portella.<\/span><\/p>\n<p style=\"text-align: justify\"><strong>O Laborat\u00f3rio de Estudos Comportamentais (LabCom) da Universidade Federal de Pelotas promove o Congresso e apoia todas as atividades do evento de forma cient\u00edfica e t\u00e9cnica.<\/strong> O LabCom foi criado em 2016 dentro do Departamento de Arquitetura e Urbanismo da Faculdade de Arquitetura e Urbanismo da UFPel, a partir do interesse de um grupo de professores de realizar pesquisas multidisciplinares na \u00e1rea da psicologia ambiental, arquitetura, urbanismo, sociologia e filosofia, com o objetivo de entender como as pessoas percebem e se comportam no ambiente da cidade. O Projeto \u2018<a href=\"http:\/\/www.placeage.org\">Projetando Lugares com Idosos<\/a>: Rumo \u00e0s Comunidades Amigas do Envelhecimento\u2019, financiado pelo Reino Unido, pela Ag\u00eancia Brit\u00e2nica ESRC (Economic and Social Research Council), e coordenado no Brasil pela Professora Adriana Portella, foi o ponto de partida que instigou a cria\u00e7\u00e3o do Laborat\u00f3rio na UFPel. Para maiores informa\u00e7\u00f5es acesse o site do Laborat\u00f3rio: <a href=\"https:\/\/wp.ufpel.edu.br\/labcom\/\">https:\/\/wp.ufpel.edu.br\/labcom\/<\/a><\/p>\n<p><img loading=\"lazy\" decoding=\"async\" class=\"size-full wp-image-308 aligncenter\" src=\"https:\/\/wp.ufpel.edu.br\/3ciecit\/files\/2021\/04\/14542844_1268965999789956_318755566_n.jpg\" alt=\"\" width=\"960\" height=\"720\" srcset=\"https:\/\/wp.ufpel.edu.br\/3ciecit\/files\/2021\/04\/14542844_1268965999789956_318755566_n.jpg 960w, https:\/\/wp.ufpel.edu.br\/3ciecit\/files\/2021\/04\/14542844_1268965999789956_318755566_n-400x300.jpg 400w, https:\/\/wp.ufpel.edu.br\/3ciecit\/files\/2021\/04\/14542844_1268965999789956_318755566_n-768x576.jpg 768w\" sizes=\"auto, (max-width: 706px) 89vw, (max-width: 767px) 82vw, 740px\" \/><\/p>\n<p><span style=\"font-size: 10pt\">Foto: Equipe LabCom, Pelotas, Brasil. Fonte: Portella.<\/span><\/p>\n","protected":false},"excerpt":{"rendered":"<p>Foto: Equipe LabCom, Pelotas, Brasil. Fonte: Portella. O Laborat\u00f3rio de Estudos Comportamentais (LabCom) da Universidade Federal de Pelotas promove o Congresso e apoia todas as atividades do evento de forma cient\u00edfica e t\u00e9cnica. O LabCom foi criado em 2016 dentro do Departamento de Arquitetura e Urbanismo da Faculdade de Arquitetura e Urbanismo da UFPel, a &hellip; <\/p>\n<p class=\"link-more\"><a href=\"https:\/\/wp.ufpel.edu.br\/3ciecit\/pt\/laboratorio-de-estudos-comportamentais\/\" class=\"more-link\">Continue lendo<span class=\"screen-reader-text\"> &#8220;Laborat\u00f3rio de Estudos Comportamentais&#8221;<\/span><\/a><\/p>\n","protected":false},"author":956,"featured_media":0,"parent":0,"menu_order":0,"comment_status":"closed","ping_status":"closed","template":"","meta":{"footnotes":""},"class_list":["post-202","page","type-page","status-publish","hentry"],"_links":{"self":[{"href":"https:\/\/wp.ufpel.edu.br\/3ciecit\/wp-json\/wp\/v2\/pages\/202","targetHints":{"allow":["GET"]}}],"collection":[{"href":"https:\/\/wp.ufpel.edu.br\/3ciecit\/wp-json\/wp\/v2\/pages"}],"about":[{"href":"https:\/\/wp.ufpel.edu.br\/3ciecit\/wp-json\/wp\/v2\/types\/page"}],"author":[{"embeddable":true,"href":"https:\/\/wp.ufpel.edu.br\/3ciecit\/wp-json\/wp\/v2\/users\/956"}],"replies":[{"embeddable":true,"href":"https:\/\/wp.ufpel.edu.br\/3ciecit\/wp-json\/wp\/v2\/comments?post=202"}],"version-history":[{"count":5,"href":"https:\/\/wp.ufpel.edu.br\/3ciecit\/wp-json\/wp\/v2\/pages\/202\/revisions"}],"predecessor-version":[{"id":307,"href":"https:\/\/wp.ufpel.edu.br\/3ciecit\/wp-json\/wp\/v2\/pages\/202\/revisions\/307"}],"wp:attachment":[{"href":"https:\/\/wp.ufpel.edu.br\/3ciecit\/wp-json\/wp\/v2\/media?parent=202"}],"curies":[{"name":"wp","href":"https:\/\/api.w.org\/{rel}","templated":true}]}}