{"id":198,"date":"2021-04-15T14:33:07","date_gmt":"2021-04-15T17:33:07","guid":{"rendered":"https:\/\/wp.ufpel.edu.br\/3ciecit\/?page_id=198"},"modified":"2021-04-20T11:20:19","modified_gmt":"2021-04-20T14:20:19","slug":"programa-de-pos-graduacao-em-arquitetura-e-urbanismo","status":"publish","type":"page","link":"https:\/\/wp.ufpel.edu.br\/3ciecit\/pt\/programa-de-pos-graduacao-em-arquitetura-e-urbanismo\/","title":{"rendered":"Programa de P\u00f3s-Gradua\u00e7\u00e3o em Arquitetura e Urbanismo"},"content":{"rendered":"<p><img loading=\"lazy\" decoding=\"async\" class=\"size-full wp-image-200 aligncenter\" src=\"https:\/\/wp.ufpel.edu.br\/3ciecit\/files\/2021\/04\/FOTO-3-scaled.jpg\" alt=\"\" width=\"2560\" height=\"1719\" srcset=\"https:\/\/wp.ufpel.edu.br\/3ciecit\/files\/2021\/04\/FOTO-3-scaled.jpg 2560w, https:\/\/wp.ufpel.edu.br\/3ciecit\/files\/2021\/04\/FOTO-3-400x269.jpg 400w, https:\/\/wp.ufpel.edu.br\/3ciecit\/files\/2021\/04\/FOTO-3-1024x687.jpg 1024w, https:\/\/wp.ufpel.edu.br\/3ciecit\/files\/2021\/04\/FOTO-3-768x516.jpg 768w, https:\/\/wp.ufpel.edu.br\/3ciecit\/files\/2021\/04\/FOTO-3-1536x1031.jpg 1536w, https:\/\/wp.ufpel.edu.br\/3ciecit\/files\/2021\/04\/FOTO-3-2048x1375.jpg 2048w\" sizes=\"auto, (max-width: 706px) 89vw, (max-width: 767px) 82vw, 740px\" \/><\/p>\n<p><span style=\"font-size: 10pt\">Foto: Atividades desenvolvidas pelo PROGRAU, Pelotas, Brasil. Fonte: Portella.<\/span><\/p>\n<p style=\"text-align: justify\"><strong>O\u00a0Programa de P\u00f3s-Gradua\u00e7\u00e3o em Arquitetura e Urbanismo (PROGRAU)<\/strong> <strong>est\u00e1 diretamente envolvido com a organiza\u00e7\u00e3o do Congresso, e as linhas tem\u00e1ticas do evento convergem para as linhas de pesquisa do Programa.<\/strong> o PROGRAU promove diariamente a amplia\u00e7\u00e3o do conhecimento e perspectiva do aluno de gradua\u00e7\u00e3o diante das diversas interfaces do profissional de Arquitetura e Urbanismo. A integra\u00e7\u00e3o entre o curso de Gradua\u00e7\u00e3o e o de P\u00f3s-gradua\u00e7\u00e3o \u00e9 enfatizada pelos trabalhos dos alunos bolsistas de monitoria e de inicia\u00e7\u00e3o cient\u00edfica que colaboram com os alunos da P\u00f3s-gradua\u00e7\u00e3o nas experi\u00eancias de campo, e na operacionaliza\u00e7\u00e3o de trabalhos experimentais, possibilitando o crescimento de todos os atores envolvidos. Al\u00e9m disso, as atividades desenvolvidas pelo PROGRAU, tais como palestras, semin\u00e1rios e aula inaugural s\u00e3o abertas \u00e0 gradua\u00e7\u00e3o de modo a incentivar os alunos a desenvolver pesquisa e a ingressar na P\u00f3s-gradua\u00e7\u00e3o, e futuramente na vida acad\u00eamica. O objetivo dessa integra\u00e7\u00e3o \u00e9 trazer as contribui\u00e7\u00f5es dos estudos te\u00f3ricos e pr\u00e1ticos desenvolvidos no curso de Mestrado como um enriquecimento ao ensino de Gradua\u00e7\u00e3o em Arquitetura e Urbanismo, seja pela transfer\u00eancia de conhecimentos, pura e simples, seja pela repercuss\u00e3o favor\u00e1vel nos h\u00e1bitos e pr\u00e1ticas acad\u00eamicas e\/ou pelas diferentes modalidades de aproxima\u00e7\u00e3o entre os dois n\u00edveis de ensino.<\/p>\n<p style=\"text-align: justify\">Para maiores informa\u00e7\u00f5es acesse o site do Programa: <a href=\"http:\/\/prograu.ufpel.edu.br\/index.php\/br\/\">http:\/\/prograu.ufpel.edu.br\/index.php\/br\/<\/a><\/p>\n","protected":false},"excerpt":{"rendered":"<p>Foto: Atividades desenvolvidas pelo PROGRAU, Pelotas, Brasil. Fonte: Portella. O\u00a0Programa de P\u00f3s-Gradua\u00e7\u00e3o em Arquitetura e Urbanismo (PROGRAU) est\u00e1 diretamente envolvido com a organiza\u00e7\u00e3o do Congresso, e as linhas tem\u00e1ticas do evento convergem para as linhas de pesquisa do Programa. o PROGRAU promove diariamente a amplia\u00e7\u00e3o do conhecimento e perspectiva do aluno de gradua\u00e7\u00e3o diante das &hellip; <\/p>\n<p class=\"link-more\"><a href=\"https:\/\/wp.ufpel.edu.br\/3ciecit\/pt\/programa-de-pos-graduacao-em-arquitetura-e-urbanismo\/\" class=\"more-link\">Continue lendo<span class=\"screen-reader-text\"> &#8220;Programa de P\u00f3s-Gradua\u00e7\u00e3o em Arquitetura e Urbanismo&#8221;<\/span><\/a><\/p>\n","protected":false},"author":956,"featured_media":0,"parent":0,"menu_order":0,"comment_status":"closed","ping_status":"closed","template":"","meta":{"_crdt_document":"","footnotes":""},"class_list":["post-198","page","type-page","status-publish","hentry"],"_links":{"self":[{"href":"https:\/\/wp.ufpel.edu.br\/3ciecit\/wp-json\/wp\/v2\/pages\/198","targetHints":{"allow":["GET"]}}],"collection":[{"href":"https:\/\/wp.ufpel.edu.br\/3ciecit\/wp-json\/wp\/v2\/pages"}],"about":[{"href":"https:\/\/wp.ufpel.edu.br\/3ciecit\/wp-json\/wp\/v2\/types\/page"}],"author":[{"embeddable":true,"href":"https:\/\/wp.ufpel.edu.br\/3ciecit\/wp-json\/wp\/v2\/users\/956"}],"replies":[{"embeddable":true,"href":"https:\/\/wp.ufpel.edu.br\/3ciecit\/wp-json\/wp\/v2\/comments?post=198"}],"version-history":[{"count":4,"href":"https:\/\/wp.ufpel.edu.br\/3ciecit\/wp-json\/wp\/v2\/pages\/198\/revisions"}],"predecessor-version":[{"id":303,"href":"https:\/\/wp.ufpel.edu.br\/3ciecit\/wp-json\/wp\/v2\/pages\/198\/revisions\/303"}],"wp:attachment":[{"href":"https:\/\/wp.ufpel.edu.br\/3ciecit\/wp-json\/wp\/v2\/media?parent=198"}],"curies":[{"name":"wp","href":"https:\/\/api.w.org\/{rel}","templated":true}]}}