{"id":193,"date":"2021-04-15T14:23:05","date_gmt":"2021-04-15T17:23:05","guid":{"rendered":"https:\/\/wp.ufpel.edu.br\/3ciecit\/?page_id=193"},"modified":"2021-04-20T11:23:52","modified_gmt":"2021-04-20T14:23:52","slug":"faculdade-de-arquitetura-e-urbanismo","status":"publish","type":"page","link":"https:\/\/wp.ufpel.edu.br\/3ciecit\/pt\/faculdade-de-arquitetura-e-urbanismo\/","title":{"rendered":"Faculdade de Arquitetura e Urbanismo"},"content":{"rendered":"<p><img loading=\"lazy\" decoding=\"async\" class=\"size-full wp-image-195 aligncenter\" src=\"https:\/\/wp.ufpel.edu.br\/3ciecit\/files\/2021\/04\/faurb.jpg\" alt=\"\" width=\"1823\" height=\"1200\" srcset=\"https:\/\/wp.ufpel.edu.br\/3ciecit\/files\/2021\/04\/faurb.jpg 1823w, https:\/\/wp.ufpel.edu.br\/3ciecit\/files\/2021\/04\/faurb-400x263.jpg 400w, https:\/\/wp.ufpel.edu.br\/3ciecit\/files\/2021\/04\/faurb-1024x674.jpg 1024w, https:\/\/wp.ufpel.edu.br\/3ciecit\/files\/2021\/04\/faurb-768x506.jpg 768w, https:\/\/wp.ufpel.edu.br\/3ciecit\/files\/2021\/04\/faurb-1536x1011.jpg 1536w\" sizes=\"auto, (max-width: 706px) 89vw, (max-width: 767px) 82vw, 740px\" \/><\/p>\n<p><span style=\"font-size: 10pt\">Foto: Faculdade de Arquitetura e Urbanismo da UFPel, Pelotas, Brasil. Fonte: Lorena Maia.<\/span><\/p>\n<p style=\"text-align: justify\"><strong>A Faculdade de Arquitetura e Urbanismo, atrav\u00e9s do Programa de P\u00f3s-Gradua\u00e7\u00e3o em Arquitetura e Urbanismo e o Laborat\u00f3rio de Estudos Comportamentais, estar\u00e1 organizando o evento. <\/strong>A Faculdade foi criada imediatamente ap\u00f3s a funda\u00e7\u00e3o da Universidade Federal de Pelotas. Os primeiros estudos para sua implanta\u00e7\u00e3o datam de 1970. Na \u00e9poca havia somente dois cursos de Arquitetura e Urbanismo na regi\u00e3o sul do Brasil \u2013 em Porto Alegre e Curitiba \u2013 fato esse que contribuiu para a implanta\u00e7\u00e3o do ensino nessa \u00e1rea na Universidade. Ao criar o Curso de Arquitetura e Urbanismo, a UFPEL abrigou o segundo curso de Arquitetura do estado Rio Grande do Sul. No ano seguinte, a Portaria n\u00b0 215, de 24 de novembro de 1971, da Reitoria da UFPEL, criava e implantava o Curso de Arquitetura no Instituto de Artes. O Curso de Arquitetura e Urbanismo foi reconhecido pelo Decreto n\u00ba 81.607 de 27\/04\/1978, publicado no Di\u00e1rio Oficial de 28\/04\/1978.<\/p>\n<p style=\"text-align: justify\">O objetivo geral do curso de Gradua\u00e7\u00e3o em Arquitetura e Urbanismo da Universidade Federal de Pelotas \u00e9 formar profissionais aptos a compreender e traduzir as necessidades de indiv\u00edduos, grupos sociais e comunidade em rela\u00e7\u00e3o \u00e0 concep\u00e7\u00e3o, organiza\u00e7\u00e3o e constru\u00e7\u00e3o do espa\u00e7o interior e exterior, abrangendo o planejamento urbano e regional, o paisagismo e o urbanismo, a edifica\u00e7\u00e3o, bem como a valoriza\u00e7\u00e3o e conserva\u00e7\u00e3o do patrim\u00f4nio constru\u00eddo, a prote\u00e7\u00e3o do equil\u00edbrio do ambiente natural e a utiliza\u00e7\u00e3o racional dos recursos dispon\u00edveis. Para maiores informa\u00e7\u00f5es acesse o site da Faculdade: <a href=\"http:\/\/faurb.ufpel.edu.br\/\">http:\/\/faurb.ufpel.edu.br\/<\/a><\/p>\n<p><img loading=\"lazy\" decoding=\"async\" class=\"size-full wp-image-305 aligncenter\" src=\"https:\/\/wp.ufpel.edu.br\/3ciecit\/files\/2021\/04\/faurb-1-scaled.jpg\" alt=\"\" width=\"1920\" height=\"2560\" srcset=\"https:\/\/wp.ufpel.edu.br\/3ciecit\/files\/2021\/04\/faurb-1-scaled.jpg 1920w, https:\/\/wp.ufpel.edu.br\/3ciecit\/files\/2021\/04\/faurb-1-300x400.jpg 300w, https:\/\/wp.ufpel.edu.br\/3ciecit\/files\/2021\/04\/faurb-1-768x1024.jpg 768w, https:\/\/wp.ufpel.edu.br\/3ciecit\/files\/2021\/04\/faurb-1-1152x1536.jpg 1152w, https:\/\/wp.ufpel.edu.br\/3ciecit\/files\/2021\/04\/faurb-1-1536x2048.jpg 1536w\" sizes=\"auto, (max-width: 706px) 89vw, (max-width: 767px) 82vw, 740px\" \/><\/p>\n<p><span style=\"font-size: 10pt\">Foto: Faculdade de Arquitetura e Urbanismo da UFPel, Pelotas, Brasil. Fonte: FAURB\/UFPEL.<\/span><\/p>\n","protected":false},"excerpt":{"rendered":"<p>Foto: Faculdade de Arquitetura e Urbanismo da UFPel, Pelotas, Brasil. Fonte: Lorena Maia. A Faculdade de Arquitetura e Urbanismo, atrav\u00e9s do Programa de P\u00f3s-Gradua\u00e7\u00e3o em Arquitetura e Urbanismo e o Laborat\u00f3rio de Estudos Comportamentais, estar\u00e1 organizando o evento. A Faculdade foi criada imediatamente ap\u00f3s a funda\u00e7\u00e3o da Universidade Federal de Pelotas. Os primeiros estudos para &hellip; <\/p>\n<p class=\"link-more\"><a href=\"https:\/\/wp.ufpel.edu.br\/3ciecit\/pt\/faculdade-de-arquitetura-e-urbanismo\/\" class=\"more-link\">Continue lendo<span class=\"screen-reader-text\"> &#8220;Faculdade de Arquitetura e Urbanismo&#8221;<\/span><\/a><\/p>\n","protected":false},"author":956,"featured_media":0,"parent":0,"menu_order":0,"comment_status":"closed","ping_status":"closed","template":"","meta":{"footnotes":""},"class_list":["post-193","page","type-page","status-publish","hentry"],"_links":{"self":[{"href":"https:\/\/wp.ufpel.edu.br\/3ciecit\/wp-json\/wp\/v2\/pages\/193","targetHints":{"allow":["GET"]}}],"collection":[{"href":"https:\/\/wp.ufpel.edu.br\/3ciecit\/wp-json\/wp\/v2\/pages"}],"about":[{"href":"https:\/\/wp.ufpel.edu.br\/3ciecit\/wp-json\/wp\/v2\/types\/page"}],"author":[{"embeddable":true,"href":"https:\/\/wp.ufpel.edu.br\/3ciecit\/wp-json\/wp\/v2\/users\/956"}],"replies":[{"embeddable":true,"href":"https:\/\/wp.ufpel.edu.br\/3ciecit\/wp-json\/wp\/v2\/comments?post=193"}],"version-history":[{"count":3,"href":"https:\/\/wp.ufpel.edu.br\/3ciecit\/wp-json\/wp\/v2\/pages\/193\/revisions"}],"predecessor-version":[{"id":306,"href":"https:\/\/wp.ufpel.edu.br\/3ciecit\/wp-json\/wp\/v2\/pages\/193\/revisions\/306"}],"wp:attachment":[{"href":"https:\/\/wp.ufpel.edu.br\/3ciecit\/wp-json\/wp\/v2\/media?parent=193"}],"curies":[{"name":"wp","href":"https:\/\/api.w.org\/{rel}","templated":true}]}}