{"id":16,"date":"2021-04-07T19:19:19","date_gmt":"2021-04-07T22:19:19","guid":{"rendered":"https:\/\/wp.ufpel.edu.br\/3ciecit\/?page_id=16"},"modified":"2021-05-07T11:10:43","modified_gmt":"2021-05-07T14:10:43","slug":"presentacion","status":"publish","type":"page","link":"https:\/\/wp.ufpel.edu.br\/3ciecit\/es\/presentacion\/","title":{"rendered":"Presentaci\u00f3n"},"content":{"rendered":"<p><img loading=\"lazy\" decoding=\"async\" class=\"size-full wp-image-369 aligncenter\" src=\"https:\/\/wp.ufpel.edu.br\/3ciecit\/files\/2021\/05\/brazil-4808992_1920.jpg\" alt=\"\" width=\"1920\" height=\"1280\" srcset=\"https:\/\/wp.ufpel.edu.br\/3ciecit\/files\/2021\/05\/brazil-4808992_1920.jpg 1920w, https:\/\/wp.ufpel.edu.br\/3ciecit\/files\/2021\/05\/brazil-4808992_1920-400x267.jpg 400w, https:\/\/wp.ufpel.edu.br\/3ciecit\/files\/2021\/05\/brazil-4808992_1920-1024x683.jpg 1024w, https:\/\/wp.ufpel.edu.br\/3ciecit\/files\/2021\/05\/brazil-4808992_1920-768x512.jpg 768w, https:\/\/wp.ufpel.edu.br\/3ciecit\/files\/2021\/05\/brazil-4808992_1920-1536x1024.jpg 1536w\" sizes=\"auto, (max-width: 706px) 89vw, (max-width: 767px) 82vw, 740px\" \/><\/p>\n<p style=\"text-align: justify\">El <strong>3er Congreso Internacional de Ciudadan\u00eda, Espacio P\u00fablico y Territorio<\/strong> <strong>se lleva a cabo del 3 al 5 de noviembre de 2021 en Brasil, en la ciudad de Pelotas<\/strong>. El evento es promovido por el <a href=\"https:\/\/wp.ufpel.edu.br\/labcom\/\">Laboratorio de Estudios del Comportamiento<\/a> de la Universidad Federal de Pelotas (UFPel). Junto al Laboratorio, la <a href=\"https:\/\/wp.ufpel.edu.br\/faurb\/\">Facultad de Arquitectura y Urbanismo<\/a> de la UFPel acoge el evento, <strong>en l\u00ednea por la pandemia<\/strong>, con el apoyo del Proyecto <a href=\"https:\/\/wp.ufpel.edu.br\/placeageproject\/\">PlaceAge<\/a>, <a href=\"https:\/\/wp.ufpel.edu.br\/prograu\/\">Programa de Posgrado en Arquitectura y Urbanismo<\/a> de la UFPel y la <a href=\"https:\/\/www.ugc.edu.co\/\">Universidad La Gran Colombia<\/a>. El Simposio tambi\u00e9n se desarrolla con el apoyo de LabCom Hospitalar y el <a href=\"https:\/\/wp.ufpel.edu.br\/healthycities\/\">Centro de Ciudades Saludables, Envejecimiento y Ciudadan\u00eda<\/a>, que forma parte del Programa de Internacionalizaci\u00f3n Institucional de la UFPel &#8211; CAPES PRINT. Este es un evento mundial que se realiza anualmente en diferentes pa\u00edses; este \u00faltimo con sede en Bogot\u00e1 y promovido por la Universidad La Gran Colombia.<\/p>\n<p style=\"text-align: justify\">La primera edici\u00f3n del Congreso surgi\u00f3 de la investigaci\u00f3n denominada \u201cTerritorios del miedo y su impacto en la vitalidad de los espacios p\u00fablicos en los sectores de Usme (Bogot\u00e1, Colombia) y en las plazas centrales de Corsan y URI en Frederico Westphalen (Brasil)\u201d. . El Congreso tuvo su primera edici\u00f3n realizada presencialmente en la ciudad de Frederico Westphalen en Brasil, y fue organizado por la <a href=\"http:\/\/www.uri.br\/\">Universidad Regional Integrada<\/a> (URI) en el Campus Frederico Westphalen, en 2019.<\/p>\n<p style=\"text-align: justify\">El concepto de <strong>Ciudadan\u00eda<\/strong> hace referencia a un conjunto de derechos y deberes de la persona y se basa en los principios de la ley y la igualdad: todos somos iguales ante la ley. La ciudad se caracteriza por ser el lugar principal para el ejercicio de la ciudadan\u00eda. Esto significa que, no solo la ciudad debe garantizar los medios para que el ser humano se desarrolle econ\u00f3mica y culturalmente, sino que la ciudad debe ser el resultado de la aspiraci\u00f3n y desempe\u00f1o de todos sus ciudadanos, independientemente de su raza, religi\u00f3n y condici\u00f3n econ\u00f3mica. Por tanto, las pol\u00edticas p\u00fablicas de desarrollo urbano deben considerar el concepto de ciudadan\u00eda inherente a todas sus decisiones. El derecho a la ciudad se refiere al acceso a una buena calidad de vida a trav\u00e9s de los servicios que la ciudad debe brindar a todas las personas, como escuelas, centros de salud, hospitales, plazas y \u00e1reas verdes de esparcimiento, agua tratada, alcantarillado y recolecci\u00f3n de residuos. Sin embargo, no todas las personas que residen en la ciudad tienen igual acceso al derecho a la ciudad: la ciudadan\u00eda se ha establecido jer\u00e1rquicamente en el mundo, una contradicci\u00f3n con la concepci\u00f3n de igualdad que asume. A los grupos sociales vulnerables como las personas de bajos ingresos y los refugiados a menudo se les niegan los derechos de ciudadan\u00eda en la ciudad debido a estructuras pol\u00edticas y sociales que favorecen a ciertos grupos. Los grupos m\u00e1s vulnerables acaban como presos de su lugar de residencia, mientras que los dem\u00e1s se apropian del resto de la ciudad (Freitas &amp; Castilho, 2016).<\/p>\n<p style=\"text-align: justify\">El concepto de ciudadan\u00eda est\u00e1 directamente relacionado con el de <strong>Territorio<\/strong>. El territorio se asocia a una atribuci\u00f3n de valor, significado y un tipo de demarcaci\u00f3n espacial que produce una nueva lectura, una nueva relaci\u00f3n, un nuevo v\u00ednculo simb\u00f3lico y existencial de la persona en su relaci\u00f3n con el mundo y con los dem\u00e1s miembros de su comunidad. . Se establece as\u00ed una condici\u00f3n de apropiaci\u00f3n, en la que la presencia humana es el factor definitorio para la determinaci\u00f3n de un territorio (Massara, 2016).<\/p>\n<p style=\"text-align: justify\">El <strong>Espacio P\u00fablico<\/strong> es el lugar donde los ciudadanos pueden identificarse con las ciudades. Es a trav\u00e9s del significado atribuido a determinados espacios urbanos que se convierten en lugares de memoria para las personas, lugares de recuerdo de vivencias y sentimientos. Ser parte de una ciudad, un estado o un pa\u00eds no es solo un estado legal, sino sobre todo compartir experiencias y vivir en lugares, sobre todo p\u00fablicos, como una plaza, un parque, una calle. Por ello, es importante mantener todos los espacios p\u00fablicos de la ciudad accesibles a toda la poblaci\u00f3n como una forma de fortalecer la conexi\u00f3n, identificaci\u00f3n y compromiso de las personas con su ciudad, cultura y territorio. No podemos perpetuar la fragmentaci\u00f3n de la poblaci\u00f3n en la ciudad; El urbanismo tiene que ser utilizado como un instrumento de igualdad para toda la poblaci\u00f3n (Freitas &amp; Castilho, 2016).<\/p>\n<p style=\"text-align: justify\"><strong>Dentro de esta tem\u00e1tica, invitamos a acad\u00e9micos, investigadores, profesionales y estudiantes a participar con nosotros en este encuentro, con el fin de discutir c\u00f3mo planificar ciudades saludables para toda la poblaci\u00f3n, sin distinci\u00f3n, respondiendo a diferentes impactos ambientales, sociales, culturales y econ\u00f3micos.<\/strong><\/p>\n<p style=\"text-align: justify\"><span style=\"font-size: 10pt\">Fuentes: FREITAS, Lucas Dornas de; CASTILHO, Pedro Teixeira (2016). La ciudad como espacio de ciudadan\u00eda: \u00bfuna realidad en la educaci\u00f3n? Revista cient\u00edfica multidisciplinar N\u00facleo do Conhecimento. A\u00f1o 1. Vol. 9. Pp 648-658 Octubre \/ noviembre. ISSN. 2448-0959.<\/span><\/p>\n<p style=\"text-align: justify\"><span style=\"font-size: 10pt\">MASSARA, Bruno (2016). Territorios: formas de entenderlos y gestionarlos en la met\u00e1polis. A\u00f1o 3, n 6 &#8211; &#8220;Territorios&#8221; ISSN 2359-4705. LLAMADAS | B\u00daSQUEDA Y OTRAS EDICIONES.<\/span><\/p>\n<p style=\"text-align: justify\"><span style=\"font-size: 10pt\">Foto: R\u00edo de Janeiro Brasil. Imagen de Jose Guertzenstein en Pixabay.<\/span><\/p>\n","protected":false},"excerpt":{"rendered":"<p>El 3er Congreso Internacional de Ciudadan\u00eda, Espacio P\u00fablico y Territorio se lleva a cabo del 3 al 5 de noviembre de 2021 en Brasil, en la ciudad de Pelotas. El evento es promovido por el Laboratorio de Estudios del Comportamiento de la Universidad Federal de Pelotas (UFPel). Junto al Laboratorio, la Facultad de Arquitectura y &hellip; <\/p>\n<p class=\"link-more\"><a href=\"https:\/\/wp.ufpel.edu.br\/3ciecit\/es\/presentacion\/\" class=\"more-link\">Continue lendo<span class=\"screen-reader-text\"> &#8220;Presentaci\u00f3n&#8221;<\/span><\/a><\/p>\n","protected":false},"author":956,"featured_media":0,"parent":0,"menu_order":0,"comment_status":"closed","ping_status":"closed","template":"","meta":{"footnotes":""},"class_list":["post-16","page","type-page","status-publish","hentry"],"_links":{"self":[{"href":"https:\/\/wp.ufpel.edu.br\/3ciecit\/wp-json\/wp\/v2\/pages\/16","targetHints":{"allow":["GET"]}}],"collection":[{"href":"https:\/\/wp.ufpel.edu.br\/3ciecit\/wp-json\/wp\/v2\/pages"}],"about":[{"href":"https:\/\/wp.ufpel.edu.br\/3ciecit\/wp-json\/wp\/v2\/types\/page"}],"author":[{"embeddable":true,"href":"https:\/\/wp.ufpel.edu.br\/3ciecit\/wp-json\/wp\/v2\/users\/956"}],"replies":[{"embeddable":true,"href":"https:\/\/wp.ufpel.edu.br\/3ciecit\/wp-json\/wp\/v2\/comments?post=16"}],"version-history":[{"count":5,"href":"https:\/\/wp.ufpel.edu.br\/3ciecit\/wp-json\/wp\/v2\/pages\/16\/revisions"}],"predecessor-version":[{"id":474,"href":"https:\/\/wp.ufpel.edu.br\/3ciecit\/wp-json\/wp\/v2\/pages\/16\/revisions\/474"}],"wp:attachment":[{"href":"https:\/\/wp.ufpel.edu.br\/3ciecit\/wp-json\/wp\/v2\/media?parent=16"}],"curies":[{"name":"wp","href":"https:\/\/api.w.org\/{rel}","templated":true}]}}