{"id":12,"date":"2021-04-07T19:18:35","date_gmt":"2021-04-07T22:18:35","guid":{"rendered":"https:\/\/wp.ufpel.edu.br\/3ciecit\/?page_id=12"},"modified":"2021-05-07T11:07:43","modified_gmt":"2021-05-07T14:07:43","slug":"apresentacao","status":"publish","type":"page","link":"https:\/\/wp.ufpel.edu.br\/3ciecit\/pt\/apresentacao\/","title":{"rendered":"Apresenta\u00e7\u00e3o"},"content":{"rendered":"<p><img loading=\"lazy\" decoding=\"async\" class=\" wp-image-116 aligncenter\" src=\"https:\/\/wp.ufpel.edu.br\/3ciecit\/files\/2021\/04\/brazil-4808992_1920.jpg\" alt=\"\" width=\"610\" height=\"407\" srcset=\"https:\/\/wp.ufpel.edu.br\/3ciecit\/files\/2021\/04\/brazil-4808992_1920.jpg 1920w, https:\/\/wp.ufpel.edu.br\/3ciecit\/files\/2021\/04\/brazil-4808992_1920-400x267.jpg 400w, https:\/\/wp.ufpel.edu.br\/3ciecit\/files\/2021\/04\/brazil-4808992_1920-1024x683.jpg 1024w, https:\/\/wp.ufpel.edu.br\/3ciecit\/files\/2021\/04\/brazil-4808992_1920-768x512.jpg 768w, https:\/\/wp.ufpel.edu.br\/3ciecit\/files\/2021\/04\/brazil-4808992_1920-1536x1024.jpg 1536w\" sizes=\"auto, (max-width: 610px) 100vw, 610px\" \/><\/p>\n<p style=\"text-align: justify\">O <strong>3\u00b0 Congresso Internacional de Cidadania, Espa\u00e7o P\u00fablico e Territ\u00f3rio acontece de 3 \u00e0 5 de Novembro de 2021 no Brasil, na cidade de Pelotas<\/strong>. O evento \u00e9 promovido pelo <a href=\"https:\/\/wp.ufpel.edu.br\/labcom\/\">Laborat\u00f3rio de Estudos Comportamentais<\/a> da Universidade Federal de Pelotas (UFPel). Juntamente com o Laborat\u00f3rio, a <a href=\"https:\/\/wp.ufpel.edu.br\/faurb\/\">Faculdade de Arquitetura e Urbanismo<\/a> da UFPel sedia o evento, <strong>de modo online devido a pandemia<\/strong>, com o apoio do Projeto <a href=\"https:\/\/wp.ufpel.edu.br\/placeageproject\/\">PlaceAge<\/a>, <a href=\"https:\/\/wp.ufpel.edu.br\/prograu\/\">Programa de P\u00f3s-Gradua\u00e7\u00e3o em Arquitetura e Urbanismo<\/a> da UFPel e <a href=\"https:\/\/www.ugc.edu.co\/\">Universidad La Gran Colombia<\/a>. O Simp\u00f3sio tamb\u00e9m \u00e9 desenvolvido com o apoio do LabCom Hospitalar e do <a href=\"https:\/\/wp.ufpel.edu.br\/healthycities\/\">Centre for Healthy Cities, Ageing and Citizenship<\/a>, o qual faz parte do Programa Institucional de Internacionaliza\u00e7\u00e3o da UFPel \u2013 CAPES PRINT. Esse \u00e9 um evento mundial que ocorre anualmente em diferentes pa\u00edses; o \u00faltimo foi sediado em Bogot\u00e1 e promovido pela Universidad La Gran Colombia.<\/p>\n<p style=\"text-align: justify\">A primeira edi\u00e7\u00e3o do Congresso surgiu da investiga\u00e7\u00e3o denominada \u201cTerrit\u00f3rios de medo e seu impacto na vitalidade dos espa\u00e7os p\u00fablicos dos setores do Usme (Bogot\u00e1, Col\u00f4mbia) e nas pra\u00e7as centrais da Corsan e da URI em Frederico Westphalen (Brasil)\u201d. O Congresso teve sua primeira edi\u00e7\u00e3o realizada de forma presencial na cidade de Frederico Westphalen no Brasil, e foi organizado pela <a href=\"http:\/\/www.uri.br\/\">Universidade Regional Integrada<\/a> (URI) no Campus Frederico Westphalen, em 2019.<\/p>\n<p style=\"text-align: justify\">O conceito de <strong>Cidadania<\/strong> refere-se a um conjunto de direitos e deveres da pessoa e baseia-se nos princ\u00edpios da lei e da igualdade: todos n\u00f3s somos iguais perante a lei. A cidade se caracteriza como o principal lugar de exerc\u00edcio da cidadania. Isso quer dizer que, n\u00e3o s\u00f3 a cidade deve garantir os meios para que o ser humano se desenvolva economica e culturalmente, mas que a cidade deve ser o resultado da aspira\u00e7\u00e3o e atua\u00e7\u00e3o de todos os seus cidad\u00e3os independente de ra\u00e7a, religi\u00e3o e condi\u00e7\u00e3o econ\u00f4mica. Portanto, as pol\u00edticas p\u00fablicas de desenvolvimento urbano devem considerar o conceito da cidadania inerente a todas suas decis\u00f5es. O direito \u00e0 cidade refere-se ao acesso a uma boa qualidade de vida atrav\u00e9s de servi\u00e7os que a cidade deve prover a todas as pessoas, tais como escolas, postos de sa\u00fade, hospitais, pra\u00e7as e \u00e1reas verdes de lazer, \u00e1gua tratada, sistema de coleta de esgoto e de res\u00edduos. Entretanto, n\u00e3o s\u00e3o todas as pessoas que residem na cidade que acessam igualmente o direito \u00e0 cidade: a cidadania se estabeleceu de maneira hier\u00e1rquica no mundo, uma contradi\u00e7\u00e3o \u00e0 concep\u00e7\u00e3o de igualdade que ela presume. Grupos sociais vulner\u00e1veis como pessoas de baixa renda e refugiados, muitas vezes, tem seus direitos de cidadania negados na cidade em fun\u00e7\u00e3o de estruturas pol\u00edticas e sociais que privilegiam determinados grupos. Os grupos mais vulner\u00e1veis acabam como prisioneiros de seu lugar de resid\u00eancia, enquanto os demais se apropriam do restante da cidade (Freitas &amp; Castilho, 2016).<\/p>\n<p style=\"text-align: justify\">O conceito de cidadania se conecta diretamente ao de <strong>Territ\u00f3rio<\/strong>. O territ\u00f3rio est\u00e1 associado a uma atribui\u00e7\u00e3o de valor, de significado e um tipo de demarca\u00e7\u00e3o espacial que produz nova leitura, nova rela\u00e7\u00e3o, novo v\u00ednculo simb\u00f3lico e existencial da pessoa em sua rela\u00e7\u00e3o com o mundo e com os demais membros de sua comunidade. Dessa forma, se instaura uma condi\u00e7\u00e3o de apropria\u00e7\u00e3o, em que a presen\u00e7a humana \u00e9 definidora para a determina\u00e7\u00e3o de um territ\u00f3rio (Massara, 2016).<\/p>\n<p style=\"text-align: justify\">O <strong>Espa\u00e7o P\u00fablico<\/strong> \u00e9 o local de identifica\u00e7\u00e3o dos cidad\u00e3os com as cidades. \u00c9 atrav\u00e9s do significado atribu\u00eddo a determinados espa\u00e7os urbanos que eles se transformam em lugares de mem\u00f3ria para as pessoas, lugares de recorda\u00e7\u00e3o de experi\u00eancias e sentimentos. Fazer parte de uma cidade, um estado ou um pa\u00eds n\u00e3o \u00e9 somente um estado legal, mas sobretudo a partilha de experi\u00eancias e de viv\u00eancia em lugares, especialmente os p\u00fablicos, como uma pra\u00e7a, um parque, uma rua. Portanto, \u00e9 importante manter todos os espa\u00e7os p\u00fablicos da cidade acess\u00edveis a toda popula\u00e7\u00e3o como modo de fortalecimento da liga\u00e7\u00e3o, da identifica\u00e7\u00e3o e do comprometimento das pessoas com a sua cidade, cultura e territ\u00f3rio. N\u00e3o podemos perpetuar a fragmenta\u00e7\u00e3o da popula\u00e7\u00e3o na cidade; o planejamento urbano tem que ser utilizado como instrumento de igualdade para a toda popula\u00e7\u00e3o (Freitas &amp; Castilho, 2016).<\/p>\n<p style=\"text-align: justify\"><strong>Dentro dessa tem\u00e1tica, convidamos acad\u00eamicos, pesquisadores, profissionais e alunos a participar conosco deste encontro, a fim de discutir como planejar cidades saud\u00e1veis para toda a popula\u00e7\u00e3o, sem distin\u00e7\u00e3o, respondendo a diferentes impactos ambientais, sociais, culturais e econ\u00f4micos.<\/strong><\/p>\n<p style=\"text-align: justify\"><span style=\"font-size: 10pt\">Fontes:\u00a0 FREITAS, Lucas Dornas de; CASTILHO, Pedro Teixeira (2016). A Cidade como Espa\u00e7o de Cidadania: Uma Realidade no Ensino? Revista Cient\u00edfica Multidisciplinar N\u00facleo do Conhecimento. Ano 1. Vol. 9. Pp 648-658 Outubro \/ Novembro. ISSN. 2448-0959.<\/span><\/p>\n<p style=\"text-align: justify\"><span style=\"font-size: 10pt\">MASSARA, Bruno (2016). Territ\u00f3rios: modos de entend\u00ea-los e agenci\u00e1-los nas met\u00e1polis. Ano 3, n 6 &#8211; &#8220;Territ\u00f3rios&#8221; ISSN 2359-4705. CHAMADAS | BUSCA E OUTRAS EDI\u00c7\u00d5ES.\u00a0<\/span><\/p>\n<p style=\"text-align: justify\"><span style=\"font-size: 10pt\">Foto: Rio de Janeiro Brasil. Imagem de Jose Guertzenstein por Pixabay.<\/span><\/p>\n","protected":false},"excerpt":{"rendered":"<p>O 3\u00b0 Congresso Internacional de Cidadania, Espa\u00e7o P\u00fablico e Territ\u00f3rio acontece de 3 \u00e0 5 de Novembro de 2021 no Brasil, na cidade de Pelotas. O evento \u00e9 promovido pelo Laborat\u00f3rio de Estudos Comportamentais da Universidade Federal de Pelotas (UFPel). Juntamente com o Laborat\u00f3rio, a Faculdade de Arquitetura e Urbanismo da UFPel sedia o evento, &hellip; <\/p>\n<p class=\"link-more\"><a href=\"https:\/\/wp.ufpel.edu.br\/3ciecit\/pt\/apresentacao\/\" class=\"more-link\">Continue lendo<span class=\"screen-reader-text\"> &#8220;Apresenta\u00e7\u00e3o&#8221;<\/span><\/a><\/p>\n","protected":false},"author":956,"featured_media":0,"parent":0,"menu_order":0,"comment_status":"closed","ping_status":"closed","template":"","meta":{"footnotes":""},"class_list":["post-12","page","type-page","status-publish","hentry"],"_links":{"self":[{"href":"https:\/\/wp.ufpel.edu.br\/3ciecit\/wp-json\/wp\/v2\/pages\/12","targetHints":{"allow":["GET"]}}],"collection":[{"href":"https:\/\/wp.ufpel.edu.br\/3ciecit\/wp-json\/wp\/v2\/pages"}],"about":[{"href":"https:\/\/wp.ufpel.edu.br\/3ciecit\/wp-json\/wp\/v2\/types\/page"}],"author":[{"embeddable":true,"href":"https:\/\/wp.ufpel.edu.br\/3ciecit\/wp-json\/wp\/v2\/users\/956"}],"replies":[{"embeddable":true,"href":"https:\/\/wp.ufpel.edu.br\/3ciecit\/wp-json\/wp\/v2\/comments?post=12"}],"version-history":[{"count":10,"href":"https:\/\/wp.ufpel.edu.br\/3ciecit\/wp-json\/wp\/v2\/pages\/12\/revisions"}],"predecessor-version":[{"id":473,"href":"https:\/\/wp.ufpel.edu.br\/3ciecit\/wp-json\/wp\/v2\/pages\/12\/revisions\/473"}],"wp:attachment":[{"href":"https:\/\/wp.ufpel.edu.br\/3ciecit\/wp-json\/wp\/v2\/media?parent=12"}],"curies":[{"name":"wp","href":"https:\/\/api.w.org\/{rel}","templated":true}]}}